{"id":13365,"date":"2023-05-05T03:38:57","date_gmt":"2023-05-05T01:38:57","guid":{"rendered":"https:\/\/anetaprofessional.com\/en\/product\/ring-36-600-white\/"},"modified":"2026-03-24T02:40:31","modified_gmt":"2026-03-24T01:40:31","slug":"ring-36-600-white","status":"publish","type":"product","link":"https:\/\/anetaprofessional.com\/en\/product\/ring-36-600-white\/","title":{"rendered":"RING 36\/600, vit"},"content":{"rendered":"<p>Mycket l\u00e5gt och stilrent tak med h\u00f6gt ljusfl\u00f6de. RING 36\/600 \u00e4r v\u00e5r st\u00f6rsta modell, men bygger \u00e4nd\u00e5 bara 24mm! I kartongen medf\u00f6ljer ett f\u00e4ste f\u00f6r direkt montering i tak\/p\u00e5 v\u00e4gg och distanser f\u00f6r att ge plafonden ett uttryck d\u00e4r den sv\u00e4var \u00f6ver taket. Dessa m\u00f6jligg\u00f6r \u00e4ven anslutning vid \u00f6ppen installation. Lampan och f\u00e4stet \u00e4r gjorda speciellt med elektrikern i \u00e5tanke; som ger enkel och problemfri montering. P\u00e5 baksidan av taket finns en str\u00f6mbrytare d\u00e4r du kan v\u00e4lja f\u00e4rgtemperatur mellan 2700K, 3000K och 4000K (3CCT). Taket \u00e4r en fin och diskret ljusk\u00e4lla som passar perfekt i moderna installationer.                                         NB! Wire kit selges separat, se under tilbeh\u00f8r<\/p>\n","protected":false},"excerpt":{"rendered":"<p>Mycket l\u00e5gt och stilrent tak med h\u00f6gt ljusfl\u00f6de. RING 36\/600 \u00e4r v\u00e5r st\u00f6rsta modell, men bygger \u00e4nd\u00e5 bara 24mm! I kartongen medf\u00f6ljer ett f\u00e4ste f\u00f6r direkt montering i tak\/p\u00e5 v\u00e4gg och distanser f\u00f6r att ge plafonden ett uttryck d\u00e4r den sv\u00e4var \u00f6ver taket. Dessa m\u00f6jligg\u00f6r \u00e4ven anslutning vid \u00f6ppen installation. Lampan och f\u00e4stet \u00e4r gjorda speciellt med elektrikern i \u00e5tanke; som ger enkel och problemfri montering. P\u00e5 baksidan av taket finns en str\u00f6mbrytare d\u00e4r du kan v\u00e4lja f\u00e4rgtemperatur mellan 2700K, 3000K och 4000K (3CCT). Taket \u00e4r en fin och diskret ljusk\u00e4lla som passar perfekt i moderna installationer.                                         NB! Wire kit selges separat, se under tilbeh\u00f8r<\/p>\n","protected":false},"featured_media":13366,"template":"","meta":{"_acf_changed":false,"inline_featured_image":false},"product_tag":[],"product_brand":[],"product_cat":[39274],"class_list":{"0":"post-13365","1":"product","2":"type-product","3":"status-publish","4":"has-post-thumbnail","6":"product_cat-professional-ceiling-lamps-professional","8":"first","9":"instock","10":"taxable","11":"shipping-taxable","12":"product-type-simple"},"acf":[],"yoast_head":"<!-- This site is optimized with the Yoast SEO plugin v27.3 - https:\/\/yoast.com\/product\/yoast-seo-wordpress\/ -->\n<title>RING 36\/600, vit - Aneta Professional<\/title>\n<meta name=\"robots\" content=\"index, follow, max-snippet:-1, max-image-preview:large, max-video-preview:-1\" \/>\n<link rel=\"canonical\" href=\"https:\/\/anetaprofessional.com\/en\/product\/ring-36-600-white\/\" \/>\n<meta property=\"og:locale\" content=\"en_US\" \/>\n<meta property=\"og:type\" content=\"article\" \/>\n<meta property=\"og:title\" content=\"RING 36\/600, vit - Aneta Professional\" \/>\n<meta property=\"og:description\" content=\"Mycket l\u00e5gt och stilrent tak med h\u00f6gt ljusfl\u00f6de. RING 36\/600 \u00e4r v\u00e5r st\u00f6rsta modell, men bygger \u00e4nd\u00e5 bara 24mm! I kartongen medf\u00f6ljer ett f\u00e4ste f\u00f6r direkt montering i tak\/p\u00e5 v\u00e4gg och distanser f\u00f6r att ge plafonden ett uttryck d\u00e4r den sv\u00e4var \u00f6ver taket. Dessa m\u00f6jligg\u00f6r \u00e4ven anslutning vid \u00f6ppen installation. Lampan och f\u00e4stet \u00e4r gjorda speciellt med elektrikern i \u00e5tanke; som ger enkel och problemfri montering. P\u00e5 baksidan av taket finns en str\u00f6mbrytare d\u00e4r du kan v\u00e4lja f\u00e4rgtemperatur mellan 2700K, 3000K och 4000K (3CCT). Taket \u00e4r en fin och diskret ljusk\u00e4lla som passar perfekt i moderna installationer.                     NB! Wire kit selges separat, se under tilbeh\u00f8r\" \/>\n<meta property=\"og:url\" content=\"https:\/\/anetaprofessional.com\/en\/product\/ring-36-600-white\/\" \/>\n<meta property=\"og:site_name\" content=\"Aneta Professional\" \/>\n<meta property=\"article:modified_time\" content=\"2026-03-24T01:40:31+00:00\" \/>\n<meta property=\"og:image\" content=\"https:\/\/dbud83cwgulta.cloudfront.net\/wp-content\/uploads\/sites\/2\/2023\/05\/23190059\/oAd17u387zbaZDreWVRTlkjox.png\" \/>\n\t<meta property=\"og:image:width\" content=\"1024\" \/>\n\t<meta property=\"og:image:height\" content=\"683\" \/>\n\t<meta property=\"og:image:type\" content=\"image\/png\" \/>\n<meta name=\"twitter:card\" content=\"summary_large_image\" \/>\n<meta name=\"twitter:label1\" content=\"Est. reading time\" \/>\n\t<meta name=\"twitter:data1\" content=\"1 minute\" \/>\n<script type=\"application\/ld+json\" class=\"yoast-schema-graph\">{\"@context\":\"https:\\\/\\\/schema.org\",\"@graph\":[{\"@type\":\"WebPage\",\"@id\":\"https:\\\/\\\/anetaprofessional.com\\\/en\\\/product\\\/ring-36-600-white\\\/\",\"url\":\"https:\\\/\\\/anetaprofessional.com\\\/en\\\/product\\\/ring-36-600-white\\\/\",\"name\":\"RING 36\\\/600, vit - Aneta Professional\",\"isPartOf\":{\"@id\":\"https:\\\/\\\/anetaprofessional.com\\\/en\\\/#website\"},\"primaryImageOfPage\":{\"@id\":\"https:\\\/\\\/anetaprofessional.com\\\/en\\\/product\\\/ring-36-600-white\\\/#primaryimage\"},\"image\":{\"@id\":\"https:\\\/\\\/anetaprofessional.com\\\/en\\\/product\\\/ring-36-600-white\\\/#primaryimage\"},\"thumbnailUrl\":\"https:\\\/\\\/dbud83cwgulta.cloudfront.net\\\/wp-content\\\/uploads\\\/sites\\\/2\\\/2023\\\/05\\\/23190059\\\/oAd17u387zbaZDreWVRTlkjox.png\",\"datePublished\":\"2023-05-05T01:38:57+00:00\",\"dateModified\":\"2026-03-24T01:40:31+00:00\",\"breadcrumb\":{\"@id\":\"https:\\\/\\\/anetaprofessional.com\\\/en\\\/product\\\/ring-36-600-white\\\/#breadcrumb\"},\"inLanguage\":\"en-US\",\"potentialAction\":[{\"@type\":\"ReadAction\",\"target\":[\"https:\\\/\\\/anetaprofessional.com\\\/en\\\/product\\\/ring-36-600-white\\\/\"]}]},{\"@type\":\"ImageObject\",\"inLanguage\":\"en-US\",\"@id\":\"https:\\\/\\\/anetaprofessional.com\\\/en\\\/product\\\/ring-36-600-white\\\/#primaryimage\",\"url\":\"https:\\\/\\\/dbud83cwgulta.cloudfront.net\\\/wp-content\\\/uploads\\\/sites\\\/2\\\/2023\\\/05\\\/23190059\\\/oAd17u387zbaZDreWVRTlkjox.png\",\"contentUrl\":\"https:\\\/\\\/dbud83cwgulta.cloudfront.net\\\/wp-content\\\/uploads\\\/sites\\\/2\\\/2023\\\/05\\\/23190059\\\/oAd17u387zbaZDreWVRTlkjox.png\",\"width\":6000,\"height\":4000},{\"@type\":\"BreadcrumbList\",\"@id\":\"https:\\\/\\\/anetaprofessional.com\\\/en\\\/product\\\/ring-36-600-white\\\/#breadcrumb\",\"itemListElement\":[{\"@type\":\"ListItem\",\"position\":1,\"name\":\"Home\",\"item\":\"https:\\\/\\\/anetaprofessional.com\\\/en\\\/\"},{\"@type\":\"ListItem\",\"position\":2,\"name\":\"Store\",\"item\":\"https:\\\/\\\/anetaprofessional.com\\\/en\\\/store\\\/\"},{\"@type\":\"ListItem\",\"position\":3,\"name\":\"RING 36\\\/600, vit\"}]},{\"@type\":\"WebSite\",\"@id\":\"https:\\\/\\\/anetaprofessional.com\\\/en\\\/#website\",\"url\":\"https:\\\/\\\/anetaprofessional.com\\\/en\\\/\",\"name\":\"Aneta Professional\",\"description\":\"Scandinavia&#039;s leading lamp wholesaler\",\"publisher\":{\"@id\":\"https:\\\/\\\/anetaprofessional.com\\\/en\\\/#organization\"},\"potentialAction\":[{\"@type\":\"SearchAction\",\"target\":{\"@type\":\"EntryPoint\",\"urlTemplate\":\"https:\\\/\\\/anetaprofessional.com\\\/en\\\/?s={search_term_string}\"},\"query-input\":{\"@type\":\"PropertyValueSpecification\",\"valueRequired\":true,\"valueName\":\"search_term_string\"}}],\"inLanguage\":\"en-US\"},{\"@type\":\"Organization\",\"@id\":\"https:\\\/\\\/anetaprofessional.com\\\/en\\\/#organization\",\"name\":\"Aneta Professional\",\"url\":\"https:\\\/\\\/anetaprofessional.com\\\/en\\\/\",\"logo\":{\"@type\":\"ImageObject\",\"inLanguage\":\"en-US\",\"@id\":\"https:\\\/\\\/anetaprofessional.com\\\/en\\\/#\\\/schema\\\/logo\\\/image\\\/\",\"url\":\"https:\\\/\\\/dbud83cwgulta.cloudfront.net\\\/wp-content\\\/uploads\\\/sites\\\/2\\\/2022\\\/06\\\/23190619\\\/ANETA-PRO-logo-RGB_hvit.png\",\"contentUrl\":\"https:\\\/\\\/dbud83cwgulta.cloudfront.net\\\/wp-content\\\/uploads\\\/sites\\\/2\\\/2022\\\/06\\\/23190619\\\/ANETA-PRO-logo-RGB_hvit.png\",\"width\":1201,\"height\":487,\"caption\":\"Aneta Professional\"},\"image\":{\"@id\":\"https:\\\/\\\/anetaprofessional.com\\\/en\\\/#\\\/schema\\\/logo\\\/image\\\/\"}}]}<\/script>\n<!-- \/ Yoast SEO plugin. -->","yoast_head_json":{"title":"RING 36\/600, vit - Aneta Professional","robots":{"index":"index","follow":"follow","max-snippet":"max-snippet:-1","max-image-preview":"max-image-preview:large","max-video-preview":"max-video-preview:-1"},"canonical":"https:\/\/anetaprofessional.com\/en\/product\/ring-36-600-white\/","og_locale":"en_US","og_type":"article","og_title":"RING 36\/600, vit - Aneta Professional","og_description":"Mycket l\u00e5gt och stilrent tak med h\u00f6gt ljusfl\u00f6de. RING 36\/600 \u00e4r v\u00e5r st\u00f6rsta modell, men bygger \u00e4nd\u00e5 bara 24mm! I kartongen medf\u00f6ljer ett f\u00e4ste f\u00f6r direkt montering i tak\/p\u00e5 v\u00e4gg och distanser f\u00f6r att ge plafonden ett uttryck d\u00e4r den sv\u00e4var \u00f6ver taket. Dessa m\u00f6jligg\u00f6r \u00e4ven anslutning vid \u00f6ppen installation. Lampan och f\u00e4stet \u00e4r gjorda speciellt med elektrikern i \u00e5tanke; som ger enkel och problemfri montering. P\u00e5 baksidan av taket finns en str\u00f6mbrytare d\u00e4r du kan v\u00e4lja f\u00e4rgtemperatur mellan 2700K, 3000K och 4000K (3CCT). Taket \u00e4r en fin och diskret ljusk\u00e4lla som passar perfekt i moderna installationer.                     NB! Wire kit selges separat, se under tilbeh\u00f8r","og_url":"https:\/\/anetaprofessional.com\/en\/product\/ring-36-600-white\/","og_site_name":"Aneta Professional","article_modified_time":"2026-03-24T01:40:31+00:00","og_image":[{"url":"https:\/\/dbud83cwgulta.cloudfront.net\/wp-content\/uploads\/sites\/2\/2023\/05\/23190059\/oAd17u387zbaZDreWVRTlkjox.png","width":1024,"height":683,"type":"image\/png"}],"twitter_card":"summary_large_image","twitter_misc":{"Est. reading time":"1 minute"},"schema":{"@context":"https:\/\/schema.org","@graph":[{"@type":"WebPage","@id":"https:\/\/anetaprofessional.com\/en\/product\/ring-36-600-white\/","url":"https:\/\/anetaprofessional.com\/en\/product\/ring-36-600-white\/","name":"RING 36\/600, vit - Aneta Professional","isPartOf":{"@id":"https:\/\/anetaprofessional.com\/en\/#website"},"primaryImageOfPage":{"@id":"https:\/\/anetaprofessional.com\/en\/product\/ring-36-600-white\/#primaryimage"},"image":{"@id":"https:\/\/anetaprofessional.com\/en\/product\/ring-36-600-white\/#primaryimage"},"thumbnailUrl":"https:\/\/dbud83cwgulta.cloudfront.net\/wp-content\/uploads\/sites\/2\/2023\/05\/23190059\/oAd17u387zbaZDreWVRTlkjox.png","datePublished":"2023-05-05T01:38:57+00:00","dateModified":"2026-03-24T01:40:31+00:00","breadcrumb":{"@id":"https:\/\/anetaprofessional.com\/en\/product\/ring-36-600-white\/#breadcrumb"},"inLanguage":"en-US","potentialAction":[{"@type":"ReadAction","target":["https:\/\/anetaprofessional.com\/en\/product\/ring-36-600-white\/"]}]},{"@type":"ImageObject","inLanguage":"en-US","@id":"https:\/\/anetaprofessional.com\/en\/product\/ring-36-600-white\/#primaryimage","url":"https:\/\/dbud83cwgulta.cloudfront.net\/wp-content\/uploads\/sites\/2\/2023\/05\/23190059\/oAd17u387zbaZDreWVRTlkjox.png","contentUrl":"https:\/\/dbud83cwgulta.cloudfront.net\/wp-content\/uploads\/sites\/2\/2023\/05\/23190059\/oAd17u387zbaZDreWVRTlkjox.png","width":6000,"height":4000},{"@type":"BreadcrumbList","@id":"https:\/\/anetaprofessional.com\/en\/product\/ring-36-600-white\/#breadcrumb","itemListElement":[{"@type":"ListItem","position":1,"name":"Home","item":"https:\/\/anetaprofessional.com\/en\/"},{"@type":"ListItem","position":2,"name":"Store","item":"https:\/\/anetaprofessional.com\/en\/store\/"},{"@type":"ListItem","position":3,"name":"RING 36\/600, vit"}]},{"@type":"WebSite","@id":"https:\/\/anetaprofessional.com\/en\/#website","url":"https:\/\/anetaprofessional.com\/en\/","name":"Aneta Professional","description":"Scandinavia&#039;s leading lamp wholesaler","publisher":{"@id":"https:\/\/anetaprofessional.com\/en\/#organization"},"potentialAction":[{"@type":"SearchAction","target":{"@type":"EntryPoint","urlTemplate":"https:\/\/anetaprofessional.com\/en\/?s={search_term_string}"},"query-input":{"@type":"PropertyValueSpecification","valueRequired":true,"valueName":"search_term_string"}}],"inLanguage":"en-US"},{"@type":"Organization","@id":"https:\/\/anetaprofessional.com\/en\/#organization","name":"Aneta Professional","url":"https:\/\/anetaprofessional.com\/en\/","logo":{"@type":"ImageObject","inLanguage":"en-US","@id":"https:\/\/anetaprofessional.com\/en\/#\/schema\/logo\/image\/","url":"https:\/\/dbud83cwgulta.cloudfront.net\/wp-content\/uploads\/sites\/2\/2022\/06\/23190619\/ANETA-PRO-logo-RGB_hvit.png","contentUrl":"https:\/\/dbud83cwgulta.cloudfront.net\/wp-content\/uploads\/sites\/2\/2022\/06\/23190619\/ANETA-PRO-logo-RGB_hvit.png","width":1201,"height":487,"caption":"Aneta Professional"},"image":{"@id":"https:\/\/anetaprofessional.com\/en\/#\/schema\/logo\/image\/"}}]}},"_links":{"self":[{"href":"https:\/\/anetaprofessional.com\/en\/wp-json\/wp\/v2\/product\/13365","targetHints":{"allow":["GET"]}}],"collection":[{"href":"https:\/\/anetaprofessional.com\/en\/wp-json\/wp\/v2\/product"}],"about":[{"href":"https:\/\/anetaprofessional.com\/en\/wp-json\/wp\/v2\/types\/product"}],"wp:featuredmedia":[{"embeddable":true,"href":"https:\/\/anetaprofessional.com\/en\/wp-json\/wp\/v2\/media\/13366"}],"wp:attachment":[{"href":"https:\/\/anetaprofessional.com\/en\/wp-json\/wp\/v2\/media?parent=13365"}],"wp:term":[{"taxonomy":"product_tag","embeddable":true,"href":"https:\/\/anetaprofessional.com\/en\/wp-json\/wp\/v2\/product_tag?post=13365"},{"taxonomy":"product_brand","embeddable":true,"href":"https:\/\/anetaprofessional.com\/en\/wp-json\/wp\/v2\/product_brand?post=13365"},{"taxonomy":"product_cat","embeddable":true,"href":"https:\/\/anetaprofessional.com\/en\/wp-json\/wp\/v2\/product_cat?post=13365"}],"curies":[{"name":"wp","href":"https:\/\/api.w.org\/{rel}","templated":true}]}}