{"id":3,"date":"2021-06-29T11:24:56","date_gmt":"2021-06-29T11:24:56","guid":{"rendered":"https:\/\/anetaprofessional.com\/no\/?page_id=3"},"modified":"2025-01-02T11:48:47","modified_gmt":"2025-01-02T10:48:47","slug":"privacy-policy","status":"publish","type":"page","link":"https:\/\/anetaprofessional.com\/no\/privacy-policy\/","title":{"rendered":"Privacy Policy"},"content":{"rendered":"\r\n<h2 class=\"wp-block-heading\"><\/h2>\r\n<p>Sist oppdatert 11. september 2024<\/p>\r\n<p><strong>Denne personvernerkl\u00e6ringen gjelder for selskapet Aneta AB (Org.nr 556291-0264), et datterselskap av konsernet Byggma ASA (Org.nr 979 165 285).<\/strong><\/p>\r\n<p><strong>1) Generelt<br \/><\/strong>Aneta AB (Org.nr 556291-0264), \u00f8nsker med denne personvernerkl\u00e6ringen \u00e5 vise hvordan vi sikrer at dine personvernopplysninger behandles i samsvar med norsk personopplysningslovgivning.<\/p>\r\n<p>Du skal alltid kunne f\u00f8le deg trygg n\u00e5r du gir oss dine personopplysninger. Aneta AB (Org.nr 556291-0264), har iverksatt tekniske og organisatoriske sikkerhetstiltak for \u00e5 beskytte dine personopplysninger mot uautorisert tilgang, bruk, endring og sletting.<\/p>\r\n<p><strong>Dette inkluderer bruk av<\/strong><br \/>\u2022 krypteringsteknologier<br \/>\u2022 adgangskontrollsystemer<br \/>\u2022 sikkerhetskopieringsprosedyrer<br \/>\u2022 regelmessige sikkerhetsvurderinger<\/p>\r\n<p>V\u00e5re ansatte er oppl\u00e6rt i personvern og databeskyttelse for \u00e5 sikre at dine opplysninger behandles sikkert og i samsvar med gjeldende lover.<\/p>\r\n<p><strong>2) Hvem er behandlingsansvarlig og hvordan tar jeg kontakt?<\/strong><br \/>Aneta AB (Org.nr 556291-0264), er behandlingsansvarlig for behandlingen av dine personopplysninger som utf\u00f8res av, eller p\u00e5 vegne av Aneta AB (Org.nr 556291-0264). Informasjon om hvordan du kan kontakte oss finnes under punkt 12 \u00abKontaktinformasjon\u00bb.<\/p>\r\n<p><strong>3) Hvilke personopplysninger behandler vi om deg og hvorfor?<br \/><\/strong>Aneta AB (Org.nr 556291-0264), samler inn f\u00f8lgende typer personopplysninger:<\/p>\r\n<p>\u2022 Navn<br \/>\u2022 Telefonnummer<br \/>\u2022 E-postadresse<br \/>\u2022 IP-adresse<br \/>\u2022 Firmanavn<br \/>\u2022 Adresse<br \/>\u2022 Brukeradferd (for eksempel bes\u00f8kte nettsider og klikk)<\/p>\r\n<p><strong>Disse opplysningene samles inn for f\u00f8lgende form\u00e5l:<\/strong><br \/>\u2022 Forbedring av v\u00e5re tjenester<br \/>\u2022 Tilpasning av brukeropplevelsen<br \/>\u2022 Sending av relevant informasjon og tilbud<\/p>\r\n<p><strong>4) N\u00e5r samler vi inn personopplysninger om deg?<\/strong><br \/>Aneta AB (Org.nr 556291-0264), samler inn personopplysninger om deg n\u00e5r du:<br \/><br \/><strong>Abonnerer p\u00e5 et av v\u00e5re nyhetsbrev<\/strong><br \/>\u2022 Rettslig grunnlag: Berettiget interesse<br \/>\u2022 Personopplysninger som blir lagret: Navn, telefonnummer, e-post og adresse<br \/>\u2022 Lagringstid: Vi lagrer dine opplysninger s\u00e5 lenge du \u00f8nsker \u00e5 fortsette \u00e5 motta informasjon og markedsf\u00f8ringsmateriale<\/p>\r\n<p><strong>Deltar i utviklingsprosjekter og produktutviklingsprosjekter<\/strong><br \/>\u2022 Rettslig grunnlag: Oppfyllelse av avtale<br \/>\u2022 Personopplysninger som blir lagret: Navn, telefonnummer, e-post og adresse<br \/>\u2022 Lagringstid: Vi lagrer dine opplysninger fra det tidspunktet du deltar i utviklingsprosjektet og opptil 50 \u00e5r for \u00e5 oppfylle standarder og sertifiseringskrav innen bygg- og konstruksjonsindustrien, samt for \u00e5 dokumentere historikk i fremtidige utviklingsprosjekter. Vi kan lagre dine opplysninger lengre hvis du \u00f8nsker at vi skal bevare dem for fremtidige behov og har gitt ditt samtykke til dette.<\/p>\r\n<p><strong>Stiller tekniske sp\u00f8rsm\u00e5l til v\u00e5r teknikk- eller konstruksjonsavdeling<\/strong><br \/>\u2022 Rettslig grunnlag: Norsk byggestandard, CE-merkingskrav<br \/>\u2022 Personopplysninger som blir lagret: Navn, telefonnummer, e-post og adresse<br \/>\u2022 Lagringstid: Vi lagrer dine opplysninger fra det tidspunktet du kontaktet oss og opptil 50 \u00e5r fremover for \u00e5 oppfylle kravene i norsk byggestandard og CE-merking, som krever langvarig dokumentasjon for produkter og tjenester. Vi kan lagre dine opplysninger lengre hvis du \u00f8nsker at vi skal bevare dem for fremtidige bestillinger\/foresp\u00f8rsler og har gitt ditt samtykke til dette.<\/p>\r\n<p><strong>Har kontakt med v\u00e5r markeds-, salg- eller supportavdeling via e-post, telefon eller v\u00e5r nettside<\/strong><br \/>\u2022 Rettslig grunnlag: Berettiget interesse<br \/>\u2022 Personopplysninger som blir lagret: Navn, stilling, telefonnummer, e-post og adresse<br \/>\u2022 Lagringstid: Vi lagrer dine opplysninger fra det tidspunktet du kontaktet oss og 24 m\u00e5neder fremover. Vi kan lagre dine opplysninger lengre hvis du \u00f8nsker at vi skal bevare dem for fremtidige bestillinger\/foresp\u00f8rsler og har gitt ditt samtykke til dette. Hvis saken omfatter teknisk r\u00e5dgivning, kan opplysninger lagres opptil 50 \u00e5r.<\/p>\r\n<p><strong>Gj\u00f8r en foresp\u00f8rsel om v\u00e5re produkter<\/strong><br \/>\u2022 Rettslig grunnlag:\u00a0Oppfyllelse av avtale<br \/>\u2022 Personopplysninger som blir lagret:\u00a0Navn, telefonnummer, e-post, firmanavn og adresse<br \/>\u2022 Lagringstid:\u00a0Vi lagrer dine opplysninger fra det tidspunktet du kontaktet oss og 24 m\u00e5neder fremover. Vi kan lagre dine opplysninger lengre hvis du \u00f8nsker at vi skal bevare dem for fremtidige bestillinger\/foresp\u00f8rsler og har gitt ditt samtykke til dette.<\/p>\r\n<p><strong>Tegner en avtale med oss om levering av produkter<\/strong><br \/>\u2022 Rettslig grunnlag:\u00a0Oppfyllelse av avtale<br \/>\u2022 Personopplysninger som blir lagret:\u00a0Navn, telefonnummer, e-post og adresse<br \/>\u2022 Lagringstid:\u00a0Vi lagrer dine opplysninger s\u00e5 lenge det er n\u00f8dvendig i henhold til gjeldende lov, som for eksempel bokf\u00f8ringslover.<br \/><br \/><strong>Er leverand\u00f8r, eller er kontaktperson for leverand\u00f8r, til oss<\/strong><br \/>\u2022 Rettslig grunnlag:\u00a0Oppfyllelse av avtale, berettiget interesse<br \/>\u2022 Personopplysninger som blir lagret:\u00a0Navn, telefonnummer, e-post og firmaadresse<br \/>\u2022 Lagringstid: Vi lagrer dine opplysninger opptil 10 \u00e5r<\/p>\r\n<p><strong>5) Hvor lenge lagrer vi opplysningene?<\/strong><br \/>Vi lagrer personopplysninger s\u00e5 lenge det er n\u00f8dvendig for \u00e5 oppn\u00e5 form\u00e5lene de ble samlet inn for. I noen tilfeller kan vi v\u00e6re p\u00e5lagt ved lov \u00e5 lagre opplysningene lengre, eller vi kan beholde dem for \u00e5 ivareta v\u00e5re rettslige interesser, for eksempel i tilfelle en juridisk prosess.<br \/>For detaljerte opplysninger om hvor lenge vi lagrer dine opplysninger, se punkt 3 og 4.<\/p>\r\n<p><strong>6) Hvem deler vi opplysningene med?<\/strong><br \/>Aneta AB (Org.nr 556291-0264), kan dele personopplysninger med selskaper som behandler personopplysninger p\u00e5 vegne av Aneta AB (Org.nr 556291-0264), for eksempel IT-leverand\u00f8rer og konsernselskaper.<\/p>\r\n<p>Vi sikrer at det foreligger skriftlige databehandlingsavtaler som beskriver partenes ansvar og forpliktelser, samt de sikkerhetstiltakene som er iverksatt for \u00e5 beskytte opplysningene. Hvis personopplysninger overf\u00f8res til et land utenfor EU\/E\u00d8S, vil Aneta AB (Org.nr 556291-0264) sikre at slik overf\u00f8ring skjer p\u00e5 en trygg m\u00e5te og i samsvar med gjeldende lov.<\/p>\r\n<p>Personopplysninger kan ogs\u00e5 utleveres hvis det er n\u00f8dvendig for \u00e5 oppfylle gjeldende lovkrav eller krav fra myndigheter, for \u00e5 ivareta Aneta AB (Org.nr 556291-0264) sine rettslige interesser, eller for \u00e5 oppdage, forhindre eller oppdage bedragerier og andre sikkerhets- eller tekniske problemer.<\/p>\r\n<p><strong>7) Varsling om brudd p\u00e5 personopplysningssikkerheten<\/strong><br \/>Hvis Aneta AB (Org.nr 556291-0264) opplever et databrudd som kan p\u00e5virke dine personopplysninger, vil vi informere deg s\u00e5 snart som mulig. Du vil bli varslet gjennom e-post eller andre tilgjengelige kommunikasjonskanaler om:<\/p>\r\n<p>\u2022 hva som har skjedd<br \/>\u2022 hvilke opplysninger som er ber\u00f8rt<br \/>\u2022 hvilke tiltak vi har tatt for \u00e5 begrense skadeomfanget<\/p>\r\n<p><strong>8) Endringer i personvernerkl\u00e6ringen<\/strong><br \/>Denne personvernerkl\u00e6ringen kan bli justert fra tid til annen. Hvis Aneta AB (Org.nr 556291-0264) gj\u00f8r vesentlige endringer i personvernerkl\u00e6ringen, vil vi informere deg via e-post f\u00f8r endringene trer i kraft.<\/p>\r\n<p>Den gjeldende personvernerkl\u00e6ringen vil ogs\u00e5 v\u00e6re publisert p\u00e5 Aneta AB (Org.nr 556291-0264) sine nettsider.<\/p>\r\n<p><strong>9) Informasjonskapsler \/ Cookies<\/strong><br \/>Aneta AB (Org.nr 556291-0264) bruker informasjonskapsler og andre lignende teknologier for \u00e5 samle inn informasjon om deg eller utstyret du bruker. Disse informasjonskapslene hjelper oss med \u00e5 forst\u00e5 hvordan du bruker v\u00e5r nettside slik at vi kan tilpasse tjenestene v\u00e5re for en bedre brukeropplevelse.<br \/><br \/>Informasjonen som samles inn gjennom cookies kan inkludere<br \/>\u2022 IP-adresse,<br \/>\u2022 Nettlesertype<br \/>\u2022 Operativsystem<br \/>\u2022 Informasjon om hvordan du navigerer p\u00e5 nettsiden.<\/p>\r\n<p>Mer informasjon om Aneta AB (Org.nr 556291-0264) sin bruk av cookies finner du p\u00e5 v\u00e5r <a href=\"https:\/\/anetaprofessional.com\/no\/personvern-og-cookies\/\" target=\"_blank\" rel=\"noopener noreferrer\">webside om cookies<\/a>.<\/p>\r\n<p><strong>10) Rett til \u00e5 be om informasjon, rettelser og klagemulighet<\/strong><br \/>Hvis du mener at v\u00e5r behandling av dine personopplysninger er i strid med personvernforordningen, kan du klage til tilsynsmyndigheten i EU\/E\u00d8S-medlemslandet der du bor eller jobber (f.eks. Datatilsynet, IMY), eller der det p\u00e5st\u00e5tte bruddet p\u00e5 personvernforordningen har funnet sted.<\/p>\r\n<p>Klagemuligheten som er beskrevet ovenfor, begrenser ikke mulighetene dine til \u00e5 benytte deg av administrative tiltak eller rettsmidler du har tilgang til.<\/p>\r\n<p>Hvis du ikke \u00f8nsker at Aneta AB (Org.nr 556291-0264) skal behandle dine personopplysninger for direkte markedsf\u00f8ring, kan du skriftlig melde fra om dette til Aneta AB (Org.nr 556291-0264). I hvert nyhetsbrev vil du ogs\u00e5 bli informert om din mulighet til \u00e5 melde deg av videre nyhetsbrev.<\/p>\r\n<p>Du har rett til \u00e5 motta gratis informasjon en gang per kalender\u00e5r om hvilke personopplysninger Aneta AB (Org.nr 556291-0264) behandler om deg og til hvilket form\u00e5l (s\u00e5kalt registerutdrag).<\/p>\r\n<p>En slik foresp\u00f8rsel om registerutdrag skal v\u00e6re skriftlig og undertegnet av den som s\u00f8ker.<br \/>Du har ogs\u00e5 rett til \u00e5 f\u00e5 feilaktige, misvisende eller ufullstendige opplysninger rettet, blokkert, anonymisert eller slettet.<\/p>\r\n<p>Hvis du vil be om registerutdrag, eller har sp\u00f8rsm\u00e5l om hvordan Aneta AB (Org.nr 556291-0264) behandler dine personopplysninger, vennligst kontakt oss p\u00e5 gdpr@byggma.no<\/p>\r\n<p><strong>11) Fortegnelse over behandlingsaktiviteter<\/strong><br \/>I samsvar med GDPR artikkel 30, f\u00f8rer Aneta AB (Org.nr 556291-0264) en fortegnelse over alle behandlingsaktiviteter som involverer personopplysninger. Denne fortegnelsen inkluderer informasjon om:<\/p>\r\n<p>\u2022 hvilke data som samles inn<br \/>\u2022 form\u00e5let med behandlingen<br \/>\u2022 mottakere av dataene<br \/>\u2022 de sikkerhetstiltak som er iverksatt for \u00e5 beskytte dataene.<\/p>\r\n<p>Fortegnelsen er tilgjengelig for tilsynsmyndigheter ved foresp\u00f8rsel, og bidrar til \u00e5 sikre at vi behandler dine personopplysninger i tr\u00e5d med gjeldende lovgivning.<\/p>\r\n<p><strong>12) Kontaktinformasjon<\/strong><br \/>Du kan kontakte oss for sp\u00f8rsm\u00e5l om personvern p\u00e5 f\u00f8lgende e-postadresse:<br \/><a href=\"mailto:gdpr@byggma.no\">gdpr@byggma.no<\/a><\/p>\r\n","protected":false},"excerpt":{"rendered":"<p>Sist oppdatert 11. september 2024 Denne personvernerkl\u00e6ringen gjelder for selskapet Aneta AB (Org.nr 556291-0264), et datterselskap av konsernet Byggma ASA (Org.nr 979 165 285). 1) GenereltAneta AB (Org.nr 556291-0264), \u00f8nsker med denne personvernerkl\u00e6ringen \u00e5 vise hvordan vi sikrer at dine personvernopplysninger behandles i samsvar med norsk personopplysningslovgivning. Du skal alltid kunne f\u00f8le deg trygg n\u00e5r &hellip;<\/p>\n","protected":false},"author":1,"featured_media":0,"parent":0,"menu_order":0,"comment_status":"closed","ping_status":"closed","template":"","meta":{"_acf_changed":false,"inline_featured_image":false,"footnotes":""},"class_list":["post-3","page","type-page","status-publish","hentry"],"acf":[],"yoast_head":"<!-- This site is optimized with the Yoast SEO plugin v27.3 - https:\/\/yoast.com\/product\/yoast-seo-wordpress\/ -->\n<title>Privacy Policy - Aneta Professional<\/title>\n<meta name=\"robots\" content=\"index, follow, max-snippet:-1, max-image-preview:large, max-video-preview:-1\" \/>\n<link rel=\"canonical\" href=\"https:\/\/anetaprofessional.com\/no\/privacy-policy\/\" \/>\n<meta property=\"og:locale\" content=\"nb_NO\" \/>\n<meta property=\"og:type\" content=\"article\" \/>\n<meta property=\"og:title\" content=\"Privacy Policy - Aneta Professional\" \/>\n<meta property=\"og:description\" content=\"Sist oppdatert 11. september 2024 Denne personvernerkl\u00e6ringen gjelder for selskapet Aneta AB (Org.nr 556291-0264), et datterselskap av konsernet Byggma ASA (Org.nr 979 165 285). 1) GenereltAneta AB (Org.nr 556291-0264), \u00f8nsker med denne personvernerkl\u00e6ringen \u00e5 vise hvordan vi sikrer at dine personvernopplysninger behandles i samsvar med norsk personopplysningslovgivning. Du skal alltid kunne f\u00f8le deg trygg n\u00e5r &hellip;\" \/>\n<meta property=\"og:url\" content=\"https:\/\/anetaprofessional.com\/no\/privacy-policy\/\" \/>\n<meta property=\"og:site_name\" content=\"Aneta Professional\" \/>\n<meta property=\"article:modified_time\" content=\"2025-01-02T10:48:47+00:00\" \/>\n<meta name=\"twitter:card\" content=\"summary_large_image\" \/>\n<meta name=\"twitter:label1\" content=\"Ansl. lesetid\" \/>\n\t<meta name=\"twitter:data1\" content=\"8 minutter\" \/>\n<script type=\"application\/ld+json\" class=\"yoast-schema-graph\">{\"@context\":\"https:\\\/\\\/schema.org\",\"@graph\":[{\"@type\":\"WebPage\",\"@id\":\"https:\\\/\\\/anetaprofessional.com\\\/no\\\/privacy-policy\\\/\",\"url\":\"https:\\\/\\\/anetaprofessional.com\\\/no\\\/privacy-policy\\\/\",\"name\":\"Privacy Policy - Aneta Professional\",\"isPartOf\":{\"@id\":\"https:\\\/\\\/anetaprofessional.com\\\/no\\\/#website\"},\"datePublished\":\"2021-06-29T11:24:56+00:00\",\"dateModified\":\"2025-01-02T10:48:47+00:00\",\"breadcrumb\":{\"@id\":\"https:\\\/\\\/anetaprofessional.com\\\/no\\\/privacy-policy\\\/#breadcrumb\"},\"inLanguage\":\"nb-NO\",\"potentialAction\":[{\"@type\":\"ReadAction\",\"target\":[\"https:\\\/\\\/anetaprofessional.com\\\/no\\\/privacy-policy\\\/\"]}]},{\"@type\":\"BreadcrumbList\",\"@id\":\"https:\\\/\\\/anetaprofessional.com\\\/no\\\/privacy-policy\\\/#breadcrumb\",\"itemListElement\":[{\"@type\":\"ListItem\",\"position\":1,\"name\":\"Forsiden\",\"item\":\"https:\\\/\\\/anetaprofessional.com\\\/no\\\/\"},{\"@type\":\"ListItem\",\"position\":2,\"name\":\"Privacy Policy\"}]},{\"@type\":\"WebSite\",\"@id\":\"https:\\\/\\\/anetaprofessional.com\\\/no\\\/#website\",\"url\":\"https:\\\/\\\/anetaprofessional.com\\\/no\\\/\",\"name\":\"Aneta Professional\",\"description\":\"Skandinavias ledende lampegrossist\",\"publisher\":{\"@id\":\"https:\\\/\\\/anetaprofessional.com\\\/no\\\/#organization\"},\"potentialAction\":[{\"@type\":\"SearchAction\",\"target\":{\"@type\":\"EntryPoint\",\"urlTemplate\":\"https:\\\/\\\/anetaprofessional.com\\\/no\\\/?s={search_term_string}\"},\"query-input\":{\"@type\":\"PropertyValueSpecification\",\"valueRequired\":true,\"valueName\":\"search_term_string\"}}],\"inLanguage\":\"nb-NO\"},{\"@type\":\"Organization\",\"@id\":\"https:\\\/\\\/anetaprofessional.com\\\/no\\\/#organization\",\"name\":\"Aneta Professional\",\"url\":\"https:\\\/\\\/anetaprofessional.com\\\/no\\\/\",\"logo\":{\"@type\":\"ImageObject\",\"inLanguage\":\"nb-NO\",\"@id\":\"https:\\\/\\\/anetaprofessional.com\\\/no\\\/#\\\/schema\\\/logo\\\/image\\\/\",\"url\":\"https:\\\/\\\/dbud83cwgulta.cloudfront.net\\\/wp-content\\\/uploads\\\/sites\\\/4\\\/2022\\\/05\\\/19120143\\\/ANETA-PRO-logo-RGB_hvit.png\",\"contentUrl\":\"https:\\\/\\\/dbud83cwgulta.cloudfront.net\\\/wp-content\\\/uploads\\\/sites\\\/4\\\/2022\\\/05\\\/19120143\\\/ANETA-PRO-logo-RGB_hvit.png\",\"width\":1201,\"height\":487,\"caption\":\"Aneta Professional\"},\"image\":{\"@id\":\"https:\\\/\\\/anetaprofessional.com\\\/no\\\/#\\\/schema\\\/logo\\\/image\\\/\"}}]}<\/script>\n<!-- \/ Yoast SEO plugin. -->","yoast_head_json":{"title":"Privacy Policy - Aneta Professional","robots":{"index":"index","follow":"follow","max-snippet":"max-snippet:-1","max-image-preview":"max-image-preview:large","max-video-preview":"max-video-preview:-1"},"canonical":"https:\/\/anetaprofessional.com\/no\/privacy-policy\/","og_locale":"nb_NO","og_type":"article","og_title":"Privacy Policy - Aneta Professional","og_description":"Sist oppdatert 11. september 2024 Denne personvernerkl\u00e6ringen gjelder for selskapet Aneta AB (Org.nr 556291-0264), et datterselskap av konsernet Byggma ASA (Org.nr 979 165 285). 1) GenereltAneta AB (Org.nr 556291-0264), \u00f8nsker med denne personvernerkl\u00e6ringen \u00e5 vise hvordan vi sikrer at dine personvernopplysninger behandles i samsvar med norsk personopplysningslovgivning. Du skal alltid kunne f\u00f8le deg trygg n\u00e5r &hellip;","og_url":"https:\/\/anetaprofessional.com\/no\/privacy-policy\/","og_site_name":"Aneta Professional","article_modified_time":"2025-01-02T10:48:47+00:00","twitter_card":"summary_large_image","twitter_misc":{"Ansl. lesetid":"8 minutter"},"schema":{"@context":"https:\/\/schema.org","@graph":[{"@type":"WebPage","@id":"https:\/\/anetaprofessional.com\/no\/privacy-policy\/","url":"https:\/\/anetaprofessional.com\/no\/privacy-policy\/","name":"Privacy Policy - Aneta Professional","isPartOf":{"@id":"https:\/\/anetaprofessional.com\/no\/#website"},"datePublished":"2021-06-29T11:24:56+00:00","dateModified":"2025-01-02T10:48:47+00:00","breadcrumb":{"@id":"https:\/\/anetaprofessional.com\/no\/privacy-policy\/#breadcrumb"},"inLanguage":"nb-NO","potentialAction":[{"@type":"ReadAction","target":["https:\/\/anetaprofessional.com\/no\/privacy-policy\/"]}]},{"@type":"BreadcrumbList","@id":"https:\/\/anetaprofessional.com\/no\/privacy-policy\/#breadcrumb","itemListElement":[{"@type":"ListItem","position":1,"name":"Forsiden","item":"https:\/\/anetaprofessional.com\/no\/"},{"@type":"ListItem","position":2,"name":"Privacy Policy"}]},{"@type":"WebSite","@id":"https:\/\/anetaprofessional.com\/no\/#website","url":"https:\/\/anetaprofessional.com\/no\/","name":"Aneta Professional","description":"Skandinavias ledende lampegrossist","publisher":{"@id":"https:\/\/anetaprofessional.com\/no\/#organization"},"potentialAction":[{"@type":"SearchAction","target":{"@type":"EntryPoint","urlTemplate":"https:\/\/anetaprofessional.com\/no\/?s={search_term_string}"},"query-input":{"@type":"PropertyValueSpecification","valueRequired":true,"valueName":"search_term_string"}}],"inLanguage":"nb-NO"},{"@type":"Organization","@id":"https:\/\/anetaprofessional.com\/no\/#organization","name":"Aneta Professional","url":"https:\/\/anetaprofessional.com\/no\/","logo":{"@type":"ImageObject","inLanguage":"nb-NO","@id":"https:\/\/anetaprofessional.com\/no\/#\/schema\/logo\/image\/","url":"https:\/\/dbud83cwgulta.cloudfront.net\/wp-content\/uploads\/sites\/4\/2022\/05\/19120143\/ANETA-PRO-logo-RGB_hvit.png","contentUrl":"https:\/\/dbud83cwgulta.cloudfront.net\/wp-content\/uploads\/sites\/4\/2022\/05\/19120143\/ANETA-PRO-logo-RGB_hvit.png","width":1201,"height":487,"caption":"Aneta Professional"},"image":{"@id":"https:\/\/anetaprofessional.com\/no\/#\/schema\/logo\/image\/"}}]}},"_links":{"self":[{"href":"https:\/\/anetaprofessional.com\/no\/wp-json\/wp\/v2\/pages\/3","targetHints":{"allow":["GET"]}}],"collection":[{"href":"https:\/\/anetaprofessional.com\/no\/wp-json\/wp\/v2\/pages"}],"about":[{"href":"https:\/\/anetaprofessional.com\/no\/wp-json\/wp\/v2\/types\/page"}],"author":[{"embeddable":true,"href":"https:\/\/anetaprofessional.com\/no\/wp-json\/wp\/v2\/users\/1"}],"replies":[{"embeddable":true,"href":"https:\/\/anetaprofessional.com\/no\/wp-json\/wp\/v2\/comments?post=3"}],"version-history":[{"count":5,"href":"https:\/\/anetaprofessional.com\/no\/wp-json\/wp\/v2\/pages\/3\/revisions"}],"predecessor-version":[{"id":13658,"href":"https:\/\/anetaprofessional.com\/no\/wp-json\/wp\/v2\/pages\/3\/revisions\/13658"}],"wp:attachment":[{"href":"https:\/\/anetaprofessional.com\/no\/wp-json\/wp\/v2\/media?parent=3"}],"curies":[{"name":"wp","href":"https:\/\/api.w.org\/{rel}","templated":true}]}}