{"id":11003,"date":"2022-01-09T17:57:37","date_gmt":"2022-01-09T16:57:37","guid":{"rendered":"https:\/\/anetaprofessional.com\/no\/produkt\/scanstrip-ctr150\/"},"modified":"2026-04-15T10:16:52","modified_gmt":"2026-04-15T08:16:52","slug":"scanstrip-ctr150","status":"publish","type":"product","link":"https:\/\/anetaprofessional.com\/no\/produkt\/scanstrip-ctr150\/","title":{"rendered":"Scanstrip CTR150"},"content":{"rendered":"<p>Scanstrip CTR driver-serien er perfekt i kombinasjon med v\u00e5rt CTR LED-stripe styresystem. CTR-driverne er ikke dimbare. For enkelthetsskyld deler produktene ogs\u00e5 samme produktnavn. Driverne er av h\u00f8yeste kvalitet og sikrer stabil DC24V spenning til kontrollerne eller direkte til LED-stripen; ogs\u00e5 ved sv\u00e6rt lav belastning. CTR18, CTR40, CTR75 og CTR150 har f\u00e5tt all produkttekst trykket p\u00e5 baksiden og bak tilkoblingsdekslene for \u00e5 s\u00f8rge for et penest mulig resultat om driveren monteres direkte p\u00e5 vegg\/i tak. CTR150 er p\u00e5 150W og passer utmerket til lengre LED-stripe installasjoner eller mange mindre strekk.<\/p>\n","protected":false},"excerpt":{"rendered":"<p>Scanstrip CTR driver-serien er perfekt i kombinasjon med v\u00e5rt CTR LED-stripe styresystem. CTR-driverne er ikke dimbare. For enkelthetsskyld deler produktene ogs\u00e5 samme produktnavn. Driverne er av h\u00f8yeste kvalitet og sikrer stabil DC24V spenning til kontrollerne eller direkte til LED-stripen; ogs\u00e5 ved sv\u00e6rt lav belastning. CTR18, CTR40, CTR75 og CTR150 har f\u00e5tt all produkttekst trykket p\u00e5 baksiden og bak tilkoblingsdekslene for \u00e5 s\u00f8rge for et penest mulig resultat om driveren monteres direkte p\u00e5 vegg\/i tak. CTR150 er p\u00e5 150W og passer utmerket til lengre LED-stripe installasjoner eller mange mindre strekk.<\/p>\n","protected":false},"featured_media":14161,"template":"","meta":{"_acf_changed":false,"inline_featured_image":false},"product_tag":[],"product_brand":[],"product_cat":[40401],"class_list":{"0":"post-11003","1":"product","2":"type-product","3":"status-publish","4":"has-post-thumbnail","6":"product_cat-professional-led-striper-professional","8":"first","9":"instock","10":"taxable","11":"shipping-taxable","12":"product-type-simple"},"acf":[],"yoast_head":"<!-- This site is optimized with the Yoast SEO plugin v27.3 - https:\/\/yoast.com\/product\/yoast-seo-wordpress\/ -->\n<title>Scanstrip CTR150 - Aneta Professional<\/title>\n<meta name=\"robots\" content=\"index, follow, max-snippet:-1, max-image-preview:large, max-video-preview:-1\" \/>\n<link rel=\"canonical\" href=\"https:\/\/anetaprofessional.com\/no\/produkt\/scanstrip-ctr150\/\" \/>\n<meta property=\"og:locale\" content=\"nb_NO\" \/>\n<meta property=\"og:type\" content=\"article\" \/>\n<meta property=\"og:title\" content=\"Scanstrip CTR150 - Aneta Professional\" \/>\n<meta property=\"og:description\" content=\"Scanstrip CTR driver-serien er perfekt i kombinasjon med v\u00e5rt CTR LED-stripe styresystem. CTR-driverne er ikke dimbare. For enkelthetsskyld deler produktene ogs\u00e5 samme produktnavn. Driverne er av h\u00f8yeste kvalitet og sikrer stabil DC24V spenning til kontrollerne eller direkte til LED-stripen; ogs\u00e5 ved sv\u00e6rt lav belastning. CTR18, CTR40, CTR75 og CTR150 har f\u00e5tt all produkttekst trykket p\u00e5 baksiden og bak tilkoblingsdekslene for \u00e5 s\u00f8rge for et penest mulig resultat om driveren monteres direkte p\u00e5 vegg\/i tak. CTR150 er p\u00e5 150W og passer utmerket til lengre LED-stripe installasjoner eller mange mindre strekk.\" \/>\n<meta property=\"og:url\" content=\"https:\/\/anetaprofessional.com\/no\/produkt\/scanstrip-ctr150\/\" \/>\n<meta property=\"og:site_name\" content=\"Aneta Professional\" \/>\n<meta property=\"article:modified_time\" content=\"2026-04-15T08:16:52+00:00\" \/>\n<meta property=\"og:image\" content=\"https:\/\/dbud83cwgulta.cloudfront.net\/wp-content\/uploads\/sites\/4\/2022\/01\/23212613\/kpK4T22F7C4yszjFQ1Dp1eMGM.png\" \/>\n\t<meta property=\"og:image:width\" content=\"1882\" \/>\n\t<meta property=\"og:image:height\" content=\"1617\" \/>\n\t<meta property=\"og:image:type\" content=\"image\/png\" \/>\n<meta name=\"twitter:card\" content=\"summary_large_image\" \/>\n<script type=\"application\/ld+json\" class=\"yoast-schema-graph\">{\"@context\":\"https:\\\/\\\/schema.org\",\"@graph\":[{\"@type\":\"WebPage\",\"@id\":\"https:\\\/\\\/anetaprofessional.com\\\/no\\\/produkt\\\/scanstrip-ctr150\\\/\",\"url\":\"https:\\\/\\\/anetaprofessional.com\\\/no\\\/produkt\\\/scanstrip-ctr150\\\/\",\"name\":\"Scanstrip CTR150 - Aneta Professional\",\"isPartOf\":{\"@id\":\"https:\\\/\\\/anetaprofessional.com\\\/no\\\/#website\"},\"primaryImageOfPage\":{\"@id\":\"https:\\\/\\\/anetaprofessional.com\\\/no\\\/produkt\\\/scanstrip-ctr150\\\/#primaryimage\"},\"image\":{\"@id\":\"https:\\\/\\\/anetaprofessional.com\\\/no\\\/produkt\\\/scanstrip-ctr150\\\/#primaryimage\"},\"thumbnailUrl\":\"https:\\\/\\\/dbud83cwgulta.cloudfront.net\\\/wp-content\\\/uploads\\\/sites\\\/4\\\/2022\\\/01\\\/23212613\\\/kpK4T22F7C4yszjFQ1Dp1eMGM.png\",\"datePublished\":\"2022-01-09T16:57:37+00:00\",\"dateModified\":\"2026-04-15T08:16:52+00:00\",\"breadcrumb\":{\"@id\":\"https:\\\/\\\/anetaprofessional.com\\\/no\\\/produkt\\\/scanstrip-ctr150\\\/#breadcrumb\"},\"inLanguage\":\"nb-NO\",\"potentialAction\":[{\"@type\":\"ReadAction\",\"target\":[\"https:\\\/\\\/anetaprofessional.com\\\/no\\\/produkt\\\/scanstrip-ctr150\\\/\"]}]},{\"@type\":\"ImageObject\",\"inLanguage\":\"nb-NO\",\"@id\":\"https:\\\/\\\/anetaprofessional.com\\\/no\\\/produkt\\\/scanstrip-ctr150\\\/#primaryimage\",\"url\":\"https:\\\/\\\/dbud83cwgulta.cloudfront.net\\\/wp-content\\\/uploads\\\/sites\\\/4\\\/2022\\\/01\\\/23212613\\\/kpK4T22F7C4yszjFQ1Dp1eMGM.png\",\"contentUrl\":\"https:\\\/\\\/dbud83cwgulta.cloudfront.net\\\/wp-content\\\/uploads\\\/sites\\\/4\\\/2022\\\/01\\\/23212613\\\/kpK4T22F7C4yszjFQ1Dp1eMGM.png\",\"width\":1882,\"height\":1617},{\"@type\":\"BreadcrumbList\",\"@id\":\"https:\\\/\\\/anetaprofessional.com\\\/no\\\/produkt\\\/scanstrip-ctr150\\\/#breadcrumb\",\"itemListElement\":[{\"@type\":\"ListItem\",\"position\":1,\"name\":\"Forsiden\",\"item\":\"https:\\\/\\\/anetaprofessional.com\\\/no\\\/\"},{\"@type\":\"ListItem\",\"position\":2,\"name\":\"Katalog\",\"item\":\"https:\\\/\\\/anetaprofessional.com\\\/no\\\/katalog\\\/\"},{\"@type\":\"ListItem\",\"position\":3,\"name\":\"Scanstrip CTR150\"}]},{\"@type\":\"WebSite\",\"@id\":\"https:\\\/\\\/anetaprofessional.com\\\/no\\\/#website\",\"url\":\"https:\\\/\\\/anetaprofessional.com\\\/no\\\/\",\"name\":\"Aneta Professional\",\"description\":\"Skandinavias ledende lampegrossist\",\"publisher\":{\"@id\":\"https:\\\/\\\/anetaprofessional.com\\\/no\\\/#organization\"},\"potentialAction\":[{\"@type\":\"SearchAction\",\"target\":{\"@type\":\"EntryPoint\",\"urlTemplate\":\"https:\\\/\\\/anetaprofessional.com\\\/no\\\/?s={search_term_string}\"},\"query-input\":{\"@type\":\"PropertyValueSpecification\",\"valueRequired\":true,\"valueName\":\"search_term_string\"}}],\"inLanguage\":\"nb-NO\"},{\"@type\":\"Organization\",\"@id\":\"https:\\\/\\\/anetaprofessional.com\\\/no\\\/#organization\",\"name\":\"Aneta Professional\",\"url\":\"https:\\\/\\\/anetaprofessional.com\\\/no\\\/\",\"logo\":{\"@type\":\"ImageObject\",\"inLanguage\":\"nb-NO\",\"@id\":\"https:\\\/\\\/anetaprofessional.com\\\/no\\\/#\\\/schema\\\/logo\\\/image\\\/\",\"url\":\"https:\\\/\\\/dbud83cwgulta.cloudfront.net\\\/wp-content\\\/uploads\\\/sites\\\/4\\\/2022\\\/05\\\/19120143\\\/ANETA-PRO-logo-RGB_hvit.png\",\"contentUrl\":\"https:\\\/\\\/dbud83cwgulta.cloudfront.net\\\/wp-content\\\/uploads\\\/sites\\\/4\\\/2022\\\/05\\\/19120143\\\/ANETA-PRO-logo-RGB_hvit.png\",\"width\":1201,\"height\":487,\"caption\":\"Aneta Professional\"},\"image\":{\"@id\":\"https:\\\/\\\/anetaprofessional.com\\\/no\\\/#\\\/schema\\\/logo\\\/image\\\/\"}}]}<\/script>\n<!-- \/ Yoast SEO plugin. -->","yoast_head_json":{"title":"Scanstrip CTR150 - Aneta Professional","robots":{"index":"index","follow":"follow","max-snippet":"max-snippet:-1","max-image-preview":"max-image-preview:large","max-video-preview":"max-video-preview:-1"},"canonical":"https:\/\/anetaprofessional.com\/no\/produkt\/scanstrip-ctr150\/","og_locale":"nb_NO","og_type":"article","og_title":"Scanstrip CTR150 - Aneta Professional","og_description":"Scanstrip CTR driver-serien er perfekt i kombinasjon med v\u00e5rt CTR LED-stripe styresystem. CTR-driverne er ikke dimbare. For enkelthetsskyld deler produktene ogs\u00e5 samme produktnavn. Driverne er av h\u00f8yeste kvalitet og sikrer stabil DC24V spenning til kontrollerne eller direkte til LED-stripen; ogs\u00e5 ved sv\u00e6rt lav belastning. CTR18, CTR40, CTR75 og CTR150 har f\u00e5tt all produkttekst trykket p\u00e5 baksiden og bak tilkoblingsdekslene for \u00e5 s\u00f8rge for et penest mulig resultat om driveren monteres direkte p\u00e5 vegg\/i tak. CTR150 er p\u00e5 150W og passer utmerket til lengre LED-stripe installasjoner eller mange mindre strekk.","og_url":"https:\/\/anetaprofessional.com\/no\/produkt\/scanstrip-ctr150\/","og_site_name":"Aneta Professional","article_modified_time":"2026-04-15T08:16:52+00:00","og_image":[{"width":1882,"height":1617,"url":"https:\/\/dbud83cwgulta.cloudfront.net\/wp-content\/uploads\/sites\/4\/2022\/01\/23212613\/kpK4T22F7C4yszjFQ1Dp1eMGM.png","type":"image\/png"}],"twitter_card":"summary_large_image","schema":{"@context":"https:\/\/schema.org","@graph":[{"@type":"WebPage","@id":"https:\/\/anetaprofessional.com\/no\/produkt\/scanstrip-ctr150\/","url":"https:\/\/anetaprofessional.com\/no\/produkt\/scanstrip-ctr150\/","name":"Scanstrip CTR150 - Aneta Professional","isPartOf":{"@id":"https:\/\/anetaprofessional.com\/no\/#website"},"primaryImageOfPage":{"@id":"https:\/\/anetaprofessional.com\/no\/produkt\/scanstrip-ctr150\/#primaryimage"},"image":{"@id":"https:\/\/anetaprofessional.com\/no\/produkt\/scanstrip-ctr150\/#primaryimage"},"thumbnailUrl":"https:\/\/dbud83cwgulta.cloudfront.net\/wp-content\/uploads\/sites\/4\/2022\/01\/23212613\/kpK4T22F7C4yszjFQ1Dp1eMGM.png","datePublished":"2022-01-09T16:57:37+00:00","dateModified":"2026-04-15T08:16:52+00:00","breadcrumb":{"@id":"https:\/\/anetaprofessional.com\/no\/produkt\/scanstrip-ctr150\/#breadcrumb"},"inLanguage":"nb-NO","potentialAction":[{"@type":"ReadAction","target":["https:\/\/anetaprofessional.com\/no\/produkt\/scanstrip-ctr150\/"]}]},{"@type":"ImageObject","inLanguage":"nb-NO","@id":"https:\/\/anetaprofessional.com\/no\/produkt\/scanstrip-ctr150\/#primaryimage","url":"https:\/\/dbud83cwgulta.cloudfront.net\/wp-content\/uploads\/sites\/4\/2022\/01\/23212613\/kpK4T22F7C4yszjFQ1Dp1eMGM.png","contentUrl":"https:\/\/dbud83cwgulta.cloudfront.net\/wp-content\/uploads\/sites\/4\/2022\/01\/23212613\/kpK4T22F7C4yszjFQ1Dp1eMGM.png","width":1882,"height":1617},{"@type":"BreadcrumbList","@id":"https:\/\/anetaprofessional.com\/no\/produkt\/scanstrip-ctr150\/#breadcrumb","itemListElement":[{"@type":"ListItem","position":1,"name":"Forsiden","item":"https:\/\/anetaprofessional.com\/no\/"},{"@type":"ListItem","position":2,"name":"Katalog","item":"https:\/\/anetaprofessional.com\/no\/katalog\/"},{"@type":"ListItem","position":3,"name":"Scanstrip CTR150"}]},{"@type":"WebSite","@id":"https:\/\/anetaprofessional.com\/no\/#website","url":"https:\/\/anetaprofessional.com\/no\/","name":"Aneta Professional","description":"Skandinavias ledende lampegrossist","publisher":{"@id":"https:\/\/anetaprofessional.com\/no\/#organization"},"potentialAction":[{"@type":"SearchAction","target":{"@type":"EntryPoint","urlTemplate":"https:\/\/anetaprofessional.com\/no\/?s={search_term_string}"},"query-input":{"@type":"PropertyValueSpecification","valueRequired":true,"valueName":"search_term_string"}}],"inLanguage":"nb-NO"},{"@type":"Organization","@id":"https:\/\/anetaprofessional.com\/no\/#organization","name":"Aneta Professional","url":"https:\/\/anetaprofessional.com\/no\/","logo":{"@type":"ImageObject","inLanguage":"nb-NO","@id":"https:\/\/anetaprofessional.com\/no\/#\/schema\/logo\/image\/","url":"https:\/\/dbud83cwgulta.cloudfront.net\/wp-content\/uploads\/sites\/4\/2022\/05\/19120143\/ANETA-PRO-logo-RGB_hvit.png","contentUrl":"https:\/\/dbud83cwgulta.cloudfront.net\/wp-content\/uploads\/sites\/4\/2022\/05\/19120143\/ANETA-PRO-logo-RGB_hvit.png","width":1201,"height":487,"caption":"Aneta Professional"},"image":{"@id":"https:\/\/anetaprofessional.com\/no\/#\/schema\/logo\/image\/"}}]}},"_links":{"self":[{"href":"https:\/\/anetaprofessional.com\/no\/wp-json\/wp\/v2\/product\/11003","targetHints":{"allow":["GET"]}}],"collection":[{"href":"https:\/\/anetaprofessional.com\/no\/wp-json\/wp\/v2\/product"}],"about":[{"href":"https:\/\/anetaprofessional.com\/no\/wp-json\/wp\/v2\/types\/product"}],"wp:featuredmedia":[{"embeddable":true,"href":"https:\/\/anetaprofessional.com\/no\/wp-json\/wp\/v2\/media\/14161"}],"wp:attachment":[{"href":"https:\/\/anetaprofessional.com\/no\/wp-json\/wp\/v2\/media?parent=11003"}],"wp:term":[{"taxonomy":"product_tag","embeddable":true,"href":"https:\/\/anetaprofessional.com\/no\/wp-json\/wp\/v2\/product_tag?post=11003"},{"taxonomy":"product_brand","embeddable":true,"href":"https:\/\/anetaprofessional.com\/no\/wp-json\/wp\/v2\/product_brand?post=11003"},{"taxonomy":"product_cat","embeddable":true,"href":"https:\/\/anetaprofessional.com\/no\/wp-json\/wp\/v2\/product_cat?post=11003"}],"curies":[{"name":"wp","href":"https:\/\/api.w.org\/{rel}","templated":true}]}}