{"id":11846,"date":"2022-10-11T14:25:34","date_gmt":"2022-10-11T12:25:34","guid":{"rendered":"https:\/\/anetaprofessional.com\/no\/produkt\/northern-floodlight-100w-asym-sort\/"},"modified":"2026-04-08T04:03:28","modified_gmt":"2026-04-08T02:03:28","slug":"northern-floodlight-100w-asym-sort","status":"publish","type":"product","link":"https:\/\/anetaprofessional.com\/no\/produkt\/northern-floodlight-100w-asym-sort\/","title":{"rendered":"NORTHERN floodlight 100W asym, sort"},"content":{"rendered":"<p>NORTHERN floodlight er en kompakt og energieffektiv asymmetrisk lyskaster for innend\u00f8rs og utend\u00f8rs installasjon. Aluminiums kapsling med herdet glassfront s\u00f8rger for god slagfasthet (IK08) og beskyttelsesklasse (IP66). Enkel montasje og tilkobling med medf\u00f8lgende brakett og p\u00e5monterte 2m kabel med st\u00f8psel.<\/p>\n","protected":false},"excerpt":{"rendered":"<p>NORTHERN floodlight er en kompakt og energieffektiv asymmetrisk lyskaster for innend\u00f8rs og utend\u00f8rs installasjon. Aluminiums kapsling med herdet glassfront s\u00f8rger for god slagfasthet (IK08) og beskyttelsesklasse (IP66). Enkel montasje og tilkobling med medf\u00f8lgende brakett og p\u00e5monterte 2m kabel med st\u00f8psel.<\/p>\n","protected":false},"featured_media":14226,"template":"","meta":{"_acf_changed":false,"inline_featured_image":false},"product_tag":[],"product_brand":[],"product_cat":[40399],"class_list":{"0":"post-11846","1":"product","2":"type-product","3":"status-publish","4":"has-post-thumbnail","6":"product_cat-professional-industri-professional","8":"first","9":"instock","10":"taxable","11":"shipping-taxable","12":"product-type-simple"},"acf":[],"yoast_head":"<!-- This site is optimized with the Yoast SEO plugin v27.3 - https:\/\/yoast.com\/product\/yoast-seo-wordpress\/ -->\n<title>NORTHERN floodlight 100W asym, sort - Aneta Professional<\/title>\n<meta name=\"robots\" content=\"index, follow, max-snippet:-1, max-image-preview:large, max-video-preview:-1\" \/>\n<link rel=\"canonical\" href=\"https:\/\/anetaprofessional.com\/no\/produkt\/northern-floodlight-100w-asym-sort\/\" \/>\n<meta property=\"og:locale\" content=\"nb_NO\" \/>\n<meta property=\"og:type\" content=\"article\" \/>\n<meta property=\"og:title\" content=\"NORTHERN floodlight 100W asym, sort - Aneta Professional\" \/>\n<meta property=\"og:description\" content=\"NORTHERN floodlight er en kompakt og energieffektiv asymmetrisk lyskaster for innend\u00f8rs og utend\u00f8rs installasjon. Aluminiums kapsling med herdet glassfront s\u00f8rger for god slagfasthet (IK08) og beskyttelsesklasse (IP66). Enkel montasje og tilkobling med medf\u00f8lgende brakett og p\u00e5monterte 2m kabel med st\u00f8psel.\" \/>\n<meta property=\"og:url\" content=\"https:\/\/anetaprofessional.com\/no\/produkt\/northern-floodlight-100w-asym-sort\/\" \/>\n<meta property=\"og:site_name\" content=\"Aneta Professional\" \/>\n<meta property=\"article:modified_time\" content=\"2026-04-08T02:03:28+00:00\" \/>\n<meta property=\"og:image\" content=\"https:\/\/dbud83cwgulta.cloudfront.net\/wp-content\/uploads\/sites\/4\/2022\/10\/23213529\/NPPpAom1snehYNsjvQcVJbJt9.png\" \/>\n\t<meta property=\"og:image:width\" content=\"923\" \/>\n\t<meta property=\"og:image:height\" content=\"1467\" \/>\n\t<meta property=\"og:image:type\" content=\"image\/png\" \/>\n<meta name=\"twitter:card\" content=\"summary_large_image\" \/>\n<script type=\"application\/ld+json\" class=\"yoast-schema-graph\">{\"@context\":\"https:\\\/\\\/schema.org\",\"@graph\":[{\"@type\":\"WebPage\",\"@id\":\"https:\\\/\\\/anetaprofessional.com\\\/no\\\/produkt\\\/northern-floodlight-100w-asym-sort\\\/\",\"url\":\"https:\\\/\\\/anetaprofessional.com\\\/no\\\/produkt\\\/northern-floodlight-100w-asym-sort\\\/\",\"name\":\"NORTHERN floodlight 100W asym, sort - Aneta Professional\",\"isPartOf\":{\"@id\":\"https:\\\/\\\/anetaprofessional.com\\\/no\\\/#website\"},\"primaryImageOfPage\":{\"@id\":\"https:\\\/\\\/anetaprofessional.com\\\/no\\\/produkt\\\/northern-floodlight-100w-asym-sort\\\/#primaryimage\"},\"image\":{\"@id\":\"https:\\\/\\\/anetaprofessional.com\\\/no\\\/produkt\\\/northern-floodlight-100w-asym-sort\\\/#primaryimage\"},\"thumbnailUrl\":\"https:\\\/\\\/dbud83cwgulta.cloudfront.net\\\/wp-content\\\/uploads\\\/sites\\\/4\\\/2022\\\/10\\\/23213529\\\/NPPpAom1snehYNsjvQcVJbJt9.png\",\"datePublished\":\"2022-10-11T12:25:34+00:00\",\"dateModified\":\"2026-04-08T02:03:28+00:00\",\"breadcrumb\":{\"@id\":\"https:\\\/\\\/anetaprofessional.com\\\/no\\\/produkt\\\/northern-floodlight-100w-asym-sort\\\/#breadcrumb\"},\"inLanguage\":\"nb-NO\",\"potentialAction\":[{\"@type\":\"ReadAction\",\"target\":[\"https:\\\/\\\/anetaprofessional.com\\\/no\\\/produkt\\\/northern-floodlight-100w-asym-sort\\\/\"]}]},{\"@type\":\"ImageObject\",\"inLanguage\":\"nb-NO\",\"@id\":\"https:\\\/\\\/anetaprofessional.com\\\/no\\\/produkt\\\/northern-floodlight-100w-asym-sort\\\/#primaryimage\",\"url\":\"https:\\\/\\\/dbud83cwgulta.cloudfront.net\\\/wp-content\\\/uploads\\\/sites\\\/4\\\/2022\\\/10\\\/23213529\\\/NPPpAom1snehYNsjvQcVJbJt9.png\",\"contentUrl\":\"https:\\\/\\\/dbud83cwgulta.cloudfront.net\\\/wp-content\\\/uploads\\\/sites\\\/4\\\/2022\\\/10\\\/23213529\\\/NPPpAom1snehYNsjvQcVJbJt9.png\",\"width\":923,\"height\":1467},{\"@type\":\"BreadcrumbList\",\"@id\":\"https:\\\/\\\/anetaprofessional.com\\\/no\\\/produkt\\\/northern-floodlight-100w-asym-sort\\\/#breadcrumb\",\"itemListElement\":[{\"@type\":\"ListItem\",\"position\":1,\"name\":\"Forsiden\",\"item\":\"https:\\\/\\\/anetaprofessional.com\\\/no\\\/\"},{\"@type\":\"ListItem\",\"position\":2,\"name\":\"Katalog\",\"item\":\"https:\\\/\\\/anetaprofessional.com\\\/no\\\/katalog\\\/\"},{\"@type\":\"ListItem\",\"position\":3,\"name\":\"NORTHERN floodlight 100W asym, sort\"}]},{\"@type\":\"WebSite\",\"@id\":\"https:\\\/\\\/anetaprofessional.com\\\/no\\\/#website\",\"url\":\"https:\\\/\\\/anetaprofessional.com\\\/no\\\/\",\"name\":\"Aneta Professional\",\"description\":\"Skandinavias ledende lampegrossist\",\"publisher\":{\"@id\":\"https:\\\/\\\/anetaprofessional.com\\\/no\\\/#organization\"},\"potentialAction\":[{\"@type\":\"SearchAction\",\"target\":{\"@type\":\"EntryPoint\",\"urlTemplate\":\"https:\\\/\\\/anetaprofessional.com\\\/no\\\/?s={search_term_string}\"},\"query-input\":{\"@type\":\"PropertyValueSpecification\",\"valueRequired\":true,\"valueName\":\"search_term_string\"}}],\"inLanguage\":\"nb-NO\"},{\"@type\":\"Organization\",\"@id\":\"https:\\\/\\\/anetaprofessional.com\\\/no\\\/#organization\",\"name\":\"Aneta Professional\",\"url\":\"https:\\\/\\\/anetaprofessional.com\\\/no\\\/\",\"logo\":{\"@type\":\"ImageObject\",\"inLanguage\":\"nb-NO\",\"@id\":\"https:\\\/\\\/anetaprofessional.com\\\/no\\\/#\\\/schema\\\/logo\\\/image\\\/\",\"url\":\"https:\\\/\\\/dbud83cwgulta.cloudfront.net\\\/wp-content\\\/uploads\\\/sites\\\/4\\\/2022\\\/05\\\/19120143\\\/ANETA-PRO-logo-RGB_hvit.png\",\"contentUrl\":\"https:\\\/\\\/dbud83cwgulta.cloudfront.net\\\/wp-content\\\/uploads\\\/sites\\\/4\\\/2022\\\/05\\\/19120143\\\/ANETA-PRO-logo-RGB_hvit.png\",\"width\":1201,\"height\":487,\"caption\":\"Aneta Professional\"},\"image\":{\"@id\":\"https:\\\/\\\/anetaprofessional.com\\\/no\\\/#\\\/schema\\\/logo\\\/image\\\/\"}}]}<\/script>\n<!-- \/ Yoast SEO plugin. -->","yoast_head_json":{"title":"NORTHERN floodlight 100W asym, sort - Aneta Professional","robots":{"index":"index","follow":"follow","max-snippet":"max-snippet:-1","max-image-preview":"max-image-preview:large","max-video-preview":"max-video-preview:-1"},"canonical":"https:\/\/anetaprofessional.com\/no\/produkt\/northern-floodlight-100w-asym-sort\/","og_locale":"nb_NO","og_type":"article","og_title":"NORTHERN floodlight 100W asym, sort - Aneta Professional","og_description":"NORTHERN floodlight er en kompakt og energieffektiv asymmetrisk lyskaster for innend\u00f8rs og utend\u00f8rs installasjon. Aluminiums kapsling med herdet glassfront s\u00f8rger for god slagfasthet (IK08) og beskyttelsesklasse (IP66). Enkel montasje og tilkobling med medf\u00f8lgende brakett og p\u00e5monterte 2m kabel med st\u00f8psel.","og_url":"https:\/\/anetaprofessional.com\/no\/produkt\/northern-floodlight-100w-asym-sort\/","og_site_name":"Aneta Professional","article_modified_time":"2026-04-08T02:03:28+00:00","og_image":[{"width":923,"height":1467,"url":"https:\/\/dbud83cwgulta.cloudfront.net\/wp-content\/uploads\/sites\/4\/2022\/10\/23213529\/NPPpAom1snehYNsjvQcVJbJt9.png","type":"image\/png"}],"twitter_card":"summary_large_image","schema":{"@context":"https:\/\/schema.org","@graph":[{"@type":"WebPage","@id":"https:\/\/anetaprofessional.com\/no\/produkt\/northern-floodlight-100w-asym-sort\/","url":"https:\/\/anetaprofessional.com\/no\/produkt\/northern-floodlight-100w-asym-sort\/","name":"NORTHERN floodlight 100W asym, sort - Aneta Professional","isPartOf":{"@id":"https:\/\/anetaprofessional.com\/no\/#website"},"primaryImageOfPage":{"@id":"https:\/\/anetaprofessional.com\/no\/produkt\/northern-floodlight-100w-asym-sort\/#primaryimage"},"image":{"@id":"https:\/\/anetaprofessional.com\/no\/produkt\/northern-floodlight-100w-asym-sort\/#primaryimage"},"thumbnailUrl":"https:\/\/dbud83cwgulta.cloudfront.net\/wp-content\/uploads\/sites\/4\/2022\/10\/23213529\/NPPpAom1snehYNsjvQcVJbJt9.png","datePublished":"2022-10-11T12:25:34+00:00","dateModified":"2026-04-08T02:03:28+00:00","breadcrumb":{"@id":"https:\/\/anetaprofessional.com\/no\/produkt\/northern-floodlight-100w-asym-sort\/#breadcrumb"},"inLanguage":"nb-NO","potentialAction":[{"@type":"ReadAction","target":["https:\/\/anetaprofessional.com\/no\/produkt\/northern-floodlight-100w-asym-sort\/"]}]},{"@type":"ImageObject","inLanguage":"nb-NO","@id":"https:\/\/anetaprofessional.com\/no\/produkt\/northern-floodlight-100w-asym-sort\/#primaryimage","url":"https:\/\/dbud83cwgulta.cloudfront.net\/wp-content\/uploads\/sites\/4\/2022\/10\/23213529\/NPPpAom1snehYNsjvQcVJbJt9.png","contentUrl":"https:\/\/dbud83cwgulta.cloudfront.net\/wp-content\/uploads\/sites\/4\/2022\/10\/23213529\/NPPpAom1snehYNsjvQcVJbJt9.png","width":923,"height":1467},{"@type":"BreadcrumbList","@id":"https:\/\/anetaprofessional.com\/no\/produkt\/northern-floodlight-100w-asym-sort\/#breadcrumb","itemListElement":[{"@type":"ListItem","position":1,"name":"Forsiden","item":"https:\/\/anetaprofessional.com\/no\/"},{"@type":"ListItem","position":2,"name":"Katalog","item":"https:\/\/anetaprofessional.com\/no\/katalog\/"},{"@type":"ListItem","position":3,"name":"NORTHERN floodlight 100W asym, sort"}]},{"@type":"WebSite","@id":"https:\/\/anetaprofessional.com\/no\/#website","url":"https:\/\/anetaprofessional.com\/no\/","name":"Aneta Professional","description":"Skandinavias ledende lampegrossist","publisher":{"@id":"https:\/\/anetaprofessional.com\/no\/#organization"},"potentialAction":[{"@type":"SearchAction","target":{"@type":"EntryPoint","urlTemplate":"https:\/\/anetaprofessional.com\/no\/?s={search_term_string}"},"query-input":{"@type":"PropertyValueSpecification","valueRequired":true,"valueName":"search_term_string"}}],"inLanguage":"nb-NO"},{"@type":"Organization","@id":"https:\/\/anetaprofessional.com\/no\/#organization","name":"Aneta Professional","url":"https:\/\/anetaprofessional.com\/no\/","logo":{"@type":"ImageObject","inLanguage":"nb-NO","@id":"https:\/\/anetaprofessional.com\/no\/#\/schema\/logo\/image\/","url":"https:\/\/dbud83cwgulta.cloudfront.net\/wp-content\/uploads\/sites\/4\/2022\/05\/19120143\/ANETA-PRO-logo-RGB_hvit.png","contentUrl":"https:\/\/dbud83cwgulta.cloudfront.net\/wp-content\/uploads\/sites\/4\/2022\/05\/19120143\/ANETA-PRO-logo-RGB_hvit.png","width":1201,"height":487,"caption":"Aneta Professional"},"image":{"@id":"https:\/\/anetaprofessional.com\/no\/#\/schema\/logo\/image\/"}}]}},"_links":{"self":[{"href":"https:\/\/anetaprofessional.com\/no\/wp-json\/wp\/v2\/product\/11846","targetHints":{"allow":["GET"]}}],"collection":[{"href":"https:\/\/anetaprofessional.com\/no\/wp-json\/wp\/v2\/product"}],"about":[{"href":"https:\/\/anetaprofessional.com\/no\/wp-json\/wp\/v2\/types\/product"}],"wp:featuredmedia":[{"embeddable":true,"href":"https:\/\/anetaprofessional.com\/no\/wp-json\/wp\/v2\/media\/14226"}],"wp:attachment":[{"href":"https:\/\/anetaprofessional.com\/no\/wp-json\/wp\/v2\/media?parent=11846"}],"wp:term":[{"taxonomy":"product_tag","embeddable":true,"href":"https:\/\/anetaprofessional.com\/no\/wp-json\/wp\/v2\/product_tag?post=11846"},{"taxonomy":"product_brand","embeddable":true,"href":"https:\/\/anetaprofessional.com\/no\/wp-json\/wp\/v2\/product_brand?post=11846"},{"taxonomy":"product_cat","embeddable":true,"href":"https:\/\/anetaprofessional.com\/no\/wp-json\/wp\/v2\/product_cat?post=11846"}],"curies":[{"name":"wp","href":"https:\/\/api.w.org\/{rel}","templated":true}]}}