{"id":11868,"date":"2022-10-17T13:07:29","date_gmt":"2022-10-17T11:07:29","guid":{"rendered":"https:\/\/anetaprofessional.com\/no\/produkt\/sogne-xl-dim-vegglampe-sort\/"},"modified":"2026-03-25T08:54:28","modified_gmt":"2026-03-25T07:54:28","slug":"sogne-xl-dim-vegglampe-sort","status":"publish","type":"product","link":"https:\/\/anetaprofessional.com\/no\/produkt\/sogne-xl-dim-vegglampe-sort\/","title":{"rendered":"S\u00d8GNE XL dim vegglampe"},"content":{"rendered":"<p>S\u00d8GNE-serien best\u00e5r av flere design veggarmaturer som kan monteres alene eller kombineres for et helhetlig inntrykk. S\u00d8GNE XL dim er en videreutvikling av S\u00d8GNE XL og er n\u00e5 dimbar og har (via intern bryter) mulighet for \u00e5 velge lysretning (opp\/ned\/opp+ned). S\u00d8GNE XL har lik h\u00f8yde og dybde som sin lillebror S\u00d8GNE, men er bredere og mer lyssterk! Montasjevennlig b\u00e5de for \u00e5pen og skjult installasjon.<\/p>\n","protected":false},"excerpt":{"rendered":"<p>S\u00d8GNE-serien best\u00e5r av flere design veggarmaturer som kan monteres alene eller kombineres for et helhetlig inntrykk. S\u00d8GNE XL dim er en videreutvikling av S\u00d8GNE XL og er n\u00e5 dimbar og har (via intern bryter) mulighet for \u00e5 velge lysretning (opp\/ned\/opp+ned). S\u00d8GNE XL har lik h\u00f8yde og dybde som sin lillebror S\u00d8GNE, men er bredere og mer lyssterk! Montasjevennlig b\u00e5de for \u00e5pen og skjult installasjon.<\/p>\n","protected":false},"featured_media":13955,"template":"","meta":{"_acf_changed":false,"inline_featured_image":false},"product_tag":[],"product_brand":[],"product_cat":[40404],"class_list":{"0":"post-11868","1":"product","2":"type-product","3":"status-publish","4":"has-post-thumbnail","6":"product_cat-professional-utelamper-professional","8":"first","9":"instock","10":"taxable","11":"shipping-taxable","12":"product-type-simple"},"acf":[],"yoast_head":"<!-- This site is optimized with the Yoast SEO plugin v27.3 - https:\/\/yoast.com\/product\/yoast-seo-wordpress\/ -->\n<title>S\u00d8GNE XL dim vegglampe - Aneta Professional<\/title>\n<meta name=\"robots\" content=\"index, follow, max-snippet:-1, max-image-preview:large, max-video-preview:-1\" \/>\n<link rel=\"canonical\" href=\"https:\/\/anetaprofessional.com\/no\/produkt\/sogne-xl-dim-vegglampe-sort\/\" \/>\n<meta property=\"og:locale\" content=\"nb_NO\" \/>\n<meta property=\"og:type\" content=\"article\" \/>\n<meta property=\"og:title\" content=\"S\u00d8GNE XL dim vegglampe - Aneta Professional\" \/>\n<meta property=\"og:description\" content=\"S\u00d8GNE-serien best\u00e5r av flere design veggarmaturer som kan monteres alene eller kombineres for et helhetlig inntrykk. S\u00d8GNE XL dim er en videreutvikling av S\u00d8GNE XL og er n\u00e5 dimbar og har (via intern bryter) mulighet for \u00e5 velge lysretning (opp\/ned\/opp+ned). S\u00d8GNE XL har lik h\u00f8yde og dybde som sin lillebror S\u00d8GNE, men er bredere og mer lyssterk! Montasjevennlig b\u00e5de for \u00e5pen og skjult installasjon.\" \/>\n<meta property=\"og:url\" content=\"https:\/\/anetaprofessional.com\/no\/produkt\/sogne-xl-dim-vegglampe-sort\/\" \/>\n<meta property=\"og:site_name\" content=\"Aneta Professional\" \/>\n<meta property=\"article:modified_time\" content=\"2026-03-25T07:54:28+00:00\" \/>\n<meta property=\"og:image\" content=\"https:\/\/dbud83cwgulta.cloudfront.net\/wp-content\/uploads\/sites\/4\/2022\/01\/23205752\/gCYg4MqS2eb49ZV7mK04DruYu-scaled.png\" \/>\n\t<meta property=\"og:image:width\" content=\"2560\" \/>\n\t<meta property=\"og:image:height\" content=\"1707\" \/>\n\t<meta property=\"og:image:type\" content=\"image\/png\" \/>\n<meta name=\"twitter:card\" content=\"summary_large_image\" \/>\n<script type=\"application\/ld+json\" class=\"yoast-schema-graph\">{\"@context\":\"https:\\\/\\\/schema.org\",\"@graph\":[{\"@type\":\"WebPage\",\"@id\":\"https:\\\/\\\/anetaprofessional.com\\\/no\\\/produkt\\\/sogne-xl-dim-vegglampe-sort\\\/\",\"url\":\"https:\\\/\\\/anetaprofessional.com\\\/no\\\/produkt\\\/sogne-xl-dim-vegglampe-sort\\\/\",\"name\":\"S\u00d8GNE XL dim vegglampe - Aneta Professional\",\"isPartOf\":{\"@id\":\"https:\\\/\\\/anetaprofessional.com\\\/no\\\/#website\"},\"primaryImageOfPage\":{\"@id\":\"https:\\\/\\\/anetaprofessional.com\\\/no\\\/produkt\\\/sogne-xl-dim-vegglampe-sort\\\/#primaryimage\"},\"image\":{\"@id\":\"https:\\\/\\\/anetaprofessional.com\\\/no\\\/produkt\\\/sogne-xl-dim-vegglampe-sort\\\/#primaryimage\"},\"thumbnailUrl\":\"https:\\\/\\\/dbud83cwgulta.cloudfront.net\\\/wp-content\\\/uploads\\\/sites\\\/4\\\/2022\\\/01\\\/23205752\\\/gCYg4MqS2eb49ZV7mK04DruYu-scaled.png\",\"datePublished\":\"2022-10-17T11:07:29+00:00\",\"dateModified\":\"2026-03-25T07:54:28+00:00\",\"breadcrumb\":{\"@id\":\"https:\\\/\\\/anetaprofessional.com\\\/no\\\/produkt\\\/sogne-xl-dim-vegglampe-sort\\\/#breadcrumb\"},\"inLanguage\":\"nb-NO\",\"potentialAction\":[{\"@type\":\"ReadAction\",\"target\":[\"https:\\\/\\\/anetaprofessional.com\\\/no\\\/produkt\\\/sogne-xl-dim-vegglampe-sort\\\/\"]}]},{\"@type\":\"ImageObject\",\"inLanguage\":\"nb-NO\",\"@id\":\"https:\\\/\\\/anetaprofessional.com\\\/no\\\/produkt\\\/sogne-xl-dim-vegglampe-sort\\\/#primaryimage\",\"url\":\"https:\\\/\\\/dbud83cwgulta.cloudfront.net\\\/wp-content\\\/uploads\\\/sites\\\/4\\\/2022\\\/01\\\/23205752\\\/gCYg4MqS2eb49ZV7mK04DruYu-scaled.png\",\"contentUrl\":\"https:\\\/\\\/dbud83cwgulta.cloudfront.net\\\/wp-content\\\/uploads\\\/sites\\\/4\\\/2022\\\/01\\\/23205752\\\/gCYg4MqS2eb49ZV7mK04DruYu-scaled.png\",\"width\":2560,\"height\":1707},{\"@type\":\"BreadcrumbList\",\"@id\":\"https:\\\/\\\/anetaprofessional.com\\\/no\\\/produkt\\\/sogne-xl-dim-vegglampe-sort\\\/#breadcrumb\",\"itemListElement\":[{\"@type\":\"ListItem\",\"position\":1,\"name\":\"Forsiden\",\"item\":\"https:\\\/\\\/anetaprofessional.com\\\/no\\\/\"},{\"@type\":\"ListItem\",\"position\":2,\"name\":\"Katalog\",\"item\":\"https:\\\/\\\/anetaprofessional.com\\\/no\\\/katalog\\\/\"},{\"@type\":\"ListItem\",\"position\":3,\"name\":\"S\u00d8GNE XL dim vegglampe\"}]},{\"@type\":\"WebSite\",\"@id\":\"https:\\\/\\\/anetaprofessional.com\\\/no\\\/#website\",\"url\":\"https:\\\/\\\/anetaprofessional.com\\\/no\\\/\",\"name\":\"Aneta Professional\",\"description\":\"Skandinavias ledende lampegrossist\",\"publisher\":{\"@id\":\"https:\\\/\\\/anetaprofessional.com\\\/no\\\/#organization\"},\"potentialAction\":[{\"@type\":\"SearchAction\",\"target\":{\"@type\":\"EntryPoint\",\"urlTemplate\":\"https:\\\/\\\/anetaprofessional.com\\\/no\\\/?s={search_term_string}\"},\"query-input\":{\"@type\":\"PropertyValueSpecification\",\"valueRequired\":true,\"valueName\":\"search_term_string\"}}],\"inLanguage\":\"nb-NO\"},{\"@type\":\"Organization\",\"@id\":\"https:\\\/\\\/anetaprofessional.com\\\/no\\\/#organization\",\"name\":\"Aneta Professional\",\"url\":\"https:\\\/\\\/anetaprofessional.com\\\/no\\\/\",\"logo\":{\"@type\":\"ImageObject\",\"inLanguage\":\"nb-NO\",\"@id\":\"https:\\\/\\\/anetaprofessional.com\\\/no\\\/#\\\/schema\\\/logo\\\/image\\\/\",\"url\":\"https:\\\/\\\/dbud83cwgulta.cloudfront.net\\\/wp-content\\\/uploads\\\/sites\\\/4\\\/2022\\\/05\\\/19120143\\\/ANETA-PRO-logo-RGB_hvit.png\",\"contentUrl\":\"https:\\\/\\\/dbud83cwgulta.cloudfront.net\\\/wp-content\\\/uploads\\\/sites\\\/4\\\/2022\\\/05\\\/19120143\\\/ANETA-PRO-logo-RGB_hvit.png\",\"width\":1201,\"height\":487,\"caption\":\"Aneta Professional\"},\"image\":{\"@id\":\"https:\\\/\\\/anetaprofessional.com\\\/no\\\/#\\\/schema\\\/logo\\\/image\\\/\"}}]}<\/script>\n<!-- \/ Yoast SEO plugin. -->","yoast_head_json":{"title":"S\u00d8GNE XL dim vegglampe - Aneta Professional","robots":{"index":"index","follow":"follow","max-snippet":"max-snippet:-1","max-image-preview":"max-image-preview:large","max-video-preview":"max-video-preview:-1"},"canonical":"https:\/\/anetaprofessional.com\/no\/produkt\/sogne-xl-dim-vegglampe-sort\/","og_locale":"nb_NO","og_type":"article","og_title":"S\u00d8GNE XL dim vegglampe - Aneta Professional","og_description":"S\u00d8GNE-serien best\u00e5r av flere design veggarmaturer som kan monteres alene eller kombineres for et helhetlig inntrykk. S\u00d8GNE XL dim er en videreutvikling av S\u00d8GNE XL og er n\u00e5 dimbar og har (via intern bryter) mulighet for \u00e5 velge lysretning (opp\/ned\/opp+ned). S\u00d8GNE XL har lik h\u00f8yde og dybde som sin lillebror S\u00d8GNE, men er bredere og mer lyssterk! Montasjevennlig b\u00e5de for \u00e5pen og skjult installasjon.","og_url":"https:\/\/anetaprofessional.com\/no\/produkt\/sogne-xl-dim-vegglampe-sort\/","og_site_name":"Aneta Professional","article_modified_time":"2026-03-25T07:54:28+00:00","og_image":[{"width":2560,"height":1707,"url":"https:\/\/dbud83cwgulta.cloudfront.net\/wp-content\/uploads\/sites\/4\/2022\/01\/23205752\/gCYg4MqS2eb49ZV7mK04DruYu-scaled.png","type":"image\/png"}],"twitter_card":"summary_large_image","schema":{"@context":"https:\/\/schema.org","@graph":[{"@type":"WebPage","@id":"https:\/\/anetaprofessional.com\/no\/produkt\/sogne-xl-dim-vegglampe-sort\/","url":"https:\/\/anetaprofessional.com\/no\/produkt\/sogne-xl-dim-vegglampe-sort\/","name":"S\u00d8GNE XL dim vegglampe - Aneta Professional","isPartOf":{"@id":"https:\/\/anetaprofessional.com\/no\/#website"},"primaryImageOfPage":{"@id":"https:\/\/anetaprofessional.com\/no\/produkt\/sogne-xl-dim-vegglampe-sort\/#primaryimage"},"image":{"@id":"https:\/\/anetaprofessional.com\/no\/produkt\/sogne-xl-dim-vegglampe-sort\/#primaryimage"},"thumbnailUrl":"https:\/\/dbud83cwgulta.cloudfront.net\/wp-content\/uploads\/sites\/4\/2022\/01\/23205752\/gCYg4MqS2eb49ZV7mK04DruYu-scaled.png","datePublished":"2022-10-17T11:07:29+00:00","dateModified":"2026-03-25T07:54:28+00:00","breadcrumb":{"@id":"https:\/\/anetaprofessional.com\/no\/produkt\/sogne-xl-dim-vegglampe-sort\/#breadcrumb"},"inLanguage":"nb-NO","potentialAction":[{"@type":"ReadAction","target":["https:\/\/anetaprofessional.com\/no\/produkt\/sogne-xl-dim-vegglampe-sort\/"]}]},{"@type":"ImageObject","inLanguage":"nb-NO","@id":"https:\/\/anetaprofessional.com\/no\/produkt\/sogne-xl-dim-vegglampe-sort\/#primaryimage","url":"https:\/\/dbud83cwgulta.cloudfront.net\/wp-content\/uploads\/sites\/4\/2022\/01\/23205752\/gCYg4MqS2eb49ZV7mK04DruYu-scaled.png","contentUrl":"https:\/\/dbud83cwgulta.cloudfront.net\/wp-content\/uploads\/sites\/4\/2022\/01\/23205752\/gCYg4MqS2eb49ZV7mK04DruYu-scaled.png","width":2560,"height":1707},{"@type":"BreadcrumbList","@id":"https:\/\/anetaprofessional.com\/no\/produkt\/sogne-xl-dim-vegglampe-sort\/#breadcrumb","itemListElement":[{"@type":"ListItem","position":1,"name":"Forsiden","item":"https:\/\/anetaprofessional.com\/no\/"},{"@type":"ListItem","position":2,"name":"Katalog","item":"https:\/\/anetaprofessional.com\/no\/katalog\/"},{"@type":"ListItem","position":3,"name":"S\u00d8GNE XL dim vegglampe"}]},{"@type":"WebSite","@id":"https:\/\/anetaprofessional.com\/no\/#website","url":"https:\/\/anetaprofessional.com\/no\/","name":"Aneta Professional","description":"Skandinavias ledende lampegrossist","publisher":{"@id":"https:\/\/anetaprofessional.com\/no\/#organization"},"potentialAction":[{"@type":"SearchAction","target":{"@type":"EntryPoint","urlTemplate":"https:\/\/anetaprofessional.com\/no\/?s={search_term_string}"},"query-input":{"@type":"PropertyValueSpecification","valueRequired":true,"valueName":"search_term_string"}}],"inLanguage":"nb-NO"},{"@type":"Organization","@id":"https:\/\/anetaprofessional.com\/no\/#organization","name":"Aneta Professional","url":"https:\/\/anetaprofessional.com\/no\/","logo":{"@type":"ImageObject","inLanguage":"nb-NO","@id":"https:\/\/anetaprofessional.com\/no\/#\/schema\/logo\/image\/","url":"https:\/\/dbud83cwgulta.cloudfront.net\/wp-content\/uploads\/sites\/4\/2022\/05\/19120143\/ANETA-PRO-logo-RGB_hvit.png","contentUrl":"https:\/\/dbud83cwgulta.cloudfront.net\/wp-content\/uploads\/sites\/4\/2022\/05\/19120143\/ANETA-PRO-logo-RGB_hvit.png","width":1201,"height":487,"caption":"Aneta Professional"},"image":{"@id":"https:\/\/anetaprofessional.com\/no\/#\/schema\/logo\/image\/"}}]}},"_links":{"self":[{"href":"https:\/\/anetaprofessional.com\/no\/wp-json\/wp\/v2\/product\/11868","targetHints":{"allow":["GET"]}}],"collection":[{"href":"https:\/\/anetaprofessional.com\/no\/wp-json\/wp\/v2\/product"}],"about":[{"href":"https:\/\/anetaprofessional.com\/no\/wp-json\/wp\/v2\/types\/product"}],"wp:featuredmedia":[{"embeddable":true,"href":"https:\/\/anetaprofessional.com\/no\/wp-json\/wp\/v2\/media\/13955"}],"wp:attachment":[{"href":"https:\/\/anetaprofessional.com\/no\/wp-json\/wp\/v2\/media?parent=11868"}],"wp:term":[{"taxonomy":"product_tag","embeddable":true,"href":"https:\/\/anetaprofessional.com\/no\/wp-json\/wp\/v2\/product_tag?post=11868"},{"taxonomy":"product_brand","embeddable":true,"href":"https:\/\/anetaprofessional.com\/no\/wp-json\/wp\/v2\/product_brand?post=11868"},{"taxonomy":"product_cat","embeddable":true,"href":"https:\/\/anetaprofessional.com\/no\/wp-json\/wp\/v2\/product_cat?post=11868"}],"curies":[{"name":"wp","href":"https:\/\/api.w.org\/{rel}","templated":true}]}}