{"id":12673,"date":"2023-04-27T03:51:05","date_gmt":"2023-04-27T01:51:05","guid":{"rendered":"https:\/\/anetaprofessional.com\/no\/produkt\/ring-36-600-sort\/"},"modified":"2026-04-09T04:02:51","modified_gmt":"2026-04-09T02:02:51","slug":"ring-36-600-sort","status":"publish","type":"product","link":"https:\/\/anetaprofessional.com\/no\/produkt\/ring-36-600-sort\/","title":{"rendered":"RING 36\/600, sort"},"content":{"rendered":"<p>Sv\u00e6rt lavtbyggende og stilren plafond med h\u00f8yt lysutbytte. RING 36\/600 er v\u00e5r st\u00f8rste modell, men bygger likevel kun 24mm! I esken medf\u00f8lger brakett for direktemontasje i tak\/p\u00e5 vegg og avstandsstykker for \u00e5 gi plafonden et uttrykk hvor den svever oppunder taket. Disse muliggj\u00f8r ogs\u00e5 tilkobling ved \u00e5pen forlegning. Lampen og braketten er laget spesielt med elektrikeren i tankene; hvilket gir enkel og problemfri montasje. P\u00e5 baksiden av plafonden finnes en bryter hvor man kan velge fargetemperatur mellom 2700K, 3000K og 4000K (3CCT). Plafonden er en fin og diskret lyskilde som passer perfekt i moderne installasjoner. NB! Wire kit selges separat, se under tilbeh\u00f8r<\/p>\n","protected":false},"excerpt":{"rendered":"<p>Sv\u00e6rt lavtbyggende og stilren plafond med h\u00f8yt lysutbytte. RING 36\/600 er v\u00e5r st\u00f8rste modell, men bygger likevel kun 24mm! I esken medf\u00f8lger brakett for direktemontasje i tak\/p\u00e5 vegg og avstandsstykker for \u00e5 gi plafonden et uttrykk hvor den svever oppunder taket. Disse muliggj\u00f8r ogs\u00e5 tilkobling ved \u00e5pen forlegning. Lampen og braketten er laget spesielt med elektrikeren i tankene; hvilket gir enkel og problemfri montasje. P\u00e5 baksiden av plafonden finnes en bryter hvor man kan velge fargetemperatur mellom 2700K, 3000K og 4000K (3CCT). Plafonden er en fin og diskret lyskilde som passer perfekt i moderne installasjoner. NB! Wire kit selges separat, se under tilbeh\u00f8r<\/p>\n","protected":false},"featured_media":14219,"template":"","meta":{"_acf_changed":false,"inline_featured_image":false},"product_tag":[],"product_brand":[],"product_cat":[40402],"class_list":{"0":"post-12673","1":"product","2":"type-product","3":"status-publish","4":"has-post-thumbnail","6":"product_cat-professional-plafond-professional","8":"first","9":"onbackorder","10":"taxable","11":"shipping-taxable","12":"product-type-simple"},"acf":[],"yoast_head":"<!-- This site is optimized with the Yoast SEO plugin v27.3 - https:\/\/yoast.com\/product\/yoast-seo-wordpress\/ -->\n<title>RING 36\/600, sort - Aneta Professional<\/title>\n<meta name=\"robots\" content=\"index, follow, max-snippet:-1, max-image-preview:large, max-video-preview:-1\" \/>\n<link rel=\"canonical\" href=\"https:\/\/anetaprofessional.com\/no\/produkt\/ring-36-600-sort\/\" \/>\n<meta property=\"og:locale\" content=\"nb_NO\" \/>\n<meta property=\"og:type\" content=\"article\" \/>\n<meta property=\"og:title\" content=\"RING 36\/600, sort - Aneta Professional\" \/>\n<meta property=\"og:description\" content=\"Sv\u00e6rt lavtbyggende og stilren plafond med h\u00f8yt lysutbytte. RING 36\/600 er v\u00e5r st\u00f8rste modell, men bygger likevel kun 24mm! I esken medf\u00f8lger brakett for direktemontasje i tak\/p\u00e5 vegg og avstandsstykker for \u00e5 gi plafonden et uttrykk hvor den svever oppunder taket. Disse muliggj\u00f8r ogs\u00e5 tilkobling ved \u00e5pen forlegning. Lampen og braketten er laget spesielt med elektrikeren i tankene; hvilket gir enkel og problemfri montasje. P\u00e5 baksiden av plafonden finnes en bryter hvor man kan velge fargetemperatur mellom 2700K, 3000K og 4000K (3CCT). Plafonden er en fin og diskret lyskilde som passer perfekt i moderne installasjoner. NB! Wire kit selges separat, se under tilbeh\u00f8r\" \/>\n<meta property=\"og:url\" content=\"https:\/\/anetaprofessional.com\/no\/produkt\/ring-36-600-sort\/\" \/>\n<meta property=\"og:site_name\" content=\"Aneta Professional\" \/>\n<meta property=\"article:modified_time\" content=\"2026-04-09T02:02:51+00:00\" \/>\n<meta property=\"og:image\" content=\"https:\/\/dbud83cwgulta.cloudfront.net\/wp-content\/uploads\/sites\/4\/2023\/04\/23213430\/qF9FIEq4ACD4yN1eeRnGyQIaa-scaled.png\" \/>\n\t<meta property=\"og:image:width\" content=\"2560\" \/>\n\t<meta property=\"og:image:height\" content=\"1707\" \/>\n\t<meta property=\"og:image:type\" content=\"image\/png\" \/>\n<meta name=\"twitter:card\" content=\"summary_large_image\" \/>\n<meta name=\"twitter:label1\" content=\"Ansl. lesetid\" \/>\n\t<meta name=\"twitter:data1\" content=\"1 minutt\" \/>\n<script type=\"application\/ld+json\" class=\"yoast-schema-graph\">{\"@context\":\"https:\\\/\\\/schema.org\",\"@graph\":[{\"@type\":\"WebPage\",\"@id\":\"https:\\\/\\\/anetaprofessional.com\\\/no\\\/produkt\\\/ring-36-600-sort\\\/\",\"url\":\"https:\\\/\\\/anetaprofessional.com\\\/no\\\/produkt\\\/ring-36-600-sort\\\/\",\"name\":\"RING 36\\\/600, sort - Aneta Professional\",\"isPartOf\":{\"@id\":\"https:\\\/\\\/anetaprofessional.com\\\/no\\\/#website\"},\"primaryImageOfPage\":{\"@id\":\"https:\\\/\\\/anetaprofessional.com\\\/no\\\/produkt\\\/ring-36-600-sort\\\/#primaryimage\"},\"image\":{\"@id\":\"https:\\\/\\\/anetaprofessional.com\\\/no\\\/produkt\\\/ring-36-600-sort\\\/#primaryimage\"},\"thumbnailUrl\":\"https:\\\/\\\/dbud83cwgulta.cloudfront.net\\\/wp-content\\\/uploads\\\/sites\\\/4\\\/2023\\\/04\\\/23213430\\\/qF9FIEq4ACD4yN1eeRnGyQIaa-scaled.png\",\"datePublished\":\"2023-04-27T01:51:05+00:00\",\"dateModified\":\"2026-04-09T02:02:51+00:00\",\"breadcrumb\":{\"@id\":\"https:\\\/\\\/anetaprofessional.com\\\/no\\\/produkt\\\/ring-36-600-sort\\\/#breadcrumb\"},\"inLanguage\":\"nb-NO\",\"potentialAction\":[{\"@type\":\"ReadAction\",\"target\":[\"https:\\\/\\\/anetaprofessional.com\\\/no\\\/produkt\\\/ring-36-600-sort\\\/\"]}]},{\"@type\":\"ImageObject\",\"inLanguage\":\"nb-NO\",\"@id\":\"https:\\\/\\\/anetaprofessional.com\\\/no\\\/produkt\\\/ring-36-600-sort\\\/#primaryimage\",\"url\":\"https:\\\/\\\/dbud83cwgulta.cloudfront.net\\\/wp-content\\\/uploads\\\/sites\\\/4\\\/2023\\\/04\\\/23213430\\\/qF9FIEq4ACD4yN1eeRnGyQIaa-scaled.png\",\"contentUrl\":\"https:\\\/\\\/dbud83cwgulta.cloudfront.net\\\/wp-content\\\/uploads\\\/sites\\\/4\\\/2023\\\/04\\\/23213430\\\/qF9FIEq4ACD4yN1eeRnGyQIaa-scaled.png\",\"width\":2560,\"height\":1707},{\"@type\":\"BreadcrumbList\",\"@id\":\"https:\\\/\\\/anetaprofessional.com\\\/no\\\/produkt\\\/ring-36-600-sort\\\/#breadcrumb\",\"itemListElement\":[{\"@type\":\"ListItem\",\"position\":1,\"name\":\"Forsiden\",\"item\":\"https:\\\/\\\/anetaprofessional.com\\\/no\\\/\"},{\"@type\":\"ListItem\",\"position\":2,\"name\":\"Katalog\",\"item\":\"https:\\\/\\\/anetaprofessional.com\\\/no\\\/katalog\\\/\"},{\"@type\":\"ListItem\",\"position\":3,\"name\":\"RING 36\\\/600, sort\"}]},{\"@type\":\"WebSite\",\"@id\":\"https:\\\/\\\/anetaprofessional.com\\\/no\\\/#website\",\"url\":\"https:\\\/\\\/anetaprofessional.com\\\/no\\\/\",\"name\":\"Aneta Professional\",\"description\":\"Skandinavias ledende lampegrossist\",\"publisher\":{\"@id\":\"https:\\\/\\\/anetaprofessional.com\\\/no\\\/#organization\"},\"potentialAction\":[{\"@type\":\"SearchAction\",\"target\":{\"@type\":\"EntryPoint\",\"urlTemplate\":\"https:\\\/\\\/anetaprofessional.com\\\/no\\\/?s={search_term_string}\"},\"query-input\":{\"@type\":\"PropertyValueSpecification\",\"valueRequired\":true,\"valueName\":\"search_term_string\"}}],\"inLanguage\":\"nb-NO\"},{\"@type\":\"Organization\",\"@id\":\"https:\\\/\\\/anetaprofessional.com\\\/no\\\/#organization\",\"name\":\"Aneta Professional\",\"url\":\"https:\\\/\\\/anetaprofessional.com\\\/no\\\/\",\"logo\":{\"@type\":\"ImageObject\",\"inLanguage\":\"nb-NO\",\"@id\":\"https:\\\/\\\/anetaprofessional.com\\\/no\\\/#\\\/schema\\\/logo\\\/image\\\/\",\"url\":\"https:\\\/\\\/dbud83cwgulta.cloudfront.net\\\/wp-content\\\/uploads\\\/sites\\\/4\\\/2022\\\/05\\\/19120143\\\/ANETA-PRO-logo-RGB_hvit.png\",\"contentUrl\":\"https:\\\/\\\/dbud83cwgulta.cloudfront.net\\\/wp-content\\\/uploads\\\/sites\\\/4\\\/2022\\\/05\\\/19120143\\\/ANETA-PRO-logo-RGB_hvit.png\",\"width\":1201,\"height\":487,\"caption\":\"Aneta Professional\"},\"image\":{\"@id\":\"https:\\\/\\\/anetaprofessional.com\\\/no\\\/#\\\/schema\\\/logo\\\/image\\\/\"}}]}<\/script>\n<!-- \/ Yoast SEO plugin. -->","yoast_head_json":{"title":"RING 36\/600, sort - Aneta Professional","robots":{"index":"index","follow":"follow","max-snippet":"max-snippet:-1","max-image-preview":"max-image-preview:large","max-video-preview":"max-video-preview:-1"},"canonical":"https:\/\/anetaprofessional.com\/no\/produkt\/ring-36-600-sort\/","og_locale":"nb_NO","og_type":"article","og_title":"RING 36\/600, sort - Aneta Professional","og_description":"Sv\u00e6rt lavtbyggende og stilren plafond med h\u00f8yt lysutbytte. RING 36\/600 er v\u00e5r st\u00f8rste modell, men bygger likevel kun 24mm! I esken medf\u00f8lger brakett for direktemontasje i tak\/p\u00e5 vegg og avstandsstykker for \u00e5 gi plafonden et uttrykk hvor den svever oppunder taket. Disse muliggj\u00f8r ogs\u00e5 tilkobling ved \u00e5pen forlegning. Lampen og braketten er laget spesielt med elektrikeren i tankene; hvilket gir enkel og problemfri montasje. P\u00e5 baksiden av plafonden finnes en bryter hvor man kan velge fargetemperatur mellom 2700K, 3000K og 4000K (3CCT). Plafonden er en fin og diskret lyskilde som passer perfekt i moderne installasjoner. NB! Wire kit selges separat, se under tilbeh\u00f8r","og_url":"https:\/\/anetaprofessional.com\/no\/produkt\/ring-36-600-sort\/","og_site_name":"Aneta Professional","article_modified_time":"2026-04-09T02:02:51+00:00","og_image":[{"width":2560,"height":1707,"url":"https:\/\/dbud83cwgulta.cloudfront.net\/wp-content\/uploads\/sites\/4\/2023\/04\/23213430\/qF9FIEq4ACD4yN1eeRnGyQIaa-scaled.png","type":"image\/png"}],"twitter_card":"summary_large_image","twitter_misc":{"Ansl. lesetid":"1 minutt"},"schema":{"@context":"https:\/\/schema.org","@graph":[{"@type":"WebPage","@id":"https:\/\/anetaprofessional.com\/no\/produkt\/ring-36-600-sort\/","url":"https:\/\/anetaprofessional.com\/no\/produkt\/ring-36-600-sort\/","name":"RING 36\/600, sort - Aneta Professional","isPartOf":{"@id":"https:\/\/anetaprofessional.com\/no\/#website"},"primaryImageOfPage":{"@id":"https:\/\/anetaprofessional.com\/no\/produkt\/ring-36-600-sort\/#primaryimage"},"image":{"@id":"https:\/\/anetaprofessional.com\/no\/produkt\/ring-36-600-sort\/#primaryimage"},"thumbnailUrl":"https:\/\/dbud83cwgulta.cloudfront.net\/wp-content\/uploads\/sites\/4\/2023\/04\/23213430\/qF9FIEq4ACD4yN1eeRnGyQIaa-scaled.png","datePublished":"2023-04-27T01:51:05+00:00","dateModified":"2026-04-09T02:02:51+00:00","breadcrumb":{"@id":"https:\/\/anetaprofessional.com\/no\/produkt\/ring-36-600-sort\/#breadcrumb"},"inLanguage":"nb-NO","potentialAction":[{"@type":"ReadAction","target":["https:\/\/anetaprofessional.com\/no\/produkt\/ring-36-600-sort\/"]}]},{"@type":"ImageObject","inLanguage":"nb-NO","@id":"https:\/\/anetaprofessional.com\/no\/produkt\/ring-36-600-sort\/#primaryimage","url":"https:\/\/dbud83cwgulta.cloudfront.net\/wp-content\/uploads\/sites\/4\/2023\/04\/23213430\/qF9FIEq4ACD4yN1eeRnGyQIaa-scaled.png","contentUrl":"https:\/\/dbud83cwgulta.cloudfront.net\/wp-content\/uploads\/sites\/4\/2023\/04\/23213430\/qF9FIEq4ACD4yN1eeRnGyQIaa-scaled.png","width":2560,"height":1707},{"@type":"BreadcrumbList","@id":"https:\/\/anetaprofessional.com\/no\/produkt\/ring-36-600-sort\/#breadcrumb","itemListElement":[{"@type":"ListItem","position":1,"name":"Forsiden","item":"https:\/\/anetaprofessional.com\/no\/"},{"@type":"ListItem","position":2,"name":"Katalog","item":"https:\/\/anetaprofessional.com\/no\/katalog\/"},{"@type":"ListItem","position":3,"name":"RING 36\/600, sort"}]},{"@type":"WebSite","@id":"https:\/\/anetaprofessional.com\/no\/#website","url":"https:\/\/anetaprofessional.com\/no\/","name":"Aneta Professional","description":"Skandinavias ledende lampegrossist","publisher":{"@id":"https:\/\/anetaprofessional.com\/no\/#organization"},"potentialAction":[{"@type":"SearchAction","target":{"@type":"EntryPoint","urlTemplate":"https:\/\/anetaprofessional.com\/no\/?s={search_term_string}"},"query-input":{"@type":"PropertyValueSpecification","valueRequired":true,"valueName":"search_term_string"}}],"inLanguage":"nb-NO"},{"@type":"Organization","@id":"https:\/\/anetaprofessional.com\/no\/#organization","name":"Aneta Professional","url":"https:\/\/anetaprofessional.com\/no\/","logo":{"@type":"ImageObject","inLanguage":"nb-NO","@id":"https:\/\/anetaprofessional.com\/no\/#\/schema\/logo\/image\/","url":"https:\/\/dbud83cwgulta.cloudfront.net\/wp-content\/uploads\/sites\/4\/2022\/05\/19120143\/ANETA-PRO-logo-RGB_hvit.png","contentUrl":"https:\/\/dbud83cwgulta.cloudfront.net\/wp-content\/uploads\/sites\/4\/2022\/05\/19120143\/ANETA-PRO-logo-RGB_hvit.png","width":1201,"height":487,"caption":"Aneta Professional"},"image":{"@id":"https:\/\/anetaprofessional.com\/no\/#\/schema\/logo\/image\/"}}]}},"_links":{"self":[{"href":"https:\/\/anetaprofessional.com\/no\/wp-json\/wp\/v2\/product\/12673","targetHints":{"allow":["GET"]}}],"collection":[{"href":"https:\/\/anetaprofessional.com\/no\/wp-json\/wp\/v2\/product"}],"about":[{"href":"https:\/\/anetaprofessional.com\/no\/wp-json\/wp\/v2\/types\/product"}],"wp:featuredmedia":[{"embeddable":true,"href":"https:\/\/anetaprofessional.com\/no\/wp-json\/wp\/v2\/media\/14219"}],"wp:attachment":[{"href":"https:\/\/anetaprofessional.com\/no\/wp-json\/wp\/v2\/media?parent=12673"}],"wp:term":[{"taxonomy":"product_tag","embeddable":true,"href":"https:\/\/anetaprofessional.com\/no\/wp-json\/wp\/v2\/product_tag?post=12673"},{"taxonomy":"product_brand","embeddable":true,"href":"https:\/\/anetaprofessional.com\/no\/wp-json\/wp\/v2\/product_brand?post=12673"},{"taxonomy":"product_cat","embeddable":true,"href":"https:\/\/anetaprofessional.com\/no\/wp-json\/wp\/v2\/product_cat?post=12673"}],"curies":[{"name":"wp","href":"https:\/\/api.w.org\/{rel}","templated":true}]}}