{"id":13500,"date":"2024-08-03T03:49:49","date_gmt":"2024-08-03T01:49:49","guid":{"rendered":"https:\/\/anetaprofessional.com\/no\/produkt\/skylight-dome-33-200-hvit\/"},"modified":"2026-04-15T10:17:57","modified_gmt":"2026-04-15T08:17:57","slug":"skylight-dome-33-200-hvit","status":"publish","type":"product","link":"https:\/\/anetaprofessional.com\/no\/produkt\/skylight-dome-33-200-hvit\/","title":{"rendered":"Skylight DOME 33\/200, hvit"},"content":{"rendered":"<p>Opplev enkel eleganse med Skylight DOME og dens stilrene design. Den unike kombinasjonen av estetikk og funksjonalitet gj\u00f8r at du  f\u00e5r en armatur som dekker alle behov. Armaturen kan enkelt skifte mellom 3000K og 4000K (via bryter p\u00e5 baksiden av armaturen)  samtidig som effekten og lysutbyttet kan justeres etter \u00f8nske ved bruk av v\u00e5r Skylight PWR-driverserie.  Driverne i Skylight PWR-serien im\u00f8tekommer ulike behov; enten installasjonen skal v\u00e6re enkel av\/p\u00e5, dimbar eller integreres i et DALIsystem \u2013 vi tilbyr alle tre alternativene. I tillegg gir effektjusteringen deg muligheten til \u00e5 enkelt justere lysmengden etter dine  preferanser\/behov (og armaturens begrensninger).  Armaturen er klassifisert for et bredt spekter av bruksomr\u00e5der med IK07 slagfasthet, IP44 (fra undersiden) og ikke minst er den  oppbygget med v\u00e6rbestandige materialer, som sikrer p\u00e5litelig ytelse uansett bruksomr\u00e5de. Levetid p\u00e5 >100.000t og h\u00f8y effektivitet  (>115lm\/W) s\u00f8rger for en konstnadseffektiv installasjon.<\/p>\n","protected":false},"excerpt":{"rendered":"<p>Opplev enkel eleganse med Skylight DOME og dens stilrene design. Den unike kombinasjonen av estetikk og funksjonalitet gj\u00f8r at du  f\u00e5r en armatur som dekker alle behov. Armaturen kan enkelt skifte mellom 3000K og 4000K (via bryter p\u00e5 baksiden av armaturen)  samtidig som effekten og lysutbyttet kan justeres etter \u00f8nske ved bruk av v\u00e5r Skylight PWR-driverserie.  Driverne i Skylight PWR-serien im\u00f8tekommer ulike behov; enten installasjonen skal v\u00e6re enkel av\/p\u00e5, dimbar eller integreres i et DALIsystem \u2013 vi tilbyr alle tre alternativene. I tillegg gir effektjusteringen deg muligheten til \u00e5 enkelt justere lysmengden etter dine  preferanser\/behov (og armaturens begrensninger).  Armaturen er klassifisert for et bredt spekter av bruksomr\u00e5der med IK07 slagfasthet, IP44 (fra undersiden) og ikke minst er den  oppbygget med v\u00e6rbestandige materialer, som sikrer p\u00e5litelig ytelse uansett bruksomr\u00e5de. Levetid p\u00e5 >100.000t og h\u00f8y effektivitet  (>115lm\/W) s\u00f8rger for en konstnadseffektiv installasjon.<\/p>\n","protected":false},"featured_media":13501,"template":"","meta":{"_acf_changed":false,"inline_featured_image":false},"product_tag":[],"product_brand":[],"product_cat":[40398],"class_list":{"0":"post-13500","1":"product","2":"type-product","3":"status-publish","4":"has-post-thumbnail","6":"product_cat-professional-downlight-professional","8":"first","9":"instock","10":"taxable","11":"shipping-taxable","12":"product-type-simple"},"acf":[],"yoast_head":"<!-- This site is optimized with the Yoast SEO plugin v27.3 - https:\/\/yoast.com\/product\/yoast-seo-wordpress\/ -->\n<title>Skylight DOME 33\/200, hvit - Aneta Professional<\/title>\n<meta name=\"robots\" content=\"index, follow, max-snippet:-1, max-image-preview:large, max-video-preview:-1\" \/>\n<link rel=\"canonical\" href=\"https:\/\/anetaprofessional.com\/no\/produkt\/skylight-dome-33-200-hvit\/\" \/>\n<meta property=\"og:locale\" content=\"nb_NO\" \/>\n<meta property=\"og:type\" content=\"article\" \/>\n<meta property=\"og:title\" content=\"Skylight DOME 33\/200, hvit - Aneta Professional\" \/>\n<meta property=\"og:description\" content=\"Opplev enkel eleganse med Skylight DOME og dens stilrene design. Den unike kombinasjonen av estetikk og funksjonalitet gj\u00f8r at du f\u00e5r en armatur som dekker alle behov. Armaturen kan enkelt skifte mellom 3000K og 4000K (via bryter p\u00e5 baksiden av armaturen) samtidig som effekten og lysutbyttet kan justeres etter \u00f8nske ved bruk av v\u00e5r Skylight PWR-driverserie. Driverne i Skylight PWR-serien im\u00f8tekommer ulike behov; enten installasjonen skal v\u00e6re enkel av\/p\u00e5, dimbar eller integreres i et DALIsystem \u2013 vi tilbyr alle tre alternativene. I tillegg gir effektjusteringen deg muligheten til \u00e5 enkelt justere lysmengden etter dine preferanser\/behov (og armaturens begrensninger). Armaturen er klassifisert for et bredt spekter av bruksomr\u00e5der med IK07 slagfasthet, IP44 (fra undersiden) og ikke minst er den oppbygget med v\u00e6rbestandige materialer, som sikrer p\u00e5litelig ytelse uansett bruksomr\u00e5de. Levetid p\u00e5 &gt;100.000t og h\u00f8y effektivitet (&gt;115lm\/W) s\u00f8rger for en konstnadseffektiv installasjon.\" \/>\n<meta property=\"og:url\" content=\"https:\/\/anetaprofessional.com\/no\/produkt\/skylight-dome-33-200-hvit\/\" \/>\n<meta property=\"og:site_name\" content=\"Aneta Professional\" \/>\n<meta property=\"article:modified_time\" content=\"2026-04-15T08:17:57+00:00\" \/>\n<meta property=\"og:image\" content=\"https:\/\/dbud83cwgulta.cloudfront.net\/wp-content\/uploads\/sites\/4\/2024\/08\/23194344\/CzwTk63BtUT6MbW79gnioDzjt-1024x639.png\" \/>\n\t<meta property=\"og:image:width\" content=\"1024\" \/>\n\t<meta property=\"og:image:height\" content=\"639\" \/>\n\t<meta property=\"og:image:type\" content=\"image\/png\" \/>\n<meta name=\"twitter:card\" content=\"summary_large_image\" \/>\n<meta name=\"twitter:label1\" content=\"Ansl. lesetid\" \/>\n\t<meta name=\"twitter:data1\" content=\"1 minutt\" \/>\n<script type=\"application\/ld+json\" class=\"yoast-schema-graph\">{\"@context\":\"https:\\\/\\\/schema.org\",\"@graph\":[{\"@type\":\"WebPage\",\"@id\":\"https:\\\/\\\/anetaprofessional.com\\\/no\\\/produkt\\\/skylight-dome-33-200-hvit\\\/\",\"url\":\"https:\\\/\\\/anetaprofessional.com\\\/no\\\/produkt\\\/skylight-dome-33-200-hvit\\\/\",\"name\":\"Skylight DOME 33\\\/200, hvit - Aneta Professional\",\"isPartOf\":{\"@id\":\"https:\\\/\\\/anetaprofessional.com\\\/no\\\/#website\"},\"primaryImageOfPage\":{\"@id\":\"https:\\\/\\\/anetaprofessional.com\\\/no\\\/produkt\\\/skylight-dome-33-200-hvit\\\/#primaryimage\"},\"image\":{\"@id\":\"https:\\\/\\\/anetaprofessional.com\\\/no\\\/produkt\\\/skylight-dome-33-200-hvit\\\/#primaryimage\"},\"thumbnailUrl\":\"https:\\\/\\\/dbud83cwgulta.cloudfront.net\\\/wp-content\\\/uploads\\\/sites\\\/4\\\/2024\\\/08\\\/23194344\\\/CzwTk63BtUT6MbW79gnioDzjt.png\",\"datePublished\":\"2024-08-03T01:49:49+00:00\",\"dateModified\":\"2026-04-15T08:17:57+00:00\",\"breadcrumb\":{\"@id\":\"https:\\\/\\\/anetaprofessional.com\\\/no\\\/produkt\\\/skylight-dome-33-200-hvit\\\/#breadcrumb\"},\"inLanguage\":\"nb-NO\",\"potentialAction\":[{\"@type\":\"ReadAction\",\"target\":[\"https:\\\/\\\/anetaprofessional.com\\\/no\\\/produkt\\\/skylight-dome-33-200-hvit\\\/\"]}]},{\"@type\":\"ImageObject\",\"inLanguage\":\"nb-NO\",\"@id\":\"https:\\\/\\\/anetaprofessional.com\\\/no\\\/produkt\\\/skylight-dome-33-200-hvit\\\/#primaryimage\",\"url\":\"https:\\\/\\\/dbud83cwgulta.cloudfront.net\\\/wp-content\\\/uploads\\\/sites\\\/4\\\/2024\\\/08\\\/23194344\\\/CzwTk63BtUT6MbW79gnioDzjt.png\",\"contentUrl\":\"https:\\\/\\\/dbud83cwgulta.cloudfront.net\\\/wp-content\\\/uploads\\\/sites\\\/4\\\/2024\\\/08\\\/23194344\\\/CzwTk63BtUT6MbW79gnioDzjt.png\",\"width\":3840,\"height\":2397},{\"@type\":\"BreadcrumbList\",\"@id\":\"https:\\\/\\\/anetaprofessional.com\\\/no\\\/produkt\\\/skylight-dome-33-200-hvit\\\/#breadcrumb\",\"itemListElement\":[{\"@type\":\"ListItem\",\"position\":1,\"name\":\"Forsiden\",\"item\":\"https:\\\/\\\/anetaprofessional.com\\\/no\\\/\"},{\"@type\":\"ListItem\",\"position\":2,\"name\":\"Katalog\",\"item\":\"https:\\\/\\\/anetaprofessional.com\\\/no\\\/katalog\\\/\"},{\"@type\":\"ListItem\",\"position\":3,\"name\":\"Skylight DOME 33\\\/200, hvit\"}]},{\"@type\":\"WebSite\",\"@id\":\"https:\\\/\\\/anetaprofessional.com\\\/no\\\/#website\",\"url\":\"https:\\\/\\\/anetaprofessional.com\\\/no\\\/\",\"name\":\"Aneta Professional\",\"description\":\"Skandinavias ledende lampegrossist\",\"publisher\":{\"@id\":\"https:\\\/\\\/anetaprofessional.com\\\/no\\\/#organization\"},\"potentialAction\":[{\"@type\":\"SearchAction\",\"target\":{\"@type\":\"EntryPoint\",\"urlTemplate\":\"https:\\\/\\\/anetaprofessional.com\\\/no\\\/?s={search_term_string}\"},\"query-input\":{\"@type\":\"PropertyValueSpecification\",\"valueRequired\":true,\"valueName\":\"search_term_string\"}}],\"inLanguage\":\"nb-NO\"},{\"@type\":\"Organization\",\"@id\":\"https:\\\/\\\/anetaprofessional.com\\\/no\\\/#organization\",\"name\":\"Aneta Professional\",\"url\":\"https:\\\/\\\/anetaprofessional.com\\\/no\\\/\",\"logo\":{\"@type\":\"ImageObject\",\"inLanguage\":\"nb-NO\",\"@id\":\"https:\\\/\\\/anetaprofessional.com\\\/no\\\/#\\\/schema\\\/logo\\\/image\\\/\",\"url\":\"https:\\\/\\\/dbud83cwgulta.cloudfront.net\\\/wp-content\\\/uploads\\\/sites\\\/4\\\/2022\\\/05\\\/19120143\\\/ANETA-PRO-logo-RGB_hvit.png\",\"contentUrl\":\"https:\\\/\\\/dbud83cwgulta.cloudfront.net\\\/wp-content\\\/uploads\\\/sites\\\/4\\\/2022\\\/05\\\/19120143\\\/ANETA-PRO-logo-RGB_hvit.png\",\"width\":1201,\"height\":487,\"caption\":\"Aneta Professional\"},\"image\":{\"@id\":\"https:\\\/\\\/anetaprofessional.com\\\/no\\\/#\\\/schema\\\/logo\\\/image\\\/\"}}]}<\/script>\n<!-- \/ Yoast SEO plugin. -->","yoast_head_json":{"title":"Skylight DOME 33\/200, hvit - Aneta Professional","robots":{"index":"index","follow":"follow","max-snippet":"max-snippet:-1","max-image-preview":"max-image-preview:large","max-video-preview":"max-video-preview:-1"},"canonical":"https:\/\/anetaprofessional.com\/no\/produkt\/skylight-dome-33-200-hvit\/","og_locale":"nb_NO","og_type":"article","og_title":"Skylight DOME 33\/200, hvit - Aneta Professional","og_description":"Opplev enkel eleganse med Skylight DOME og dens stilrene design. Den unike kombinasjonen av estetikk og funksjonalitet gj\u00f8r at du f\u00e5r en armatur som dekker alle behov. Armaturen kan enkelt skifte mellom 3000K og 4000K (via bryter p\u00e5 baksiden av armaturen) samtidig som effekten og lysutbyttet kan justeres etter \u00f8nske ved bruk av v\u00e5r Skylight PWR-driverserie. Driverne i Skylight PWR-serien im\u00f8tekommer ulike behov; enten installasjonen skal v\u00e6re enkel av\/p\u00e5, dimbar eller integreres i et DALIsystem \u2013 vi tilbyr alle tre alternativene. I tillegg gir effektjusteringen deg muligheten til \u00e5 enkelt justere lysmengden etter dine preferanser\/behov (og armaturens begrensninger). Armaturen er klassifisert for et bredt spekter av bruksomr\u00e5der med IK07 slagfasthet, IP44 (fra undersiden) og ikke minst er den oppbygget med v\u00e6rbestandige materialer, som sikrer p\u00e5litelig ytelse uansett bruksomr\u00e5de. Levetid p\u00e5 >100.000t og h\u00f8y effektivitet (>115lm\/W) s\u00f8rger for en konstnadseffektiv installasjon.","og_url":"https:\/\/anetaprofessional.com\/no\/produkt\/skylight-dome-33-200-hvit\/","og_site_name":"Aneta Professional","article_modified_time":"2026-04-15T08:17:57+00:00","og_image":[{"width":1024,"height":639,"url":"https:\/\/dbud83cwgulta.cloudfront.net\/wp-content\/uploads\/sites\/4\/2024\/08\/23194344\/CzwTk63BtUT6MbW79gnioDzjt-1024x639.png","type":"image\/png"}],"twitter_card":"summary_large_image","twitter_misc":{"Ansl. lesetid":"1 minutt"},"schema":{"@context":"https:\/\/schema.org","@graph":[{"@type":"WebPage","@id":"https:\/\/anetaprofessional.com\/no\/produkt\/skylight-dome-33-200-hvit\/","url":"https:\/\/anetaprofessional.com\/no\/produkt\/skylight-dome-33-200-hvit\/","name":"Skylight DOME 33\/200, hvit - Aneta Professional","isPartOf":{"@id":"https:\/\/anetaprofessional.com\/no\/#website"},"primaryImageOfPage":{"@id":"https:\/\/anetaprofessional.com\/no\/produkt\/skylight-dome-33-200-hvit\/#primaryimage"},"image":{"@id":"https:\/\/anetaprofessional.com\/no\/produkt\/skylight-dome-33-200-hvit\/#primaryimage"},"thumbnailUrl":"https:\/\/dbud83cwgulta.cloudfront.net\/wp-content\/uploads\/sites\/4\/2024\/08\/23194344\/CzwTk63BtUT6MbW79gnioDzjt.png","datePublished":"2024-08-03T01:49:49+00:00","dateModified":"2026-04-15T08:17:57+00:00","breadcrumb":{"@id":"https:\/\/anetaprofessional.com\/no\/produkt\/skylight-dome-33-200-hvit\/#breadcrumb"},"inLanguage":"nb-NO","potentialAction":[{"@type":"ReadAction","target":["https:\/\/anetaprofessional.com\/no\/produkt\/skylight-dome-33-200-hvit\/"]}]},{"@type":"ImageObject","inLanguage":"nb-NO","@id":"https:\/\/anetaprofessional.com\/no\/produkt\/skylight-dome-33-200-hvit\/#primaryimage","url":"https:\/\/dbud83cwgulta.cloudfront.net\/wp-content\/uploads\/sites\/4\/2024\/08\/23194344\/CzwTk63BtUT6MbW79gnioDzjt.png","contentUrl":"https:\/\/dbud83cwgulta.cloudfront.net\/wp-content\/uploads\/sites\/4\/2024\/08\/23194344\/CzwTk63BtUT6MbW79gnioDzjt.png","width":3840,"height":2397},{"@type":"BreadcrumbList","@id":"https:\/\/anetaprofessional.com\/no\/produkt\/skylight-dome-33-200-hvit\/#breadcrumb","itemListElement":[{"@type":"ListItem","position":1,"name":"Forsiden","item":"https:\/\/anetaprofessional.com\/no\/"},{"@type":"ListItem","position":2,"name":"Katalog","item":"https:\/\/anetaprofessional.com\/no\/katalog\/"},{"@type":"ListItem","position":3,"name":"Skylight DOME 33\/200, hvit"}]},{"@type":"WebSite","@id":"https:\/\/anetaprofessional.com\/no\/#website","url":"https:\/\/anetaprofessional.com\/no\/","name":"Aneta Professional","description":"Skandinavias ledende lampegrossist","publisher":{"@id":"https:\/\/anetaprofessional.com\/no\/#organization"},"potentialAction":[{"@type":"SearchAction","target":{"@type":"EntryPoint","urlTemplate":"https:\/\/anetaprofessional.com\/no\/?s={search_term_string}"},"query-input":{"@type":"PropertyValueSpecification","valueRequired":true,"valueName":"search_term_string"}}],"inLanguage":"nb-NO"},{"@type":"Organization","@id":"https:\/\/anetaprofessional.com\/no\/#organization","name":"Aneta Professional","url":"https:\/\/anetaprofessional.com\/no\/","logo":{"@type":"ImageObject","inLanguage":"nb-NO","@id":"https:\/\/anetaprofessional.com\/no\/#\/schema\/logo\/image\/","url":"https:\/\/dbud83cwgulta.cloudfront.net\/wp-content\/uploads\/sites\/4\/2022\/05\/19120143\/ANETA-PRO-logo-RGB_hvit.png","contentUrl":"https:\/\/dbud83cwgulta.cloudfront.net\/wp-content\/uploads\/sites\/4\/2022\/05\/19120143\/ANETA-PRO-logo-RGB_hvit.png","width":1201,"height":487,"caption":"Aneta Professional"},"image":{"@id":"https:\/\/anetaprofessional.com\/no\/#\/schema\/logo\/image\/"}}]}},"_links":{"self":[{"href":"https:\/\/anetaprofessional.com\/no\/wp-json\/wp\/v2\/product\/13500","targetHints":{"allow":["GET"]}}],"collection":[{"href":"https:\/\/anetaprofessional.com\/no\/wp-json\/wp\/v2\/product"}],"about":[{"href":"https:\/\/anetaprofessional.com\/no\/wp-json\/wp\/v2\/types\/product"}],"wp:featuredmedia":[{"embeddable":true,"href":"https:\/\/anetaprofessional.com\/no\/wp-json\/wp\/v2\/media\/13501"}],"wp:attachment":[{"href":"https:\/\/anetaprofessional.com\/no\/wp-json\/wp\/v2\/media?parent=13500"}],"wp:term":[{"taxonomy":"product_tag","embeddable":true,"href":"https:\/\/anetaprofessional.com\/no\/wp-json\/wp\/v2\/product_tag?post=13500"},{"taxonomy":"product_brand","embeddable":true,"href":"https:\/\/anetaprofessional.com\/no\/wp-json\/wp\/v2\/product_brand?post=13500"},{"taxonomy":"product_cat","embeddable":true,"href":"https:\/\/anetaprofessional.com\/no\/wp-json\/wp\/v2\/product_cat?post=13500"}],"curies":[{"name":"wp","href":"https:\/\/api.w.org\/{rel}","templated":true}]}}