{"id":13508,"date":"2024-08-08T03:48:55","date_gmt":"2024-08-08T01:48:55","guid":{"rendered":"https:\/\/anetaprofessional.com\/no\/produkt\/astor-vagglampa\/"},"modified":"2026-03-25T08:55:21","modified_gmt":"2026-03-25T07:55:21","slug":"astor-vagglampa","status":"publish","type":"product","link":"https:\/\/anetaprofessional.com\/no\/produkt\/astor-vagglampa\/","title":{"rendered":"ASTOR vegglampe med tr\u00e5dl\u00f8s ladning og USB"},"content":{"rendered":"<p>Astor er en smart vegglampe som kombinerer funksjon og design i ett. Laget i lakkert metall med retningsbestemt leselys foran og en mer diskret indirekte belysning p\u00e5 baksiden. Du kan enkelt styre lysene individuelt via de doble bryterne foran p\u00e5 veggplaten. Astor har ogs\u00e5 en praktisk hylle med tr\u00e5dl\u00f8s lader til mobiltelefonen. I tillegg er det doble USB-uttak (USB A og C) plassert p\u00e5 fronten.<\/p>\n","protected":false},"excerpt":{"rendered":"<p>Astor er en smart vegglampe som kombinerer funksjon og design i ett. Laget i lakkert metall med retningsbestemt leselys foran og en mer diskret indirekte belysning p\u00e5 baksiden. Du kan enkelt styre lysene individuelt via de doble bryterne foran p\u00e5 veggplaten. Astor har ogs\u00e5 en praktisk hylle med tr\u00e5dl\u00f8s lader til mobiltelefonen. I tillegg er det doble USB-uttak (USB A og C) plassert p\u00e5 fronten.<\/p>\n","protected":false},"featured_media":13509,"template":"","meta":{"_acf_changed":false,"inline_featured_image":false},"product_tag":[],"product_brand":[],"product_cat":[40318],"class_list":{"0":"post-13508","1":"product","2":"type-product","3":"status-publish","4":"has-post-thumbnail","6":"product_cat-home-vegglamper","8":"first","9":"instock","10":"taxable","11":"shipping-taxable","12":"product-type-simple"},"acf":[],"yoast_head":"<!-- This site is optimized with the Yoast SEO plugin v27.3 - https:\/\/yoast.com\/product\/yoast-seo-wordpress\/ -->\n<title>ASTOR vegglampe med tr\u00e5dl\u00f8s ladning og USB - Aneta Professional<\/title>\n<meta name=\"robots\" content=\"index, follow, max-snippet:-1, max-image-preview:large, max-video-preview:-1\" \/>\n<link rel=\"canonical\" href=\"https:\/\/anetaprofessional.com\/no\/produkt\/astor-vagglampa\/\" \/>\n<meta property=\"og:locale\" content=\"nb_NO\" \/>\n<meta property=\"og:type\" content=\"article\" \/>\n<meta property=\"og:title\" content=\"ASTOR vegglampe med tr\u00e5dl\u00f8s ladning og USB - Aneta Professional\" \/>\n<meta property=\"og:description\" content=\"Astor er en smart vegglampe som kombinerer funksjon og design i ett. Laget i lakkert metall med retningsbestemt leselys foran og en mer diskret indirekte belysning p\u00e5 baksiden. Du kan enkelt styre lysene individuelt via de doble bryterne foran p\u00e5 veggplaten. Astor har ogs\u00e5 en praktisk hylle med tr\u00e5dl\u00f8s lader til mobiltelefonen. I tillegg er det doble USB-uttak (USB A og C) plassert p\u00e5 fronten.\" \/>\n<meta property=\"og:url\" content=\"https:\/\/anetaprofessional.com\/no\/produkt\/astor-vagglampa\/\" \/>\n<meta property=\"og:site_name\" content=\"Aneta Professional\" \/>\n<meta property=\"article:modified_time\" content=\"2026-03-25T07:55:21+00:00\" \/>\n<meta property=\"og:image\" content=\"https:\/\/dbud83cwgulta.cloudfront.net\/wp-content\/uploads\/sites\/4\/2024\/08\/23194340\/kHyniqmi3FyhRCmVG2iBofbRG-683x1024.png\" \/>\n\t<meta property=\"og:image:width\" content=\"683\" \/>\n\t<meta property=\"og:image:height\" content=\"1024\" \/>\n\t<meta property=\"og:image:type\" content=\"image\/png\" \/>\n<meta name=\"twitter:card\" content=\"summary_large_image\" \/>\n<script type=\"application\/ld+json\" class=\"yoast-schema-graph\">{\"@context\":\"https:\\\/\\\/schema.org\",\"@graph\":[{\"@type\":\"WebPage\",\"@id\":\"https:\\\/\\\/anetaprofessional.com\\\/no\\\/produkt\\\/astor-vagglampa\\\/\",\"url\":\"https:\\\/\\\/anetaprofessional.com\\\/no\\\/produkt\\\/astor-vagglampa\\\/\",\"name\":\"ASTOR vegglampe med tr\u00e5dl\u00f8s ladning og USB - Aneta Professional\",\"isPartOf\":{\"@id\":\"https:\\\/\\\/anetaprofessional.com\\\/no\\\/#website\"},\"primaryImageOfPage\":{\"@id\":\"https:\\\/\\\/anetaprofessional.com\\\/no\\\/produkt\\\/astor-vagglampa\\\/#primaryimage\"},\"image\":{\"@id\":\"https:\\\/\\\/anetaprofessional.com\\\/no\\\/produkt\\\/astor-vagglampa\\\/#primaryimage\"},\"thumbnailUrl\":\"https:\\\/\\\/dbud83cwgulta.cloudfront.net\\\/wp-content\\\/uploads\\\/sites\\\/4\\\/2024\\\/08\\\/23194340\\\/kHyniqmi3FyhRCmVG2iBofbRG.png\",\"datePublished\":\"2024-08-08T01:48:55+00:00\",\"dateModified\":\"2026-03-25T07:55:21+00:00\",\"breadcrumb\":{\"@id\":\"https:\\\/\\\/anetaprofessional.com\\\/no\\\/produkt\\\/astor-vagglampa\\\/#breadcrumb\"},\"inLanguage\":\"nb-NO\",\"potentialAction\":[{\"@type\":\"ReadAction\",\"target\":[\"https:\\\/\\\/anetaprofessional.com\\\/no\\\/produkt\\\/astor-vagglampa\\\/\"]}]},{\"@type\":\"ImageObject\",\"inLanguage\":\"nb-NO\",\"@id\":\"https:\\\/\\\/anetaprofessional.com\\\/no\\\/produkt\\\/astor-vagglampa\\\/#primaryimage\",\"url\":\"https:\\\/\\\/dbud83cwgulta.cloudfront.net\\\/wp-content\\\/uploads\\\/sites\\\/4\\\/2024\\\/08\\\/23194340\\\/kHyniqmi3FyhRCmVG2iBofbRG.png\",\"contentUrl\":\"https:\\\/\\\/dbud83cwgulta.cloudfront.net\\\/wp-content\\\/uploads\\\/sites\\\/4\\\/2024\\\/08\\\/23194340\\\/kHyniqmi3FyhRCmVG2iBofbRG.png\",\"width\":4252,\"height\":6378},{\"@type\":\"BreadcrumbList\",\"@id\":\"https:\\\/\\\/anetaprofessional.com\\\/no\\\/produkt\\\/astor-vagglampa\\\/#breadcrumb\",\"itemListElement\":[{\"@type\":\"ListItem\",\"position\":1,\"name\":\"Forsiden\",\"item\":\"https:\\\/\\\/anetaprofessional.com\\\/no\\\/\"},{\"@type\":\"ListItem\",\"position\":2,\"name\":\"Katalog\",\"item\":\"https:\\\/\\\/anetaprofessional.com\\\/no\\\/katalog\\\/\"},{\"@type\":\"ListItem\",\"position\":3,\"name\":\"ASTOR vegglampe med tr\u00e5dl\u00f8s ladning og USB\"}]},{\"@type\":\"WebSite\",\"@id\":\"https:\\\/\\\/anetaprofessional.com\\\/no\\\/#website\",\"url\":\"https:\\\/\\\/anetaprofessional.com\\\/no\\\/\",\"name\":\"Aneta Professional\",\"description\":\"Skandinavias ledende lampegrossist\",\"publisher\":{\"@id\":\"https:\\\/\\\/anetaprofessional.com\\\/no\\\/#organization\"},\"potentialAction\":[{\"@type\":\"SearchAction\",\"target\":{\"@type\":\"EntryPoint\",\"urlTemplate\":\"https:\\\/\\\/anetaprofessional.com\\\/no\\\/?s={search_term_string}\"},\"query-input\":{\"@type\":\"PropertyValueSpecification\",\"valueRequired\":true,\"valueName\":\"search_term_string\"}}],\"inLanguage\":\"nb-NO\"},{\"@type\":\"Organization\",\"@id\":\"https:\\\/\\\/anetaprofessional.com\\\/no\\\/#organization\",\"name\":\"Aneta Professional\",\"url\":\"https:\\\/\\\/anetaprofessional.com\\\/no\\\/\",\"logo\":{\"@type\":\"ImageObject\",\"inLanguage\":\"nb-NO\",\"@id\":\"https:\\\/\\\/anetaprofessional.com\\\/no\\\/#\\\/schema\\\/logo\\\/image\\\/\",\"url\":\"https:\\\/\\\/dbud83cwgulta.cloudfront.net\\\/wp-content\\\/uploads\\\/sites\\\/4\\\/2022\\\/05\\\/19120143\\\/ANETA-PRO-logo-RGB_hvit.png\",\"contentUrl\":\"https:\\\/\\\/dbud83cwgulta.cloudfront.net\\\/wp-content\\\/uploads\\\/sites\\\/4\\\/2022\\\/05\\\/19120143\\\/ANETA-PRO-logo-RGB_hvit.png\",\"width\":1201,\"height\":487,\"caption\":\"Aneta Professional\"},\"image\":{\"@id\":\"https:\\\/\\\/anetaprofessional.com\\\/no\\\/#\\\/schema\\\/logo\\\/image\\\/\"}}]}<\/script>\n<!-- \/ Yoast SEO plugin. -->","yoast_head_json":{"title":"ASTOR vegglampe med tr\u00e5dl\u00f8s ladning og USB - Aneta Professional","robots":{"index":"index","follow":"follow","max-snippet":"max-snippet:-1","max-image-preview":"max-image-preview:large","max-video-preview":"max-video-preview:-1"},"canonical":"https:\/\/anetaprofessional.com\/no\/produkt\/astor-vagglampa\/","og_locale":"nb_NO","og_type":"article","og_title":"ASTOR vegglampe med tr\u00e5dl\u00f8s ladning og USB - Aneta Professional","og_description":"Astor er en smart vegglampe som kombinerer funksjon og design i ett. Laget i lakkert metall med retningsbestemt leselys foran og en mer diskret indirekte belysning p\u00e5 baksiden. Du kan enkelt styre lysene individuelt via de doble bryterne foran p\u00e5 veggplaten. Astor har ogs\u00e5 en praktisk hylle med tr\u00e5dl\u00f8s lader til mobiltelefonen. I tillegg er det doble USB-uttak (USB A og C) plassert p\u00e5 fronten.","og_url":"https:\/\/anetaprofessional.com\/no\/produkt\/astor-vagglampa\/","og_site_name":"Aneta Professional","article_modified_time":"2026-03-25T07:55:21+00:00","og_image":[{"width":683,"height":1024,"url":"https:\/\/dbud83cwgulta.cloudfront.net\/wp-content\/uploads\/sites\/4\/2024\/08\/23194340\/kHyniqmi3FyhRCmVG2iBofbRG-683x1024.png","type":"image\/png"}],"twitter_card":"summary_large_image","schema":{"@context":"https:\/\/schema.org","@graph":[{"@type":"WebPage","@id":"https:\/\/anetaprofessional.com\/no\/produkt\/astor-vagglampa\/","url":"https:\/\/anetaprofessional.com\/no\/produkt\/astor-vagglampa\/","name":"ASTOR vegglampe med tr\u00e5dl\u00f8s ladning og USB - Aneta Professional","isPartOf":{"@id":"https:\/\/anetaprofessional.com\/no\/#website"},"primaryImageOfPage":{"@id":"https:\/\/anetaprofessional.com\/no\/produkt\/astor-vagglampa\/#primaryimage"},"image":{"@id":"https:\/\/anetaprofessional.com\/no\/produkt\/astor-vagglampa\/#primaryimage"},"thumbnailUrl":"https:\/\/dbud83cwgulta.cloudfront.net\/wp-content\/uploads\/sites\/4\/2024\/08\/23194340\/kHyniqmi3FyhRCmVG2iBofbRG.png","datePublished":"2024-08-08T01:48:55+00:00","dateModified":"2026-03-25T07:55:21+00:00","breadcrumb":{"@id":"https:\/\/anetaprofessional.com\/no\/produkt\/astor-vagglampa\/#breadcrumb"},"inLanguage":"nb-NO","potentialAction":[{"@type":"ReadAction","target":["https:\/\/anetaprofessional.com\/no\/produkt\/astor-vagglampa\/"]}]},{"@type":"ImageObject","inLanguage":"nb-NO","@id":"https:\/\/anetaprofessional.com\/no\/produkt\/astor-vagglampa\/#primaryimage","url":"https:\/\/dbud83cwgulta.cloudfront.net\/wp-content\/uploads\/sites\/4\/2024\/08\/23194340\/kHyniqmi3FyhRCmVG2iBofbRG.png","contentUrl":"https:\/\/dbud83cwgulta.cloudfront.net\/wp-content\/uploads\/sites\/4\/2024\/08\/23194340\/kHyniqmi3FyhRCmVG2iBofbRG.png","width":4252,"height":6378},{"@type":"BreadcrumbList","@id":"https:\/\/anetaprofessional.com\/no\/produkt\/astor-vagglampa\/#breadcrumb","itemListElement":[{"@type":"ListItem","position":1,"name":"Forsiden","item":"https:\/\/anetaprofessional.com\/no\/"},{"@type":"ListItem","position":2,"name":"Katalog","item":"https:\/\/anetaprofessional.com\/no\/katalog\/"},{"@type":"ListItem","position":3,"name":"ASTOR vegglampe med tr\u00e5dl\u00f8s ladning og USB"}]},{"@type":"WebSite","@id":"https:\/\/anetaprofessional.com\/no\/#website","url":"https:\/\/anetaprofessional.com\/no\/","name":"Aneta Professional","description":"Skandinavias ledende lampegrossist","publisher":{"@id":"https:\/\/anetaprofessional.com\/no\/#organization"},"potentialAction":[{"@type":"SearchAction","target":{"@type":"EntryPoint","urlTemplate":"https:\/\/anetaprofessional.com\/no\/?s={search_term_string}"},"query-input":{"@type":"PropertyValueSpecification","valueRequired":true,"valueName":"search_term_string"}}],"inLanguage":"nb-NO"},{"@type":"Organization","@id":"https:\/\/anetaprofessional.com\/no\/#organization","name":"Aneta Professional","url":"https:\/\/anetaprofessional.com\/no\/","logo":{"@type":"ImageObject","inLanguage":"nb-NO","@id":"https:\/\/anetaprofessional.com\/no\/#\/schema\/logo\/image\/","url":"https:\/\/dbud83cwgulta.cloudfront.net\/wp-content\/uploads\/sites\/4\/2022\/05\/19120143\/ANETA-PRO-logo-RGB_hvit.png","contentUrl":"https:\/\/dbud83cwgulta.cloudfront.net\/wp-content\/uploads\/sites\/4\/2022\/05\/19120143\/ANETA-PRO-logo-RGB_hvit.png","width":1201,"height":487,"caption":"Aneta Professional"},"image":{"@id":"https:\/\/anetaprofessional.com\/no\/#\/schema\/logo\/image\/"}}]}},"_links":{"self":[{"href":"https:\/\/anetaprofessional.com\/no\/wp-json\/wp\/v2\/product\/13508","targetHints":{"allow":["GET"]}}],"collection":[{"href":"https:\/\/anetaprofessional.com\/no\/wp-json\/wp\/v2\/product"}],"about":[{"href":"https:\/\/anetaprofessional.com\/no\/wp-json\/wp\/v2\/types\/product"}],"wp:featuredmedia":[{"embeddable":true,"href":"https:\/\/anetaprofessional.com\/no\/wp-json\/wp\/v2\/media\/13509"}],"wp:attachment":[{"href":"https:\/\/anetaprofessional.com\/no\/wp-json\/wp\/v2\/media?parent=13508"}],"wp:term":[{"taxonomy":"product_tag","embeddable":true,"href":"https:\/\/anetaprofessional.com\/no\/wp-json\/wp\/v2\/product_tag?post=13508"},{"taxonomy":"product_brand","embeddable":true,"href":"https:\/\/anetaprofessional.com\/no\/wp-json\/wp\/v2\/product_brand?post=13508"},{"taxonomy":"product_cat","embeddable":true,"href":"https:\/\/anetaprofessional.com\/no\/wp-json\/wp\/v2\/product_cat?post=13508"}],"curies":[{"name":"wp","href":"https:\/\/api.w.org\/{rel}","templated":true}]}}