{"id":15177,"date":"2026-01-22T09:49:16","date_gmt":"2026-01-22T08:49:16","guid":{"rendered":"https:\/\/anetaprofessional.com\/no\/produkt\/mandal-27-30-plafond-svart\/"},"modified":"2026-04-15T10:19:09","modified_gmt":"2026-04-15T08:19:09","slug":"mandal-27-30-plafond-svart","status":"publish","type":"product","link":"https:\/\/anetaprofessional.com\/no\/produkt\/mandal-27-30-plafond-svart\/","title":{"rendered":"Mandal-27\/30 plafond, svart"},"content":{"rendered":"<p>Mandal-27\/30 er en utvendig plafond som kombinerer moderne design med kompromissl\u00f8s funksjonalitet. Med vandalsikker konstruksjon (IK10) og vanntett kapsling (IP65) er den utviklet for \u00e5 t\u00e5le t\u00f8ffe omgivelser, samtidig som den beholder et elegant og diskret uttrykk. Armaturen leverer et h\u00f8yt lysutbytte som sikrer jevn og effektiv belysning \u2013 ideell for alt fra offentlige bygg til boligkomplekser og n\u00e6ringslokaler. Med valgbar fargetemperatur p\u00e5 2700K eller 3000K f\u00e5r du fleksibilitet til \u00e5 tilpasse lyset etter b\u00e5de stemning og omgivelser, mens dimbar funksjon gir enda bedre kontroll og komfort. Mandal-27\/30 har lang levetid og krever minimalt vedlikehold \u2013 et trygt og varig valg hvor kvalitet, robusthet og estetikk forenes i \u00e9n komplett l\u00f8sning.<\/p>\n","protected":false},"excerpt":{"rendered":"<p>Mandal-27\/30 er en utvendig plafond som kombinerer moderne design med kompromissl\u00f8s funksjonalitet. Med vandalsikker konstruksjon (IK10) og vanntett kapsling (IP65) er den utviklet for \u00e5 t\u00e5le t\u00f8ffe omgivelser, samtidig som den beholder et elegant og diskret uttrykk. Armaturen leverer et h\u00f8yt lysutbytte som sikrer jevn og effektiv belysning \u2013 ideell for alt fra offentlige bygg til boligkomplekser og n\u00e6ringslokaler. Med valgbar fargetemperatur p\u00e5 2700K eller 3000K f\u00e5r du fleksibilitet til \u00e5 tilpasse lyset etter b\u00e5de stemning og omgivelser, mens dimbar funksjon gir enda bedre kontroll og komfort. Mandal-27\/30 har lang levetid og krever minimalt vedlikehold \u2013 et trygt og varig valg hvor kvalitet, robusthet og estetikk forenes i \u00e9n komplett l\u00f8sning.<\/p>\n","protected":false},"featured_media":15178,"template":"","meta":{"_acf_changed":false,"inline_featured_image":false},"product_tag":[17930],"product_brand":[],"product_cat":[40404],"class_list":{"0":"post-15177","1":"product","2":"type-product","3":"status-publish","4":"has-post-thumbnail","6":"product_tag-ny","7":"product_cat-professional-utelamper-professional","9":"first","10":"instock","11":"taxable","12":"shipping-taxable","13":"product-type-simple"},"acf":[],"yoast_head":"<!-- This site is optimized with the Yoast SEO plugin v27.3 - https:\/\/yoast.com\/product\/yoast-seo-wordpress\/ -->\n<title>Mandal-27\/30 plafond, svart - Aneta Professional<\/title>\n<meta name=\"robots\" content=\"index, follow, max-snippet:-1, max-image-preview:large, max-video-preview:-1\" \/>\n<link rel=\"canonical\" href=\"https:\/\/anetaprofessional.com\/no\/produkt\/mandal-27-30-plafond-svart\/\" \/>\n<meta property=\"og:locale\" content=\"nb_NO\" \/>\n<meta property=\"og:type\" content=\"article\" \/>\n<meta property=\"og:title\" content=\"Mandal-27\/30 plafond, svart - Aneta Professional\" \/>\n<meta property=\"og:description\" content=\"Mandal-27\/30 er en utvendig plafond som kombinerer moderne design med kompromissl\u00f8s funksjonalitet. Med vandalsikker konstruksjon (IK10) og vanntett kapsling (IP65) er den utviklet for \u00e5 t\u00e5le t\u00f8ffe omgivelser, samtidig som den beholder et elegant og diskret uttrykk. Armaturen leverer et h\u00f8yt lysutbytte som sikrer jevn og effektiv belysning \u2013 ideell for alt fra offentlige bygg til boligkomplekser og n\u00e6ringslokaler. Med valgbar fargetemperatur p\u00e5 2700K eller 3000K f\u00e5r du fleksibilitet til \u00e5 tilpasse lyset etter b\u00e5de stemning og omgivelser, mens dimbar funksjon gir enda bedre kontroll og komfort. Mandal-27\/30 har lang levetid og krever minimalt vedlikehold \u2013 et trygt og varig valg hvor kvalitet, robusthet og estetikk forenes i \u00e9n komplett l\u00f8sning.\" \/>\n<meta property=\"og:url\" content=\"https:\/\/anetaprofessional.com\/no\/produkt\/mandal-27-30-plafond-svart\/\" \/>\n<meta property=\"og:site_name\" content=\"Aneta Professional\" \/>\n<meta property=\"article:modified_time\" content=\"2026-04-15T08:19:09+00:00\" \/>\n<meta name=\"twitter:card\" content=\"summary_large_image\" \/>\n<meta name=\"twitter:label1\" content=\"Ansl. lesetid\" \/>\n\t<meta name=\"twitter:data1\" content=\"1 minutt\" \/>\n<script type=\"application\/ld+json\" class=\"yoast-schema-graph\">{\"@context\":\"https:\\\/\\\/schema.org\",\"@graph\":[{\"@type\":\"WebPage\",\"@id\":\"https:\\\/\\\/anetaprofessional.com\\\/no\\\/produkt\\\/mandal-27-30-plafond-svart\\\/\",\"url\":\"https:\\\/\\\/anetaprofessional.com\\\/no\\\/produkt\\\/mandal-27-30-plafond-svart\\\/\",\"name\":\"Mandal-27\\\/30 plafond, svart - Aneta Professional\",\"isPartOf\":{\"@id\":\"https:\\\/\\\/anetaprofessional.com\\\/no\\\/#website\"},\"primaryImageOfPage\":{\"@id\":\"https:\\\/\\\/anetaprofessional.com\\\/no\\\/produkt\\\/mandal-27-30-plafond-svart\\\/#primaryimage\"},\"image\":{\"@id\":\"https:\\\/\\\/anetaprofessional.com\\\/no\\\/produkt\\\/mandal-27-30-plafond-svart\\\/#primaryimage\"},\"thumbnailUrl\":\"https:\\\/\\\/dbud83cwgulta.cloudfront.net\\\/wp-content\\\/uploads\\\/sites\\\/4\\\/2026\\\/01\\\/22094921\\\/S2ciFJPcI3X0GEKXJWQBoGm6C-scaled.png\",\"datePublished\":\"2026-01-22T08:49:16+00:00\",\"dateModified\":\"2026-04-15T08:19:09+00:00\",\"breadcrumb\":{\"@id\":\"https:\\\/\\\/anetaprofessional.com\\\/no\\\/produkt\\\/mandal-27-30-plafond-svart\\\/#breadcrumb\"},\"inLanguage\":\"nb-NO\",\"potentialAction\":[{\"@type\":\"ReadAction\",\"target\":[\"https:\\\/\\\/anetaprofessional.com\\\/no\\\/produkt\\\/mandal-27-30-plafond-svart\\\/\"]}]},{\"@type\":\"ImageObject\",\"inLanguage\":\"nb-NO\",\"@id\":\"https:\\\/\\\/anetaprofessional.com\\\/no\\\/produkt\\\/mandal-27-30-plafond-svart\\\/#primaryimage\",\"url\":\"https:\\\/\\\/dbud83cwgulta.cloudfront.net\\\/wp-content\\\/uploads\\\/sites\\\/4\\\/2026\\\/01\\\/22094921\\\/S2ciFJPcI3X0GEKXJWQBoGm6C-scaled.png\",\"contentUrl\":\"https:\\\/\\\/dbud83cwgulta.cloudfront.net\\\/wp-content\\\/uploads\\\/sites\\\/4\\\/2026\\\/01\\\/22094921\\\/S2ciFJPcI3X0GEKXJWQBoGm6C-scaled.png\",\"width\":2560,\"height\":1603},{\"@type\":\"BreadcrumbList\",\"@id\":\"https:\\\/\\\/anetaprofessional.com\\\/no\\\/produkt\\\/mandal-27-30-plafond-svart\\\/#breadcrumb\",\"itemListElement\":[{\"@type\":\"ListItem\",\"position\":1,\"name\":\"Forsiden\",\"item\":\"https:\\\/\\\/anetaprofessional.com\\\/no\\\/\"},{\"@type\":\"ListItem\",\"position\":2,\"name\":\"Katalog\",\"item\":\"https:\\\/\\\/anetaprofessional.com\\\/no\\\/katalog\\\/\"},{\"@type\":\"ListItem\",\"position\":3,\"name\":\"Mandal-27\\\/30 plafond, svart\"}]},{\"@type\":\"WebSite\",\"@id\":\"https:\\\/\\\/anetaprofessional.com\\\/no\\\/#website\",\"url\":\"https:\\\/\\\/anetaprofessional.com\\\/no\\\/\",\"name\":\"Aneta Professional\",\"description\":\"Skandinavias ledende lampegrossist\",\"publisher\":{\"@id\":\"https:\\\/\\\/anetaprofessional.com\\\/no\\\/#organization\"},\"potentialAction\":[{\"@type\":\"SearchAction\",\"target\":{\"@type\":\"EntryPoint\",\"urlTemplate\":\"https:\\\/\\\/anetaprofessional.com\\\/no\\\/?s={search_term_string}\"},\"query-input\":{\"@type\":\"PropertyValueSpecification\",\"valueRequired\":true,\"valueName\":\"search_term_string\"}}],\"inLanguage\":\"nb-NO\"},{\"@type\":\"Organization\",\"@id\":\"https:\\\/\\\/anetaprofessional.com\\\/no\\\/#organization\",\"name\":\"Aneta Professional\",\"url\":\"https:\\\/\\\/anetaprofessional.com\\\/no\\\/\",\"logo\":{\"@type\":\"ImageObject\",\"inLanguage\":\"nb-NO\",\"@id\":\"https:\\\/\\\/anetaprofessional.com\\\/no\\\/#\\\/schema\\\/logo\\\/image\\\/\",\"url\":\"https:\\\/\\\/dbud83cwgulta.cloudfront.net\\\/wp-content\\\/uploads\\\/sites\\\/4\\\/2022\\\/05\\\/19120143\\\/ANETA-PRO-logo-RGB_hvit.png\",\"contentUrl\":\"https:\\\/\\\/dbud83cwgulta.cloudfront.net\\\/wp-content\\\/uploads\\\/sites\\\/4\\\/2022\\\/05\\\/19120143\\\/ANETA-PRO-logo-RGB_hvit.png\",\"width\":1201,\"height\":487,\"caption\":\"Aneta Professional\"},\"image\":{\"@id\":\"https:\\\/\\\/anetaprofessional.com\\\/no\\\/#\\\/schema\\\/logo\\\/image\\\/\"}}]}<\/script>\n<!-- \/ Yoast SEO plugin. -->","yoast_head_json":{"title":"Mandal-27\/30 plafond, svart - Aneta Professional","robots":{"index":"index","follow":"follow","max-snippet":"max-snippet:-1","max-image-preview":"max-image-preview:large","max-video-preview":"max-video-preview:-1"},"canonical":"https:\/\/anetaprofessional.com\/no\/produkt\/mandal-27-30-plafond-svart\/","og_locale":"nb_NO","og_type":"article","og_title":"Mandal-27\/30 plafond, svart - Aneta Professional","og_description":"Mandal-27\/30 er en utvendig plafond som kombinerer moderne design med kompromissl\u00f8s funksjonalitet. Med vandalsikker konstruksjon (IK10) og vanntett kapsling (IP65) er den utviklet for \u00e5 t\u00e5le t\u00f8ffe omgivelser, samtidig som den beholder et elegant og diskret uttrykk. Armaturen leverer et h\u00f8yt lysutbytte som sikrer jevn og effektiv belysning \u2013 ideell for alt fra offentlige bygg til boligkomplekser og n\u00e6ringslokaler. Med valgbar fargetemperatur p\u00e5 2700K eller 3000K f\u00e5r du fleksibilitet til \u00e5 tilpasse lyset etter b\u00e5de stemning og omgivelser, mens dimbar funksjon gir enda bedre kontroll og komfort. Mandal-27\/30 har lang levetid og krever minimalt vedlikehold \u2013 et trygt og varig valg hvor kvalitet, robusthet og estetikk forenes i \u00e9n komplett l\u00f8sning.","og_url":"https:\/\/anetaprofessional.com\/no\/produkt\/mandal-27-30-plafond-svart\/","og_site_name":"Aneta Professional","article_modified_time":"2026-04-15T08:19:09+00:00","twitter_card":"summary_large_image","twitter_misc":{"Ansl. lesetid":"1 minutt"},"schema":{"@context":"https:\/\/schema.org","@graph":[{"@type":"WebPage","@id":"https:\/\/anetaprofessional.com\/no\/produkt\/mandal-27-30-plafond-svart\/","url":"https:\/\/anetaprofessional.com\/no\/produkt\/mandal-27-30-plafond-svart\/","name":"Mandal-27\/30 plafond, svart - Aneta Professional","isPartOf":{"@id":"https:\/\/anetaprofessional.com\/no\/#website"},"primaryImageOfPage":{"@id":"https:\/\/anetaprofessional.com\/no\/produkt\/mandal-27-30-plafond-svart\/#primaryimage"},"image":{"@id":"https:\/\/anetaprofessional.com\/no\/produkt\/mandal-27-30-plafond-svart\/#primaryimage"},"thumbnailUrl":"https:\/\/dbud83cwgulta.cloudfront.net\/wp-content\/uploads\/sites\/4\/2026\/01\/22094921\/S2ciFJPcI3X0GEKXJWQBoGm6C-scaled.png","datePublished":"2026-01-22T08:49:16+00:00","dateModified":"2026-04-15T08:19:09+00:00","breadcrumb":{"@id":"https:\/\/anetaprofessional.com\/no\/produkt\/mandal-27-30-plafond-svart\/#breadcrumb"},"inLanguage":"nb-NO","potentialAction":[{"@type":"ReadAction","target":["https:\/\/anetaprofessional.com\/no\/produkt\/mandal-27-30-plafond-svart\/"]}]},{"@type":"ImageObject","inLanguage":"nb-NO","@id":"https:\/\/anetaprofessional.com\/no\/produkt\/mandal-27-30-plafond-svart\/#primaryimage","url":"https:\/\/dbud83cwgulta.cloudfront.net\/wp-content\/uploads\/sites\/4\/2026\/01\/22094921\/S2ciFJPcI3X0GEKXJWQBoGm6C-scaled.png","contentUrl":"https:\/\/dbud83cwgulta.cloudfront.net\/wp-content\/uploads\/sites\/4\/2026\/01\/22094921\/S2ciFJPcI3X0GEKXJWQBoGm6C-scaled.png","width":2560,"height":1603},{"@type":"BreadcrumbList","@id":"https:\/\/anetaprofessional.com\/no\/produkt\/mandal-27-30-plafond-svart\/#breadcrumb","itemListElement":[{"@type":"ListItem","position":1,"name":"Forsiden","item":"https:\/\/anetaprofessional.com\/no\/"},{"@type":"ListItem","position":2,"name":"Katalog","item":"https:\/\/anetaprofessional.com\/no\/katalog\/"},{"@type":"ListItem","position":3,"name":"Mandal-27\/30 plafond, svart"}]},{"@type":"WebSite","@id":"https:\/\/anetaprofessional.com\/no\/#website","url":"https:\/\/anetaprofessional.com\/no\/","name":"Aneta Professional","description":"Skandinavias ledende lampegrossist","publisher":{"@id":"https:\/\/anetaprofessional.com\/no\/#organization"},"potentialAction":[{"@type":"SearchAction","target":{"@type":"EntryPoint","urlTemplate":"https:\/\/anetaprofessional.com\/no\/?s={search_term_string}"},"query-input":{"@type":"PropertyValueSpecification","valueRequired":true,"valueName":"search_term_string"}}],"inLanguage":"nb-NO"},{"@type":"Organization","@id":"https:\/\/anetaprofessional.com\/no\/#organization","name":"Aneta Professional","url":"https:\/\/anetaprofessional.com\/no\/","logo":{"@type":"ImageObject","inLanguage":"nb-NO","@id":"https:\/\/anetaprofessional.com\/no\/#\/schema\/logo\/image\/","url":"https:\/\/dbud83cwgulta.cloudfront.net\/wp-content\/uploads\/sites\/4\/2022\/05\/19120143\/ANETA-PRO-logo-RGB_hvit.png","contentUrl":"https:\/\/dbud83cwgulta.cloudfront.net\/wp-content\/uploads\/sites\/4\/2022\/05\/19120143\/ANETA-PRO-logo-RGB_hvit.png","width":1201,"height":487,"caption":"Aneta Professional"},"image":{"@id":"https:\/\/anetaprofessional.com\/no\/#\/schema\/logo\/image\/"}}]}},"_links":{"self":[{"href":"https:\/\/anetaprofessional.com\/no\/wp-json\/wp\/v2\/product\/15177","targetHints":{"allow":["GET"]}}],"collection":[{"href":"https:\/\/anetaprofessional.com\/no\/wp-json\/wp\/v2\/product"}],"about":[{"href":"https:\/\/anetaprofessional.com\/no\/wp-json\/wp\/v2\/types\/product"}],"wp:featuredmedia":[{"embeddable":true,"href":"https:\/\/anetaprofessional.com\/no\/wp-json\/wp\/v2\/media\/15178"}],"wp:attachment":[{"href":"https:\/\/anetaprofessional.com\/no\/wp-json\/wp\/v2\/media?parent=15177"}],"wp:term":[{"taxonomy":"product_tag","embeddable":true,"href":"https:\/\/anetaprofessional.com\/no\/wp-json\/wp\/v2\/product_tag?post=15177"},{"taxonomy":"product_brand","embeddable":true,"href":"https:\/\/anetaprofessional.com\/no\/wp-json\/wp\/v2\/product_brand?post=15177"},{"taxonomy":"product_cat","embeddable":true,"href":"https:\/\/anetaprofessional.com\/no\/wp-json\/wp\/v2\/product_cat?post=15177"}],"curies":[{"name":"wp","href":"https:\/\/api.w.org\/{rel}","templated":true}]}}