{"id":15191,"date":"2026-01-23T08:33:37","date_gmt":"2026-01-23T07:33:37","guid":{"rendered":"https:\/\/anetaprofessional.com\/no\/produkt\/garage-sensor\/"},"modified":"2026-04-15T10:19:07","modified_gmt":"2026-04-15T08:19:07","slug":"garage-sensor","status":"publish","type":"product","link":"https:\/\/anetaprofessional.com\/no\/produkt\/garage-sensor\/","title":{"rendered":"Garage Sensor"},"content":{"rendered":"<p>Garage sensor er en smart plug-and-play-l\u00f8sning som klikkes rett inn i armaturen og kobles til via den forh\u00e5ndsmonterte pluggen. Den kan styre \u00e9n Garage Eco armatur eller flere Garage Pro armaturer med leder\/f\u00f8lger-funksjon, og h\u00e5ndterer opptil 200W LED. En rask, driftssikker og energieffektiv m\u00e5te \u00e5 f\u00e5 automatisk lysstyring \u2013 helt uten ekstra installasjonsarbeid. Sensitivitet, holdetid og dagslysfunksjon justeres enkelt direkte p\u00e5 sensoren for optimal tilpasning.<\/p>\n","protected":false},"excerpt":{"rendered":"<p>Garage sensor er en smart plug-and-play-l\u00f8sning som klikkes rett inn i armaturen og kobles til via den forh\u00e5ndsmonterte pluggen. Den kan styre \u00e9n Garage Eco armatur eller flere Garage Pro armaturer med leder\/f\u00f8lger-funksjon, og h\u00e5ndterer opptil 200W LED. En rask, driftssikker og energieffektiv m\u00e5te \u00e5 f\u00e5 automatisk lysstyring \u2013 helt uten ekstra installasjonsarbeid. Sensitivitet, holdetid og dagslysfunksjon justeres enkelt direkte p\u00e5 sensoren for optimal tilpasning.<\/p>\n","protected":false},"featured_media":15192,"template":"","meta":{"_acf_changed":false,"inline_featured_image":false},"product_tag":[17930],"product_brand":[],"product_cat":[40399],"class_list":{"0":"post-15191","1":"product","2":"type-product","3":"status-publish","4":"has-post-thumbnail","6":"product_tag-ny","7":"product_cat-professional-industri-professional","9":"first","10":"instock","11":"taxable","12":"shipping-taxable","13":"product-type-simple"},"acf":[],"yoast_head":"<!-- This site is optimized with the Yoast SEO plugin v27.3 - https:\/\/yoast.com\/product\/yoast-seo-wordpress\/ -->\n<title>Garage Sensor - Aneta Professional<\/title>\n<meta name=\"robots\" content=\"index, follow, max-snippet:-1, max-image-preview:large, max-video-preview:-1\" \/>\n<link rel=\"canonical\" href=\"https:\/\/anetaprofessional.com\/no\/produkt\/garage-sensor\/\" \/>\n<meta property=\"og:locale\" content=\"nb_NO\" \/>\n<meta property=\"og:type\" content=\"article\" \/>\n<meta property=\"og:title\" content=\"Garage Sensor - Aneta Professional\" \/>\n<meta property=\"og:description\" content=\"Garage sensor er en smart plug-and-play-l\u00f8sning som klikkes rett inn i armaturen og kobles til via den forh\u00e5ndsmonterte pluggen. Den kan styre \u00e9n Garage Eco armatur eller flere Garage Pro armaturer med leder\/f\u00f8lger-funksjon, og h\u00e5ndterer opptil 200W LED. En rask, driftssikker og energieffektiv m\u00e5te \u00e5 f\u00e5 automatisk lysstyring \u2013 helt uten ekstra installasjonsarbeid. Sensitivitet, holdetid og dagslysfunksjon justeres enkelt direkte p\u00e5 sensoren for optimal tilpasning.\" \/>\n<meta property=\"og:url\" content=\"https:\/\/anetaprofessional.com\/no\/produkt\/garage-sensor\/\" \/>\n<meta property=\"og:site_name\" content=\"Aneta Professional\" \/>\n<meta property=\"article:modified_time\" content=\"2026-04-15T08:19:07+00:00\" \/>\n<meta name=\"twitter:card\" content=\"summary_large_image\" \/>\n<script type=\"application\/ld+json\" class=\"yoast-schema-graph\">{\"@context\":\"https:\\\/\\\/schema.org\",\"@graph\":[{\"@type\":\"WebPage\",\"@id\":\"https:\\\/\\\/anetaprofessional.com\\\/no\\\/produkt\\\/garage-sensor\\\/\",\"url\":\"https:\\\/\\\/anetaprofessional.com\\\/no\\\/produkt\\\/garage-sensor\\\/\",\"name\":\"Garage Sensor - Aneta Professional\",\"isPartOf\":{\"@id\":\"https:\\\/\\\/anetaprofessional.com\\\/no\\\/#website\"},\"primaryImageOfPage\":{\"@id\":\"https:\\\/\\\/anetaprofessional.com\\\/no\\\/produkt\\\/garage-sensor\\\/#primaryimage\"},\"image\":{\"@id\":\"https:\\\/\\\/anetaprofessional.com\\\/no\\\/produkt\\\/garage-sensor\\\/#primaryimage\"},\"thumbnailUrl\":\"https:\\\/\\\/dbud83cwgulta.cloudfront.net\\\/wp-content\\\/uploads\\\/sites\\\/4\\\/2026\\\/01\\\/23083341\\\/fv839iBXdcewSKJXWr3zVH1rT-scaled.png\",\"datePublished\":\"2026-01-23T07:33:37+00:00\",\"dateModified\":\"2026-04-15T08:19:07+00:00\",\"breadcrumb\":{\"@id\":\"https:\\\/\\\/anetaprofessional.com\\\/no\\\/produkt\\\/garage-sensor\\\/#breadcrumb\"},\"inLanguage\":\"nb-NO\",\"potentialAction\":[{\"@type\":\"ReadAction\",\"target\":[\"https:\\\/\\\/anetaprofessional.com\\\/no\\\/produkt\\\/garage-sensor\\\/\"]}]},{\"@type\":\"ImageObject\",\"inLanguage\":\"nb-NO\",\"@id\":\"https:\\\/\\\/anetaprofessional.com\\\/no\\\/produkt\\\/garage-sensor\\\/#primaryimage\",\"url\":\"https:\\\/\\\/dbud83cwgulta.cloudfront.net\\\/wp-content\\\/uploads\\\/sites\\\/4\\\/2026\\\/01\\\/23083341\\\/fv839iBXdcewSKJXWr3zVH1rT-scaled.png\",\"contentUrl\":\"https:\\\/\\\/dbud83cwgulta.cloudfront.net\\\/wp-content\\\/uploads\\\/sites\\\/4\\\/2026\\\/01\\\/23083341\\\/fv839iBXdcewSKJXWr3zVH1rT-scaled.png\",\"width\":2560,\"height\":1600},{\"@type\":\"BreadcrumbList\",\"@id\":\"https:\\\/\\\/anetaprofessional.com\\\/no\\\/produkt\\\/garage-sensor\\\/#breadcrumb\",\"itemListElement\":[{\"@type\":\"ListItem\",\"position\":1,\"name\":\"Forsiden\",\"item\":\"https:\\\/\\\/anetaprofessional.com\\\/no\\\/\"},{\"@type\":\"ListItem\",\"position\":2,\"name\":\"Katalog\",\"item\":\"https:\\\/\\\/anetaprofessional.com\\\/no\\\/katalog\\\/\"},{\"@type\":\"ListItem\",\"position\":3,\"name\":\"Garage Sensor\"}]},{\"@type\":\"WebSite\",\"@id\":\"https:\\\/\\\/anetaprofessional.com\\\/no\\\/#website\",\"url\":\"https:\\\/\\\/anetaprofessional.com\\\/no\\\/\",\"name\":\"Aneta Professional\",\"description\":\"Skandinavias ledende lampegrossist\",\"publisher\":{\"@id\":\"https:\\\/\\\/anetaprofessional.com\\\/no\\\/#organization\"},\"potentialAction\":[{\"@type\":\"SearchAction\",\"target\":{\"@type\":\"EntryPoint\",\"urlTemplate\":\"https:\\\/\\\/anetaprofessional.com\\\/no\\\/?s={search_term_string}\"},\"query-input\":{\"@type\":\"PropertyValueSpecification\",\"valueRequired\":true,\"valueName\":\"search_term_string\"}}],\"inLanguage\":\"nb-NO\"},{\"@type\":\"Organization\",\"@id\":\"https:\\\/\\\/anetaprofessional.com\\\/no\\\/#organization\",\"name\":\"Aneta Professional\",\"url\":\"https:\\\/\\\/anetaprofessional.com\\\/no\\\/\",\"logo\":{\"@type\":\"ImageObject\",\"inLanguage\":\"nb-NO\",\"@id\":\"https:\\\/\\\/anetaprofessional.com\\\/no\\\/#\\\/schema\\\/logo\\\/image\\\/\",\"url\":\"https:\\\/\\\/dbud83cwgulta.cloudfront.net\\\/wp-content\\\/uploads\\\/sites\\\/4\\\/2022\\\/05\\\/19120143\\\/ANETA-PRO-logo-RGB_hvit.png\",\"contentUrl\":\"https:\\\/\\\/dbud83cwgulta.cloudfront.net\\\/wp-content\\\/uploads\\\/sites\\\/4\\\/2022\\\/05\\\/19120143\\\/ANETA-PRO-logo-RGB_hvit.png\",\"width\":1201,\"height\":487,\"caption\":\"Aneta Professional\"},\"image\":{\"@id\":\"https:\\\/\\\/anetaprofessional.com\\\/no\\\/#\\\/schema\\\/logo\\\/image\\\/\"}}]}<\/script>\n<!-- \/ Yoast SEO plugin. -->","yoast_head_json":{"title":"Garage Sensor - Aneta Professional","robots":{"index":"index","follow":"follow","max-snippet":"max-snippet:-1","max-image-preview":"max-image-preview:large","max-video-preview":"max-video-preview:-1"},"canonical":"https:\/\/anetaprofessional.com\/no\/produkt\/garage-sensor\/","og_locale":"nb_NO","og_type":"article","og_title":"Garage Sensor - Aneta Professional","og_description":"Garage sensor er en smart plug-and-play-l\u00f8sning som klikkes rett inn i armaturen og kobles til via den forh\u00e5ndsmonterte pluggen. Den kan styre \u00e9n Garage Eco armatur eller flere Garage Pro armaturer med leder\/f\u00f8lger-funksjon, og h\u00e5ndterer opptil 200W LED. En rask, driftssikker og energieffektiv m\u00e5te \u00e5 f\u00e5 automatisk lysstyring \u2013 helt uten ekstra installasjonsarbeid. Sensitivitet, holdetid og dagslysfunksjon justeres enkelt direkte p\u00e5 sensoren for optimal tilpasning.","og_url":"https:\/\/anetaprofessional.com\/no\/produkt\/garage-sensor\/","og_site_name":"Aneta Professional","article_modified_time":"2026-04-15T08:19:07+00:00","twitter_card":"summary_large_image","schema":{"@context":"https:\/\/schema.org","@graph":[{"@type":"WebPage","@id":"https:\/\/anetaprofessional.com\/no\/produkt\/garage-sensor\/","url":"https:\/\/anetaprofessional.com\/no\/produkt\/garage-sensor\/","name":"Garage Sensor - Aneta Professional","isPartOf":{"@id":"https:\/\/anetaprofessional.com\/no\/#website"},"primaryImageOfPage":{"@id":"https:\/\/anetaprofessional.com\/no\/produkt\/garage-sensor\/#primaryimage"},"image":{"@id":"https:\/\/anetaprofessional.com\/no\/produkt\/garage-sensor\/#primaryimage"},"thumbnailUrl":"https:\/\/dbud83cwgulta.cloudfront.net\/wp-content\/uploads\/sites\/4\/2026\/01\/23083341\/fv839iBXdcewSKJXWr3zVH1rT-scaled.png","datePublished":"2026-01-23T07:33:37+00:00","dateModified":"2026-04-15T08:19:07+00:00","breadcrumb":{"@id":"https:\/\/anetaprofessional.com\/no\/produkt\/garage-sensor\/#breadcrumb"},"inLanguage":"nb-NO","potentialAction":[{"@type":"ReadAction","target":["https:\/\/anetaprofessional.com\/no\/produkt\/garage-sensor\/"]}]},{"@type":"ImageObject","inLanguage":"nb-NO","@id":"https:\/\/anetaprofessional.com\/no\/produkt\/garage-sensor\/#primaryimage","url":"https:\/\/dbud83cwgulta.cloudfront.net\/wp-content\/uploads\/sites\/4\/2026\/01\/23083341\/fv839iBXdcewSKJXWr3zVH1rT-scaled.png","contentUrl":"https:\/\/dbud83cwgulta.cloudfront.net\/wp-content\/uploads\/sites\/4\/2026\/01\/23083341\/fv839iBXdcewSKJXWr3zVH1rT-scaled.png","width":2560,"height":1600},{"@type":"BreadcrumbList","@id":"https:\/\/anetaprofessional.com\/no\/produkt\/garage-sensor\/#breadcrumb","itemListElement":[{"@type":"ListItem","position":1,"name":"Forsiden","item":"https:\/\/anetaprofessional.com\/no\/"},{"@type":"ListItem","position":2,"name":"Katalog","item":"https:\/\/anetaprofessional.com\/no\/katalog\/"},{"@type":"ListItem","position":3,"name":"Garage Sensor"}]},{"@type":"WebSite","@id":"https:\/\/anetaprofessional.com\/no\/#website","url":"https:\/\/anetaprofessional.com\/no\/","name":"Aneta Professional","description":"Skandinavias ledende lampegrossist","publisher":{"@id":"https:\/\/anetaprofessional.com\/no\/#organization"},"potentialAction":[{"@type":"SearchAction","target":{"@type":"EntryPoint","urlTemplate":"https:\/\/anetaprofessional.com\/no\/?s={search_term_string}"},"query-input":{"@type":"PropertyValueSpecification","valueRequired":true,"valueName":"search_term_string"}}],"inLanguage":"nb-NO"},{"@type":"Organization","@id":"https:\/\/anetaprofessional.com\/no\/#organization","name":"Aneta Professional","url":"https:\/\/anetaprofessional.com\/no\/","logo":{"@type":"ImageObject","inLanguage":"nb-NO","@id":"https:\/\/anetaprofessional.com\/no\/#\/schema\/logo\/image\/","url":"https:\/\/dbud83cwgulta.cloudfront.net\/wp-content\/uploads\/sites\/4\/2022\/05\/19120143\/ANETA-PRO-logo-RGB_hvit.png","contentUrl":"https:\/\/dbud83cwgulta.cloudfront.net\/wp-content\/uploads\/sites\/4\/2022\/05\/19120143\/ANETA-PRO-logo-RGB_hvit.png","width":1201,"height":487,"caption":"Aneta Professional"},"image":{"@id":"https:\/\/anetaprofessional.com\/no\/#\/schema\/logo\/image\/"}}]}},"_links":{"self":[{"href":"https:\/\/anetaprofessional.com\/no\/wp-json\/wp\/v2\/product\/15191","targetHints":{"allow":["GET"]}}],"collection":[{"href":"https:\/\/anetaprofessional.com\/no\/wp-json\/wp\/v2\/product"}],"about":[{"href":"https:\/\/anetaprofessional.com\/no\/wp-json\/wp\/v2\/types\/product"}],"wp:featuredmedia":[{"embeddable":true,"href":"https:\/\/anetaprofessional.com\/no\/wp-json\/wp\/v2\/media\/15192"}],"wp:attachment":[{"href":"https:\/\/anetaprofessional.com\/no\/wp-json\/wp\/v2\/media?parent=15191"}],"wp:term":[{"taxonomy":"product_tag","embeddable":true,"href":"https:\/\/anetaprofessional.com\/no\/wp-json\/wp\/v2\/product_tag?post=15191"},{"taxonomy":"product_brand","embeddable":true,"href":"https:\/\/anetaprofessional.com\/no\/wp-json\/wp\/v2\/product_brand?post=15191"},{"taxonomy":"product_cat","embeddable":true,"href":"https:\/\/anetaprofessional.com\/no\/wp-json\/wp\/v2\/product_cat?post=15191"}],"curies":[{"name":"wp","href":"https:\/\/api.w.org\/{rel}","templated":true}]}}