{"id":15269,"date":"2026-02-06T09:40:14","date_gmt":"2026-02-06T08:40:14","guid":{"rendered":"https:\/\/anetaprofessional.com\/no\/produkt\/scanstrip-quick-rgbw-feed-12mm\/"},"modified":"2026-04-14T04:02:39","modified_gmt":"2026-04-14T02:02:39","slug":"scanstrip-quick-rgbw-feed-12mm","status":"publish","type":"product","link":"https:\/\/anetaprofessional.com\/no\/produkt\/scanstrip-quick-rgbw-feed-12mm\/","title":{"rendered":"Scanstrip Quick RGBW Feed 12mm"},"content":{"rendered":"<p>Scanstrip Quick RGBW Feed 12mm er en hurtigkobling til COB RGBW stripe til ledning.<br \/>\nV\u00e5re hurtigkoblinger for LED-striper er utviklet for profesjonelle installasjoner og gir elektrikere en rask, sikker og effektiv montering \u2013 helt uten lodding. Koblingene er tilgjengelige for tilkobling av innkommende ledninger, sammenkobling av LED-striper og praktiske hj\u00f8rnel\u00f8sninger, og s\u00f8rger for et ryddig og p\u00e5litelig resultat. De er sm\u00e5 og diskrete, enkle \u00e5 arbeide med og kan h\u00e5ndtere relativt h\u00f8y effekt. Hurtigkoblingene leveres for enfarge SMD\/COB-striper, Tunable White COB-striper og RGBW COB-striper, og er et ideelt valg for elektrikere som \u00f8nsker tidsbesparende og profesjonelle LED-installasjoner.<\/p>\n","protected":false},"excerpt":{"rendered":"<p>Scanstrip Quick RGBW Feed 12mm er en hurtigkobling til COB RGBW stripe til ledning.<br \/>\nV\u00e5re hurtigkoblinger for LED-striper er utviklet for profesjonelle installasjoner og gir elektrikere en rask, sikker og effektiv montering \u2013 helt uten lodding. Koblingene er tilgjengelige for tilkobling av innkommende ledninger, sammenkobling av LED-striper og praktiske hj\u00f8rnel\u00f8sninger, og s\u00f8rger for et ryddig og p\u00e5litelig resultat. De er sm\u00e5 og diskrete, enkle \u00e5 arbeide med og kan h\u00e5ndtere relativt h\u00f8y effekt. Hurtigkoblingene leveres for enfarge SMD\/COB-striper, Tunable White COB-striper og RGBW COB-striper, og er et ideelt valg for elektrikere som \u00f8nsker tidsbesparende og profesjonelle LED-installasjoner.<\/p>\n","protected":false},"featured_media":15270,"template":"","meta":{"_acf_changed":false,"inline_featured_image":false},"product_tag":[17930],"product_brand":[],"product_cat":[40401],"class_list":{"0":"post-15269","1":"product","2":"type-product","3":"status-publish","4":"has-post-thumbnail","6":"product_tag-ny","7":"product_cat-professional-led-striper-professional","9":"first","10":"instock","11":"taxable","12":"shipping-taxable","13":"product-type-simple"},"acf":[],"yoast_head":"<!-- This site is optimized with the Yoast SEO plugin v27.3 - https:\/\/yoast.com\/product\/yoast-seo-wordpress\/ -->\n<title>Scanstrip Quick RGBW Feed 12mm - Aneta Professional<\/title>\n<meta name=\"robots\" content=\"index, follow, max-snippet:-1, max-image-preview:large, max-video-preview:-1\" \/>\n<link rel=\"canonical\" href=\"https:\/\/anetaprofessional.com\/no\/produkt\/scanstrip-quick-rgbw-feed-12mm\/\" \/>\n<meta property=\"og:locale\" content=\"nb_NO\" \/>\n<meta property=\"og:type\" content=\"article\" \/>\n<meta property=\"og:title\" content=\"Scanstrip Quick RGBW Feed 12mm - Aneta Professional\" \/>\n<meta property=\"og:description\" content=\"Scanstrip Quick RGBW Feed 12mm er en hurtigkobling til COB RGBW stripe til ledning. V\u00e5re hurtigkoblinger for LED-striper er utviklet for profesjonelle installasjoner og gir elektrikere en rask, sikker og effektiv montering \u2013 helt uten lodding. Koblingene er tilgjengelige for tilkobling av innkommende ledninger, sammenkobling av LED-striper og praktiske hj\u00f8rnel\u00f8sninger, og s\u00f8rger for et ryddig og p\u00e5litelig resultat. De er sm\u00e5 og diskrete, enkle \u00e5 arbeide med og kan h\u00e5ndtere relativt h\u00f8y effekt. Hurtigkoblingene leveres for enfarge SMD\/COB-striper, Tunable White COB-striper og RGBW COB-striper, og er et ideelt valg for elektrikere som \u00f8nsker tidsbesparende og profesjonelle LED-installasjoner.\" \/>\n<meta property=\"og:url\" content=\"https:\/\/anetaprofessional.com\/no\/produkt\/scanstrip-quick-rgbw-feed-12mm\/\" \/>\n<meta property=\"og:site_name\" content=\"Aneta Professional\" \/>\n<meta property=\"article:modified_time\" content=\"2026-04-14T02:02:39+00:00\" \/>\n<meta name=\"twitter:card\" content=\"summary_large_image\" \/>\n<meta name=\"twitter:label1\" content=\"Ansl. lesetid\" \/>\n\t<meta name=\"twitter:data1\" content=\"1 minutt\" \/>\n<script type=\"application\/ld+json\" class=\"yoast-schema-graph\">{\"@context\":\"https:\\\/\\\/schema.org\",\"@graph\":[{\"@type\":\"WebPage\",\"@id\":\"https:\\\/\\\/anetaprofessional.com\\\/no\\\/produkt\\\/scanstrip-quick-rgbw-feed-12mm\\\/\",\"url\":\"https:\\\/\\\/anetaprofessional.com\\\/no\\\/produkt\\\/scanstrip-quick-rgbw-feed-12mm\\\/\",\"name\":\"Scanstrip Quick RGBW Feed 12mm - Aneta Professional\",\"isPartOf\":{\"@id\":\"https:\\\/\\\/anetaprofessional.com\\\/no\\\/#website\"},\"primaryImageOfPage\":{\"@id\":\"https:\\\/\\\/anetaprofessional.com\\\/no\\\/produkt\\\/scanstrip-quick-rgbw-feed-12mm\\\/#primaryimage\"},\"image\":{\"@id\":\"https:\\\/\\\/anetaprofessional.com\\\/no\\\/produkt\\\/scanstrip-quick-rgbw-feed-12mm\\\/#primaryimage\"},\"thumbnailUrl\":\"https:\\\/\\\/dbud83cwgulta.cloudfront.net\\\/wp-content\\\/uploads\\\/sites\\\/4\\\/2026\\\/02\\\/06094019\\\/pm80My4DOs1tIuMfOtP3QOqL9-scaled.png\",\"datePublished\":\"2026-02-06T08:40:14+00:00\",\"dateModified\":\"2026-04-14T02:02:39+00:00\",\"breadcrumb\":{\"@id\":\"https:\\\/\\\/anetaprofessional.com\\\/no\\\/produkt\\\/scanstrip-quick-rgbw-feed-12mm\\\/#breadcrumb\"},\"inLanguage\":\"nb-NO\",\"potentialAction\":[{\"@type\":\"ReadAction\",\"target\":[\"https:\\\/\\\/anetaprofessional.com\\\/no\\\/produkt\\\/scanstrip-quick-rgbw-feed-12mm\\\/\"]}]},{\"@type\":\"ImageObject\",\"inLanguage\":\"nb-NO\",\"@id\":\"https:\\\/\\\/anetaprofessional.com\\\/no\\\/produkt\\\/scanstrip-quick-rgbw-feed-12mm\\\/#primaryimage\",\"url\":\"https:\\\/\\\/dbud83cwgulta.cloudfront.net\\\/wp-content\\\/uploads\\\/sites\\\/4\\\/2026\\\/02\\\/06094019\\\/pm80My4DOs1tIuMfOtP3QOqL9-scaled.png\",\"contentUrl\":\"https:\\\/\\\/dbud83cwgulta.cloudfront.net\\\/wp-content\\\/uploads\\\/sites\\\/4\\\/2026\\\/02\\\/06094019\\\/pm80My4DOs1tIuMfOtP3QOqL9-scaled.png\",\"width\":2560,\"height\":2228},{\"@type\":\"BreadcrumbList\",\"@id\":\"https:\\\/\\\/anetaprofessional.com\\\/no\\\/produkt\\\/scanstrip-quick-rgbw-feed-12mm\\\/#breadcrumb\",\"itemListElement\":[{\"@type\":\"ListItem\",\"position\":1,\"name\":\"Forsiden\",\"item\":\"https:\\\/\\\/anetaprofessional.com\\\/no\\\/\"},{\"@type\":\"ListItem\",\"position\":2,\"name\":\"Katalog\",\"item\":\"https:\\\/\\\/anetaprofessional.com\\\/no\\\/katalog\\\/\"},{\"@type\":\"ListItem\",\"position\":3,\"name\":\"Scanstrip Quick RGBW Feed 12mm\"}]},{\"@type\":\"WebSite\",\"@id\":\"https:\\\/\\\/anetaprofessional.com\\\/no\\\/#website\",\"url\":\"https:\\\/\\\/anetaprofessional.com\\\/no\\\/\",\"name\":\"Aneta Professional\",\"description\":\"Skandinavias ledende lampegrossist\",\"publisher\":{\"@id\":\"https:\\\/\\\/anetaprofessional.com\\\/no\\\/#organization\"},\"potentialAction\":[{\"@type\":\"SearchAction\",\"target\":{\"@type\":\"EntryPoint\",\"urlTemplate\":\"https:\\\/\\\/anetaprofessional.com\\\/no\\\/?s={search_term_string}\"},\"query-input\":{\"@type\":\"PropertyValueSpecification\",\"valueRequired\":true,\"valueName\":\"search_term_string\"}}],\"inLanguage\":\"nb-NO\"},{\"@type\":\"Organization\",\"@id\":\"https:\\\/\\\/anetaprofessional.com\\\/no\\\/#organization\",\"name\":\"Aneta Professional\",\"url\":\"https:\\\/\\\/anetaprofessional.com\\\/no\\\/\",\"logo\":{\"@type\":\"ImageObject\",\"inLanguage\":\"nb-NO\",\"@id\":\"https:\\\/\\\/anetaprofessional.com\\\/no\\\/#\\\/schema\\\/logo\\\/image\\\/\",\"url\":\"https:\\\/\\\/dbud83cwgulta.cloudfront.net\\\/wp-content\\\/uploads\\\/sites\\\/4\\\/2022\\\/05\\\/19120143\\\/ANETA-PRO-logo-RGB_hvit.png\",\"contentUrl\":\"https:\\\/\\\/dbud83cwgulta.cloudfront.net\\\/wp-content\\\/uploads\\\/sites\\\/4\\\/2022\\\/05\\\/19120143\\\/ANETA-PRO-logo-RGB_hvit.png\",\"width\":1201,\"height\":487,\"caption\":\"Aneta Professional\"},\"image\":{\"@id\":\"https:\\\/\\\/anetaprofessional.com\\\/no\\\/#\\\/schema\\\/logo\\\/image\\\/\"}}]}<\/script>\n<!-- \/ Yoast SEO plugin. -->","yoast_head_json":{"title":"Scanstrip Quick RGBW Feed 12mm - Aneta Professional","robots":{"index":"index","follow":"follow","max-snippet":"max-snippet:-1","max-image-preview":"max-image-preview:large","max-video-preview":"max-video-preview:-1"},"canonical":"https:\/\/anetaprofessional.com\/no\/produkt\/scanstrip-quick-rgbw-feed-12mm\/","og_locale":"nb_NO","og_type":"article","og_title":"Scanstrip Quick RGBW Feed 12mm - Aneta Professional","og_description":"Scanstrip Quick RGBW Feed 12mm er en hurtigkobling til COB RGBW stripe til ledning. V\u00e5re hurtigkoblinger for LED-striper er utviklet for profesjonelle installasjoner og gir elektrikere en rask, sikker og effektiv montering \u2013 helt uten lodding. Koblingene er tilgjengelige for tilkobling av innkommende ledninger, sammenkobling av LED-striper og praktiske hj\u00f8rnel\u00f8sninger, og s\u00f8rger for et ryddig og p\u00e5litelig resultat. De er sm\u00e5 og diskrete, enkle \u00e5 arbeide med og kan h\u00e5ndtere relativt h\u00f8y effekt. Hurtigkoblingene leveres for enfarge SMD\/COB-striper, Tunable White COB-striper og RGBW COB-striper, og er et ideelt valg for elektrikere som \u00f8nsker tidsbesparende og profesjonelle LED-installasjoner.","og_url":"https:\/\/anetaprofessional.com\/no\/produkt\/scanstrip-quick-rgbw-feed-12mm\/","og_site_name":"Aneta Professional","article_modified_time":"2026-04-14T02:02:39+00:00","twitter_card":"summary_large_image","twitter_misc":{"Ansl. lesetid":"1 minutt"},"schema":{"@context":"https:\/\/schema.org","@graph":[{"@type":"WebPage","@id":"https:\/\/anetaprofessional.com\/no\/produkt\/scanstrip-quick-rgbw-feed-12mm\/","url":"https:\/\/anetaprofessional.com\/no\/produkt\/scanstrip-quick-rgbw-feed-12mm\/","name":"Scanstrip Quick RGBW Feed 12mm - Aneta Professional","isPartOf":{"@id":"https:\/\/anetaprofessional.com\/no\/#website"},"primaryImageOfPage":{"@id":"https:\/\/anetaprofessional.com\/no\/produkt\/scanstrip-quick-rgbw-feed-12mm\/#primaryimage"},"image":{"@id":"https:\/\/anetaprofessional.com\/no\/produkt\/scanstrip-quick-rgbw-feed-12mm\/#primaryimage"},"thumbnailUrl":"https:\/\/dbud83cwgulta.cloudfront.net\/wp-content\/uploads\/sites\/4\/2026\/02\/06094019\/pm80My4DOs1tIuMfOtP3QOqL9-scaled.png","datePublished":"2026-02-06T08:40:14+00:00","dateModified":"2026-04-14T02:02:39+00:00","breadcrumb":{"@id":"https:\/\/anetaprofessional.com\/no\/produkt\/scanstrip-quick-rgbw-feed-12mm\/#breadcrumb"},"inLanguage":"nb-NO","potentialAction":[{"@type":"ReadAction","target":["https:\/\/anetaprofessional.com\/no\/produkt\/scanstrip-quick-rgbw-feed-12mm\/"]}]},{"@type":"ImageObject","inLanguage":"nb-NO","@id":"https:\/\/anetaprofessional.com\/no\/produkt\/scanstrip-quick-rgbw-feed-12mm\/#primaryimage","url":"https:\/\/dbud83cwgulta.cloudfront.net\/wp-content\/uploads\/sites\/4\/2026\/02\/06094019\/pm80My4DOs1tIuMfOtP3QOqL9-scaled.png","contentUrl":"https:\/\/dbud83cwgulta.cloudfront.net\/wp-content\/uploads\/sites\/4\/2026\/02\/06094019\/pm80My4DOs1tIuMfOtP3QOqL9-scaled.png","width":2560,"height":2228},{"@type":"BreadcrumbList","@id":"https:\/\/anetaprofessional.com\/no\/produkt\/scanstrip-quick-rgbw-feed-12mm\/#breadcrumb","itemListElement":[{"@type":"ListItem","position":1,"name":"Forsiden","item":"https:\/\/anetaprofessional.com\/no\/"},{"@type":"ListItem","position":2,"name":"Katalog","item":"https:\/\/anetaprofessional.com\/no\/katalog\/"},{"@type":"ListItem","position":3,"name":"Scanstrip Quick RGBW Feed 12mm"}]},{"@type":"WebSite","@id":"https:\/\/anetaprofessional.com\/no\/#website","url":"https:\/\/anetaprofessional.com\/no\/","name":"Aneta Professional","description":"Skandinavias ledende lampegrossist","publisher":{"@id":"https:\/\/anetaprofessional.com\/no\/#organization"},"potentialAction":[{"@type":"SearchAction","target":{"@type":"EntryPoint","urlTemplate":"https:\/\/anetaprofessional.com\/no\/?s={search_term_string}"},"query-input":{"@type":"PropertyValueSpecification","valueRequired":true,"valueName":"search_term_string"}}],"inLanguage":"nb-NO"},{"@type":"Organization","@id":"https:\/\/anetaprofessional.com\/no\/#organization","name":"Aneta Professional","url":"https:\/\/anetaprofessional.com\/no\/","logo":{"@type":"ImageObject","inLanguage":"nb-NO","@id":"https:\/\/anetaprofessional.com\/no\/#\/schema\/logo\/image\/","url":"https:\/\/dbud83cwgulta.cloudfront.net\/wp-content\/uploads\/sites\/4\/2022\/05\/19120143\/ANETA-PRO-logo-RGB_hvit.png","contentUrl":"https:\/\/dbud83cwgulta.cloudfront.net\/wp-content\/uploads\/sites\/4\/2022\/05\/19120143\/ANETA-PRO-logo-RGB_hvit.png","width":1201,"height":487,"caption":"Aneta Professional"},"image":{"@id":"https:\/\/anetaprofessional.com\/no\/#\/schema\/logo\/image\/"}}]}},"_links":{"self":[{"href":"https:\/\/anetaprofessional.com\/no\/wp-json\/wp\/v2\/product\/15269","targetHints":{"allow":["GET"]}}],"collection":[{"href":"https:\/\/anetaprofessional.com\/no\/wp-json\/wp\/v2\/product"}],"about":[{"href":"https:\/\/anetaprofessional.com\/no\/wp-json\/wp\/v2\/types\/product"}],"wp:featuredmedia":[{"embeddable":true,"href":"https:\/\/anetaprofessional.com\/no\/wp-json\/wp\/v2\/media\/15270"}],"wp:attachment":[{"href":"https:\/\/anetaprofessional.com\/no\/wp-json\/wp\/v2\/media?parent=15269"}],"wp:term":[{"taxonomy":"product_tag","embeddable":true,"href":"https:\/\/anetaprofessional.com\/no\/wp-json\/wp\/v2\/product_tag?post=15269"},{"taxonomy":"product_brand","embeddable":true,"href":"https:\/\/anetaprofessional.com\/no\/wp-json\/wp\/v2\/product_brand?post=15269"},{"taxonomy":"product_cat","embeddable":true,"href":"https:\/\/anetaprofessional.com\/no\/wp-json\/wp\/v2\/product_cat?post=15269"}],"curies":[{"name":"wp","href":"https:\/\/api.w.org\/{rel}","templated":true}]}}