{"id":7402,"date":"2022-01-09T17:33:33","date_gmt":"2022-01-09T16:33:33","guid":{"rendered":"https:\/\/anetaprofessional.com\/no\/produkt\/modica-vegglampe-bad-12w-led-krom\/"},"modified":"2026-04-10T03:54:17","modified_gmt":"2026-04-10T01:54:17","slug":"modica-vegglampe-bad-12w-led-krom","status":"publish","type":"product","link":"https:\/\/anetaprofessional.com\/no\/produkt\/modica-vegglampe-bad-12w-led-krom\/","title":{"rendered":"MODICA vegglampe 12W LED"},"content":{"rendered":"<p>Modica vegglampe med str\u00f8muttak for baderom i fargen krom med hvit skjerm. Lampens hovedmateriale er metall og akryl. Lampen passer over speilet der hvor du trenger et godt arbeidslys og samtidig trenger str\u00f8m for h\u00e5rf\u00f8ner, barbermaskin og lignende. Monteres p\u00e5 vegg med skruer og fast str\u00f8mtilkobling. 12W LED lyskilde er integrert og gir et lys med 3000 kelvin varmhvit lys og 820 lumen som tilsvarer lysmengden fra ca. 80W tradisjonell lysp\u00e6re. IP44<\/p>\n","protected":false},"excerpt":{"rendered":"<p>Modica vegglampe med str\u00f8muttak for baderom i fargen krom med hvit skjerm. Lampens hovedmateriale er metall og akryl. Lampen passer over speilet der hvor du trenger et godt arbeidslys og samtidig trenger str\u00f8m for h\u00e5rf\u00f8ner, barbermaskin og lignende. Monteres p\u00e5 vegg med skruer og fast str\u00f8mtilkobling. 12W LED lyskilde er integrert og gir et lys med 3000 kelvin varmhvit lys og 820 lumen som tilsvarer lysmengden fra ca. 80W tradisjonell lysp\u00e6re. IP44<\/p>\n","protected":false},"featured_media":13622,"template":"","meta":{"_acf_changed":false,"inline_featured_image":false},"product_tag":[],"product_brand":[],"product_cat":[40295],"class_list":{"0":"post-7402","1":"product","2":"type-product","3":"status-publish","4":"has-post-thumbnail","6":"product_cat-home-baderomslamper","8":"first","9":"instock","10":"taxable","11":"shipping-taxable","12":"product-type-simple"},"acf":[],"yoast_head":"<!-- This site is optimized with the Yoast SEO plugin v27.3 - https:\/\/yoast.com\/product\/yoast-seo-wordpress\/ -->\n<title>MODICA vegglampe 12W LED - Aneta Professional<\/title>\n<meta name=\"robots\" content=\"index, follow, max-snippet:-1, max-image-preview:large, max-video-preview:-1\" \/>\n<link rel=\"canonical\" href=\"https:\/\/anetaprofessional.com\/no\/produkt\/modica-vegglampe-bad-12w-led-krom\/\" \/>\n<meta property=\"og:locale\" content=\"nb_NO\" \/>\n<meta property=\"og:type\" content=\"article\" \/>\n<meta property=\"og:title\" content=\"MODICA vegglampe 12W LED - Aneta Professional\" \/>\n<meta property=\"og:description\" content=\"Modica vegglampe med str\u00f8muttak for baderom i fargen krom med hvit skjerm. Lampens hovedmateriale er metall og akryl. Lampen passer over speilet der hvor du trenger et godt arbeidslys og samtidig trenger str\u00f8m for h\u00e5rf\u00f8ner, barbermaskin og lignende. Monteres p\u00e5 vegg med skruer og fast str\u00f8mtilkobling. 12W LED lyskilde er integrert og gir et lys med 3000 kelvin varmhvit lys og 820 lumen som tilsvarer lysmengden fra ca. 80W tradisjonell lysp\u00e6re. IP44\" \/>\n<meta property=\"og:url\" content=\"https:\/\/anetaprofessional.com\/no\/produkt\/modica-vegglampe-bad-12w-led-krom\/\" \/>\n<meta property=\"og:site_name\" content=\"Aneta Professional\" \/>\n<meta property=\"article:modified_time\" content=\"2026-04-10T01:54:17+00:00\" \/>\n<meta property=\"og:image\" content=\"https:\/\/dbud83cwgulta.cloudfront.net\/wp-content\/uploads\/sites\/4\/2022\/01\/23194159\/0jSRkILmeRRJvsObdwTfGNG98.png\" \/>\n\t<meta property=\"og:image:width\" content=\"6378\" \/>\n\t<meta property=\"og:image:height\" content=\"4252\" \/>\n\t<meta property=\"og:image:type\" content=\"image\/png\" \/>\n<meta name=\"twitter:card\" content=\"summary_large_image\" \/>\n<script type=\"application\/ld+json\" class=\"yoast-schema-graph\">{\"@context\":\"https:\\\/\\\/schema.org\",\"@graph\":[{\"@type\":\"WebPage\",\"@id\":\"https:\\\/\\\/anetaprofessional.com\\\/no\\\/produkt\\\/modica-vegglampe-bad-12w-led-krom\\\/\",\"url\":\"https:\\\/\\\/anetaprofessional.com\\\/no\\\/produkt\\\/modica-vegglampe-bad-12w-led-krom\\\/\",\"name\":\"MODICA vegglampe 12W LED - Aneta Professional\",\"isPartOf\":{\"@id\":\"https:\\\/\\\/anetaprofessional.com\\\/no\\\/#website\"},\"primaryImageOfPage\":{\"@id\":\"https:\\\/\\\/anetaprofessional.com\\\/no\\\/produkt\\\/modica-vegglampe-bad-12w-led-krom\\\/#primaryimage\"},\"image\":{\"@id\":\"https:\\\/\\\/anetaprofessional.com\\\/no\\\/produkt\\\/modica-vegglampe-bad-12w-led-krom\\\/#primaryimage\"},\"thumbnailUrl\":\"https:\\\/\\\/dbud83cwgulta.cloudfront.net\\\/wp-content\\\/uploads\\\/sites\\\/4\\\/2022\\\/01\\\/23194159\\\/0jSRkILmeRRJvsObdwTfGNG98.png\",\"datePublished\":\"2022-01-09T16:33:33+00:00\",\"dateModified\":\"2026-04-10T01:54:17+00:00\",\"breadcrumb\":{\"@id\":\"https:\\\/\\\/anetaprofessional.com\\\/no\\\/produkt\\\/modica-vegglampe-bad-12w-led-krom\\\/#breadcrumb\"},\"inLanguage\":\"nb-NO\",\"potentialAction\":[{\"@type\":\"ReadAction\",\"target\":[\"https:\\\/\\\/anetaprofessional.com\\\/no\\\/produkt\\\/modica-vegglampe-bad-12w-led-krom\\\/\"]}]},{\"@type\":\"ImageObject\",\"inLanguage\":\"nb-NO\",\"@id\":\"https:\\\/\\\/anetaprofessional.com\\\/no\\\/produkt\\\/modica-vegglampe-bad-12w-led-krom\\\/#primaryimage\",\"url\":\"https:\\\/\\\/dbud83cwgulta.cloudfront.net\\\/wp-content\\\/uploads\\\/sites\\\/4\\\/2022\\\/01\\\/23194159\\\/0jSRkILmeRRJvsObdwTfGNG98.png\",\"contentUrl\":\"https:\\\/\\\/dbud83cwgulta.cloudfront.net\\\/wp-content\\\/uploads\\\/sites\\\/4\\\/2022\\\/01\\\/23194159\\\/0jSRkILmeRRJvsObdwTfGNG98.png\",\"width\":6378,\"height\":4252},{\"@type\":\"BreadcrumbList\",\"@id\":\"https:\\\/\\\/anetaprofessional.com\\\/no\\\/produkt\\\/modica-vegglampe-bad-12w-led-krom\\\/#breadcrumb\",\"itemListElement\":[{\"@type\":\"ListItem\",\"position\":1,\"name\":\"Forsiden\",\"item\":\"https:\\\/\\\/anetaprofessional.com\\\/no\\\/\"},{\"@type\":\"ListItem\",\"position\":2,\"name\":\"Katalog\",\"item\":\"https:\\\/\\\/anetaprofessional.com\\\/no\\\/katalog\\\/\"},{\"@type\":\"ListItem\",\"position\":3,\"name\":\"MODICA vegglampe 12W LED\"}]},{\"@type\":\"WebSite\",\"@id\":\"https:\\\/\\\/anetaprofessional.com\\\/no\\\/#website\",\"url\":\"https:\\\/\\\/anetaprofessional.com\\\/no\\\/\",\"name\":\"Aneta Professional\",\"description\":\"Skandinavias ledende lampegrossist\",\"publisher\":{\"@id\":\"https:\\\/\\\/anetaprofessional.com\\\/no\\\/#organization\"},\"potentialAction\":[{\"@type\":\"SearchAction\",\"target\":{\"@type\":\"EntryPoint\",\"urlTemplate\":\"https:\\\/\\\/anetaprofessional.com\\\/no\\\/?s={search_term_string}\"},\"query-input\":{\"@type\":\"PropertyValueSpecification\",\"valueRequired\":true,\"valueName\":\"search_term_string\"}}],\"inLanguage\":\"nb-NO\"},{\"@type\":\"Organization\",\"@id\":\"https:\\\/\\\/anetaprofessional.com\\\/no\\\/#organization\",\"name\":\"Aneta Professional\",\"url\":\"https:\\\/\\\/anetaprofessional.com\\\/no\\\/\",\"logo\":{\"@type\":\"ImageObject\",\"inLanguage\":\"nb-NO\",\"@id\":\"https:\\\/\\\/anetaprofessional.com\\\/no\\\/#\\\/schema\\\/logo\\\/image\\\/\",\"url\":\"https:\\\/\\\/dbud83cwgulta.cloudfront.net\\\/wp-content\\\/uploads\\\/sites\\\/4\\\/2022\\\/05\\\/19120143\\\/ANETA-PRO-logo-RGB_hvit.png\",\"contentUrl\":\"https:\\\/\\\/dbud83cwgulta.cloudfront.net\\\/wp-content\\\/uploads\\\/sites\\\/4\\\/2022\\\/05\\\/19120143\\\/ANETA-PRO-logo-RGB_hvit.png\",\"width\":1201,\"height\":487,\"caption\":\"Aneta Professional\"},\"image\":{\"@id\":\"https:\\\/\\\/anetaprofessional.com\\\/no\\\/#\\\/schema\\\/logo\\\/image\\\/\"}}]}<\/script>\n<!-- \/ Yoast SEO plugin. -->","yoast_head_json":{"title":"MODICA vegglampe 12W LED - Aneta Professional","robots":{"index":"index","follow":"follow","max-snippet":"max-snippet:-1","max-image-preview":"max-image-preview:large","max-video-preview":"max-video-preview:-1"},"canonical":"https:\/\/anetaprofessional.com\/no\/produkt\/modica-vegglampe-bad-12w-led-krom\/","og_locale":"nb_NO","og_type":"article","og_title":"MODICA vegglampe 12W LED - Aneta Professional","og_description":"Modica vegglampe med str\u00f8muttak for baderom i fargen krom med hvit skjerm. Lampens hovedmateriale er metall og akryl. Lampen passer over speilet der hvor du trenger et godt arbeidslys og samtidig trenger str\u00f8m for h\u00e5rf\u00f8ner, barbermaskin og lignende. Monteres p\u00e5 vegg med skruer og fast str\u00f8mtilkobling. 12W LED lyskilde er integrert og gir et lys med 3000 kelvin varmhvit lys og 820 lumen som tilsvarer lysmengden fra ca. 80W tradisjonell lysp\u00e6re. IP44","og_url":"https:\/\/anetaprofessional.com\/no\/produkt\/modica-vegglampe-bad-12w-led-krom\/","og_site_name":"Aneta Professional","article_modified_time":"2026-04-10T01:54:17+00:00","og_image":[{"width":6378,"height":4252,"url":"https:\/\/dbud83cwgulta.cloudfront.net\/wp-content\/uploads\/sites\/4\/2022\/01\/23194159\/0jSRkILmeRRJvsObdwTfGNG98.png","type":"image\/png"}],"twitter_card":"summary_large_image","schema":{"@context":"https:\/\/schema.org","@graph":[{"@type":"WebPage","@id":"https:\/\/anetaprofessional.com\/no\/produkt\/modica-vegglampe-bad-12w-led-krom\/","url":"https:\/\/anetaprofessional.com\/no\/produkt\/modica-vegglampe-bad-12w-led-krom\/","name":"MODICA vegglampe 12W LED - Aneta Professional","isPartOf":{"@id":"https:\/\/anetaprofessional.com\/no\/#website"},"primaryImageOfPage":{"@id":"https:\/\/anetaprofessional.com\/no\/produkt\/modica-vegglampe-bad-12w-led-krom\/#primaryimage"},"image":{"@id":"https:\/\/anetaprofessional.com\/no\/produkt\/modica-vegglampe-bad-12w-led-krom\/#primaryimage"},"thumbnailUrl":"https:\/\/dbud83cwgulta.cloudfront.net\/wp-content\/uploads\/sites\/4\/2022\/01\/23194159\/0jSRkILmeRRJvsObdwTfGNG98.png","datePublished":"2022-01-09T16:33:33+00:00","dateModified":"2026-04-10T01:54:17+00:00","breadcrumb":{"@id":"https:\/\/anetaprofessional.com\/no\/produkt\/modica-vegglampe-bad-12w-led-krom\/#breadcrumb"},"inLanguage":"nb-NO","potentialAction":[{"@type":"ReadAction","target":["https:\/\/anetaprofessional.com\/no\/produkt\/modica-vegglampe-bad-12w-led-krom\/"]}]},{"@type":"ImageObject","inLanguage":"nb-NO","@id":"https:\/\/anetaprofessional.com\/no\/produkt\/modica-vegglampe-bad-12w-led-krom\/#primaryimage","url":"https:\/\/dbud83cwgulta.cloudfront.net\/wp-content\/uploads\/sites\/4\/2022\/01\/23194159\/0jSRkILmeRRJvsObdwTfGNG98.png","contentUrl":"https:\/\/dbud83cwgulta.cloudfront.net\/wp-content\/uploads\/sites\/4\/2022\/01\/23194159\/0jSRkILmeRRJvsObdwTfGNG98.png","width":6378,"height":4252},{"@type":"BreadcrumbList","@id":"https:\/\/anetaprofessional.com\/no\/produkt\/modica-vegglampe-bad-12w-led-krom\/#breadcrumb","itemListElement":[{"@type":"ListItem","position":1,"name":"Forsiden","item":"https:\/\/anetaprofessional.com\/no\/"},{"@type":"ListItem","position":2,"name":"Katalog","item":"https:\/\/anetaprofessional.com\/no\/katalog\/"},{"@type":"ListItem","position":3,"name":"MODICA vegglampe 12W LED"}]},{"@type":"WebSite","@id":"https:\/\/anetaprofessional.com\/no\/#website","url":"https:\/\/anetaprofessional.com\/no\/","name":"Aneta Professional","description":"Skandinavias ledende lampegrossist","publisher":{"@id":"https:\/\/anetaprofessional.com\/no\/#organization"},"potentialAction":[{"@type":"SearchAction","target":{"@type":"EntryPoint","urlTemplate":"https:\/\/anetaprofessional.com\/no\/?s={search_term_string}"},"query-input":{"@type":"PropertyValueSpecification","valueRequired":true,"valueName":"search_term_string"}}],"inLanguage":"nb-NO"},{"@type":"Organization","@id":"https:\/\/anetaprofessional.com\/no\/#organization","name":"Aneta Professional","url":"https:\/\/anetaprofessional.com\/no\/","logo":{"@type":"ImageObject","inLanguage":"nb-NO","@id":"https:\/\/anetaprofessional.com\/no\/#\/schema\/logo\/image\/","url":"https:\/\/dbud83cwgulta.cloudfront.net\/wp-content\/uploads\/sites\/4\/2022\/05\/19120143\/ANETA-PRO-logo-RGB_hvit.png","contentUrl":"https:\/\/dbud83cwgulta.cloudfront.net\/wp-content\/uploads\/sites\/4\/2022\/05\/19120143\/ANETA-PRO-logo-RGB_hvit.png","width":1201,"height":487,"caption":"Aneta Professional"},"image":{"@id":"https:\/\/anetaprofessional.com\/no\/#\/schema\/logo\/image\/"}}]}},"_links":{"self":[{"href":"https:\/\/anetaprofessional.com\/no\/wp-json\/wp\/v2\/product\/7402","targetHints":{"allow":["GET"]}}],"collection":[{"href":"https:\/\/anetaprofessional.com\/no\/wp-json\/wp\/v2\/product"}],"about":[{"href":"https:\/\/anetaprofessional.com\/no\/wp-json\/wp\/v2\/types\/product"}],"wp:featuredmedia":[{"embeddable":true,"href":"https:\/\/anetaprofessional.com\/no\/wp-json\/wp\/v2\/media\/13622"}],"wp:attachment":[{"href":"https:\/\/anetaprofessional.com\/no\/wp-json\/wp\/v2\/media?parent=7402"}],"wp:term":[{"taxonomy":"product_tag","embeddable":true,"href":"https:\/\/anetaprofessional.com\/no\/wp-json\/wp\/v2\/product_tag?post=7402"},{"taxonomy":"product_brand","embeddable":true,"href":"https:\/\/anetaprofessional.com\/no\/wp-json\/wp\/v2\/product_brand?post=7402"},{"taxonomy":"product_cat","embeddable":true,"href":"https:\/\/anetaprofessional.com\/no\/wp-json\/wp\/v2\/product_cat?post=7402"}],"curies":[{"name":"wp","href":"https:\/\/api.w.org\/{rel}","templated":true}]}}