{"id":7664,"date":"2022-01-09T17:35:02","date_gmt":"2022-01-09T16:35:02","guid":{"rendered":"https:\/\/anetaprofessional.com\/no\/produkt\/scanstrip-dim50-driver\/"},"modified":"2026-03-25T08:49:37","modified_gmt":"2026-03-25T07:49:37","slug":"scanstrip-dim50-driver","status":"publish","type":"product","link":"https:\/\/anetaprofessional.com\/no\/produkt\/scanstrip-dim50-driver\/","title":{"rendered":"Scanstrip DIM50 driver"},"content":{"rendered":"<p>Scanstrip DIM-serien er en serie kvalitetsdrivere som leverer stabil DC24V og sikrer s\u00f8ml\u00f8s dimming. DIM25, DIM50 og DIM100 har f\u00e5tt all produkttekst trykket p\u00e5 baksiden og bak tilkoblingsdekslene for \u00e5 s\u00f8rge for et penest mulig resultat om driveren monteres direkte p\u00e5 vegg\/i tak. DIM50 er p\u00e5 50W og vil i de fleste mindre LED-stripe installasjoner v\u00e6re det naturlige valg.<\/p>\n","protected":false},"excerpt":{"rendered":"<p>Scanstrip DIM-serien er en serie kvalitetsdrivere som leverer stabil DC24V og sikrer s\u00f8ml\u00f8s dimming. DIM25, DIM50 og DIM100 har f\u00e5tt all produkttekst trykket p\u00e5 baksiden og bak tilkoblingsdekslene for \u00e5 s\u00f8rge for et penest mulig resultat om driveren monteres direkte p\u00e5 vegg\/i tak. DIM50 er p\u00e5 50W og vil i de fleste mindre LED-stripe installasjoner v\u00e6re det naturlige valg.<\/p>\n","protected":false},"featured_media":13905,"template":"","meta":{"_acf_changed":false,"inline_featured_image":false},"product_tag":[],"product_brand":[],"product_cat":[40401],"class_list":{"0":"post-7664","1":"product","2":"type-product","3":"status-publish","4":"has-post-thumbnail","6":"product_cat-professional-led-striper-professional","8":"first","9":"instock","10":"taxable","11":"shipping-taxable","12":"product-type-simple"},"acf":[],"yoast_head":"<!-- This site is optimized with the Yoast SEO plugin v27.3 - https:\/\/yoast.com\/product\/yoast-seo-wordpress\/ -->\n<title>Scanstrip DIM50 driver - Aneta Professional<\/title>\n<meta name=\"robots\" content=\"index, follow, max-snippet:-1, max-image-preview:large, max-video-preview:-1\" \/>\n<link rel=\"canonical\" href=\"https:\/\/anetaprofessional.com\/no\/produkt\/scanstrip-dim50-driver\/\" \/>\n<meta property=\"og:locale\" content=\"nb_NO\" \/>\n<meta property=\"og:type\" content=\"article\" \/>\n<meta property=\"og:title\" content=\"Scanstrip DIM50 driver - Aneta Professional\" \/>\n<meta property=\"og:description\" content=\"Scanstrip DIM-serien er en serie kvalitetsdrivere som leverer stabil DC24V og sikrer s\u00f8ml\u00f8s dimming. DIM25, DIM50 og DIM100 har f\u00e5tt all produkttekst trykket p\u00e5 baksiden og bak tilkoblingsdekslene for \u00e5 s\u00f8rge for et penest mulig resultat om driveren monteres direkte p\u00e5 vegg\/i tak. DIM50 er p\u00e5 50W og vil i de fleste mindre LED-stripe installasjoner v\u00e6re det naturlige valg.\" \/>\n<meta property=\"og:url\" content=\"https:\/\/anetaprofessional.com\/no\/produkt\/scanstrip-dim50-driver\/\" \/>\n<meta property=\"og:site_name\" content=\"Aneta Professional\" \/>\n<meta property=\"article:modified_time\" content=\"2026-03-25T07:49:37+00:00\" \/>\n<meta property=\"og:image\" content=\"https:\/\/dbud83cwgulta.cloudfront.net\/wp-content\/uploads\/sites\/4\/2022\/01\/23205137\/nbGDm7JM0nN8TVwl74uP7l9qv-scaled.png\" \/>\n\t<meta property=\"og:image:width\" content=\"2560\" \/>\n\t<meta property=\"og:image:height\" content=\"2199\" \/>\n\t<meta property=\"og:image:type\" content=\"image\/png\" \/>\n<meta name=\"twitter:card\" content=\"summary_large_image\" \/>\n<script type=\"application\/ld+json\" class=\"yoast-schema-graph\">{\"@context\":\"https:\\\/\\\/schema.org\",\"@graph\":[{\"@type\":\"WebPage\",\"@id\":\"https:\\\/\\\/anetaprofessional.com\\\/no\\\/produkt\\\/scanstrip-dim50-driver\\\/\",\"url\":\"https:\\\/\\\/anetaprofessional.com\\\/no\\\/produkt\\\/scanstrip-dim50-driver\\\/\",\"name\":\"Scanstrip DIM50 driver - Aneta Professional\",\"isPartOf\":{\"@id\":\"https:\\\/\\\/anetaprofessional.com\\\/no\\\/#website\"},\"primaryImageOfPage\":{\"@id\":\"https:\\\/\\\/anetaprofessional.com\\\/no\\\/produkt\\\/scanstrip-dim50-driver\\\/#primaryimage\"},\"image\":{\"@id\":\"https:\\\/\\\/anetaprofessional.com\\\/no\\\/produkt\\\/scanstrip-dim50-driver\\\/#primaryimage\"},\"thumbnailUrl\":\"https:\\\/\\\/dbud83cwgulta.cloudfront.net\\\/wp-content\\\/uploads\\\/sites\\\/4\\\/2022\\\/01\\\/23205137\\\/nbGDm7JM0nN8TVwl74uP7l9qv-scaled.png\",\"datePublished\":\"2022-01-09T16:35:02+00:00\",\"dateModified\":\"2026-03-25T07:49:37+00:00\",\"breadcrumb\":{\"@id\":\"https:\\\/\\\/anetaprofessional.com\\\/no\\\/produkt\\\/scanstrip-dim50-driver\\\/#breadcrumb\"},\"inLanguage\":\"nb-NO\",\"potentialAction\":[{\"@type\":\"ReadAction\",\"target\":[\"https:\\\/\\\/anetaprofessional.com\\\/no\\\/produkt\\\/scanstrip-dim50-driver\\\/\"]}]},{\"@type\":\"ImageObject\",\"inLanguage\":\"nb-NO\",\"@id\":\"https:\\\/\\\/anetaprofessional.com\\\/no\\\/produkt\\\/scanstrip-dim50-driver\\\/#primaryimage\",\"url\":\"https:\\\/\\\/dbud83cwgulta.cloudfront.net\\\/wp-content\\\/uploads\\\/sites\\\/4\\\/2022\\\/01\\\/23205137\\\/nbGDm7JM0nN8TVwl74uP7l9qv-scaled.png\",\"contentUrl\":\"https:\\\/\\\/dbud83cwgulta.cloudfront.net\\\/wp-content\\\/uploads\\\/sites\\\/4\\\/2022\\\/01\\\/23205137\\\/nbGDm7JM0nN8TVwl74uP7l9qv-scaled.png\",\"width\":2560,\"height\":2199},{\"@type\":\"BreadcrumbList\",\"@id\":\"https:\\\/\\\/anetaprofessional.com\\\/no\\\/produkt\\\/scanstrip-dim50-driver\\\/#breadcrumb\",\"itemListElement\":[{\"@type\":\"ListItem\",\"position\":1,\"name\":\"Forsiden\",\"item\":\"https:\\\/\\\/anetaprofessional.com\\\/no\\\/\"},{\"@type\":\"ListItem\",\"position\":2,\"name\":\"Katalog\",\"item\":\"https:\\\/\\\/anetaprofessional.com\\\/no\\\/katalog\\\/\"},{\"@type\":\"ListItem\",\"position\":3,\"name\":\"Scanstrip DIM50 driver\"}]},{\"@type\":\"WebSite\",\"@id\":\"https:\\\/\\\/anetaprofessional.com\\\/no\\\/#website\",\"url\":\"https:\\\/\\\/anetaprofessional.com\\\/no\\\/\",\"name\":\"Aneta Professional\",\"description\":\"Skandinavias ledende lampegrossist\",\"publisher\":{\"@id\":\"https:\\\/\\\/anetaprofessional.com\\\/no\\\/#organization\"},\"potentialAction\":[{\"@type\":\"SearchAction\",\"target\":{\"@type\":\"EntryPoint\",\"urlTemplate\":\"https:\\\/\\\/anetaprofessional.com\\\/no\\\/?s={search_term_string}\"},\"query-input\":{\"@type\":\"PropertyValueSpecification\",\"valueRequired\":true,\"valueName\":\"search_term_string\"}}],\"inLanguage\":\"nb-NO\"},{\"@type\":\"Organization\",\"@id\":\"https:\\\/\\\/anetaprofessional.com\\\/no\\\/#organization\",\"name\":\"Aneta Professional\",\"url\":\"https:\\\/\\\/anetaprofessional.com\\\/no\\\/\",\"logo\":{\"@type\":\"ImageObject\",\"inLanguage\":\"nb-NO\",\"@id\":\"https:\\\/\\\/anetaprofessional.com\\\/no\\\/#\\\/schema\\\/logo\\\/image\\\/\",\"url\":\"https:\\\/\\\/dbud83cwgulta.cloudfront.net\\\/wp-content\\\/uploads\\\/sites\\\/4\\\/2022\\\/05\\\/19120143\\\/ANETA-PRO-logo-RGB_hvit.png\",\"contentUrl\":\"https:\\\/\\\/dbud83cwgulta.cloudfront.net\\\/wp-content\\\/uploads\\\/sites\\\/4\\\/2022\\\/05\\\/19120143\\\/ANETA-PRO-logo-RGB_hvit.png\",\"width\":1201,\"height\":487,\"caption\":\"Aneta Professional\"},\"image\":{\"@id\":\"https:\\\/\\\/anetaprofessional.com\\\/no\\\/#\\\/schema\\\/logo\\\/image\\\/\"}}]}<\/script>\n<!-- \/ Yoast SEO plugin. -->","yoast_head_json":{"title":"Scanstrip DIM50 driver - Aneta Professional","robots":{"index":"index","follow":"follow","max-snippet":"max-snippet:-1","max-image-preview":"max-image-preview:large","max-video-preview":"max-video-preview:-1"},"canonical":"https:\/\/anetaprofessional.com\/no\/produkt\/scanstrip-dim50-driver\/","og_locale":"nb_NO","og_type":"article","og_title":"Scanstrip DIM50 driver - Aneta Professional","og_description":"Scanstrip DIM-serien er en serie kvalitetsdrivere som leverer stabil DC24V og sikrer s\u00f8ml\u00f8s dimming. DIM25, DIM50 og DIM100 har f\u00e5tt all produkttekst trykket p\u00e5 baksiden og bak tilkoblingsdekslene for \u00e5 s\u00f8rge for et penest mulig resultat om driveren monteres direkte p\u00e5 vegg\/i tak. DIM50 er p\u00e5 50W og vil i de fleste mindre LED-stripe installasjoner v\u00e6re det naturlige valg.","og_url":"https:\/\/anetaprofessional.com\/no\/produkt\/scanstrip-dim50-driver\/","og_site_name":"Aneta Professional","article_modified_time":"2026-03-25T07:49:37+00:00","og_image":[{"width":2560,"height":2199,"url":"https:\/\/dbud83cwgulta.cloudfront.net\/wp-content\/uploads\/sites\/4\/2022\/01\/23205137\/nbGDm7JM0nN8TVwl74uP7l9qv-scaled.png","type":"image\/png"}],"twitter_card":"summary_large_image","schema":{"@context":"https:\/\/schema.org","@graph":[{"@type":"WebPage","@id":"https:\/\/anetaprofessional.com\/no\/produkt\/scanstrip-dim50-driver\/","url":"https:\/\/anetaprofessional.com\/no\/produkt\/scanstrip-dim50-driver\/","name":"Scanstrip DIM50 driver - Aneta Professional","isPartOf":{"@id":"https:\/\/anetaprofessional.com\/no\/#website"},"primaryImageOfPage":{"@id":"https:\/\/anetaprofessional.com\/no\/produkt\/scanstrip-dim50-driver\/#primaryimage"},"image":{"@id":"https:\/\/anetaprofessional.com\/no\/produkt\/scanstrip-dim50-driver\/#primaryimage"},"thumbnailUrl":"https:\/\/dbud83cwgulta.cloudfront.net\/wp-content\/uploads\/sites\/4\/2022\/01\/23205137\/nbGDm7JM0nN8TVwl74uP7l9qv-scaled.png","datePublished":"2022-01-09T16:35:02+00:00","dateModified":"2026-03-25T07:49:37+00:00","breadcrumb":{"@id":"https:\/\/anetaprofessional.com\/no\/produkt\/scanstrip-dim50-driver\/#breadcrumb"},"inLanguage":"nb-NO","potentialAction":[{"@type":"ReadAction","target":["https:\/\/anetaprofessional.com\/no\/produkt\/scanstrip-dim50-driver\/"]}]},{"@type":"ImageObject","inLanguage":"nb-NO","@id":"https:\/\/anetaprofessional.com\/no\/produkt\/scanstrip-dim50-driver\/#primaryimage","url":"https:\/\/dbud83cwgulta.cloudfront.net\/wp-content\/uploads\/sites\/4\/2022\/01\/23205137\/nbGDm7JM0nN8TVwl74uP7l9qv-scaled.png","contentUrl":"https:\/\/dbud83cwgulta.cloudfront.net\/wp-content\/uploads\/sites\/4\/2022\/01\/23205137\/nbGDm7JM0nN8TVwl74uP7l9qv-scaled.png","width":2560,"height":2199},{"@type":"BreadcrumbList","@id":"https:\/\/anetaprofessional.com\/no\/produkt\/scanstrip-dim50-driver\/#breadcrumb","itemListElement":[{"@type":"ListItem","position":1,"name":"Forsiden","item":"https:\/\/anetaprofessional.com\/no\/"},{"@type":"ListItem","position":2,"name":"Katalog","item":"https:\/\/anetaprofessional.com\/no\/katalog\/"},{"@type":"ListItem","position":3,"name":"Scanstrip DIM50 driver"}]},{"@type":"WebSite","@id":"https:\/\/anetaprofessional.com\/no\/#website","url":"https:\/\/anetaprofessional.com\/no\/","name":"Aneta Professional","description":"Skandinavias ledende lampegrossist","publisher":{"@id":"https:\/\/anetaprofessional.com\/no\/#organization"},"potentialAction":[{"@type":"SearchAction","target":{"@type":"EntryPoint","urlTemplate":"https:\/\/anetaprofessional.com\/no\/?s={search_term_string}"},"query-input":{"@type":"PropertyValueSpecification","valueRequired":true,"valueName":"search_term_string"}}],"inLanguage":"nb-NO"},{"@type":"Organization","@id":"https:\/\/anetaprofessional.com\/no\/#organization","name":"Aneta Professional","url":"https:\/\/anetaprofessional.com\/no\/","logo":{"@type":"ImageObject","inLanguage":"nb-NO","@id":"https:\/\/anetaprofessional.com\/no\/#\/schema\/logo\/image\/","url":"https:\/\/dbud83cwgulta.cloudfront.net\/wp-content\/uploads\/sites\/4\/2022\/05\/19120143\/ANETA-PRO-logo-RGB_hvit.png","contentUrl":"https:\/\/dbud83cwgulta.cloudfront.net\/wp-content\/uploads\/sites\/4\/2022\/05\/19120143\/ANETA-PRO-logo-RGB_hvit.png","width":1201,"height":487,"caption":"Aneta Professional"},"image":{"@id":"https:\/\/anetaprofessional.com\/no\/#\/schema\/logo\/image\/"}}]}},"_links":{"self":[{"href":"https:\/\/anetaprofessional.com\/no\/wp-json\/wp\/v2\/product\/7664","targetHints":{"allow":["GET"]}}],"collection":[{"href":"https:\/\/anetaprofessional.com\/no\/wp-json\/wp\/v2\/product"}],"about":[{"href":"https:\/\/anetaprofessional.com\/no\/wp-json\/wp\/v2\/types\/product"}],"wp:featuredmedia":[{"embeddable":true,"href":"https:\/\/anetaprofessional.com\/no\/wp-json\/wp\/v2\/media\/13905"}],"wp:attachment":[{"href":"https:\/\/anetaprofessional.com\/no\/wp-json\/wp\/v2\/media?parent=7664"}],"wp:term":[{"taxonomy":"product_tag","embeddable":true,"href":"https:\/\/anetaprofessional.com\/no\/wp-json\/wp\/v2\/product_tag?post=7664"},{"taxonomy":"product_brand","embeddable":true,"href":"https:\/\/anetaprofessional.com\/no\/wp-json\/wp\/v2\/product_brand?post=7664"},{"taxonomy":"product_cat","embeddable":true,"href":"https:\/\/anetaprofessional.com\/no\/wp-json\/wp\/v2\/product_cat?post=7664"}],"curies":[{"name":"wp","href":"https:\/\/api.w.org\/{rel}","templated":true}]}}