{"id":8474,"date":"2022-01-09T17:39:07","date_gmt":"2022-01-09T16:39:07","guid":{"rendered":"https:\/\/anetaprofessional.com\/no\/produkt\/trackline-flat-1-spot-hvit\/"},"modified":"2026-03-25T08:49:43","modified_gmt":"2026-03-25T07:49:43","slug":"trackline-flat-1-spot-hvit","status":"publish","type":"product","link":"https:\/\/anetaprofessional.com\/no\/produkt\/trackline-flat-1-spot-hvit\/","title":{"rendered":"TRACKLINE Flat 1-spot"},"content":{"rendered":"<p>Aneta Lighting TRACKLINE Flat, 1-spot, hvit. Trackline Skinnesystem fra Aneta Lighting tilpasses og settes sammen etter \u00f8nske og behov. Skinnene kan skj\u00f8tes sammen p\u00e5 rekke eller kappes til \u00f8nsket lengde. Skinnene skj\u00f8tes med rett, vinklet h\u00f8yre, vinklet venstre, T-skj\u00f8t eller fleksibel skj\u00f8t. Koble til str\u00f8m enten i enden av skinnen eller mellom skinnene med midttilkobling. Avslutt skinnerekken med et endestykke. Sett inn spotter p\u00e5 skinnen etter behov og juster retningen p\u00e5 lyset. Trackline skinnesystem fra Aneta Lighting har spotter som passer de fleste. Enten det skal v\u00e6re et tradisjonelt spothode med GU10 sokkel for valgfri lyskilde eller spothoder med integrerte dimbare LED lyskilder.<\/p>\n","protected":false},"excerpt":{"rendered":"<p>Aneta Lighting TRACKLINE Flat, 1-spot, hvit. Trackline Skinnesystem fra Aneta Lighting tilpasses og settes sammen etter \u00f8nske og behov. Skinnene kan skj\u00f8tes sammen p\u00e5 rekke eller kappes til \u00f8nsket lengde. Skinnene skj\u00f8tes med rett, vinklet h\u00f8yre, vinklet venstre, T-skj\u00f8t eller fleksibel skj\u00f8t. Koble til str\u00f8m enten i enden av skinnen eller mellom skinnene med midttilkobling. Avslutt skinnerekken med et endestykke. Sett inn spotter p\u00e5 skinnen etter behov og juster retningen p\u00e5 lyset. Trackline skinnesystem fra Aneta Lighting har spotter som passer de fleste. Enten det skal v\u00e6re et tradisjonelt spothode med GU10 sokkel for valgfri lyskilde eller spothoder med integrerte dimbare LED lyskilder.<\/p>\n","protected":false},"featured_media":13921,"template":"","meta":{"_acf_changed":false,"inline_featured_image":false},"product_tag":[17669],"product_brand":[],"product_cat":[40312],"class_list":{"0":"post-8474","1":"product","2":"type-product","3":"status-publish","4":"has-post-thumbnail","6":"product_tag-outlet","7":"product_cat-home-skinnesystem","9":"first","10":"instock","11":"taxable","12":"shipping-taxable","13":"product-type-simple"},"acf":[],"yoast_head":"<!-- This site is optimized with the Yoast SEO plugin v27.3 - https:\/\/yoast.com\/product\/yoast-seo-wordpress\/ -->\n<title>TRACKLINE Flat 1-spot - Aneta Professional<\/title>\n<meta name=\"robots\" content=\"index, follow, max-snippet:-1, max-image-preview:large, max-video-preview:-1\" \/>\n<link rel=\"canonical\" href=\"https:\/\/anetaprofessional.com\/no\/produkt\/trackline-flat-1-spot-hvit\/\" \/>\n<meta property=\"og:locale\" content=\"nb_NO\" \/>\n<meta property=\"og:type\" content=\"article\" \/>\n<meta property=\"og:title\" content=\"TRACKLINE Flat 1-spot - Aneta Professional\" \/>\n<meta property=\"og:description\" content=\"Aneta Lighting TRACKLINE Flat, 1-spot, hvit. Trackline Skinnesystem fra Aneta Lighting tilpasses og settes sammen etter \u00f8nske og behov. Skinnene kan skj\u00f8tes sammen p\u00e5 rekke eller kappes til \u00f8nsket lengde. Skinnene skj\u00f8tes med rett, vinklet h\u00f8yre, vinklet venstre, T-skj\u00f8t eller fleksibel skj\u00f8t. Koble til str\u00f8m enten i enden av skinnen eller mellom skinnene med midttilkobling. Avslutt skinnerekken med et endestykke. Sett inn spotter p\u00e5 skinnen etter behov og juster retningen p\u00e5 lyset. Trackline skinnesystem fra Aneta Lighting har spotter som passer de fleste. Enten det skal v\u00e6re et tradisjonelt spothode med GU10 sokkel for valgfri lyskilde eller spothoder med integrerte dimbare LED lyskilder.\" \/>\n<meta property=\"og:url\" content=\"https:\/\/anetaprofessional.com\/no\/produkt\/trackline-flat-1-spot-hvit\/\" \/>\n<meta property=\"og:site_name\" content=\"Aneta Professional\" \/>\n<meta property=\"article:modified_time\" content=\"2026-03-25T07:49:43+00:00\" \/>\n<meta property=\"og:image\" content=\"https:\/\/dbud83cwgulta.cloudfront.net\/wp-content\/uploads\/sites\/4\/2022\/01\/23205330\/cIMKiJtHyIPZ7j1jQBl0NM9Ij.png\" \/>\n\t<meta property=\"og:image:width\" content=\"1742\" \/>\n\t<meta property=\"og:image:height\" content=\"770\" \/>\n\t<meta property=\"og:image:type\" content=\"image\/png\" \/>\n<meta name=\"twitter:card\" content=\"summary_large_image\" \/>\n<meta name=\"twitter:label1\" content=\"Ansl. lesetid\" \/>\n\t<meta name=\"twitter:data1\" content=\"1 minutt\" \/>\n<script type=\"application\/ld+json\" class=\"yoast-schema-graph\">{\"@context\":\"https:\\\/\\\/schema.org\",\"@graph\":[{\"@type\":\"WebPage\",\"@id\":\"https:\\\/\\\/anetaprofessional.com\\\/no\\\/produkt\\\/trackline-flat-1-spot-hvit\\\/\",\"url\":\"https:\\\/\\\/anetaprofessional.com\\\/no\\\/produkt\\\/trackline-flat-1-spot-hvit\\\/\",\"name\":\"TRACKLINE Flat 1-spot - Aneta Professional\",\"isPartOf\":{\"@id\":\"https:\\\/\\\/anetaprofessional.com\\\/no\\\/#website\"},\"primaryImageOfPage\":{\"@id\":\"https:\\\/\\\/anetaprofessional.com\\\/no\\\/produkt\\\/trackline-flat-1-spot-hvit\\\/#primaryimage\"},\"image\":{\"@id\":\"https:\\\/\\\/anetaprofessional.com\\\/no\\\/produkt\\\/trackline-flat-1-spot-hvit\\\/#primaryimage\"},\"thumbnailUrl\":\"https:\\\/\\\/dbud83cwgulta.cloudfront.net\\\/wp-content\\\/uploads\\\/sites\\\/4\\\/2022\\\/01\\\/23205330\\\/cIMKiJtHyIPZ7j1jQBl0NM9Ij.png\",\"datePublished\":\"2022-01-09T16:39:07+00:00\",\"dateModified\":\"2026-03-25T07:49:43+00:00\",\"breadcrumb\":{\"@id\":\"https:\\\/\\\/anetaprofessional.com\\\/no\\\/produkt\\\/trackline-flat-1-spot-hvit\\\/#breadcrumb\"},\"inLanguage\":\"nb-NO\",\"potentialAction\":[{\"@type\":\"ReadAction\",\"target\":[\"https:\\\/\\\/anetaprofessional.com\\\/no\\\/produkt\\\/trackline-flat-1-spot-hvit\\\/\"]}]},{\"@type\":\"ImageObject\",\"inLanguage\":\"nb-NO\",\"@id\":\"https:\\\/\\\/anetaprofessional.com\\\/no\\\/produkt\\\/trackline-flat-1-spot-hvit\\\/#primaryimage\",\"url\":\"https:\\\/\\\/dbud83cwgulta.cloudfront.net\\\/wp-content\\\/uploads\\\/sites\\\/4\\\/2022\\\/01\\\/23205330\\\/cIMKiJtHyIPZ7j1jQBl0NM9Ij.png\",\"contentUrl\":\"https:\\\/\\\/dbud83cwgulta.cloudfront.net\\\/wp-content\\\/uploads\\\/sites\\\/4\\\/2022\\\/01\\\/23205330\\\/cIMKiJtHyIPZ7j1jQBl0NM9Ij.png\",\"width\":1742,\"height\":770},{\"@type\":\"BreadcrumbList\",\"@id\":\"https:\\\/\\\/anetaprofessional.com\\\/no\\\/produkt\\\/trackline-flat-1-spot-hvit\\\/#breadcrumb\",\"itemListElement\":[{\"@type\":\"ListItem\",\"position\":1,\"name\":\"Forsiden\",\"item\":\"https:\\\/\\\/anetaprofessional.com\\\/no\\\/\"},{\"@type\":\"ListItem\",\"position\":2,\"name\":\"Katalog\",\"item\":\"https:\\\/\\\/anetaprofessional.com\\\/no\\\/katalog\\\/\"},{\"@type\":\"ListItem\",\"position\":3,\"name\":\"TRACKLINE Flat 1-spot\"}]},{\"@type\":\"WebSite\",\"@id\":\"https:\\\/\\\/anetaprofessional.com\\\/no\\\/#website\",\"url\":\"https:\\\/\\\/anetaprofessional.com\\\/no\\\/\",\"name\":\"Aneta Professional\",\"description\":\"Skandinavias ledende lampegrossist\",\"publisher\":{\"@id\":\"https:\\\/\\\/anetaprofessional.com\\\/no\\\/#organization\"},\"potentialAction\":[{\"@type\":\"SearchAction\",\"target\":{\"@type\":\"EntryPoint\",\"urlTemplate\":\"https:\\\/\\\/anetaprofessional.com\\\/no\\\/?s={search_term_string}\"},\"query-input\":{\"@type\":\"PropertyValueSpecification\",\"valueRequired\":true,\"valueName\":\"search_term_string\"}}],\"inLanguage\":\"nb-NO\"},{\"@type\":\"Organization\",\"@id\":\"https:\\\/\\\/anetaprofessional.com\\\/no\\\/#organization\",\"name\":\"Aneta Professional\",\"url\":\"https:\\\/\\\/anetaprofessional.com\\\/no\\\/\",\"logo\":{\"@type\":\"ImageObject\",\"inLanguage\":\"nb-NO\",\"@id\":\"https:\\\/\\\/anetaprofessional.com\\\/no\\\/#\\\/schema\\\/logo\\\/image\\\/\",\"url\":\"https:\\\/\\\/dbud83cwgulta.cloudfront.net\\\/wp-content\\\/uploads\\\/sites\\\/4\\\/2022\\\/05\\\/19120143\\\/ANETA-PRO-logo-RGB_hvit.png\",\"contentUrl\":\"https:\\\/\\\/dbud83cwgulta.cloudfront.net\\\/wp-content\\\/uploads\\\/sites\\\/4\\\/2022\\\/05\\\/19120143\\\/ANETA-PRO-logo-RGB_hvit.png\",\"width\":1201,\"height\":487,\"caption\":\"Aneta Professional\"},\"image\":{\"@id\":\"https:\\\/\\\/anetaprofessional.com\\\/no\\\/#\\\/schema\\\/logo\\\/image\\\/\"}}]}<\/script>\n<!-- \/ Yoast SEO plugin. -->","yoast_head_json":{"title":"TRACKLINE Flat 1-spot - Aneta Professional","robots":{"index":"index","follow":"follow","max-snippet":"max-snippet:-1","max-image-preview":"max-image-preview:large","max-video-preview":"max-video-preview:-1"},"canonical":"https:\/\/anetaprofessional.com\/no\/produkt\/trackline-flat-1-spot-hvit\/","og_locale":"nb_NO","og_type":"article","og_title":"TRACKLINE Flat 1-spot - Aneta Professional","og_description":"Aneta Lighting TRACKLINE Flat, 1-spot, hvit. Trackline Skinnesystem fra Aneta Lighting tilpasses og settes sammen etter \u00f8nske og behov. Skinnene kan skj\u00f8tes sammen p\u00e5 rekke eller kappes til \u00f8nsket lengde. Skinnene skj\u00f8tes med rett, vinklet h\u00f8yre, vinklet venstre, T-skj\u00f8t eller fleksibel skj\u00f8t. Koble til str\u00f8m enten i enden av skinnen eller mellom skinnene med midttilkobling. Avslutt skinnerekken med et endestykke. Sett inn spotter p\u00e5 skinnen etter behov og juster retningen p\u00e5 lyset. Trackline skinnesystem fra Aneta Lighting har spotter som passer de fleste. Enten det skal v\u00e6re et tradisjonelt spothode med GU10 sokkel for valgfri lyskilde eller spothoder med integrerte dimbare LED lyskilder.","og_url":"https:\/\/anetaprofessional.com\/no\/produkt\/trackline-flat-1-spot-hvit\/","og_site_name":"Aneta Professional","article_modified_time":"2026-03-25T07:49:43+00:00","og_image":[{"width":1742,"height":770,"url":"https:\/\/dbud83cwgulta.cloudfront.net\/wp-content\/uploads\/sites\/4\/2022\/01\/23205330\/cIMKiJtHyIPZ7j1jQBl0NM9Ij.png","type":"image\/png"}],"twitter_card":"summary_large_image","twitter_misc":{"Ansl. lesetid":"1 minutt"},"schema":{"@context":"https:\/\/schema.org","@graph":[{"@type":"WebPage","@id":"https:\/\/anetaprofessional.com\/no\/produkt\/trackline-flat-1-spot-hvit\/","url":"https:\/\/anetaprofessional.com\/no\/produkt\/trackline-flat-1-spot-hvit\/","name":"TRACKLINE Flat 1-spot - Aneta Professional","isPartOf":{"@id":"https:\/\/anetaprofessional.com\/no\/#website"},"primaryImageOfPage":{"@id":"https:\/\/anetaprofessional.com\/no\/produkt\/trackline-flat-1-spot-hvit\/#primaryimage"},"image":{"@id":"https:\/\/anetaprofessional.com\/no\/produkt\/trackline-flat-1-spot-hvit\/#primaryimage"},"thumbnailUrl":"https:\/\/dbud83cwgulta.cloudfront.net\/wp-content\/uploads\/sites\/4\/2022\/01\/23205330\/cIMKiJtHyIPZ7j1jQBl0NM9Ij.png","datePublished":"2022-01-09T16:39:07+00:00","dateModified":"2026-03-25T07:49:43+00:00","breadcrumb":{"@id":"https:\/\/anetaprofessional.com\/no\/produkt\/trackline-flat-1-spot-hvit\/#breadcrumb"},"inLanguage":"nb-NO","potentialAction":[{"@type":"ReadAction","target":["https:\/\/anetaprofessional.com\/no\/produkt\/trackline-flat-1-spot-hvit\/"]}]},{"@type":"ImageObject","inLanguage":"nb-NO","@id":"https:\/\/anetaprofessional.com\/no\/produkt\/trackline-flat-1-spot-hvit\/#primaryimage","url":"https:\/\/dbud83cwgulta.cloudfront.net\/wp-content\/uploads\/sites\/4\/2022\/01\/23205330\/cIMKiJtHyIPZ7j1jQBl0NM9Ij.png","contentUrl":"https:\/\/dbud83cwgulta.cloudfront.net\/wp-content\/uploads\/sites\/4\/2022\/01\/23205330\/cIMKiJtHyIPZ7j1jQBl0NM9Ij.png","width":1742,"height":770},{"@type":"BreadcrumbList","@id":"https:\/\/anetaprofessional.com\/no\/produkt\/trackline-flat-1-spot-hvit\/#breadcrumb","itemListElement":[{"@type":"ListItem","position":1,"name":"Forsiden","item":"https:\/\/anetaprofessional.com\/no\/"},{"@type":"ListItem","position":2,"name":"Katalog","item":"https:\/\/anetaprofessional.com\/no\/katalog\/"},{"@type":"ListItem","position":3,"name":"TRACKLINE Flat 1-spot"}]},{"@type":"WebSite","@id":"https:\/\/anetaprofessional.com\/no\/#website","url":"https:\/\/anetaprofessional.com\/no\/","name":"Aneta Professional","description":"Skandinavias ledende lampegrossist","publisher":{"@id":"https:\/\/anetaprofessional.com\/no\/#organization"},"potentialAction":[{"@type":"SearchAction","target":{"@type":"EntryPoint","urlTemplate":"https:\/\/anetaprofessional.com\/no\/?s={search_term_string}"},"query-input":{"@type":"PropertyValueSpecification","valueRequired":true,"valueName":"search_term_string"}}],"inLanguage":"nb-NO"},{"@type":"Organization","@id":"https:\/\/anetaprofessional.com\/no\/#organization","name":"Aneta Professional","url":"https:\/\/anetaprofessional.com\/no\/","logo":{"@type":"ImageObject","inLanguage":"nb-NO","@id":"https:\/\/anetaprofessional.com\/no\/#\/schema\/logo\/image\/","url":"https:\/\/dbud83cwgulta.cloudfront.net\/wp-content\/uploads\/sites\/4\/2022\/05\/19120143\/ANETA-PRO-logo-RGB_hvit.png","contentUrl":"https:\/\/dbud83cwgulta.cloudfront.net\/wp-content\/uploads\/sites\/4\/2022\/05\/19120143\/ANETA-PRO-logo-RGB_hvit.png","width":1201,"height":487,"caption":"Aneta Professional"},"image":{"@id":"https:\/\/anetaprofessional.com\/no\/#\/schema\/logo\/image\/"}}]}},"_links":{"self":[{"href":"https:\/\/anetaprofessional.com\/no\/wp-json\/wp\/v2\/product\/8474","targetHints":{"allow":["GET"]}}],"collection":[{"href":"https:\/\/anetaprofessional.com\/no\/wp-json\/wp\/v2\/product"}],"about":[{"href":"https:\/\/anetaprofessional.com\/no\/wp-json\/wp\/v2\/types\/product"}],"wp:featuredmedia":[{"embeddable":true,"href":"https:\/\/anetaprofessional.com\/no\/wp-json\/wp\/v2\/media\/13921"}],"wp:attachment":[{"href":"https:\/\/anetaprofessional.com\/no\/wp-json\/wp\/v2\/media?parent=8474"}],"wp:term":[{"taxonomy":"product_tag","embeddable":true,"href":"https:\/\/anetaprofessional.com\/no\/wp-json\/wp\/v2\/product_tag?post=8474"},{"taxonomy":"product_brand","embeddable":true,"href":"https:\/\/anetaprofessional.com\/no\/wp-json\/wp\/v2\/product_brand?post=8474"},{"taxonomy":"product_cat","embeddable":true,"href":"https:\/\/anetaprofessional.com\/no\/wp-json\/wp\/v2\/product_cat?post=8474"}],"curies":[{"name":"wp","href":"https:\/\/api.w.org\/{rel}","templated":true}]}}