{"id":8595,"date":"2022-01-09T17:39:50","date_gmt":"2022-01-09T16:39:50","guid":{"rendered":"https:\/\/anetaprofessional.com\/no\/produkt\/carpatica-taklampe-60-cm-hvit\/"},"modified":"2026-04-14T03:56:47","modified_gmt":"2026-04-14T01:56:47","slug":"carpatica-taklampe-60-cm-hvit","status":"publish","type":"product","link":"https:\/\/anetaprofessional.com\/no\/produkt\/carpatica-taklampe-60-cm-hvit\/","title":{"rendered":"CARPATICA taklampe \u00d860"},"content":{"rendered":"<p>Carpatica taklampe i hvit. Takpendelens hovedmateriale er plast og henges opp i taket p\u00e5 krok og kobles enkelt til str\u00f8m med koblingsklemme. Den kan justeres til \u00f8nsket h\u00f8yde med 130 cm ledning. Max wattstyrke er 60W. Stilren lampe med et klassisk og tidl\u00f8st design. St\u00f8rrelsen egner seg godt over et st\u00f8rre spisebord.<\/p>\n","protected":false},"excerpt":{"rendered":"<p>Carpatica taklampe i hvit. Takpendelens hovedmateriale er plast og henges opp i taket p\u00e5 krok og kobles enkelt til str\u00f8m med koblingsklemme. Den kan justeres til \u00f8nsket h\u00f8yde med 130 cm ledning. Max wattstyrke er 60W. Stilren lampe med et klassisk og tidl\u00f8st design. St\u00f8rrelsen egner seg godt over et st\u00f8rre spisebord.<\/p>\n","protected":false},"featured_media":13566,"template":"","meta":{"_acf_changed":false,"inline_featured_image":false},"product_tag":[],"product_brand":[],"product_cat":[40315],"class_list":{"0":"post-8595","1":"product","2":"type-product","3":"status-publish","4":"has-post-thumbnail","6":"product_cat-home-taklamper","8":"first","9":"instock","10":"taxable","11":"shipping-taxable","12":"product-type-simple"},"acf":[],"yoast_head":"<!-- This site is optimized with the Yoast SEO plugin v27.3 - https:\/\/yoast.com\/product\/yoast-seo-wordpress\/ -->\n<title>CARPATICA taklampe \u00d860 - Aneta Professional<\/title>\n<meta name=\"robots\" content=\"index, follow, max-snippet:-1, max-image-preview:large, max-video-preview:-1\" \/>\n<link rel=\"canonical\" href=\"https:\/\/anetaprofessional.com\/no\/produkt\/carpatica-taklampe-60-cm-hvit\/\" \/>\n<meta property=\"og:locale\" content=\"nb_NO\" \/>\n<meta property=\"og:type\" content=\"article\" \/>\n<meta property=\"og:title\" content=\"CARPATICA taklampe \u00d860 - Aneta Professional\" \/>\n<meta property=\"og:description\" content=\"Carpatica taklampe i hvit. Takpendelens hovedmateriale er plast og henges opp i taket p\u00e5 krok og kobles enkelt til str\u00f8m med koblingsklemme. Den kan justeres til \u00f8nsket h\u00f8yde med 130 cm ledning. Max wattstyrke er 60W. Stilren lampe med et klassisk og tidl\u00f8st design. St\u00f8rrelsen egner seg godt over et st\u00f8rre spisebord.\" \/>\n<meta property=\"og:url\" content=\"https:\/\/anetaprofessional.com\/no\/produkt\/carpatica-taklampe-60-cm-hvit\/\" \/>\n<meta property=\"og:site_name\" content=\"Aneta Professional\" \/>\n<meta property=\"article:modified_time\" content=\"2026-04-14T01:56:47+00:00\" \/>\n<meta property=\"og:image\" content=\"https:\/\/dbud83cwgulta.cloudfront.net\/wp-content\/uploads\/sites\/4\/2022\/01\/23194244\/azBIkB20O8rfPF1GBZphBVnyl-683x1024.png\" \/>\n\t<meta property=\"og:image:width\" content=\"683\" \/>\n\t<meta property=\"og:image:height\" content=\"1024\" \/>\n\t<meta property=\"og:image:type\" content=\"image\/png\" \/>\n<meta name=\"twitter:card\" content=\"summary_large_image\" \/>\n<script type=\"application\/ld+json\" class=\"yoast-schema-graph\">{\"@context\":\"https:\\\/\\\/schema.org\",\"@graph\":[{\"@type\":\"WebPage\",\"@id\":\"https:\\\/\\\/anetaprofessional.com\\\/no\\\/produkt\\\/carpatica-taklampe-60-cm-hvit\\\/\",\"url\":\"https:\\\/\\\/anetaprofessional.com\\\/no\\\/produkt\\\/carpatica-taklampe-60-cm-hvit\\\/\",\"name\":\"CARPATICA taklampe \u00d860 - Aneta Professional\",\"isPartOf\":{\"@id\":\"https:\\\/\\\/anetaprofessional.com\\\/no\\\/#website\"},\"primaryImageOfPage\":{\"@id\":\"https:\\\/\\\/anetaprofessional.com\\\/no\\\/produkt\\\/carpatica-taklampe-60-cm-hvit\\\/#primaryimage\"},\"image\":{\"@id\":\"https:\\\/\\\/anetaprofessional.com\\\/no\\\/produkt\\\/carpatica-taklampe-60-cm-hvit\\\/#primaryimage\"},\"thumbnailUrl\":\"https:\\\/\\\/dbud83cwgulta.cloudfront.net\\\/wp-content\\\/uploads\\\/sites\\\/4\\\/2022\\\/01\\\/23194244\\\/azBIkB20O8rfPF1GBZphBVnyl.png\",\"datePublished\":\"2022-01-09T16:39:50+00:00\",\"dateModified\":\"2026-04-14T01:56:47+00:00\",\"breadcrumb\":{\"@id\":\"https:\\\/\\\/anetaprofessional.com\\\/no\\\/produkt\\\/carpatica-taklampe-60-cm-hvit\\\/#breadcrumb\"},\"inLanguage\":\"nb-NO\",\"potentialAction\":[{\"@type\":\"ReadAction\",\"target\":[\"https:\\\/\\\/anetaprofessional.com\\\/no\\\/produkt\\\/carpatica-taklampe-60-cm-hvit\\\/\"]}]},{\"@type\":\"ImageObject\",\"inLanguage\":\"nb-NO\",\"@id\":\"https:\\\/\\\/anetaprofessional.com\\\/no\\\/produkt\\\/carpatica-taklampe-60-cm-hvit\\\/#primaryimage\",\"url\":\"https:\\\/\\\/dbud83cwgulta.cloudfront.net\\\/wp-content\\\/uploads\\\/sites\\\/4\\\/2022\\\/01\\\/23194244\\\/azBIkB20O8rfPF1GBZphBVnyl.png\",\"contentUrl\":\"https:\\\/\\\/dbud83cwgulta.cloudfront.net\\\/wp-content\\\/uploads\\\/sites\\\/4\\\/2022\\\/01\\\/23194244\\\/azBIkB20O8rfPF1GBZphBVnyl.png\",\"width\":4252,\"height\":6378},{\"@type\":\"BreadcrumbList\",\"@id\":\"https:\\\/\\\/anetaprofessional.com\\\/no\\\/produkt\\\/carpatica-taklampe-60-cm-hvit\\\/#breadcrumb\",\"itemListElement\":[{\"@type\":\"ListItem\",\"position\":1,\"name\":\"Forsiden\",\"item\":\"https:\\\/\\\/anetaprofessional.com\\\/no\\\/\"},{\"@type\":\"ListItem\",\"position\":2,\"name\":\"Katalog\",\"item\":\"https:\\\/\\\/anetaprofessional.com\\\/no\\\/katalog\\\/\"},{\"@type\":\"ListItem\",\"position\":3,\"name\":\"CARPATICA taklampe \u00d860\"}]},{\"@type\":\"WebSite\",\"@id\":\"https:\\\/\\\/anetaprofessional.com\\\/no\\\/#website\",\"url\":\"https:\\\/\\\/anetaprofessional.com\\\/no\\\/\",\"name\":\"Aneta Professional\",\"description\":\"Skandinavias ledende lampegrossist\",\"publisher\":{\"@id\":\"https:\\\/\\\/anetaprofessional.com\\\/no\\\/#organization\"},\"potentialAction\":[{\"@type\":\"SearchAction\",\"target\":{\"@type\":\"EntryPoint\",\"urlTemplate\":\"https:\\\/\\\/anetaprofessional.com\\\/no\\\/?s={search_term_string}\"},\"query-input\":{\"@type\":\"PropertyValueSpecification\",\"valueRequired\":true,\"valueName\":\"search_term_string\"}}],\"inLanguage\":\"nb-NO\"},{\"@type\":\"Organization\",\"@id\":\"https:\\\/\\\/anetaprofessional.com\\\/no\\\/#organization\",\"name\":\"Aneta Professional\",\"url\":\"https:\\\/\\\/anetaprofessional.com\\\/no\\\/\",\"logo\":{\"@type\":\"ImageObject\",\"inLanguage\":\"nb-NO\",\"@id\":\"https:\\\/\\\/anetaprofessional.com\\\/no\\\/#\\\/schema\\\/logo\\\/image\\\/\",\"url\":\"https:\\\/\\\/dbud83cwgulta.cloudfront.net\\\/wp-content\\\/uploads\\\/sites\\\/4\\\/2022\\\/05\\\/19120143\\\/ANETA-PRO-logo-RGB_hvit.png\",\"contentUrl\":\"https:\\\/\\\/dbud83cwgulta.cloudfront.net\\\/wp-content\\\/uploads\\\/sites\\\/4\\\/2022\\\/05\\\/19120143\\\/ANETA-PRO-logo-RGB_hvit.png\",\"width\":1201,\"height\":487,\"caption\":\"Aneta Professional\"},\"image\":{\"@id\":\"https:\\\/\\\/anetaprofessional.com\\\/no\\\/#\\\/schema\\\/logo\\\/image\\\/\"}}]}<\/script>\n<!-- \/ Yoast SEO plugin. -->","yoast_head_json":{"title":"CARPATICA taklampe \u00d860 - Aneta Professional","robots":{"index":"index","follow":"follow","max-snippet":"max-snippet:-1","max-image-preview":"max-image-preview:large","max-video-preview":"max-video-preview:-1"},"canonical":"https:\/\/anetaprofessional.com\/no\/produkt\/carpatica-taklampe-60-cm-hvit\/","og_locale":"nb_NO","og_type":"article","og_title":"CARPATICA taklampe \u00d860 - Aneta Professional","og_description":"Carpatica taklampe i hvit. Takpendelens hovedmateriale er plast og henges opp i taket p\u00e5 krok og kobles enkelt til str\u00f8m med koblingsklemme. Den kan justeres til \u00f8nsket h\u00f8yde med 130 cm ledning. Max wattstyrke er 60W. Stilren lampe med et klassisk og tidl\u00f8st design. St\u00f8rrelsen egner seg godt over et st\u00f8rre spisebord.","og_url":"https:\/\/anetaprofessional.com\/no\/produkt\/carpatica-taklampe-60-cm-hvit\/","og_site_name":"Aneta Professional","article_modified_time":"2026-04-14T01:56:47+00:00","og_image":[{"width":683,"height":1024,"url":"https:\/\/dbud83cwgulta.cloudfront.net\/wp-content\/uploads\/sites\/4\/2022\/01\/23194244\/azBIkB20O8rfPF1GBZphBVnyl-683x1024.png","type":"image\/png"}],"twitter_card":"summary_large_image","schema":{"@context":"https:\/\/schema.org","@graph":[{"@type":"WebPage","@id":"https:\/\/anetaprofessional.com\/no\/produkt\/carpatica-taklampe-60-cm-hvit\/","url":"https:\/\/anetaprofessional.com\/no\/produkt\/carpatica-taklampe-60-cm-hvit\/","name":"CARPATICA taklampe \u00d860 - Aneta Professional","isPartOf":{"@id":"https:\/\/anetaprofessional.com\/no\/#website"},"primaryImageOfPage":{"@id":"https:\/\/anetaprofessional.com\/no\/produkt\/carpatica-taklampe-60-cm-hvit\/#primaryimage"},"image":{"@id":"https:\/\/anetaprofessional.com\/no\/produkt\/carpatica-taklampe-60-cm-hvit\/#primaryimage"},"thumbnailUrl":"https:\/\/dbud83cwgulta.cloudfront.net\/wp-content\/uploads\/sites\/4\/2022\/01\/23194244\/azBIkB20O8rfPF1GBZphBVnyl.png","datePublished":"2022-01-09T16:39:50+00:00","dateModified":"2026-04-14T01:56:47+00:00","breadcrumb":{"@id":"https:\/\/anetaprofessional.com\/no\/produkt\/carpatica-taklampe-60-cm-hvit\/#breadcrumb"},"inLanguage":"nb-NO","potentialAction":[{"@type":"ReadAction","target":["https:\/\/anetaprofessional.com\/no\/produkt\/carpatica-taklampe-60-cm-hvit\/"]}]},{"@type":"ImageObject","inLanguage":"nb-NO","@id":"https:\/\/anetaprofessional.com\/no\/produkt\/carpatica-taklampe-60-cm-hvit\/#primaryimage","url":"https:\/\/dbud83cwgulta.cloudfront.net\/wp-content\/uploads\/sites\/4\/2022\/01\/23194244\/azBIkB20O8rfPF1GBZphBVnyl.png","contentUrl":"https:\/\/dbud83cwgulta.cloudfront.net\/wp-content\/uploads\/sites\/4\/2022\/01\/23194244\/azBIkB20O8rfPF1GBZphBVnyl.png","width":4252,"height":6378},{"@type":"BreadcrumbList","@id":"https:\/\/anetaprofessional.com\/no\/produkt\/carpatica-taklampe-60-cm-hvit\/#breadcrumb","itemListElement":[{"@type":"ListItem","position":1,"name":"Forsiden","item":"https:\/\/anetaprofessional.com\/no\/"},{"@type":"ListItem","position":2,"name":"Katalog","item":"https:\/\/anetaprofessional.com\/no\/katalog\/"},{"@type":"ListItem","position":3,"name":"CARPATICA taklampe \u00d860"}]},{"@type":"WebSite","@id":"https:\/\/anetaprofessional.com\/no\/#website","url":"https:\/\/anetaprofessional.com\/no\/","name":"Aneta Professional","description":"Skandinavias ledende lampegrossist","publisher":{"@id":"https:\/\/anetaprofessional.com\/no\/#organization"},"potentialAction":[{"@type":"SearchAction","target":{"@type":"EntryPoint","urlTemplate":"https:\/\/anetaprofessional.com\/no\/?s={search_term_string}"},"query-input":{"@type":"PropertyValueSpecification","valueRequired":true,"valueName":"search_term_string"}}],"inLanguage":"nb-NO"},{"@type":"Organization","@id":"https:\/\/anetaprofessional.com\/no\/#organization","name":"Aneta Professional","url":"https:\/\/anetaprofessional.com\/no\/","logo":{"@type":"ImageObject","inLanguage":"nb-NO","@id":"https:\/\/anetaprofessional.com\/no\/#\/schema\/logo\/image\/","url":"https:\/\/dbud83cwgulta.cloudfront.net\/wp-content\/uploads\/sites\/4\/2022\/05\/19120143\/ANETA-PRO-logo-RGB_hvit.png","contentUrl":"https:\/\/dbud83cwgulta.cloudfront.net\/wp-content\/uploads\/sites\/4\/2022\/05\/19120143\/ANETA-PRO-logo-RGB_hvit.png","width":1201,"height":487,"caption":"Aneta Professional"},"image":{"@id":"https:\/\/anetaprofessional.com\/no\/#\/schema\/logo\/image\/"}}]}},"_links":{"self":[{"href":"https:\/\/anetaprofessional.com\/no\/wp-json\/wp\/v2\/product\/8595","targetHints":{"allow":["GET"]}}],"collection":[{"href":"https:\/\/anetaprofessional.com\/no\/wp-json\/wp\/v2\/product"}],"about":[{"href":"https:\/\/anetaprofessional.com\/no\/wp-json\/wp\/v2\/types\/product"}],"wp:featuredmedia":[{"embeddable":true,"href":"https:\/\/anetaprofessional.com\/no\/wp-json\/wp\/v2\/media\/13566"}],"wp:attachment":[{"href":"https:\/\/anetaprofessional.com\/no\/wp-json\/wp\/v2\/media?parent=8595"}],"wp:term":[{"taxonomy":"product_tag","embeddable":true,"href":"https:\/\/anetaprofessional.com\/no\/wp-json\/wp\/v2\/product_tag?post=8595"},{"taxonomy":"product_brand","embeddable":true,"href":"https:\/\/anetaprofessional.com\/no\/wp-json\/wp\/v2\/product_brand?post=8595"},{"taxonomy":"product_cat","embeddable":true,"href":"https:\/\/anetaprofessional.com\/no\/wp-json\/wp\/v2\/product_cat?post=8595"}],"curies":[{"name":"wp","href":"https:\/\/api.w.org\/{rel}","templated":true}]}}