{"id":8736,"date":"2022-01-09T17:40:50","date_gmt":"2022-01-09T16:40:50","guid":{"rendered":"https:\/\/anetaprofessional.com\/no\/produkt\/arendal-veggskjold-svart\/"},"modified":"2026-03-25T08:49:54","modified_gmt":"2026-03-25T07:49:54","slug":"arendal-veggskjold-svart","status":"publish","type":"product","link":"https:\/\/anetaprofessional.com\/no\/produkt\/arendal-veggskjold-svart\/","title":{"rendered":"ARENDAL vegglampe"},"content":{"rendered":"<p>Arendal vegglampe for utend\u00f8rs bruk i svart aluminium med deksler i klar plast. Kan dimmes med ekstern dimmer dersom dimbar lyskilde benyttes. Lysp\u00e6re medf\u00f8lger ikke. 60W maks wattstyrke. Str\u00f8mtilkobling med fast montering.<\/p>\n","protected":false},"excerpt":{"rendered":"<p>Arendal vegglampe for utend\u00f8rs bruk i svart aluminium med deksler i klar plast. Kan dimmes med ekstern dimmer dersom dimbar lyskilde benyttes. Lysp\u00e6re medf\u00f8lger ikke. 60W maks wattstyrke. Str\u00f8mtilkobling med fast montering.<\/p>\n","protected":false},"featured_media":13946,"template":"","meta":{"_acf_changed":false,"inline_featured_image":false},"product_tag":[],"product_brand":[],"product_cat":[40316],"class_list":{"0":"post-8736","1":"product","2":"type-product","3":"status-publish","4":"has-post-thumbnail","6":"product_cat-home-utelamper","8":"first","9":"instock","10":"taxable","11":"shipping-taxable","12":"product-type-simple"},"acf":[],"yoast_head":"<!-- This site is optimized with the Yoast SEO plugin v27.3 - https:\/\/yoast.com\/product\/yoast-seo-wordpress\/ -->\n<title>ARENDAL vegglampe - Aneta Professional<\/title>\n<meta name=\"robots\" content=\"index, follow, max-snippet:-1, max-image-preview:large, max-video-preview:-1\" \/>\n<link rel=\"canonical\" href=\"https:\/\/anetaprofessional.com\/no\/produkt\/arendal-veggskjold-svart\/\" \/>\n<meta property=\"og:locale\" content=\"nb_NO\" \/>\n<meta property=\"og:type\" content=\"article\" \/>\n<meta property=\"og:title\" content=\"ARENDAL vegglampe - Aneta Professional\" \/>\n<meta property=\"og:description\" content=\"Arendal vegglampe for utend\u00f8rs bruk i svart aluminium med deksler i klar plast. Kan dimmes med ekstern dimmer dersom dimbar lyskilde benyttes. Lysp\u00e6re medf\u00f8lger ikke. 60W maks wattstyrke. Str\u00f8mtilkobling med fast montering.\" \/>\n<meta property=\"og:url\" content=\"https:\/\/anetaprofessional.com\/no\/produkt\/arendal-veggskjold-svart\/\" \/>\n<meta property=\"og:site_name\" content=\"Aneta Professional\" \/>\n<meta property=\"article:modified_time\" content=\"2026-03-25T07:49:54+00:00\" \/>\n<meta property=\"og:image\" content=\"https:\/\/dbud83cwgulta.cloudfront.net\/wp-content\/uploads\/sites\/4\/2022\/01\/23205643\/Ybq4LIWkv9DbZfYZfvuEROzjt-scaled.png\" \/>\n\t<meta property=\"og:image:width\" content=\"1707\" \/>\n\t<meta property=\"og:image:height\" content=\"2560\" \/>\n\t<meta property=\"og:image:type\" content=\"image\/png\" \/>\n<meta name=\"twitter:card\" content=\"summary_large_image\" \/>\n<script type=\"application\/ld+json\" class=\"yoast-schema-graph\">{\"@context\":\"https:\\\/\\\/schema.org\",\"@graph\":[{\"@type\":\"WebPage\",\"@id\":\"https:\\\/\\\/anetaprofessional.com\\\/no\\\/produkt\\\/arendal-veggskjold-svart\\\/\",\"url\":\"https:\\\/\\\/anetaprofessional.com\\\/no\\\/produkt\\\/arendal-veggskjold-svart\\\/\",\"name\":\"ARENDAL vegglampe - Aneta Professional\",\"isPartOf\":{\"@id\":\"https:\\\/\\\/anetaprofessional.com\\\/no\\\/#website\"},\"primaryImageOfPage\":{\"@id\":\"https:\\\/\\\/anetaprofessional.com\\\/no\\\/produkt\\\/arendal-veggskjold-svart\\\/#primaryimage\"},\"image\":{\"@id\":\"https:\\\/\\\/anetaprofessional.com\\\/no\\\/produkt\\\/arendal-veggskjold-svart\\\/#primaryimage\"},\"thumbnailUrl\":\"https:\\\/\\\/dbud83cwgulta.cloudfront.net\\\/wp-content\\\/uploads\\\/sites\\\/4\\\/2022\\\/01\\\/23205643\\\/Ybq4LIWkv9DbZfYZfvuEROzjt-scaled.png\",\"datePublished\":\"2022-01-09T16:40:50+00:00\",\"dateModified\":\"2026-03-25T07:49:54+00:00\",\"breadcrumb\":{\"@id\":\"https:\\\/\\\/anetaprofessional.com\\\/no\\\/produkt\\\/arendal-veggskjold-svart\\\/#breadcrumb\"},\"inLanguage\":\"nb-NO\",\"potentialAction\":[{\"@type\":\"ReadAction\",\"target\":[\"https:\\\/\\\/anetaprofessional.com\\\/no\\\/produkt\\\/arendal-veggskjold-svart\\\/\"]}]},{\"@type\":\"ImageObject\",\"inLanguage\":\"nb-NO\",\"@id\":\"https:\\\/\\\/anetaprofessional.com\\\/no\\\/produkt\\\/arendal-veggskjold-svart\\\/#primaryimage\",\"url\":\"https:\\\/\\\/dbud83cwgulta.cloudfront.net\\\/wp-content\\\/uploads\\\/sites\\\/4\\\/2022\\\/01\\\/23205643\\\/Ybq4LIWkv9DbZfYZfvuEROzjt-scaled.png\",\"contentUrl\":\"https:\\\/\\\/dbud83cwgulta.cloudfront.net\\\/wp-content\\\/uploads\\\/sites\\\/4\\\/2022\\\/01\\\/23205643\\\/Ybq4LIWkv9DbZfYZfvuEROzjt-scaled.png\",\"width\":1707,\"height\":2560},{\"@type\":\"BreadcrumbList\",\"@id\":\"https:\\\/\\\/anetaprofessional.com\\\/no\\\/produkt\\\/arendal-veggskjold-svart\\\/#breadcrumb\",\"itemListElement\":[{\"@type\":\"ListItem\",\"position\":1,\"name\":\"Forsiden\",\"item\":\"https:\\\/\\\/anetaprofessional.com\\\/no\\\/\"},{\"@type\":\"ListItem\",\"position\":2,\"name\":\"Katalog\",\"item\":\"https:\\\/\\\/anetaprofessional.com\\\/no\\\/katalog\\\/\"},{\"@type\":\"ListItem\",\"position\":3,\"name\":\"ARENDAL vegglampe\"}]},{\"@type\":\"WebSite\",\"@id\":\"https:\\\/\\\/anetaprofessional.com\\\/no\\\/#website\",\"url\":\"https:\\\/\\\/anetaprofessional.com\\\/no\\\/\",\"name\":\"Aneta Professional\",\"description\":\"Skandinavias ledende lampegrossist\",\"publisher\":{\"@id\":\"https:\\\/\\\/anetaprofessional.com\\\/no\\\/#organization\"},\"potentialAction\":[{\"@type\":\"SearchAction\",\"target\":{\"@type\":\"EntryPoint\",\"urlTemplate\":\"https:\\\/\\\/anetaprofessional.com\\\/no\\\/?s={search_term_string}\"},\"query-input\":{\"@type\":\"PropertyValueSpecification\",\"valueRequired\":true,\"valueName\":\"search_term_string\"}}],\"inLanguage\":\"nb-NO\"},{\"@type\":\"Organization\",\"@id\":\"https:\\\/\\\/anetaprofessional.com\\\/no\\\/#organization\",\"name\":\"Aneta Professional\",\"url\":\"https:\\\/\\\/anetaprofessional.com\\\/no\\\/\",\"logo\":{\"@type\":\"ImageObject\",\"inLanguage\":\"nb-NO\",\"@id\":\"https:\\\/\\\/anetaprofessional.com\\\/no\\\/#\\\/schema\\\/logo\\\/image\\\/\",\"url\":\"https:\\\/\\\/dbud83cwgulta.cloudfront.net\\\/wp-content\\\/uploads\\\/sites\\\/4\\\/2022\\\/05\\\/19120143\\\/ANETA-PRO-logo-RGB_hvit.png\",\"contentUrl\":\"https:\\\/\\\/dbud83cwgulta.cloudfront.net\\\/wp-content\\\/uploads\\\/sites\\\/4\\\/2022\\\/05\\\/19120143\\\/ANETA-PRO-logo-RGB_hvit.png\",\"width\":1201,\"height\":487,\"caption\":\"Aneta Professional\"},\"image\":{\"@id\":\"https:\\\/\\\/anetaprofessional.com\\\/no\\\/#\\\/schema\\\/logo\\\/image\\\/\"}}]}<\/script>\n<!-- \/ Yoast SEO plugin. -->","yoast_head_json":{"title":"ARENDAL vegglampe - Aneta Professional","robots":{"index":"index","follow":"follow","max-snippet":"max-snippet:-1","max-image-preview":"max-image-preview:large","max-video-preview":"max-video-preview:-1"},"canonical":"https:\/\/anetaprofessional.com\/no\/produkt\/arendal-veggskjold-svart\/","og_locale":"nb_NO","og_type":"article","og_title":"ARENDAL vegglampe - Aneta Professional","og_description":"Arendal vegglampe for utend\u00f8rs bruk i svart aluminium med deksler i klar plast. Kan dimmes med ekstern dimmer dersom dimbar lyskilde benyttes. Lysp\u00e6re medf\u00f8lger ikke. 60W maks wattstyrke. Str\u00f8mtilkobling med fast montering.","og_url":"https:\/\/anetaprofessional.com\/no\/produkt\/arendal-veggskjold-svart\/","og_site_name":"Aneta Professional","article_modified_time":"2026-03-25T07:49:54+00:00","og_image":[{"width":1707,"height":2560,"url":"https:\/\/dbud83cwgulta.cloudfront.net\/wp-content\/uploads\/sites\/4\/2022\/01\/23205643\/Ybq4LIWkv9DbZfYZfvuEROzjt-scaled.png","type":"image\/png"}],"twitter_card":"summary_large_image","schema":{"@context":"https:\/\/schema.org","@graph":[{"@type":"WebPage","@id":"https:\/\/anetaprofessional.com\/no\/produkt\/arendal-veggskjold-svart\/","url":"https:\/\/anetaprofessional.com\/no\/produkt\/arendal-veggskjold-svart\/","name":"ARENDAL vegglampe - Aneta Professional","isPartOf":{"@id":"https:\/\/anetaprofessional.com\/no\/#website"},"primaryImageOfPage":{"@id":"https:\/\/anetaprofessional.com\/no\/produkt\/arendal-veggskjold-svart\/#primaryimage"},"image":{"@id":"https:\/\/anetaprofessional.com\/no\/produkt\/arendal-veggskjold-svart\/#primaryimage"},"thumbnailUrl":"https:\/\/dbud83cwgulta.cloudfront.net\/wp-content\/uploads\/sites\/4\/2022\/01\/23205643\/Ybq4LIWkv9DbZfYZfvuEROzjt-scaled.png","datePublished":"2022-01-09T16:40:50+00:00","dateModified":"2026-03-25T07:49:54+00:00","breadcrumb":{"@id":"https:\/\/anetaprofessional.com\/no\/produkt\/arendal-veggskjold-svart\/#breadcrumb"},"inLanguage":"nb-NO","potentialAction":[{"@type":"ReadAction","target":["https:\/\/anetaprofessional.com\/no\/produkt\/arendal-veggskjold-svart\/"]}]},{"@type":"ImageObject","inLanguage":"nb-NO","@id":"https:\/\/anetaprofessional.com\/no\/produkt\/arendal-veggskjold-svart\/#primaryimage","url":"https:\/\/dbud83cwgulta.cloudfront.net\/wp-content\/uploads\/sites\/4\/2022\/01\/23205643\/Ybq4LIWkv9DbZfYZfvuEROzjt-scaled.png","contentUrl":"https:\/\/dbud83cwgulta.cloudfront.net\/wp-content\/uploads\/sites\/4\/2022\/01\/23205643\/Ybq4LIWkv9DbZfYZfvuEROzjt-scaled.png","width":1707,"height":2560},{"@type":"BreadcrumbList","@id":"https:\/\/anetaprofessional.com\/no\/produkt\/arendal-veggskjold-svart\/#breadcrumb","itemListElement":[{"@type":"ListItem","position":1,"name":"Forsiden","item":"https:\/\/anetaprofessional.com\/no\/"},{"@type":"ListItem","position":2,"name":"Katalog","item":"https:\/\/anetaprofessional.com\/no\/katalog\/"},{"@type":"ListItem","position":3,"name":"ARENDAL vegglampe"}]},{"@type":"WebSite","@id":"https:\/\/anetaprofessional.com\/no\/#website","url":"https:\/\/anetaprofessional.com\/no\/","name":"Aneta Professional","description":"Skandinavias ledende lampegrossist","publisher":{"@id":"https:\/\/anetaprofessional.com\/no\/#organization"},"potentialAction":[{"@type":"SearchAction","target":{"@type":"EntryPoint","urlTemplate":"https:\/\/anetaprofessional.com\/no\/?s={search_term_string}"},"query-input":{"@type":"PropertyValueSpecification","valueRequired":true,"valueName":"search_term_string"}}],"inLanguage":"nb-NO"},{"@type":"Organization","@id":"https:\/\/anetaprofessional.com\/no\/#organization","name":"Aneta Professional","url":"https:\/\/anetaprofessional.com\/no\/","logo":{"@type":"ImageObject","inLanguage":"nb-NO","@id":"https:\/\/anetaprofessional.com\/no\/#\/schema\/logo\/image\/","url":"https:\/\/dbud83cwgulta.cloudfront.net\/wp-content\/uploads\/sites\/4\/2022\/05\/19120143\/ANETA-PRO-logo-RGB_hvit.png","contentUrl":"https:\/\/dbud83cwgulta.cloudfront.net\/wp-content\/uploads\/sites\/4\/2022\/05\/19120143\/ANETA-PRO-logo-RGB_hvit.png","width":1201,"height":487,"caption":"Aneta Professional"},"image":{"@id":"https:\/\/anetaprofessional.com\/no\/#\/schema\/logo\/image\/"}}]}},"_links":{"self":[{"href":"https:\/\/anetaprofessional.com\/no\/wp-json\/wp\/v2\/product\/8736","targetHints":{"allow":["GET"]}}],"collection":[{"href":"https:\/\/anetaprofessional.com\/no\/wp-json\/wp\/v2\/product"}],"about":[{"href":"https:\/\/anetaprofessional.com\/no\/wp-json\/wp\/v2\/types\/product"}],"wp:featuredmedia":[{"embeddable":true,"href":"https:\/\/anetaprofessional.com\/no\/wp-json\/wp\/v2\/media\/13946"}],"wp:attachment":[{"href":"https:\/\/anetaprofessional.com\/no\/wp-json\/wp\/v2\/media?parent=8736"}],"wp:term":[{"taxonomy":"product_tag","embeddable":true,"href":"https:\/\/anetaprofessional.com\/no\/wp-json\/wp\/v2\/product_tag?post=8736"},{"taxonomy":"product_brand","embeddable":true,"href":"https:\/\/anetaprofessional.com\/no\/wp-json\/wp\/v2\/product_brand?post=8736"},{"taxonomy":"product_cat","embeddable":true,"href":"https:\/\/anetaprofessional.com\/no\/wp-json\/wp\/v2\/product_cat?post=8736"}],"curies":[{"name":"wp","href":"https:\/\/api.w.org\/{rel}","templated":true}]}}