{"id":8869,"date":"2022-01-09T17:41:42","date_gmt":"2022-01-09T16:41:42","guid":{"rendered":"https:\/\/anetaprofessional.com\/no\/produkt\/sldim-master\/"},"modified":"2026-03-28T02:57:36","modified_gmt":"2026-03-28T01:57:36","slug":"sldim-master","status":"publish","type":"product","link":"https:\/\/anetaprofessional.com\/no\/produkt\/sldim-master\/","title":{"rendered":"SLDIM master"},"content":{"rendered":"<p>SLDIM master er en universal digital dimmer designet for \u00e5 fungere med kun \u00e9n fas. Dette gj\u00f8r at dimmeren enkelt kan erstatte en standard bryter uten at det er n\u00f8dvendig \u00e5 gj\u00f8re endringer i ledningsnettet. Det er mulig \u00e5 tilkoble en eller flere slave-enheter; noe som muliggj\u00f8r at lyset kan kontrolleres fra flere steder. Denne funksjonen krever kun to ledere! Noe som gj\u00f8r det sv\u00e6rt enkelt \u00e5 skifte ut et ende-\/mellomvendersystem. Ettersom forskjellige LED-lyskilder har ulike krav til startstr\u00f8m, er det normalt sett vanskelig \u00e5 f\u00e5 lyskilden til \u00e5 tenne momentant ved lavt innstilt lysniv\u00e5. Denne dimmeren gir brukeren muligheten til \u00e5 enkelt justere minimumsniv\u00e5, maksimumsniv\u00e5 og boost-niv\u00e5et; hvilket s\u00f8rger for at alle lyskildene tenner samtidig. Dimmeren er spesielt justert til \u00e5 passe de fleste LED-lyskilder og dimbare elektroniske transformatorer.<\/p>\n","protected":false},"excerpt":{"rendered":"<p>SLDIM master er en universal digital dimmer designet for \u00e5 fungere med kun \u00e9n fas. Dette gj\u00f8r at dimmeren enkelt kan erstatte en standard bryter uten at det er n\u00f8dvendig \u00e5 gj\u00f8re endringer i ledningsnettet. Det er mulig \u00e5 tilkoble en eller flere slave-enheter; noe som muliggj\u00f8r at lyset kan kontrolleres fra flere steder. Denne funksjonen krever kun to ledere! Noe som gj\u00f8r det sv\u00e6rt enkelt \u00e5 skifte ut et ende-\/mellomvendersystem. Ettersom forskjellige LED-lyskilder har ulike krav til startstr\u00f8m, er det normalt sett vanskelig \u00e5 f\u00e5 lyskilden til \u00e5 tenne momentant ved lavt innstilt lysniv\u00e5. Denne dimmeren gir brukeren muligheten til \u00e5 enkelt justere minimumsniv\u00e5, maksimumsniv\u00e5 og boost-niv\u00e5et; hvilket s\u00f8rger for at alle lyskildene tenner samtidig. Dimmeren er spesielt justert til \u00e5 passe de fleste LED-lyskilder og dimbare elektroniske transformatorer.<\/p>\n","protected":false},"featured_media":13970,"template":"","meta":{"_acf_changed":false,"inline_featured_image":false},"product_tag":[],"product_brand":[],"product_cat":[40400],"class_list":{"0":"post-8869","1":"product","2":"type-product","3":"status-publish","4":"has-post-thumbnail","6":"product_cat-professional-lysstyring-professional","8":"first","9":"instock","10":"taxable","11":"shipping-taxable","12":"product-type-simple"},"acf":[],"yoast_head":"<!-- This site is optimized with the Yoast SEO plugin v27.3 - https:\/\/yoast.com\/product\/yoast-seo-wordpress\/ -->\n<title>SLDIM master - Aneta Professional<\/title>\n<meta name=\"robots\" content=\"index, follow, max-snippet:-1, max-image-preview:large, max-video-preview:-1\" \/>\n<link rel=\"canonical\" href=\"https:\/\/anetaprofessional.com\/no\/produkt\/sldim-master\/\" \/>\n<meta property=\"og:locale\" content=\"nb_NO\" \/>\n<meta property=\"og:type\" content=\"article\" \/>\n<meta property=\"og:title\" content=\"SLDIM master - Aneta Professional\" \/>\n<meta property=\"og:description\" content=\"SLDIM master er en universal digital dimmer designet for \u00e5 fungere med kun \u00e9n fas. Dette gj\u00f8r at dimmeren enkelt kan erstatte en standard bryter uten at det er n\u00f8dvendig \u00e5 gj\u00f8re endringer i ledningsnettet. Det er mulig \u00e5 tilkoble en eller flere slave-enheter; noe som muliggj\u00f8r at lyset kan kontrolleres fra flere steder. Denne funksjonen krever kun to ledere! Noe som gj\u00f8r det sv\u00e6rt enkelt \u00e5 skifte ut et ende-\/mellomvendersystem. Ettersom forskjellige LED-lyskilder har ulike krav til startstr\u00f8m, er det normalt sett vanskelig \u00e5 f\u00e5 lyskilden til \u00e5 tenne momentant ved lavt innstilt lysniv\u00e5. Denne dimmeren gir brukeren muligheten til \u00e5 enkelt justere minimumsniv\u00e5, maksimumsniv\u00e5 og boost-niv\u00e5et; hvilket s\u00f8rger for at alle lyskildene tenner samtidig. Dimmeren er spesielt justert til \u00e5 passe de fleste LED-lyskilder og dimbare elektroniske transformatorer.\" \/>\n<meta property=\"og:url\" content=\"https:\/\/anetaprofessional.com\/no\/produkt\/sldim-master\/\" \/>\n<meta property=\"og:site_name\" content=\"Aneta Professional\" \/>\n<meta property=\"article:modified_time\" content=\"2026-03-28T01:57:36+00:00\" \/>\n<meta property=\"og:image\" content=\"https:\/\/dbud83cwgulta.cloudfront.net\/wp-content\/uploads\/sites\/4\/2022\/01\/23205934\/YtvG2EsN8XO3sPULlu5hVLxib-scaled.png\" \/>\n\t<meta property=\"og:image:width\" content=\"1707\" \/>\n\t<meta property=\"og:image:height\" content=\"2560\" \/>\n\t<meta property=\"og:image:type\" content=\"image\/png\" \/>\n<meta name=\"twitter:card\" content=\"summary_large_image\" \/>\n<meta name=\"twitter:label1\" content=\"Ansl. lesetid\" \/>\n\t<meta name=\"twitter:data1\" content=\"1 minutt\" \/>\n<script type=\"application\/ld+json\" class=\"yoast-schema-graph\">{\"@context\":\"https:\\\/\\\/schema.org\",\"@graph\":[{\"@type\":\"WebPage\",\"@id\":\"https:\\\/\\\/anetaprofessional.com\\\/no\\\/produkt\\\/sldim-master\\\/\",\"url\":\"https:\\\/\\\/anetaprofessional.com\\\/no\\\/produkt\\\/sldim-master\\\/\",\"name\":\"SLDIM master - Aneta Professional\",\"isPartOf\":{\"@id\":\"https:\\\/\\\/anetaprofessional.com\\\/no\\\/#website\"},\"primaryImageOfPage\":{\"@id\":\"https:\\\/\\\/anetaprofessional.com\\\/no\\\/produkt\\\/sldim-master\\\/#primaryimage\"},\"image\":{\"@id\":\"https:\\\/\\\/anetaprofessional.com\\\/no\\\/produkt\\\/sldim-master\\\/#primaryimage\"},\"thumbnailUrl\":\"https:\\\/\\\/dbud83cwgulta.cloudfront.net\\\/wp-content\\\/uploads\\\/sites\\\/4\\\/2022\\\/01\\\/23205934\\\/YtvG2EsN8XO3sPULlu5hVLxib-scaled.png\",\"datePublished\":\"2022-01-09T16:41:42+00:00\",\"dateModified\":\"2026-03-28T01:57:36+00:00\",\"breadcrumb\":{\"@id\":\"https:\\\/\\\/anetaprofessional.com\\\/no\\\/produkt\\\/sldim-master\\\/#breadcrumb\"},\"inLanguage\":\"nb-NO\",\"potentialAction\":[{\"@type\":\"ReadAction\",\"target\":[\"https:\\\/\\\/anetaprofessional.com\\\/no\\\/produkt\\\/sldim-master\\\/\"]}]},{\"@type\":\"ImageObject\",\"inLanguage\":\"nb-NO\",\"@id\":\"https:\\\/\\\/anetaprofessional.com\\\/no\\\/produkt\\\/sldim-master\\\/#primaryimage\",\"url\":\"https:\\\/\\\/dbud83cwgulta.cloudfront.net\\\/wp-content\\\/uploads\\\/sites\\\/4\\\/2022\\\/01\\\/23205934\\\/YtvG2EsN8XO3sPULlu5hVLxib-scaled.png\",\"contentUrl\":\"https:\\\/\\\/dbud83cwgulta.cloudfront.net\\\/wp-content\\\/uploads\\\/sites\\\/4\\\/2022\\\/01\\\/23205934\\\/YtvG2EsN8XO3sPULlu5hVLxib-scaled.png\",\"width\":1707,\"height\":2560},{\"@type\":\"BreadcrumbList\",\"@id\":\"https:\\\/\\\/anetaprofessional.com\\\/no\\\/produkt\\\/sldim-master\\\/#breadcrumb\",\"itemListElement\":[{\"@type\":\"ListItem\",\"position\":1,\"name\":\"Forsiden\",\"item\":\"https:\\\/\\\/anetaprofessional.com\\\/no\\\/\"},{\"@type\":\"ListItem\",\"position\":2,\"name\":\"Katalog\",\"item\":\"https:\\\/\\\/anetaprofessional.com\\\/no\\\/katalog\\\/\"},{\"@type\":\"ListItem\",\"position\":3,\"name\":\"SLDIM master\"}]},{\"@type\":\"WebSite\",\"@id\":\"https:\\\/\\\/anetaprofessional.com\\\/no\\\/#website\",\"url\":\"https:\\\/\\\/anetaprofessional.com\\\/no\\\/\",\"name\":\"Aneta Professional\",\"description\":\"Skandinavias ledende lampegrossist\",\"publisher\":{\"@id\":\"https:\\\/\\\/anetaprofessional.com\\\/no\\\/#organization\"},\"potentialAction\":[{\"@type\":\"SearchAction\",\"target\":{\"@type\":\"EntryPoint\",\"urlTemplate\":\"https:\\\/\\\/anetaprofessional.com\\\/no\\\/?s={search_term_string}\"},\"query-input\":{\"@type\":\"PropertyValueSpecification\",\"valueRequired\":true,\"valueName\":\"search_term_string\"}}],\"inLanguage\":\"nb-NO\"},{\"@type\":\"Organization\",\"@id\":\"https:\\\/\\\/anetaprofessional.com\\\/no\\\/#organization\",\"name\":\"Aneta Professional\",\"url\":\"https:\\\/\\\/anetaprofessional.com\\\/no\\\/\",\"logo\":{\"@type\":\"ImageObject\",\"inLanguage\":\"nb-NO\",\"@id\":\"https:\\\/\\\/anetaprofessional.com\\\/no\\\/#\\\/schema\\\/logo\\\/image\\\/\",\"url\":\"https:\\\/\\\/dbud83cwgulta.cloudfront.net\\\/wp-content\\\/uploads\\\/sites\\\/4\\\/2022\\\/05\\\/19120143\\\/ANETA-PRO-logo-RGB_hvit.png\",\"contentUrl\":\"https:\\\/\\\/dbud83cwgulta.cloudfront.net\\\/wp-content\\\/uploads\\\/sites\\\/4\\\/2022\\\/05\\\/19120143\\\/ANETA-PRO-logo-RGB_hvit.png\",\"width\":1201,\"height\":487,\"caption\":\"Aneta Professional\"},\"image\":{\"@id\":\"https:\\\/\\\/anetaprofessional.com\\\/no\\\/#\\\/schema\\\/logo\\\/image\\\/\"}}]}<\/script>\n<!-- \/ Yoast SEO plugin. -->","yoast_head_json":{"title":"SLDIM master - Aneta Professional","robots":{"index":"index","follow":"follow","max-snippet":"max-snippet:-1","max-image-preview":"max-image-preview:large","max-video-preview":"max-video-preview:-1"},"canonical":"https:\/\/anetaprofessional.com\/no\/produkt\/sldim-master\/","og_locale":"nb_NO","og_type":"article","og_title":"SLDIM master - Aneta Professional","og_description":"SLDIM master er en universal digital dimmer designet for \u00e5 fungere med kun \u00e9n fas. Dette gj\u00f8r at dimmeren enkelt kan erstatte en standard bryter uten at det er n\u00f8dvendig \u00e5 gj\u00f8re endringer i ledningsnettet. Det er mulig \u00e5 tilkoble en eller flere slave-enheter; noe som muliggj\u00f8r at lyset kan kontrolleres fra flere steder. Denne funksjonen krever kun to ledere! Noe som gj\u00f8r det sv\u00e6rt enkelt \u00e5 skifte ut et ende-\/mellomvendersystem. Ettersom forskjellige LED-lyskilder har ulike krav til startstr\u00f8m, er det normalt sett vanskelig \u00e5 f\u00e5 lyskilden til \u00e5 tenne momentant ved lavt innstilt lysniv\u00e5. Denne dimmeren gir brukeren muligheten til \u00e5 enkelt justere minimumsniv\u00e5, maksimumsniv\u00e5 og boost-niv\u00e5et; hvilket s\u00f8rger for at alle lyskildene tenner samtidig. Dimmeren er spesielt justert til \u00e5 passe de fleste LED-lyskilder og dimbare elektroniske transformatorer.","og_url":"https:\/\/anetaprofessional.com\/no\/produkt\/sldim-master\/","og_site_name":"Aneta Professional","article_modified_time":"2026-03-28T01:57:36+00:00","og_image":[{"width":1707,"height":2560,"url":"https:\/\/dbud83cwgulta.cloudfront.net\/wp-content\/uploads\/sites\/4\/2022\/01\/23205934\/YtvG2EsN8XO3sPULlu5hVLxib-scaled.png","type":"image\/png"}],"twitter_card":"summary_large_image","twitter_misc":{"Ansl. lesetid":"1 minutt"},"schema":{"@context":"https:\/\/schema.org","@graph":[{"@type":"WebPage","@id":"https:\/\/anetaprofessional.com\/no\/produkt\/sldim-master\/","url":"https:\/\/anetaprofessional.com\/no\/produkt\/sldim-master\/","name":"SLDIM master - Aneta Professional","isPartOf":{"@id":"https:\/\/anetaprofessional.com\/no\/#website"},"primaryImageOfPage":{"@id":"https:\/\/anetaprofessional.com\/no\/produkt\/sldim-master\/#primaryimage"},"image":{"@id":"https:\/\/anetaprofessional.com\/no\/produkt\/sldim-master\/#primaryimage"},"thumbnailUrl":"https:\/\/dbud83cwgulta.cloudfront.net\/wp-content\/uploads\/sites\/4\/2022\/01\/23205934\/YtvG2EsN8XO3sPULlu5hVLxib-scaled.png","datePublished":"2022-01-09T16:41:42+00:00","dateModified":"2026-03-28T01:57:36+00:00","breadcrumb":{"@id":"https:\/\/anetaprofessional.com\/no\/produkt\/sldim-master\/#breadcrumb"},"inLanguage":"nb-NO","potentialAction":[{"@type":"ReadAction","target":["https:\/\/anetaprofessional.com\/no\/produkt\/sldim-master\/"]}]},{"@type":"ImageObject","inLanguage":"nb-NO","@id":"https:\/\/anetaprofessional.com\/no\/produkt\/sldim-master\/#primaryimage","url":"https:\/\/dbud83cwgulta.cloudfront.net\/wp-content\/uploads\/sites\/4\/2022\/01\/23205934\/YtvG2EsN8XO3sPULlu5hVLxib-scaled.png","contentUrl":"https:\/\/dbud83cwgulta.cloudfront.net\/wp-content\/uploads\/sites\/4\/2022\/01\/23205934\/YtvG2EsN8XO3sPULlu5hVLxib-scaled.png","width":1707,"height":2560},{"@type":"BreadcrumbList","@id":"https:\/\/anetaprofessional.com\/no\/produkt\/sldim-master\/#breadcrumb","itemListElement":[{"@type":"ListItem","position":1,"name":"Forsiden","item":"https:\/\/anetaprofessional.com\/no\/"},{"@type":"ListItem","position":2,"name":"Katalog","item":"https:\/\/anetaprofessional.com\/no\/katalog\/"},{"@type":"ListItem","position":3,"name":"SLDIM master"}]},{"@type":"WebSite","@id":"https:\/\/anetaprofessional.com\/no\/#website","url":"https:\/\/anetaprofessional.com\/no\/","name":"Aneta Professional","description":"Skandinavias ledende lampegrossist","publisher":{"@id":"https:\/\/anetaprofessional.com\/no\/#organization"},"potentialAction":[{"@type":"SearchAction","target":{"@type":"EntryPoint","urlTemplate":"https:\/\/anetaprofessional.com\/no\/?s={search_term_string}"},"query-input":{"@type":"PropertyValueSpecification","valueRequired":true,"valueName":"search_term_string"}}],"inLanguage":"nb-NO"},{"@type":"Organization","@id":"https:\/\/anetaprofessional.com\/no\/#organization","name":"Aneta Professional","url":"https:\/\/anetaprofessional.com\/no\/","logo":{"@type":"ImageObject","inLanguage":"nb-NO","@id":"https:\/\/anetaprofessional.com\/no\/#\/schema\/logo\/image\/","url":"https:\/\/dbud83cwgulta.cloudfront.net\/wp-content\/uploads\/sites\/4\/2022\/05\/19120143\/ANETA-PRO-logo-RGB_hvit.png","contentUrl":"https:\/\/dbud83cwgulta.cloudfront.net\/wp-content\/uploads\/sites\/4\/2022\/05\/19120143\/ANETA-PRO-logo-RGB_hvit.png","width":1201,"height":487,"caption":"Aneta Professional"},"image":{"@id":"https:\/\/anetaprofessional.com\/no\/#\/schema\/logo\/image\/"}}]}},"_links":{"self":[{"href":"https:\/\/anetaprofessional.com\/no\/wp-json\/wp\/v2\/product\/8869","targetHints":{"allow":["GET"]}}],"collection":[{"href":"https:\/\/anetaprofessional.com\/no\/wp-json\/wp\/v2\/product"}],"about":[{"href":"https:\/\/anetaprofessional.com\/no\/wp-json\/wp\/v2\/types\/product"}],"wp:featuredmedia":[{"embeddable":true,"href":"https:\/\/anetaprofessional.com\/no\/wp-json\/wp\/v2\/media\/13970"}],"wp:attachment":[{"href":"https:\/\/anetaprofessional.com\/no\/wp-json\/wp\/v2\/media?parent=8869"}],"wp:term":[{"taxonomy":"product_tag","embeddable":true,"href":"https:\/\/anetaprofessional.com\/no\/wp-json\/wp\/v2\/product_tag?post=8869"},{"taxonomy":"product_brand","embeddable":true,"href":"https:\/\/anetaprofessional.com\/no\/wp-json\/wp\/v2\/product_brand?post=8869"},{"taxonomy":"product_cat","embeddable":true,"href":"https:\/\/anetaprofessional.com\/no\/wp-json\/wp\/v2\/product_cat?post=8869"}],"curies":[{"name":"wp","href":"https:\/\/api.w.org\/{rel}","templated":true}]}}