{"id":8871,"date":"2022-01-09T17:41:43","date_gmt":"2022-01-09T16:41:43","guid":{"rendered":"https:\/\/anetaprofessional.com\/no\/produkt\/sldim-multipack\/"},"modified":"2026-03-25T08:49:59","modified_gmt":"2026-03-25T07:49:59","slug":"sldim-multipack","status":"publish","type":"product","link":"https:\/\/anetaprofessional.com\/no\/produkt\/sldim-multipack\/","title":{"rendered":"SLDIM multipack"},"content":{"rendered":"<p>SLDIM multipack inneholder \u00e9n master og \u00e9n slave dimmer. Perfekt for trapperom, korridor eller p\u00e5 soverommet. \u00d8nsker du \u00e5 kontrollere lyset fra flere lokasjoner kan flere slave-dimmere enkelt tilkobles! SLDIM master er en universal digital dimmer designet for \u00e5 fungere med kun \u00e9n fas. Dette gj\u00f8r at dimmeren enkelt kan erstatte en standard bryter uten at det er n\u00f8dvendig \u00e5 gj\u00f8re endringer i ledningsnettet. Det er mulig \u00e5 tilkoble en eller flere slave-enheter; noe som muliggj\u00f8r at lyset kan kontrolleres fra flere steder. Denne funksjonen krever kun to ledere! Noe som gj\u00f8r det sv\u00e6rt enkelt \u00e5 skifte ut et ende-\/mellomvendersystem. Ettersom forskjellige LED-lyskilder har ulike krav til startstr\u00f8m, er det normalt sett vanskelig \u00e5 f\u00e5 lyskilden til \u00e5 tenne momentant ved lavt innstilt lysniv\u00e5. Denne dimmeren gir brukeren muligheten til \u00e5 enkelt justere minimumsniv\u00e5, maksimumsniv\u00e5 og boost-niv\u00e5et; hvilket s\u00f8rger for at alle lyskildene tenner samtidig. Dimmeren er spesielt justert til \u00e5 passe de fleste LED-lyskilder og dimbare elektroniske transformatorer. SLDIM slave er en ekstern kontroller til SLDIM master for justering av lysniv\u00e5 samt sl\u00e5 P\u00c5\/AV lyset fra to eller flere lokasjoner. Slave-enheten er laget spesielt for kontrollere master-enheten og kan ikke benyttes som en dimmer alene! Maks fire slave-enheter anbefales tilkoblet master-enheten!<\/p>\n","protected":false},"excerpt":{"rendered":"<p>SLDIM multipack inneholder \u00e9n master og \u00e9n slave dimmer. Perfekt for trapperom, korridor eller p\u00e5 soverommet. \u00d8nsker du \u00e5 kontrollere lyset fra flere lokasjoner kan flere slave-dimmere enkelt tilkobles! SLDIM master er en universal digital dimmer designet for \u00e5 fungere med kun \u00e9n fas. Dette gj\u00f8r at dimmeren enkelt kan erstatte en standard bryter uten at det er n\u00f8dvendig \u00e5 gj\u00f8re endringer i ledningsnettet. Det er mulig \u00e5 tilkoble en eller flere slave-enheter; noe som muliggj\u00f8r at lyset kan kontrolleres fra flere steder. Denne funksjonen krever kun to ledere! Noe som gj\u00f8r det sv\u00e6rt enkelt \u00e5 skifte ut et ende-\/mellomvendersystem. Ettersom forskjellige LED-lyskilder har ulike krav til startstr\u00f8m, er det normalt sett vanskelig \u00e5 f\u00e5 lyskilden til \u00e5 tenne momentant ved lavt innstilt lysniv\u00e5. Denne dimmeren gir brukeren muligheten til \u00e5 enkelt justere minimumsniv\u00e5, maksimumsniv\u00e5 og boost-niv\u00e5et; hvilket s\u00f8rger for at alle lyskildene tenner samtidig. Dimmeren er spesielt justert til \u00e5 passe de fleste LED-lyskilder og dimbare elektroniske transformatorer. SLDIM slave er en ekstern kontroller til SLDIM master for justering av lysniv\u00e5 samt sl\u00e5 P\u00c5\/AV lyset fra to eller flere lokasjoner. Slave-enheten er laget spesielt for kontrollere master-enheten og kan ikke benyttes som en dimmer alene! Maks fire slave-enheter anbefales tilkoblet master-enheten!<\/p>\n","protected":false},"featured_media":13971,"template":"","meta":{"_acf_changed":false,"inline_featured_image":false},"product_tag":[],"product_brand":[],"product_cat":[40400],"class_list":{"0":"post-8871","1":"product","2":"type-product","3":"status-publish","4":"has-post-thumbnail","6":"product_cat-professional-lysstyring-professional","8":"first","9":"instock","10":"taxable","11":"shipping-taxable","12":"product-type-simple"},"acf":[],"yoast_head":"<!-- This site is optimized with the Yoast SEO plugin v27.3 - https:\/\/yoast.com\/product\/yoast-seo-wordpress\/ -->\n<title>SLDIM multipack - Aneta Professional<\/title>\n<meta name=\"robots\" content=\"index, follow, max-snippet:-1, max-image-preview:large, max-video-preview:-1\" \/>\n<link rel=\"canonical\" href=\"https:\/\/anetaprofessional.com\/no\/produkt\/sldim-multipack\/\" \/>\n<meta property=\"og:locale\" content=\"nb_NO\" \/>\n<meta property=\"og:type\" content=\"article\" \/>\n<meta property=\"og:title\" content=\"SLDIM multipack - Aneta Professional\" \/>\n<meta property=\"og:description\" content=\"SLDIM multipack inneholder \u00e9n master og \u00e9n slave dimmer. Perfekt for trapperom, korridor eller p\u00e5 soverommet. \u00d8nsker du \u00e5 kontrollere lyset fra flere lokasjoner kan flere slave-dimmere enkelt tilkobles! SLDIM master er en universal digital dimmer designet for \u00e5 fungere med kun \u00e9n fas. Dette gj\u00f8r at dimmeren enkelt kan erstatte en standard bryter uten at det er n\u00f8dvendig \u00e5 gj\u00f8re endringer i ledningsnettet. Det er mulig \u00e5 tilkoble en eller flere slave-enheter; noe som muliggj\u00f8r at lyset kan kontrolleres fra flere steder. Denne funksjonen krever kun to ledere! Noe som gj\u00f8r det sv\u00e6rt enkelt \u00e5 skifte ut et ende-\/mellomvendersystem. Ettersom forskjellige LED-lyskilder har ulike krav til startstr\u00f8m, er det normalt sett vanskelig \u00e5 f\u00e5 lyskilden til \u00e5 tenne momentant ved lavt innstilt lysniv\u00e5. Denne dimmeren gir brukeren muligheten til \u00e5 enkelt justere minimumsniv\u00e5, maksimumsniv\u00e5 og boost-niv\u00e5et; hvilket s\u00f8rger for at alle lyskildene tenner samtidig. Dimmeren er spesielt justert til \u00e5 passe de fleste LED-lyskilder og dimbare elektroniske transformatorer. SLDIM slave er en ekstern kontroller til SLDIM master for justering av lysniv\u00e5 samt sl\u00e5 P\u00c5\/AV lyset fra to eller flere lokasjoner. Slave-enheten er laget spesielt for kontrollere master-enheten og kan ikke benyttes som en dimmer alene! Maks fire slave-enheter anbefales tilkoblet master-enheten!\" \/>\n<meta property=\"og:url\" content=\"https:\/\/anetaprofessional.com\/no\/produkt\/sldim-multipack\/\" \/>\n<meta property=\"og:site_name\" content=\"Aneta Professional\" \/>\n<meta property=\"article:modified_time\" content=\"2026-03-25T07:49:59+00:00\" \/>\n<meta property=\"og:image\" content=\"https:\/\/dbud83cwgulta.cloudfront.net\/wp-content\/uploads\/sites\/4\/2022\/01\/23205940\/T9kNqgjCGhvyrzoQseA9cTNbY-scaled.png\" \/>\n\t<meta property=\"og:image:width\" content=\"2560\" \/>\n\t<meta property=\"og:image:height\" content=\"1598\" \/>\n\t<meta property=\"og:image:type\" content=\"image\/png\" \/>\n<meta name=\"twitter:card\" content=\"summary_large_image\" \/>\n<meta name=\"twitter:label1\" content=\"Ansl. lesetid\" \/>\n\t<meta name=\"twitter:data1\" content=\"1 minutt\" \/>\n<script type=\"application\/ld+json\" class=\"yoast-schema-graph\">{\"@context\":\"https:\\\/\\\/schema.org\",\"@graph\":[{\"@type\":\"WebPage\",\"@id\":\"https:\\\/\\\/anetaprofessional.com\\\/no\\\/produkt\\\/sldim-multipack\\\/\",\"url\":\"https:\\\/\\\/anetaprofessional.com\\\/no\\\/produkt\\\/sldim-multipack\\\/\",\"name\":\"SLDIM multipack - Aneta Professional\",\"isPartOf\":{\"@id\":\"https:\\\/\\\/anetaprofessional.com\\\/no\\\/#website\"},\"primaryImageOfPage\":{\"@id\":\"https:\\\/\\\/anetaprofessional.com\\\/no\\\/produkt\\\/sldim-multipack\\\/#primaryimage\"},\"image\":{\"@id\":\"https:\\\/\\\/anetaprofessional.com\\\/no\\\/produkt\\\/sldim-multipack\\\/#primaryimage\"},\"thumbnailUrl\":\"https:\\\/\\\/dbud83cwgulta.cloudfront.net\\\/wp-content\\\/uploads\\\/sites\\\/4\\\/2022\\\/01\\\/23205940\\\/T9kNqgjCGhvyrzoQseA9cTNbY-scaled.png\",\"datePublished\":\"2022-01-09T16:41:43+00:00\",\"dateModified\":\"2026-03-25T07:49:59+00:00\",\"breadcrumb\":{\"@id\":\"https:\\\/\\\/anetaprofessional.com\\\/no\\\/produkt\\\/sldim-multipack\\\/#breadcrumb\"},\"inLanguage\":\"nb-NO\",\"potentialAction\":[{\"@type\":\"ReadAction\",\"target\":[\"https:\\\/\\\/anetaprofessional.com\\\/no\\\/produkt\\\/sldim-multipack\\\/\"]}]},{\"@type\":\"ImageObject\",\"inLanguage\":\"nb-NO\",\"@id\":\"https:\\\/\\\/anetaprofessional.com\\\/no\\\/produkt\\\/sldim-multipack\\\/#primaryimage\",\"url\":\"https:\\\/\\\/dbud83cwgulta.cloudfront.net\\\/wp-content\\\/uploads\\\/sites\\\/4\\\/2022\\\/01\\\/23205940\\\/T9kNqgjCGhvyrzoQseA9cTNbY-scaled.png\",\"contentUrl\":\"https:\\\/\\\/dbud83cwgulta.cloudfront.net\\\/wp-content\\\/uploads\\\/sites\\\/4\\\/2022\\\/01\\\/23205940\\\/T9kNqgjCGhvyrzoQseA9cTNbY-scaled.png\",\"width\":2560,\"height\":1598},{\"@type\":\"BreadcrumbList\",\"@id\":\"https:\\\/\\\/anetaprofessional.com\\\/no\\\/produkt\\\/sldim-multipack\\\/#breadcrumb\",\"itemListElement\":[{\"@type\":\"ListItem\",\"position\":1,\"name\":\"Forsiden\",\"item\":\"https:\\\/\\\/anetaprofessional.com\\\/no\\\/\"},{\"@type\":\"ListItem\",\"position\":2,\"name\":\"Katalog\",\"item\":\"https:\\\/\\\/anetaprofessional.com\\\/no\\\/katalog\\\/\"},{\"@type\":\"ListItem\",\"position\":3,\"name\":\"SLDIM multipack\"}]},{\"@type\":\"WebSite\",\"@id\":\"https:\\\/\\\/anetaprofessional.com\\\/no\\\/#website\",\"url\":\"https:\\\/\\\/anetaprofessional.com\\\/no\\\/\",\"name\":\"Aneta Professional\",\"description\":\"Skandinavias ledende lampegrossist\",\"publisher\":{\"@id\":\"https:\\\/\\\/anetaprofessional.com\\\/no\\\/#organization\"},\"potentialAction\":[{\"@type\":\"SearchAction\",\"target\":{\"@type\":\"EntryPoint\",\"urlTemplate\":\"https:\\\/\\\/anetaprofessional.com\\\/no\\\/?s={search_term_string}\"},\"query-input\":{\"@type\":\"PropertyValueSpecification\",\"valueRequired\":true,\"valueName\":\"search_term_string\"}}],\"inLanguage\":\"nb-NO\"},{\"@type\":\"Organization\",\"@id\":\"https:\\\/\\\/anetaprofessional.com\\\/no\\\/#organization\",\"name\":\"Aneta Professional\",\"url\":\"https:\\\/\\\/anetaprofessional.com\\\/no\\\/\",\"logo\":{\"@type\":\"ImageObject\",\"inLanguage\":\"nb-NO\",\"@id\":\"https:\\\/\\\/anetaprofessional.com\\\/no\\\/#\\\/schema\\\/logo\\\/image\\\/\",\"url\":\"https:\\\/\\\/dbud83cwgulta.cloudfront.net\\\/wp-content\\\/uploads\\\/sites\\\/4\\\/2022\\\/05\\\/19120143\\\/ANETA-PRO-logo-RGB_hvit.png\",\"contentUrl\":\"https:\\\/\\\/dbud83cwgulta.cloudfront.net\\\/wp-content\\\/uploads\\\/sites\\\/4\\\/2022\\\/05\\\/19120143\\\/ANETA-PRO-logo-RGB_hvit.png\",\"width\":1201,\"height\":487,\"caption\":\"Aneta Professional\"},\"image\":{\"@id\":\"https:\\\/\\\/anetaprofessional.com\\\/no\\\/#\\\/schema\\\/logo\\\/image\\\/\"}}]}<\/script>\n<!-- \/ Yoast SEO plugin. -->","yoast_head_json":{"title":"SLDIM multipack - Aneta Professional","robots":{"index":"index","follow":"follow","max-snippet":"max-snippet:-1","max-image-preview":"max-image-preview:large","max-video-preview":"max-video-preview:-1"},"canonical":"https:\/\/anetaprofessional.com\/no\/produkt\/sldim-multipack\/","og_locale":"nb_NO","og_type":"article","og_title":"SLDIM multipack - Aneta Professional","og_description":"SLDIM multipack inneholder \u00e9n master og \u00e9n slave dimmer. Perfekt for trapperom, korridor eller p\u00e5 soverommet. \u00d8nsker du \u00e5 kontrollere lyset fra flere lokasjoner kan flere slave-dimmere enkelt tilkobles! SLDIM master er en universal digital dimmer designet for \u00e5 fungere med kun \u00e9n fas. Dette gj\u00f8r at dimmeren enkelt kan erstatte en standard bryter uten at det er n\u00f8dvendig \u00e5 gj\u00f8re endringer i ledningsnettet. Det er mulig \u00e5 tilkoble en eller flere slave-enheter; noe som muliggj\u00f8r at lyset kan kontrolleres fra flere steder. Denne funksjonen krever kun to ledere! Noe som gj\u00f8r det sv\u00e6rt enkelt \u00e5 skifte ut et ende-\/mellomvendersystem. Ettersom forskjellige LED-lyskilder har ulike krav til startstr\u00f8m, er det normalt sett vanskelig \u00e5 f\u00e5 lyskilden til \u00e5 tenne momentant ved lavt innstilt lysniv\u00e5. Denne dimmeren gir brukeren muligheten til \u00e5 enkelt justere minimumsniv\u00e5, maksimumsniv\u00e5 og boost-niv\u00e5et; hvilket s\u00f8rger for at alle lyskildene tenner samtidig. Dimmeren er spesielt justert til \u00e5 passe de fleste LED-lyskilder og dimbare elektroniske transformatorer. SLDIM slave er en ekstern kontroller til SLDIM master for justering av lysniv\u00e5 samt sl\u00e5 P\u00c5\/AV lyset fra to eller flere lokasjoner. Slave-enheten er laget spesielt for kontrollere master-enheten og kan ikke benyttes som en dimmer alene! Maks fire slave-enheter anbefales tilkoblet master-enheten!","og_url":"https:\/\/anetaprofessional.com\/no\/produkt\/sldim-multipack\/","og_site_name":"Aneta Professional","article_modified_time":"2026-03-25T07:49:59+00:00","og_image":[{"width":2560,"height":1598,"url":"https:\/\/dbud83cwgulta.cloudfront.net\/wp-content\/uploads\/sites\/4\/2022\/01\/23205940\/T9kNqgjCGhvyrzoQseA9cTNbY-scaled.png","type":"image\/png"}],"twitter_card":"summary_large_image","twitter_misc":{"Ansl. lesetid":"1 minutt"},"schema":{"@context":"https:\/\/schema.org","@graph":[{"@type":"WebPage","@id":"https:\/\/anetaprofessional.com\/no\/produkt\/sldim-multipack\/","url":"https:\/\/anetaprofessional.com\/no\/produkt\/sldim-multipack\/","name":"SLDIM multipack - Aneta Professional","isPartOf":{"@id":"https:\/\/anetaprofessional.com\/no\/#website"},"primaryImageOfPage":{"@id":"https:\/\/anetaprofessional.com\/no\/produkt\/sldim-multipack\/#primaryimage"},"image":{"@id":"https:\/\/anetaprofessional.com\/no\/produkt\/sldim-multipack\/#primaryimage"},"thumbnailUrl":"https:\/\/dbud83cwgulta.cloudfront.net\/wp-content\/uploads\/sites\/4\/2022\/01\/23205940\/T9kNqgjCGhvyrzoQseA9cTNbY-scaled.png","datePublished":"2022-01-09T16:41:43+00:00","dateModified":"2026-03-25T07:49:59+00:00","breadcrumb":{"@id":"https:\/\/anetaprofessional.com\/no\/produkt\/sldim-multipack\/#breadcrumb"},"inLanguage":"nb-NO","potentialAction":[{"@type":"ReadAction","target":["https:\/\/anetaprofessional.com\/no\/produkt\/sldim-multipack\/"]}]},{"@type":"ImageObject","inLanguage":"nb-NO","@id":"https:\/\/anetaprofessional.com\/no\/produkt\/sldim-multipack\/#primaryimage","url":"https:\/\/dbud83cwgulta.cloudfront.net\/wp-content\/uploads\/sites\/4\/2022\/01\/23205940\/T9kNqgjCGhvyrzoQseA9cTNbY-scaled.png","contentUrl":"https:\/\/dbud83cwgulta.cloudfront.net\/wp-content\/uploads\/sites\/4\/2022\/01\/23205940\/T9kNqgjCGhvyrzoQseA9cTNbY-scaled.png","width":2560,"height":1598},{"@type":"BreadcrumbList","@id":"https:\/\/anetaprofessional.com\/no\/produkt\/sldim-multipack\/#breadcrumb","itemListElement":[{"@type":"ListItem","position":1,"name":"Forsiden","item":"https:\/\/anetaprofessional.com\/no\/"},{"@type":"ListItem","position":2,"name":"Katalog","item":"https:\/\/anetaprofessional.com\/no\/katalog\/"},{"@type":"ListItem","position":3,"name":"SLDIM multipack"}]},{"@type":"WebSite","@id":"https:\/\/anetaprofessional.com\/no\/#website","url":"https:\/\/anetaprofessional.com\/no\/","name":"Aneta Professional","description":"Skandinavias ledende lampegrossist","publisher":{"@id":"https:\/\/anetaprofessional.com\/no\/#organization"},"potentialAction":[{"@type":"SearchAction","target":{"@type":"EntryPoint","urlTemplate":"https:\/\/anetaprofessional.com\/no\/?s={search_term_string}"},"query-input":{"@type":"PropertyValueSpecification","valueRequired":true,"valueName":"search_term_string"}}],"inLanguage":"nb-NO"},{"@type":"Organization","@id":"https:\/\/anetaprofessional.com\/no\/#organization","name":"Aneta Professional","url":"https:\/\/anetaprofessional.com\/no\/","logo":{"@type":"ImageObject","inLanguage":"nb-NO","@id":"https:\/\/anetaprofessional.com\/no\/#\/schema\/logo\/image\/","url":"https:\/\/dbud83cwgulta.cloudfront.net\/wp-content\/uploads\/sites\/4\/2022\/05\/19120143\/ANETA-PRO-logo-RGB_hvit.png","contentUrl":"https:\/\/dbud83cwgulta.cloudfront.net\/wp-content\/uploads\/sites\/4\/2022\/05\/19120143\/ANETA-PRO-logo-RGB_hvit.png","width":1201,"height":487,"caption":"Aneta Professional"},"image":{"@id":"https:\/\/anetaprofessional.com\/no\/#\/schema\/logo\/image\/"}}]}},"_links":{"self":[{"href":"https:\/\/anetaprofessional.com\/no\/wp-json\/wp\/v2\/product\/8871","targetHints":{"allow":["GET"]}}],"collection":[{"href":"https:\/\/anetaprofessional.com\/no\/wp-json\/wp\/v2\/product"}],"about":[{"href":"https:\/\/anetaprofessional.com\/no\/wp-json\/wp\/v2\/types\/product"}],"wp:featuredmedia":[{"embeddable":true,"href":"https:\/\/anetaprofessional.com\/no\/wp-json\/wp\/v2\/media\/13971"}],"wp:attachment":[{"href":"https:\/\/anetaprofessional.com\/no\/wp-json\/wp\/v2\/media?parent=8871"}],"wp:term":[{"taxonomy":"product_tag","embeddable":true,"href":"https:\/\/anetaprofessional.com\/no\/wp-json\/wp\/v2\/product_tag?post=8871"},{"taxonomy":"product_brand","embeddable":true,"href":"https:\/\/anetaprofessional.com\/no\/wp-json\/wp\/v2\/product_brand?post=8871"},{"taxonomy":"product_cat","embeddable":true,"href":"https:\/\/anetaprofessional.com\/no\/wp-json\/wp\/v2\/product_cat?post=8871"}],"curies":[{"name":"wp","href":"https:\/\/api.w.org\/{rel}","templated":true}]}}