{"id":8887,"date":"2022-01-09T17:41:49","date_gmt":"2022-01-09T16:41:49","guid":{"rendered":"https:\/\/anetaprofessional.com\/no\/produkt\/ring-20-400-dali\/"},"modified":"2026-03-25T08:49:59","modified_gmt":"2026-03-25T07:49:59","slug":"ring-20-400-dali","status":"publish","type":"product","link":"https:\/\/anetaprofessional.com\/no\/produkt\/ring-20-400-dali\/","title":{"rendered":"RING 20\/400 DALI"},"content":{"rendered":"<p>Sv\u00e6rt lavtbyggende og stilren DALI plafond med h\u00f8yt lysutbytte. I esken medf\u00f8lger brakett for direktemontasje i tak\/p\u00e5 vegg og en avstandsbrakett for installasjon ved bruk av \u00e5pen kabling. Lampen og brakettene er laget spesielt med elektrikeren i tankene; hvilket gir enkel og problemfri montasje. Via et DALI system eller en frittst\u00e5ende DALI dimmer kan fargetemperaturen endres trinnl\u00f8st fra 2700K til 6500K. Dette gj\u00f8r at denne plafonden passer perfekt til nettopp din installasjon.<\/p>\n","protected":false},"excerpt":{"rendered":"<p>Sv\u00e6rt lavtbyggende og stilren DALI plafond med h\u00f8yt lysutbytte. I esken medf\u00f8lger brakett for direktemontasje i tak\/p\u00e5 vegg og en avstandsbrakett for installasjon ved bruk av \u00e5pen kabling. Lampen og brakettene er laget spesielt med elektrikeren i tankene; hvilket gir enkel og problemfri montasje. Via et DALI system eller en frittst\u00e5ende DALI dimmer kan fargetemperaturen endres trinnl\u00f8st fra 2700K til 6500K. Dette gj\u00f8r at denne plafonden passer perfekt til nettopp din installasjon.<\/p>\n","protected":false},"featured_media":13974,"template":"","meta":{"_acf_changed":false,"inline_featured_image":false},"product_tag":[],"product_brand":[],"product_cat":[40402],"class_list":{"0":"post-8887","1":"product","2":"type-product","3":"status-publish","4":"has-post-thumbnail","6":"product_cat-professional-plafond-professional","8":"first","9":"instock","10":"taxable","11":"shipping-taxable","12":"product-type-simple"},"acf":[],"yoast_head":"<!-- This site is optimized with the Yoast SEO plugin v27.3 - https:\/\/yoast.com\/product\/yoast-seo-wordpress\/ -->\n<title>RING 20\/400 DALI - Aneta Professional<\/title>\n<meta name=\"robots\" content=\"index, follow, max-snippet:-1, max-image-preview:large, max-video-preview:-1\" \/>\n<link rel=\"canonical\" href=\"https:\/\/anetaprofessional.com\/no\/produkt\/ring-20-400-dali\/\" \/>\n<meta property=\"og:locale\" content=\"nb_NO\" \/>\n<meta property=\"og:type\" content=\"article\" \/>\n<meta property=\"og:title\" content=\"RING 20\/400 DALI - Aneta Professional\" \/>\n<meta property=\"og:description\" content=\"Sv\u00e6rt lavtbyggende og stilren DALI plafond med h\u00f8yt lysutbytte. I esken medf\u00f8lger brakett for direktemontasje i tak\/p\u00e5 vegg og en avstandsbrakett for installasjon ved bruk av \u00e5pen kabling. Lampen og brakettene er laget spesielt med elektrikeren i tankene; hvilket gir enkel og problemfri montasje. Via et DALI system eller en frittst\u00e5ende DALI dimmer kan fargetemperaturen endres trinnl\u00f8st fra 2700K til 6500K. Dette gj\u00f8r at denne plafonden passer perfekt til nettopp din installasjon.\" \/>\n<meta property=\"og:url\" content=\"https:\/\/anetaprofessional.com\/no\/produkt\/ring-20-400-dali\/\" \/>\n<meta property=\"og:site_name\" content=\"Aneta Professional\" \/>\n<meta property=\"article:modified_time\" content=\"2026-03-25T07:49:59+00:00\" \/>\n<meta property=\"og:image\" content=\"https:\/\/dbud83cwgulta.cloudfront.net\/wp-content\/uploads\/sites\/4\/2022\/01\/23210004\/AM9mU8JkkAgQflrOQEGnbkopn-scaled.png\" \/>\n\t<meta property=\"og:image:width\" content=\"2560\" \/>\n\t<meta property=\"og:image:height\" content=\"1707\" \/>\n\t<meta property=\"og:image:type\" content=\"image\/png\" \/>\n<meta name=\"twitter:card\" content=\"summary_large_image\" \/>\n<script type=\"application\/ld+json\" class=\"yoast-schema-graph\">{\"@context\":\"https:\\\/\\\/schema.org\",\"@graph\":[{\"@type\":\"WebPage\",\"@id\":\"https:\\\/\\\/anetaprofessional.com\\\/no\\\/produkt\\\/ring-20-400-dali\\\/\",\"url\":\"https:\\\/\\\/anetaprofessional.com\\\/no\\\/produkt\\\/ring-20-400-dali\\\/\",\"name\":\"RING 20\\\/400 DALI - Aneta Professional\",\"isPartOf\":{\"@id\":\"https:\\\/\\\/anetaprofessional.com\\\/no\\\/#website\"},\"primaryImageOfPage\":{\"@id\":\"https:\\\/\\\/anetaprofessional.com\\\/no\\\/produkt\\\/ring-20-400-dali\\\/#primaryimage\"},\"image\":{\"@id\":\"https:\\\/\\\/anetaprofessional.com\\\/no\\\/produkt\\\/ring-20-400-dali\\\/#primaryimage\"},\"thumbnailUrl\":\"https:\\\/\\\/dbud83cwgulta.cloudfront.net\\\/wp-content\\\/uploads\\\/sites\\\/4\\\/2022\\\/01\\\/23210004\\\/AM9mU8JkkAgQflrOQEGnbkopn-scaled.png\",\"datePublished\":\"2022-01-09T16:41:49+00:00\",\"dateModified\":\"2026-03-25T07:49:59+00:00\",\"breadcrumb\":{\"@id\":\"https:\\\/\\\/anetaprofessional.com\\\/no\\\/produkt\\\/ring-20-400-dali\\\/#breadcrumb\"},\"inLanguage\":\"nb-NO\",\"potentialAction\":[{\"@type\":\"ReadAction\",\"target\":[\"https:\\\/\\\/anetaprofessional.com\\\/no\\\/produkt\\\/ring-20-400-dali\\\/\"]}]},{\"@type\":\"ImageObject\",\"inLanguage\":\"nb-NO\",\"@id\":\"https:\\\/\\\/anetaprofessional.com\\\/no\\\/produkt\\\/ring-20-400-dali\\\/#primaryimage\",\"url\":\"https:\\\/\\\/dbud83cwgulta.cloudfront.net\\\/wp-content\\\/uploads\\\/sites\\\/4\\\/2022\\\/01\\\/23210004\\\/AM9mU8JkkAgQflrOQEGnbkopn-scaled.png\",\"contentUrl\":\"https:\\\/\\\/dbud83cwgulta.cloudfront.net\\\/wp-content\\\/uploads\\\/sites\\\/4\\\/2022\\\/01\\\/23210004\\\/AM9mU8JkkAgQflrOQEGnbkopn-scaled.png\",\"width\":2560,\"height\":1707},{\"@type\":\"BreadcrumbList\",\"@id\":\"https:\\\/\\\/anetaprofessional.com\\\/no\\\/produkt\\\/ring-20-400-dali\\\/#breadcrumb\",\"itemListElement\":[{\"@type\":\"ListItem\",\"position\":1,\"name\":\"Forsiden\",\"item\":\"https:\\\/\\\/anetaprofessional.com\\\/no\\\/\"},{\"@type\":\"ListItem\",\"position\":2,\"name\":\"Katalog\",\"item\":\"https:\\\/\\\/anetaprofessional.com\\\/no\\\/katalog\\\/\"},{\"@type\":\"ListItem\",\"position\":3,\"name\":\"RING 20\\\/400 DALI\"}]},{\"@type\":\"WebSite\",\"@id\":\"https:\\\/\\\/anetaprofessional.com\\\/no\\\/#website\",\"url\":\"https:\\\/\\\/anetaprofessional.com\\\/no\\\/\",\"name\":\"Aneta Professional\",\"description\":\"Skandinavias ledende lampegrossist\",\"publisher\":{\"@id\":\"https:\\\/\\\/anetaprofessional.com\\\/no\\\/#organization\"},\"potentialAction\":[{\"@type\":\"SearchAction\",\"target\":{\"@type\":\"EntryPoint\",\"urlTemplate\":\"https:\\\/\\\/anetaprofessional.com\\\/no\\\/?s={search_term_string}\"},\"query-input\":{\"@type\":\"PropertyValueSpecification\",\"valueRequired\":true,\"valueName\":\"search_term_string\"}}],\"inLanguage\":\"nb-NO\"},{\"@type\":\"Organization\",\"@id\":\"https:\\\/\\\/anetaprofessional.com\\\/no\\\/#organization\",\"name\":\"Aneta Professional\",\"url\":\"https:\\\/\\\/anetaprofessional.com\\\/no\\\/\",\"logo\":{\"@type\":\"ImageObject\",\"inLanguage\":\"nb-NO\",\"@id\":\"https:\\\/\\\/anetaprofessional.com\\\/no\\\/#\\\/schema\\\/logo\\\/image\\\/\",\"url\":\"https:\\\/\\\/dbud83cwgulta.cloudfront.net\\\/wp-content\\\/uploads\\\/sites\\\/4\\\/2022\\\/05\\\/19120143\\\/ANETA-PRO-logo-RGB_hvit.png\",\"contentUrl\":\"https:\\\/\\\/dbud83cwgulta.cloudfront.net\\\/wp-content\\\/uploads\\\/sites\\\/4\\\/2022\\\/05\\\/19120143\\\/ANETA-PRO-logo-RGB_hvit.png\",\"width\":1201,\"height\":487,\"caption\":\"Aneta Professional\"},\"image\":{\"@id\":\"https:\\\/\\\/anetaprofessional.com\\\/no\\\/#\\\/schema\\\/logo\\\/image\\\/\"}}]}<\/script>\n<!-- \/ Yoast SEO plugin. -->","yoast_head_json":{"title":"RING 20\/400 DALI - Aneta Professional","robots":{"index":"index","follow":"follow","max-snippet":"max-snippet:-1","max-image-preview":"max-image-preview:large","max-video-preview":"max-video-preview:-1"},"canonical":"https:\/\/anetaprofessional.com\/no\/produkt\/ring-20-400-dali\/","og_locale":"nb_NO","og_type":"article","og_title":"RING 20\/400 DALI - Aneta Professional","og_description":"Sv\u00e6rt lavtbyggende og stilren DALI plafond med h\u00f8yt lysutbytte. I esken medf\u00f8lger brakett for direktemontasje i tak\/p\u00e5 vegg og en avstandsbrakett for installasjon ved bruk av \u00e5pen kabling. Lampen og brakettene er laget spesielt med elektrikeren i tankene; hvilket gir enkel og problemfri montasje. Via et DALI system eller en frittst\u00e5ende DALI dimmer kan fargetemperaturen endres trinnl\u00f8st fra 2700K til 6500K. Dette gj\u00f8r at denne plafonden passer perfekt til nettopp din installasjon.","og_url":"https:\/\/anetaprofessional.com\/no\/produkt\/ring-20-400-dali\/","og_site_name":"Aneta Professional","article_modified_time":"2026-03-25T07:49:59+00:00","og_image":[{"width":2560,"height":1707,"url":"https:\/\/dbud83cwgulta.cloudfront.net\/wp-content\/uploads\/sites\/4\/2022\/01\/23210004\/AM9mU8JkkAgQflrOQEGnbkopn-scaled.png","type":"image\/png"}],"twitter_card":"summary_large_image","schema":{"@context":"https:\/\/schema.org","@graph":[{"@type":"WebPage","@id":"https:\/\/anetaprofessional.com\/no\/produkt\/ring-20-400-dali\/","url":"https:\/\/anetaprofessional.com\/no\/produkt\/ring-20-400-dali\/","name":"RING 20\/400 DALI - Aneta Professional","isPartOf":{"@id":"https:\/\/anetaprofessional.com\/no\/#website"},"primaryImageOfPage":{"@id":"https:\/\/anetaprofessional.com\/no\/produkt\/ring-20-400-dali\/#primaryimage"},"image":{"@id":"https:\/\/anetaprofessional.com\/no\/produkt\/ring-20-400-dali\/#primaryimage"},"thumbnailUrl":"https:\/\/dbud83cwgulta.cloudfront.net\/wp-content\/uploads\/sites\/4\/2022\/01\/23210004\/AM9mU8JkkAgQflrOQEGnbkopn-scaled.png","datePublished":"2022-01-09T16:41:49+00:00","dateModified":"2026-03-25T07:49:59+00:00","breadcrumb":{"@id":"https:\/\/anetaprofessional.com\/no\/produkt\/ring-20-400-dali\/#breadcrumb"},"inLanguage":"nb-NO","potentialAction":[{"@type":"ReadAction","target":["https:\/\/anetaprofessional.com\/no\/produkt\/ring-20-400-dali\/"]}]},{"@type":"ImageObject","inLanguage":"nb-NO","@id":"https:\/\/anetaprofessional.com\/no\/produkt\/ring-20-400-dali\/#primaryimage","url":"https:\/\/dbud83cwgulta.cloudfront.net\/wp-content\/uploads\/sites\/4\/2022\/01\/23210004\/AM9mU8JkkAgQflrOQEGnbkopn-scaled.png","contentUrl":"https:\/\/dbud83cwgulta.cloudfront.net\/wp-content\/uploads\/sites\/4\/2022\/01\/23210004\/AM9mU8JkkAgQflrOQEGnbkopn-scaled.png","width":2560,"height":1707},{"@type":"BreadcrumbList","@id":"https:\/\/anetaprofessional.com\/no\/produkt\/ring-20-400-dali\/#breadcrumb","itemListElement":[{"@type":"ListItem","position":1,"name":"Forsiden","item":"https:\/\/anetaprofessional.com\/no\/"},{"@type":"ListItem","position":2,"name":"Katalog","item":"https:\/\/anetaprofessional.com\/no\/katalog\/"},{"@type":"ListItem","position":3,"name":"RING 20\/400 DALI"}]},{"@type":"WebSite","@id":"https:\/\/anetaprofessional.com\/no\/#website","url":"https:\/\/anetaprofessional.com\/no\/","name":"Aneta Professional","description":"Skandinavias ledende lampegrossist","publisher":{"@id":"https:\/\/anetaprofessional.com\/no\/#organization"},"potentialAction":[{"@type":"SearchAction","target":{"@type":"EntryPoint","urlTemplate":"https:\/\/anetaprofessional.com\/no\/?s={search_term_string}"},"query-input":{"@type":"PropertyValueSpecification","valueRequired":true,"valueName":"search_term_string"}}],"inLanguage":"nb-NO"},{"@type":"Organization","@id":"https:\/\/anetaprofessional.com\/no\/#organization","name":"Aneta Professional","url":"https:\/\/anetaprofessional.com\/no\/","logo":{"@type":"ImageObject","inLanguage":"nb-NO","@id":"https:\/\/anetaprofessional.com\/no\/#\/schema\/logo\/image\/","url":"https:\/\/dbud83cwgulta.cloudfront.net\/wp-content\/uploads\/sites\/4\/2022\/05\/19120143\/ANETA-PRO-logo-RGB_hvit.png","contentUrl":"https:\/\/dbud83cwgulta.cloudfront.net\/wp-content\/uploads\/sites\/4\/2022\/05\/19120143\/ANETA-PRO-logo-RGB_hvit.png","width":1201,"height":487,"caption":"Aneta Professional"},"image":{"@id":"https:\/\/anetaprofessional.com\/no\/#\/schema\/logo\/image\/"}}]}},"_links":{"self":[{"href":"https:\/\/anetaprofessional.com\/no\/wp-json\/wp\/v2\/product\/8887","targetHints":{"allow":["GET"]}}],"collection":[{"href":"https:\/\/anetaprofessional.com\/no\/wp-json\/wp\/v2\/product"}],"about":[{"href":"https:\/\/anetaprofessional.com\/no\/wp-json\/wp\/v2\/types\/product"}],"wp:featuredmedia":[{"embeddable":true,"href":"https:\/\/anetaprofessional.com\/no\/wp-json\/wp\/v2\/media\/13974"}],"wp:attachment":[{"href":"https:\/\/anetaprofessional.com\/no\/wp-json\/wp\/v2\/media?parent=8887"}],"wp:term":[{"taxonomy":"product_tag","embeddable":true,"href":"https:\/\/anetaprofessional.com\/no\/wp-json\/wp\/v2\/product_tag?post=8887"},{"taxonomy":"product_brand","embeddable":true,"href":"https:\/\/anetaprofessional.com\/no\/wp-json\/wp\/v2\/product_brand?post=8887"},{"taxonomy":"product_cat","embeddable":true,"href":"https:\/\/anetaprofessional.com\/no\/wp-json\/wp\/v2\/product_cat?post=8887"}],"curies":[{"name":"wp","href":"https:\/\/api.w.org\/{rel}","templated":true}]}}