{"id":3,"date":"2021-06-29T11:24:56","date_gmt":"2021-06-29T11:24:56","guid":{"rendered":"https:\/\/anetaprofessional.com\/se\/?page_id=3"},"modified":"2025-01-02T12:01:26","modified_gmt":"2025-01-02T11:01:26","slug":"privacy-policy","status":"publish","type":"page","link":"https:\/\/anetaprofessional.com\/se\/privacy-policy\/","title":{"rendered":"Privacy Policy"},"content":{"rendered":"\r\n<h2 class=\"wp-block-heading\"><\/h2>\r\n<p><strong>Senast uppdaterad:<\/strong>\u00a03 september 2024<\/p>\r\n<p>Denna integritetspolicy g\u00e4ller f\u00f6r bolaget Aneta AB (Business ID no. 556291-0264).<\/p>\r\n<h2 class=\"wp-block-heading\">1) Generellt<\/h2>\r\n<p>Aneta AB (Business ID no. 556291-0264), \u00f6nskar med denna integritetspolicy p\u00e5 att visa hur vi s\u00e4kerst\u00e4ller att dina personuppgifter behandlas i enlighet med svensk personuppgifts-lagstiftning.<\/p>\r\n<p>Du ska alltid k\u00e4nna dig trygg n\u00e4r du ger oss dina personuppgifter. Aneta AB (Business ID no. 556291-0264), har inf\u00f6rt tekniska och organisatoriska s\u00e4kerhets\u00e5tg\u00e4rder f\u00f6r att skydda dina personuppgifter mot obeh\u00f6rig \u00e5tkomst, anv\u00e4ndning, \u00e4ndring och radering.<\/p>\r\n<p>Detta inkluderar anv\u00e4ndningen av<\/p>\r\n<ul class=\"wp-block-list\">\r\n<li>krypteringsteknologier<\/li>\r\n<li>\u00e5tkomstkontrollsystem<\/li>\r\n<li>s\u00e4kerhetskopieringsrutiner<\/li>\r\n<li>regelbundna s\u00e4kerhetsbed\u00f6mningar<\/li>\r\n<\/ul>\r\n<p>V\u00e5ra anst\u00e4llda \u00e4r utbildade i integritetsskydd och dataskydd f\u00f6r att s\u00e4kerst\u00e4lla att dina uppgifter behandlas s\u00e4kert och i enlighet med g\u00e4llande lagar.<\/p>\r\n<h2 class=\"wp-block-heading\">2) Vem \u00e4r personuppgiftsansvarig och hur kontaktar jag er?<strong>\u00a0<\/strong><\/h2>\r\n<p>Aneta AB (Business ID no. 556291-0264), \u00e4r personuppgiftsansvarig f\u00f6r behandlingen av dina personuppgifter, som utg\u00f6rs av, eller p\u00e5 uppdrag Aneta AB (Business ID no. 556291-0264). Information om hur du kan kontakta oss hittar du under punkt 12 \u201dKontaktinformation\u201d.\u00a0<\/p>\r\n<h2 class=\"wp-block-heading\">3) Vilka personuppgifter behandler vi om dig och varf\u00f6r?<\/h2>\r\n<p>Aneta AB (Business ID no. 556291-0264), samlar in f\u00f6ljande typer av personuppgifter:<\/p>\r\n<ul class=\"wp-block-list\">\r\n<li>Namn<\/li>\r\n<li>Telefonnummer<\/li>\r\n<li>E-postadress<\/li>\r\n<li>IP-adress<\/li>\r\n<li>Firmanamn<\/li>\r\n<li>Adress<\/li>\r\n<li>Anv\u00e4ndarbeteende (till exempel bes\u00f6kta hemsidor och klick)<\/li>\r\n<\/ul>\r\n<p>Dessa upplysningar samlas in i f\u00f6ljande syfte:<\/p>\r\n<ul class=\"wp-block-list\">\r\n<li>F\u00f6rb\u00e4ttring av v\u00e5ra tj\u00e4nster<\/li>\r\n<li>Anpassning av anv\u00e4ndarupplevelsen<\/li>\r\n<li>F\u00f6r att skicka relevant information\u00a0<\/li>\r\n<\/ul>\r\n<h2 class=\"wp-block-heading\">4) N\u00e4r samlar vi in personuppgiftar om dig?<\/h2>\r\n<p>Aneta AB (Business ID no. 556291-0264), samlar in personuppgifter n\u00e4r du:<\/p>\r\n<ul class=\"wp-block-list\">\r\n<li><strong>Prenumererar p\u00e5 ett av v\u00e5ra nyhetsbrev<\/strong>\r\n<ul class=\"wp-block-list\">\r\n<li class=\"has-small-font-size\"><strong>R\u00e4ttslig grund:\u00a0<\/strong>Ber\u00e4ttigat intresse<\/li>\r\n<li class=\"has-small-font-size\"><strong>Personuppgifter som lagras:\u00a0<\/strong>Namn, telefonnummer, e-post och adress<\/li>\r\n<li class=\"has-small-font-size\"><strong>Lagringstid:<\/strong>\u00a0Vi sparar dina uppgifter s\u00e5 l\u00e4nge du \u00f6nskar forts\u00e4tta att ta emot information och marknadsf\u00f6ringsmaterial<\/li>\r\n<\/ul>\r\n<\/li>\r\n<\/ul>\r\n<ul class=\"wp-block-list\">\r\n<li><strong>Deltar i utvecklingsprojekt och produktutvecklingsprojekt<\/strong>\r\n<ul class=\"wp-block-list\">\r\n<li class=\"has-small-font-size\"><strong>R\u00e4ttslig grund:<\/strong>\u00a0Fullg\u00f6rande av avtal<\/li>\r\n<li class=\"has-small-font-size\"><strong>Personuppgifter som lagras:<\/strong>\u00a0Namn, telefonnummer, e-post och adress<\/li>\r\n<li class=\"has-small-font-size\"><strong>Lagringstid:<\/strong>\u00a0Vi sparar dina uppgifter fr\u00e5n den tidpunkten att du deltar i utvecklingsprojektet och upp till 50 \u00e5r f\u00f6r att uppfylla standarder och certifieringskrav inom bygg- och konstruktionsindustrin, samt f\u00f6r att dokumentera historik f\u00f6r framtida utvecklingsprojekt. Vi kan lagra dina uppgifter l\u00e4ngre om du \u00f6nskar att vi ska bevara dem f\u00f6r framtida behov och har gett ditt samtycke till detta<\/li>\r\n<\/ul>\r\n<\/li>\r\n<\/ul>\r\n<ul class=\"wp-block-list\">\r\n<li><strong>St\u00e4ller tekniska fr\u00e5gor till v\u00e5r teknik- eller konstruktionsavdelning<\/strong>\r\n<ul class=\"wp-block-list\">\r\n<li class=\"has-small-font-size\"><strong>R\u00e4ttslig grund:<\/strong>\u00a0Svensk byggstandard, CE-m\u00e4rkningskrav<\/li>\r\n<li class=\"has-small-font-size\"><strong>Personuppgifter som blir lagrade:<\/strong>\u00a0Namn, telefonnummer, e-post och adress<\/li>\r\n<li class=\"has-small-font-size\"><strong>Lagringstid:<\/strong>\u00a0Vi lagrar dina uppgifter fr\u00e5n det att du kontaktade oss och upp till 50 \u00e5r fram\u00e5t f\u00f6r att uppfylla kraven i svensk byggstandard och CE-m\u00e4rkning, som kr\u00e4ver l\u00e5ngvarig dokumentation f\u00f6r produkter och tj\u00e4nster. Vi kan lagra dina uppgifter l\u00e4ngre om du \u00f6nskar att vi ska bevara dem f\u00f6r framtida best\u00e4llningar\/f\u00f6rfr\u00e5gningar och har gett ditt samtycke till detta.<\/li>\r\n<\/ul>\r\n<\/li>\r\n<\/ul>\r\n<ul class=\"wp-block-list\">\r\n<li><strong>Har kontakt med v\u00e5r marknads-, s\u00e4lj eller supportavdelning via e-post, telefon eller hemsida<\/strong>\r\n<ul class=\"wp-block-list\">\r\n<li class=\"has-small-font-size\"><strong>R\u00e4ttslig grund:<\/strong>\u00a0Ber\u00e4ttigat intresse<\/li>\r\n<li class=\"has-small-font-size\"><strong>Personuppgifter som lagras:\u00a0<\/strong>Namn, titel, telefonnummer, e-post och adress<\/li>\r\n<li class=\"has-small-font-size\"><strong>Lagringstid:<\/strong>\u00a0Vi lagrar dina uppgifter fr\u00e5n det att du kontaktade oss och i 24 m\u00e5nader fram\u00e5t. Vi kan lagra dina uppgifter l\u00e4ngre om du \u00f6nskar att vi ska bevara dem f\u00f6r framtida best\u00e4llningar\/f\u00f6rfr\u00e5gningar och har gett ditt samtycke till detta. Om \u00e4rendet omfattar teknisk r\u00e5dgivning kan uppgifter lagras i upp till 50 \u00e5r.<\/li>\r\n<\/ul>\r\n<\/li>\r\n<\/ul>\r\n<ul class=\"wp-block-list\">\r\n<li><strong>St\u00e4ller fr\u00e5gor om v\u00e5ra produkter<\/strong>\r\n<ul class=\"wp-block-list\">\r\n<li class=\"has-small-font-size\"><strong>R\u00e4ttslig grund:<\/strong>\u00a0Fullg\u00f6rande av avtal<\/li>\r\n<li class=\"has-small-font-size\"><strong>Personuppgifter som lagras:<\/strong>\u00a0Namn, telefonnummer, e-post, firmanamn, adress<\/li>\r\n<li class=\"has-small-font-size\"><strong>Lagringstid:<\/strong>\u00a0Vi lagrar dina uppgifter fr\u00e5n det att du kontaktade oss och i 24 m\u00e5nader fram\u00e5t. Vi kan lagra dina uppgifter l\u00e4ngre om du \u00f6nskar att vi ska bevara dem f\u00f6r framtida best\u00e4llningar\/f\u00f6rfr\u00e5gningar och har gett ditt samtycke till detta.<\/li>\r\n<\/ul>\r\n<\/li>\r\n<\/ul>\r\n<ul class=\"wp-block-list\">\r\n<li><strong>Tecknande av avtal med oss om leverans av produkter<\/strong>\r\n<ul class=\"wp-block-list\">\r\n<li class=\"has-small-font-size\"><strong>R\u00e4ttslig grund:<\/strong>\u00a0Fullg\u00f6rande av avtal<\/li>\r\n<li class=\"has-small-font-size\"><strong>Personuppgifter som lagras:<\/strong>\u00a0Namn, telefonnummer, e-post och adress<\/li>\r\n<li class=\"has-small-font-size\"><strong>Lagringstid:<\/strong>\u00a0Vi lagrar dina uppgifter s\u00e5 l\u00e4nge det \u00e4r n\u00f6dv\u00e4ndigt enligt g\u00e4llande lag, till exempel bokf\u00f6ringslagar.<\/li>\r\n<\/ul>\r\n<\/li>\r\n<\/ul>\r\n<ul class=\"wp-block-list\">\r\n<li><strong>Er leverant\u00f6r eller kontaktperson, som leverant\u00f6r till oss<\/strong>\r\n<ul class=\"wp-block-list\">\r\n<li class=\"has-small-font-size\"><strong>R\u00e4ttslig grund:\u00a0<\/strong>Fullg\u00f6rande av avtal, ber\u00e4ttigat intresse<\/li>\r\n<li class=\"has-small-font-size\"><strong>Personuppgifter som lagras:<\/strong>\u00a0Namn, telefonnummer, e-post och firmaadress<\/li>\r\n<li class=\"has-small-font-size\"><strong>Lagringstid:<\/strong>\u00a0Vi lagrar dina uppgifter i upp till 10 \u00e5r.<\/li>\r\n<\/ul>\r\n<\/li>\r\n<\/ul>\r\n<h2 class=\"wp-block-heading\">5) Hur l\u00e4nge lagrar vi uppgifterna?<\/h2>\r\n<p>Vi lagrar personuppgifter s\u00e5 l\u00e4nge det \u00e4r n\u00f6dv\u00e4ndigt f\u00f6r att uppn\u00e5 de syften de samlades in f\u00f6r. I vissa fall kan vi vara skyldiga enligt lag att lagra uppgifterna l\u00e4ngre, eller vi kan beh\u00e5lla dem f\u00f6r att skydda v\u00e5ra r\u00e4ttsliga intressen, till exempel vid en r\u00e4ttslig process.<\/p>\r\n<p>F\u00f6r detaljerad information om hur l\u00e4nge vi lagrar dina uppgifter, se punkt 3 och 4.<\/p>\r\n<h2 class=\"wp-block-heading\">6) Vem delar vi uppgifterna med?<\/h2>\r\n<p>Aneta AB (Business ID no. 556291-0264), kan dela personuppgifter med akt\u00f6rer som behandlar personuppgifter p\u00e5 uppdrag av Aneta AB (Business ID no. 556291-0264), till exempel IT-leverant\u00f6r eller koncernbolag<\/p>\r\n<p>Vi s\u00e4kerst\u00e4ller att det finns skriftliga databehandlingsavtal som beskriver parternas ansvar och f\u00f6rpliktelser, samt de s\u00e4kerhets\u00e5tg\u00e4rder som har vidtagits f\u00f6r att skydda uppgifterna. Om personuppgifter \u00f6verf\u00f6rs till ett land utanf\u00f6r EU\/EES, kommer Aneta AB (Business ID no. 556291-0264), att s\u00e4kerst\u00e4lla att s\u00e5dan \u00f6verf\u00f6ring sker p\u00e5 ett s\u00e4kert s\u00e4tt och i enlighet med g\u00e4llande lag.<\/p>\r\n<p>Personuppgifter kan ocks\u00e5 l\u00e4mnas ut om det \u00e4r n\u00f6dv\u00e4ndigt f\u00f6r att uppfylla g\u00e4llande lagkrav eller krav fr\u00e5n myndigheter, f\u00f6r att skydda Aneta AB (Business ID no. 556291-0264) r\u00e4ttsliga intressen, eller f\u00f6r att uppt\u00e4cka, f\u00f6rebygga eller utreda bedr\u00e4gerier och andra s\u00e4kerhets- eller tekniska problem.<\/p>\r\n<h2 class=\"wp-block-heading\">7) Anm\u00e4lan om brott mot personuppgifts-skydd<\/h2>\r\n<p>Om Aneta AB (Business ID no. 556291-0264) upplever ett dataintr\u00e5ng som kan p\u00e5verka dina personuppgifter, kommer vi att informera dig s\u00e5 snart som m\u00f6jligt. Du kommer att meddelas via e-post eller andra tillg\u00e4ngliga kommunikationskanaler om:<\/p>\r\n<ul class=\"wp-block-list\">\r\n<li>Vad som har skett<\/li>\r\n<li>Vilka uppgifter som det ber\u00f6r<\/li>\r\n<li>Vilka \u00e5tg\u00e4rder vi har vidtagit f\u00f6r att begr\u00e4nsa skadans omfattning.<\/li>\r\n<\/ul>\r\n<h2 class=\"wp-block-heading\">8) \u00c4ndringar i integritetspolicyn<\/h2>\r\n<p>Denna integritetspolicy kan komma att justeras fr\u00e5n tid till annan. Om Aneta AB (Business ID no. 556291-0264) g\u00f6r betydande \u00e4ndringar i integritetspolicyn kommer vi att informera dig via e-post innan \u00e4ndringarna tr\u00e4der i kraft.<\/p>\r\n<p>Den aktuella integritetspolicyn kommer ocks\u00e5 att publiceras p\u00e5 Aneta AB (Business ID no. 556291-0264) sin hemsida.<\/p>\r\n<h2 class=\"wp-block-heading\">9) Cookies<\/h2>\r\n<p>Aneta AB (Business ID no. 556291-0264) anv\u00e4nder cookies och andra liknande teknologier f\u00f6r att samla in information om dig eller den enhet du anv\u00e4nder. Dessa cookies hj\u00e4lper oss att f\u00f6rst\u00e5 hur du anv\u00e4nder v\u00e5r webbplats s\u00e5 att vi kan anpassa v\u00e5ra tj\u00e4nster f\u00f6r en b\u00e4ttre anv\u00e4ndarupplevelse.<\/p>\r\n<p>Information som samlas in genom cookies kan inkludera:<\/p>\r\n<ul class=\"wp-block-list\">\r\n<li>IP-adress<\/li>\r\n<li>Webbl\u00e4sartyp<\/li>\r\n<li>Operativsystem<\/li>\r\n<li>Information om hur du navigerar dig p\u00e5 hemsidan<\/li>\r\n<\/ul>\r\n<p>Mer information om Aneta AB (Business ID no. 556291-0264) sin anv\u00e4ndning av cookies finns p\u00e5 sidan <a href=\"https:\/\/anetaprofessional.com\/se\/integritet-och-kakor\/\">Policy f\u00f6r kakor<\/a>\u00a0p\u00e5 v\u00e5r hemsida.<\/p>\r\n<h2 class=\"wp-block-heading\">10) R\u00e4tt til information, r\u00e4ttelser og m\u00f8jlighet f\u00f6r att klaga<\/h2>\r\n<p>Om du anser att v\u00e5r behandling av dina personuppgifter strider mot dataskyddsf\u00f6rordningen kan du klaga till tillsynsmyndigheten i det EU\/EES-land d\u00e4r du bor eller arbetar (t.ex. Datainspektionen, IMY), eller i det land d\u00e4r den p\u00e5st\u00e5dda \u00f6vertr\u00e4delsen av dataskyddsf\u00f6rordningen har intr\u00e4ffat.<\/p>\r\n<p>M\u00f6jligheten att klaga som beskrivs ovan begr\u00e4nsar inte dina m\u00f6jligheter att anv\u00e4nda dig av administrativa \u00e5tg\u00e4rder eller r\u00e4ttsmedel som du har tillg\u00e5ng till.<\/p>\r\n<p>Om du inte \u00f6nskar att Aneta AB (Business ID no. 556291-0264) ska behandla dina personuppgifter f\u00f6r direktmarknadsf\u00f6ring, kan du skriftligen meddela detta till Aneta AB (Business ID no. 556291-0264). I varje nyhetsbrev kommer du ocks\u00e5 att informeras om din m\u00f6jlighet att avregistrera dig fr\u00e5n framtida nyhetsbrev.<\/p>\r\n<p>Du har r\u00e4tt att en g\u00e5ng per kalender\u00e5r f\u00e5 gratis information om vilka personuppgifter Aneta AB (Business ID no. 556291-0264) behandlar om dig och f\u00f6r vilket \u00e4ndam\u00e5l (s\u00e5 kallat registerutdrag).<\/p>\r\n<p>En s\u00e5dan beg\u00e4ran om registerutdrag ska vara skriftlig och undertecknad av den som beg\u00e4r det.<\/p>\r\n<p>Du har \u00e4ven r\u00e4tt att f\u00e5 felaktiga, vilseledande eller ofullst\u00e4ndiga uppgifter r\u00e4ttade, blockerade, anonymiserade eller raderade.<\/p>\r\n<p>Om du vill beg\u00e4ra ett registerutdrag, eller har fr\u00e5gor om hur Aneta AB (Business ID no. 556291-0264) behandlar dina personuppgifter, v\u00e4nligen kontakta oss p\u00e5 <a class=\"\" href=\"mailto:gdpr@byggma.no\">gdpr@byggma.no<\/a>.<\/p>\r\n<h2 class=\"wp-block-heading\">11) F\u00f6rteckning om behandlingsaktiviteter<\/h2>\r\n<p>I enlighet med GDPR artikel 30, uppr\u00e4tth\u00e5ller Aneta AB (Business ID no. 556291-0264) en f\u00f6rteckning \u00f6ver alla behandlingsaktiviteter som involverar personuppgifter. Denna f\u00f6rteckning inneh\u00e5ller information om:<\/p>\r\n<ul class=\"wp-block-list\">\r\n<li>Vilken data som samlas in<\/li>\r\n<li>Syftet med behandlingen<\/li>\r\n<li>Mottagare av uppgifterna<\/li>\r\n<li>De s\u00e4kerhets\u00e5tg\u00e4rder som vidtagits f\u00f6r att skydda uppgifterna<\/li>\r\n<\/ul>\r\n<p>F\u00f6rteckningen \u00e4r tillg\u00e4nglig f\u00f6r tillsynsmyndigheter vid beg\u00e4ran och bidrar till att s\u00e4kerst\u00e4lla att vi behandlar dina personuppgifter i enlighet med g\u00e4llande lagstiftning.<\/p>\r\n<h2 class=\"wp-block-heading\">12) Kontaktinformation<\/h2>\r\n<p>Du kan kontakta oss f\u00f6r fr\u00e5gor om personuppgifter p\u00e5 f\u00f6ljande e-postadress:<\/p>\r\n<p><a class=\"\" href=\"mailto:gdpr@byggma.no\">gdpr@byggma.no<\/a><\/p>\r\n","protected":false},"excerpt":{"rendered":"<p>Senast uppdaterad:\u00a03 september 2024 Denna integritetspolicy g\u00e4ller f\u00f6r bolaget Aneta AB (Business ID no. 556291-0264). 1) Generellt Aneta AB (Business ID no. 556291-0264), \u00f6nskar med denna integritetspolicy p\u00e5 att visa hur vi s\u00e4kerst\u00e4ller att dina personuppgifter behandlas i enlighet med svensk personuppgifts-lagstiftning. Du ska alltid k\u00e4nna dig trygg n\u00e4r du ger oss dina personuppgifter. Aneta &hellip;<\/p>\n","protected":false},"author":1,"featured_media":0,"parent":0,"menu_order":0,"comment_status":"closed","ping_status":"closed","template":"","meta":{"_acf_changed":false,"inline_featured_image":false,"footnotes":""},"class_list":["post-3","page","type-page","status-publish","hentry"],"acf":[],"yoast_head":"<!-- This site is optimized with the Yoast SEO plugin v27.3 - https:\/\/yoast.com\/product\/yoast-seo-wordpress\/ -->\n<title>Privacy Policy - Aneta Professional<\/title>\n<meta name=\"robots\" content=\"index, follow, max-snippet:-1, max-image-preview:large, max-video-preview:-1\" \/>\n<link rel=\"canonical\" href=\"https:\/\/anetaprofessional.com\/se\/privacy-policy\/\" \/>\n<meta property=\"og:locale\" content=\"sv_SE\" \/>\n<meta property=\"og:type\" content=\"article\" \/>\n<meta property=\"og:title\" content=\"Privacy Policy - Aneta Professional\" \/>\n<meta property=\"og:description\" content=\"Senast uppdaterad:\u00a03 september 2024 Denna integritetspolicy g\u00e4ller f\u00f6r bolaget Aneta AB (Business ID no. 556291-0264). 1) Generellt Aneta AB (Business ID no. 556291-0264), \u00f6nskar med denna integritetspolicy p\u00e5 att visa hur vi s\u00e4kerst\u00e4ller att dina personuppgifter behandlas i enlighet med svensk personuppgifts-lagstiftning. Du ska alltid k\u00e4nna dig trygg n\u00e4r du ger oss dina personuppgifter. Aneta &hellip;\" \/>\n<meta property=\"og:url\" content=\"https:\/\/anetaprofessional.com\/se\/privacy-policy\/\" \/>\n<meta property=\"og:site_name\" content=\"Aneta Professional\" \/>\n<meta property=\"article:modified_time\" content=\"2025-01-02T11:01:26+00:00\" \/>\n<meta name=\"twitter:card\" content=\"summary_large_image\" \/>\n<meta name=\"twitter:label1\" content=\"Ber\u00e4knad l\u00e4stid\" \/>\n\t<meta name=\"twitter:data1\" content=\"7 minuter\" \/>\n<script type=\"application\/ld+json\" class=\"yoast-schema-graph\">{\"@context\":\"https:\\\/\\\/schema.org\",\"@graph\":[{\"@type\":\"WebPage\",\"@id\":\"https:\\\/\\\/anetaprofessional.com\\\/se\\\/privacy-policy\\\/\",\"url\":\"https:\\\/\\\/anetaprofessional.com\\\/se\\\/privacy-policy\\\/\",\"name\":\"Privacy Policy - Aneta Professional\",\"isPartOf\":{\"@id\":\"https:\\\/\\\/anetaprofessional.com\\\/se\\\/#website\"},\"datePublished\":\"2021-06-29T11:24:56+00:00\",\"dateModified\":\"2025-01-02T11:01:26+00:00\",\"breadcrumb\":{\"@id\":\"https:\\\/\\\/anetaprofessional.com\\\/se\\\/privacy-policy\\\/#breadcrumb\"},\"inLanguage\":\"sv-SE\",\"potentialAction\":[{\"@type\":\"ReadAction\",\"target\":[\"https:\\\/\\\/anetaprofessional.com\\\/se\\\/privacy-policy\\\/\"]}]},{\"@type\":\"BreadcrumbList\",\"@id\":\"https:\\\/\\\/anetaprofessional.com\\\/se\\\/privacy-policy\\\/#breadcrumb\",\"itemListElement\":[{\"@type\":\"ListItem\",\"position\":1,\"name\":\"Forsiden\",\"item\":\"https:\\\/\\\/anetaprofessional.com\\\/se\\\/\"},{\"@type\":\"ListItem\",\"position\":2,\"name\":\"Privacy Policy\"}]},{\"@type\":\"WebSite\",\"@id\":\"https:\\\/\\\/anetaprofessional.com\\\/se\\\/#website\",\"url\":\"https:\\\/\\\/anetaprofessional.com\\\/se\\\/\",\"name\":\"Aneta Professional\",\"description\":\"Skandinavias ledende lampegrossist\",\"publisher\":{\"@id\":\"https:\\\/\\\/anetaprofessional.com\\\/se\\\/#organization\"},\"potentialAction\":[{\"@type\":\"SearchAction\",\"target\":{\"@type\":\"EntryPoint\",\"urlTemplate\":\"https:\\\/\\\/anetaprofessional.com\\\/se\\\/?s={search_term_string}\"},\"query-input\":{\"@type\":\"PropertyValueSpecification\",\"valueRequired\":true,\"valueName\":\"search_term_string\"}}],\"inLanguage\":\"sv-SE\"},{\"@type\":\"Organization\",\"@id\":\"https:\\\/\\\/anetaprofessional.com\\\/se\\\/#organization\",\"name\":\"Aneta Professional\",\"url\":\"https:\\\/\\\/anetaprofessional.com\\\/se\\\/\",\"logo\":{\"@type\":\"ImageObject\",\"inLanguage\":\"sv-SE\",\"@id\":\"https:\\\/\\\/anetaprofessional.com\\\/se\\\/#\\\/schema\\\/logo\\\/image\\\/\",\"url\":\"https:\\\/\\\/dbud83cwgulta.cloudfront.net\\\/wp-content\\\/uploads\\\/sites\\\/3\\\/2022\\\/07\\\/23193840\\\/ANETA-PRO-logo-RGB_hvit.png\",\"contentUrl\":\"https:\\\/\\\/dbud83cwgulta.cloudfront.net\\\/wp-content\\\/uploads\\\/sites\\\/3\\\/2022\\\/07\\\/23193840\\\/ANETA-PRO-logo-RGB_hvit.png\",\"width\":1201,\"height\":487,\"caption\":\"Aneta Professional\"},\"image\":{\"@id\":\"https:\\\/\\\/anetaprofessional.com\\\/se\\\/#\\\/schema\\\/logo\\\/image\\\/\"}}]}<\/script>\n<!-- \/ Yoast SEO plugin. -->","yoast_head_json":{"title":"Privacy Policy - Aneta Professional","robots":{"index":"index","follow":"follow","max-snippet":"max-snippet:-1","max-image-preview":"max-image-preview:large","max-video-preview":"max-video-preview:-1"},"canonical":"https:\/\/anetaprofessional.com\/se\/privacy-policy\/","og_locale":"sv_SE","og_type":"article","og_title":"Privacy Policy - Aneta Professional","og_description":"Senast uppdaterad:\u00a03 september 2024 Denna integritetspolicy g\u00e4ller f\u00f6r bolaget Aneta AB (Business ID no. 556291-0264). 1) Generellt Aneta AB (Business ID no. 556291-0264), \u00f6nskar med denna integritetspolicy p\u00e5 att visa hur vi s\u00e4kerst\u00e4ller att dina personuppgifter behandlas i enlighet med svensk personuppgifts-lagstiftning. Du ska alltid k\u00e4nna dig trygg n\u00e4r du ger oss dina personuppgifter. Aneta &hellip;","og_url":"https:\/\/anetaprofessional.com\/se\/privacy-policy\/","og_site_name":"Aneta Professional","article_modified_time":"2025-01-02T11:01:26+00:00","twitter_card":"summary_large_image","twitter_misc":{"Ber\u00e4knad l\u00e4stid":"7 minuter"},"schema":{"@context":"https:\/\/schema.org","@graph":[{"@type":"WebPage","@id":"https:\/\/anetaprofessional.com\/se\/privacy-policy\/","url":"https:\/\/anetaprofessional.com\/se\/privacy-policy\/","name":"Privacy Policy - Aneta Professional","isPartOf":{"@id":"https:\/\/anetaprofessional.com\/se\/#website"},"datePublished":"2021-06-29T11:24:56+00:00","dateModified":"2025-01-02T11:01:26+00:00","breadcrumb":{"@id":"https:\/\/anetaprofessional.com\/se\/privacy-policy\/#breadcrumb"},"inLanguage":"sv-SE","potentialAction":[{"@type":"ReadAction","target":["https:\/\/anetaprofessional.com\/se\/privacy-policy\/"]}]},{"@type":"BreadcrumbList","@id":"https:\/\/anetaprofessional.com\/se\/privacy-policy\/#breadcrumb","itemListElement":[{"@type":"ListItem","position":1,"name":"Forsiden","item":"https:\/\/anetaprofessional.com\/se\/"},{"@type":"ListItem","position":2,"name":"Privacy Policy"}]},{"@type":"WebSite","@id":"https:\/\/anetaprofessional.com\/se\/#website","url":"https:\/\/anetaprofessional.com\/se\/","name":"Aneta Professional","description":"Skandinavias ledende lampegrossist","publisher":{"@id":"https:\/\/anetaprofessional.com\/se\/#organization"},"potentialAction":[{"@type":"SearchAction","target":{"@type":"EntryPoint","urlTemplate":"https:\/\/anetaprofessional.com\/se\/?s={search_term_string}"},"query-input":{"@type":"PropertyValueSpecification","valueRequired":true,"valueName":"search_term_string"}}],"inLanguage":"sv-SE"},{"@type":"Organization","@id":"https:\/\/anetaprofessional.com\/se\/#organization","name":"Aneta Professional","url":"https:\/\/anetaprofessional.com\/se\/","logo":{"@type":"ImageObject","inLanguage":"sv-SE","@id":"https:\/\/anetaprofessional.com\/se\/#\/schema\/logo\/image\/","url":"https:\/\/dbud83cwgulta.cloudfront.net\/wp-content\/uploads\/sites\/3\/2022\/07\/23193840\/ANETA-PRO-logo-RGB_hvit.png","contentUrl":"https:\/\/dbud83cwgulta.cloudfront.net\/wp-content\/uploads\/sites\/3\/2022\/07\/23193840\/ANETA-PRO-logo-RGB_hvit.png","width":1201,"height":487,"caption":"Aneta Professional"},"image":{"@id":"https:\/\/anetaprofessional.com\/se\/#\/schema\/logo\/image\/"}}]}},"_links":{"self":[{"href":"https:\/\/anetaprofessional.com\/se\/wp-json\/wp\/v2\/pages\/3","targetHints":{"allow":["GET"]}}],"collection":[{"href":"https:\/\/anetaprofessional.com\/se\/wp-json\/wp\/v2\/pages"}],"about":[{"href":"https:\/\/anetaprofessional.com\/se\/wp-json\/wp\/v2\/types\/page"}],"author":[{"embeddable":true,"href":"https:\/\/anetaprofessional.com\/se\/wp-json\/wp\/v2\/users\/1"}],"replies":[{"embeddable":true,"href":"https:\/\/anetaprofessional.com\/se\/wp-json\/wp\/v2\/comments?post=3"}],"version-history":[{"count":4,"href":"https:\/\/anetaprofessional.com\/se\/wp-json\/wp\/v2\/pages\/3\/revisions"}],"predecessor-version":[{"id":15427,"href":"https:\/\/anetaprofessional.com\/se\/wp-json\/wp\/v2\/pages\/3\/revisions\/15427"}],"wp:attachment":[{"href":"https:\/\/anetaprofessional.com\/se\/wp-json\/wp\/v2\/media?parent=3"}],"curies":[{"name":"wp","href":"https:\/\/api.w.org\/{rel}","templated":true}]}}