{"id":12101,"date":"2022-07-05T13:01:17","date_gmt":"2022-07-05T11:01:17","guid":{"rendered":"https:\/\/anetaprofessional.com\/se\/produkt\/scanstrip-dualwhite\/"},"modified":"2026-02-21T02:52:15","modified_gmt":"2026-02-21T01:52:15","slug":"scanstrip-dualwhite","status":"publish","type":"product","link":"https:\/\/anetaprofessional.com\/se\/produkt\/scanstrip-dualwhite\/","title":{"rendered":"Scanstrip DUALWHITE"},"content":{"rendered":"<p>Scanstrip DUALWHITE \u00e4r en h\u00f6gkvalitativ DW LED stripe med h\u00f6gt ljusutbyte och f\u00e4rg\u00e5tergivelse. F\u00e4rgtemperaturen kan justeres mellan 2500K och 6500K. Diodt\u00e4theten ger ett j\u00e4mnt och fint ljus d\u00e4r det uppn\u00e5s en fin blandning mellan kallvit och varmvit diod. 5 m, 20W\/m, SDCM<3, CRI>95, 364LED\/m, >54 000h och 2m vit ledning i b\u00e5da \u00e4ndar.<\/p>\n","protected":false},"excerpt":{"rendered":"<p>Scanstrip DUALWHITE \u00e4r en h\u00f6gkvalitativ DW LED stripe med h\u00f6gt ljusutbyte och f\u00e4rg\u00e5tergivelse. F\u00e4rgtemperaturen kan justeres mellan 2500K och 6500K. Diodt\u00e4theten ger ett j\u00e4mnt och fint ljus d\u00e4r det uppn\u00e5s en fin blandning mellan kallvit och varmvit diod. 5 m, 20W\/m, SDCM<3, CRI>95, 364LED\/m, >54 000h och 2m vit ledning i b\u00e5da \u00e4ndar.<\/p>\n","protected":false},"featured_media":14381,"template":"","meta":{"_acf_changed":false,"inline_featured_image":false},"product_tag":[],"product_brand":[],"product_cat":[39155],"class_list":{"0":"post-12101","1":"product","2":"type-product","3":"status-publish","4":"has-post-thumbnail","6":"product_cat-professional-led-lister-professional","8":"first","9":"onbackorder","10":"taxable","11":"shipping-taxable","12":"product-type-simple"},"acf":[],"yoast_head":"<!-- This site is optimized with the Yoast SEO plugin v27.3 - https:\/\/yoast.com\/product\/yoast-seo-wordpress\/ -->\n<title>Scanstrip DUALWHITE - Aneta Professional<\/title>\n<meta name=\"robots\" content=\"index, follow, max-snippet:-1, max-image-preview:large, max-video-preview:-1\" \/>\n<link rel=\"canonical\" href=\"https:\/\/anetaprofessional.com\/se\/produkt\/scanstrip-dualwhite\/\" \/>\n<meta property=\"og:locale\" content=\"sv_SE\" \/>\n<meta property=\"og:type\" content=\"article\" \/>\n<meta property=\"og:title\" content=\"Scanstrip DUALWHITE - Aneta Professional\" \/>\n<meta property=\"og:description\" content=\"Scanstrip DUALWHITE \u00e4r en h\u00f6gkvalitativ DW LED stripe med h\u00f6gt ljusutbyte och f\u00e4rg\u00e5tergivelse. F\u00e4rgtemperaturen kan justeres mellan 2500K och 6500K. Diodt\u00e4theten ger ett j\u00e4mnt och fint ljus d\u00e4r det uppn\u00e5s en fin blandning mellan kallvit och varmvit diod. 5 m, 20W\/m, SDCM95, 364LED\/m, &gt;54 000h och 2m vit ledning i b\u00e5da \u00e4ndar.\" \/>\n<meta property=\"og:url\" content=\"https:\/\/anetaprofessional.com\/se\/produkt\/scanstrip-dualwhite\/\" \/>\n<meta property=\"og:site_name\" content=\"Aneta Professional\" \/>\n<meta property=\"article:modified_time\" content=\"2026-02-21T01:52:15+00:00\" \/>\n<meta property=\"og:image\" content=\"https:\/\/dbud83cwgulta.cloudfront.net\/wp-content\/uploads\/sites\/3\/2022\/07\/23192844\/GWfn62S1SvSzLkkXIbBEZ4AvA-1024x683.png\" \/>\n\t<meta property=\"og:image:width\" content=\"1024\" \/>\n\t<meta property=\"og:image:height\" content=\"683\" \/>\n\t<meta property=\"og:image:type\" content=\"image\/png\" \/>\n<meta name=\"twitter:card\" content=\"summary_large_image\" \/>\n<script type=\"application\/ld+json\" class=\"yoast-schema-graph\">{\"@context\":\"https:\\\/\\\/schema.org\",\"@graph\":[{\"@type\":\"WebPage\",\"@id\":\"https:\\\/\\\/anetaprofessional.com\\\/se\\\/produkt\\\/scanstrip-dualwhite\\\/\",\"url\":\"https:\\\/\\\/anetaprofessional.com\\\/se\\\/produkt\\\/scanstrip-dualwhite\\\/\",\"name\":\"Scanstrip DUALWHITE - Aneta Professional\",\"isPartOf\":{\"@id\":\"https:\\\/\\\/anetaprofessional.com\\\/se\\\/#website\"},\"primaryImageOfPage\":{\"@id\":\"https:\\\/\\\/anetaprofessional.com\\\/se\\\/produkt\\\/scanstrip-dualwhite\\\/#primaryimage\"},\"image\":{\"@id\":\"https:\\\/\\\/anetaprofessional.com\\\/se\\\/produkt\\\/scanstrip-dualwhite\\\/#primaryimage\"},\"thumbnailUrl\":\"https:\\\/\\\/dbud83cwgulta.cloudfront.net\\\/wp-content\\\/uploads\\\/sites\\\/3\\\/2022\\\/07\\\/23192844\\\/GWfn62S1SvSzLkkXIbBEZ4AvA.png\",\"datePublished\":\"2022-07-05T11:01:17+00:00\",\"dateModified\":\"2026-02-21T01:52:15+00:00\",\"breadcrumb\":{\"@id\":\"https:\\\/\\\/anetaprofessional.com\\\/se\\\/produkt\\\/scanstrip-dualwhite\\\/#breadcrumb\"},\"inLanguage\":\"sv-SE\",\"potentialAction\":[{\"@type\":\"ReadAction\",\"target\":[\"https:\\\/\\\/anetaprofessional.com\\\/se\\\/produkt\\\/scanstrip-dualwhite\\\/\"]}]},{\"@type\":\"ImageObject\",\"inLanguage\":\"sv-SE\",\"@id\":\"https:\\\/\\\/anetaprofessional.com\\\/se\\\/produkt\\\/scanstrip-dualwhite\\\/#primaryimage\",\"url\":\"https:\\\/\\\/dbud83cwgulta.cloudfront.net\\\/wp-content\\\/uploads\\\/sites\\\/3\\\/2022\\\/07\\\/23192844\\\/GWfn62S1SvSzLkkXIbBEZ4AvA.png\",\"contentUrl\":\"https:\\\/\\\/dbud83cwgulta.cloudfront.net\\\/wp-content\\\/uploads\\\/sites\\\/3\\\/2022\\\/07\\\/23192844\\\/GWfn62S1SvSzLkkXIbBEZ4AvA.png\",\"width\":6378,\"height\":4252},{\"@type\":\"BreadcrumbList\",\"@id\":\"https:\\\/\\\/anetaprofessional.com\\\/se\\\/produkt\\\/scanstrip-dualwhite\\\/#breadcrumb\",\"itemListElement\":[{\"@type\":\"ListItem\",\"position\":1,\"name\":\"Forsiden\",\"item\":\"https:\\\/\\\/anetaprofessional.com\\\/se\\\/\"},{\"@type\":\"ListItem\",\"position\":2,\"name\":\"Butik\",\"item\":\"https:\\\/\\\/anetaprofessional.com\\\/se\\\/butik\\\/\"},{\"@type\":\"ListItem\",\"position\":3,\"name\":\"Scanstrip DUALWHITE\"}]},{\"@type\":\"WebSite\",\"@id\":\"https:\\\/\\\/anetaprofessional.com\\\/se\\\/#website\",\"url\":\"https:\\\/\\\/anetaprofessional.com\\\/se\\\/\",\"name\":\"Aneta Professional\",\"description\":\"Skandinavias ledende lampegrossist\",\"publisher\":{\"@id\":\"https:\\\/\\\/anetaprofessional.com\\\/se\\\/#organization\"},\"potentialAction\":[{\"@type\":\"SearchAction\",\"target\":{\"@type\":\"EntryPoint\",\"urlTemplate\":\"https:\\\/\\\/anetaprofessional.com\\\/se\\\/?s={search_term_string}\"},\"query-input\":{\"@type\":\"PropertyValueSpecification\",\"valueRequired\":true,\"valueName\":\"search_term_string\"}}],\"inLanguage\":\"sv-SE\"},{\"@type\":\"Organization\",\"@id\":\"https:\\\/\\\/anetaprofessional.com\\\/se\\\/#organization\",\"name\":\"Aneta Professional\",\"url\":\"https:\\\/\\\/anetaprofessional.com\\\/se\\\/\",\"logo\":{\"@type\":\"ImageObject\",\"inLanguage\":\"sv-SE\",\"@id\":\"https:\\\/\\\/anetaprofessional.com\\\/se\\\/#\\\/schema\\\/logo\\\/image\\\/\",\"url\":\"https:\\\/\\\/dbud83cwgulta.cloudfront.net\\\/wp-content\\\/uploads\\\/sites\\\/3\\\/2022\\\/07\\\/23193840\\\/ANETA-PRO-logo-RGB_hvit.png\",\"contentUrl\":\"https:\\\/\\\/dbud83cwgulta.cloudfront.net\\\/wp-content\\\/uploads\\\/sites\\\/3\\\/2022\\\/07\\\/23193840\\\/ANETA-PRO-logo-RGB_hvit.png\",\"width\":1201,\"height\":487,\"caption\":\"Aneta Professional\"},\"image\":{\"@id\":\"https:\\\/\\\/anetaprofessional.com\\\/se\\\/#\\\/schema\\\/logo\\\/image\\\/\"}}]}<\/script>\n<!-- \/ Yoast SEO plugin. -->","yoast_head_json":{"title":"Scanstrip DUALWHITE - Aneta Professional","robots":{"index":"index","follow":"follow","max-snippet":"max-snippet:-1","max-image-preview":"max-image-preview:large","max-video-preview":"max-video-preview:-1"},"canonical":"https:\/\/anetaprofessional.com\/se\/produkt\/scanstrip-dualwhite\/","og_locale":"sv_SE","og_type":"article","og_title":"Scanstrip DUALWHITE - Aneta Professional","og_description":"Scanstrip DUALWHITE \u00e4r en h\u00f6gkvalitativ DW LED stripe med h\u00f6gt ljusutbyte och f\u00e4rg\u00e5tergivelse. F\u00e4rgtemperaturen kan justeres mellan 2500K och 6500K. Diodt\u00e4theten ger ett j\u00e4mnt och fint ljus d\u00e4r det uppn\u00e5s en fin blandning mellan kallvit och varmvit diod. 5 m, 20W\/m, SDCM95, 364LED\/m, >54 000h och 2m vit ledning i b\u00e5da \u00e4ndar.","og_url":"https:\/\/anetaprofessional.com\/se\/produkt\/scanstrip-dualwhite\/","og_site_name":"Aneta Professional","article_modified_time":"2026-02-21T01:52:15+00:00","og_image":[{"width":1024,"height":683,"url":"https:\/\/dbud83cwgulta.cloudfront.net\/wp-content\/uploads\/sites\/3\/2022\/07\/23192844\/GWfn62S1SvSzLkkXIbBEZ4AvA-1024x683.png","type":"image\/png"}],"twitter_card":"summary_large_image","schema":{"@context":"https:\/\/schema.org","@graph":[{"@type":"WebPage","@id":"https:\/\/anetaprofessional.com\/se\/produkt\/scanstrip-dualwhite\/","url":"https:\/\/anetaprofessional.com\/se\/produkt\/scanstrip-dualwhite\/","name":"Scanstrip DUALWHITE - Aneta Professional","isPartOf":{"@id":"https:\/\/anetaprofessional.com\/se\/#website"},"primaryImageOfPage":{"@id":"https:\/\/anetaprofessional.com\/se\/produkt\/scanstrip-dualwhite\/#primaryimage"},"image":{"@id":"https:\/\/anetaprofessional.com\/se\/produkt\/scanstrip-dualwhite\/#primaryimage"},"thumbnailUrl":"https:\/\/dbud83cwgulta.cloudfront.net\/wp-content\/uploads\/sites\/3\/2022\/07\/23192844\/GWfn62S1SvSzLkkXIbBEZ4AvA.png","datePublished":"2022-07-05T11:01:17+00:00","dateModified":"2026-02-21T01:52:15+00:00","breadcrumb":{"@id":"https:\/\/anetaprofessional.com\/se\/produkt\/scanstrip-dualwhite\/#breadcrumb"},"inLanguage":"sv-SE","potentialAction":[{"@type":"ReadAction","target":["https:\/\/anetaprofessional.com\/se\/produkt\/scanstrip-dualwhite\/"]}]},{"@type":"ImageObject","inLanguage":"sv-SE","@id":"https:\/\/anetaprofessional.com\/se\/produkt\/scanstrip-dualwhite\/#primaryimage","url":"https:\/\/dbud83cwgulta.cloudfront.net\/wp-content\/uploads\/sites\/3\/2022\/07\/23192844\/GWfn62S1SvSzLkkXIbBEZ4AvA.png","contentUrl":"https:\/\/dbud83cwgulta.cloudfront.net\/wp-content\/uploads\/sites\/3\/2022\/07\/23192844\/GWfn62S1SvSzLkkXIbBEZ4AvA.png","width":6378,"height":4252},{"@type":"BreadcrumbList","@id":"https:\/\/anetaprofessional.com\/se\/produkt\/scanstrip-dualwhite\/#breadcrumb","itemListElement":[{"@type":"ListItem","position":1,"name":"Forsiden","item":"https:\/\/anetaprofessional.com\/se\/"},{"@type":"ListItem","position":2,"name":"Butik","item":"https:\/\/anetaprofessional.com\/se\/butik\/"},{"@type":"ListItem","position":3,"name":"Scanstrip DUALWHITE"}]},{"@type":"WebSite","@id":"https:\/\/anetaprofessional.com\/se\/#website","url":"https:\/\/anetaprofessional.com\/se\/","name":"Aneta Professional","description":"Skandinavias ledende lampegrossist","publisher":{"@id":"https:\/\/anetaprofessional.com\/se\/#organization"},"potentialAction":[{"@type":"SearchAction","target":{"@type":"EntryPoint","urlTemplate":"https:\/\/anetaprofessional.com\/se\/?s={search_term_string}"},"query-input":{"@type":"PropertyValueSpecification","valueRequired":true,"valueName":"search_term_string"}}],"inLanguage":"sv-SE"},{"@type":"Organization","@id":"https:\/\/anetaprofessional.com\/se\/#organization","name":"Aneta Professional","url":"https:\/\/anetaprofessional.com\/se\/","logo":{"@type":"ImageObject","inLanguage":"sv-SE","@id":"https:\/\/anetaprofessional.com\/se\/#\/schema\/logo\/image\/","url":"https:\/\/dbud83cwgulta.cloudfront.net\/wp-content\/uploads\/sites\/3\/2022\/07\/23193840\/ANETA-PRO-logo-RGB_hvit.png","contentUrl":"https:\/\/dbud83cwgulta.cloudfront.net\/wp-content\/uploads\/sites\/3\/2022\/07\/23193840\/ANETA-PRO-logo-RGB_hvit.png","width":1201,"height":487,"caption":"Aneta Professional"},"image":{"@id":"https:\/\/anetaprofessional.com\/se\/#\/schema\/logo\/image\/"}}]}},"_links":{"self":[{"href":"https:\/\/anetaprofessional.com\/se\/wp-json\/wp\/v2\/product\/12101","targetHints":{"allow":["GET"]}}],"collection":[{"href":"https:\/\/anetaprofessional.com\/se\/wp-json\/wp\/v2\/product"}],"about":[{"href":"https:\/\/anetaprofessional.com\/se\/wp-json\/wp\/v2\/types\/product"}],"wp:featuredmedia":[{"embeddable":true,"href":"https:\/\/anetaprofessional.com\/se\/wp-json\/wp\/v2\/media\/14381"}],"wp:attachment":[{"href":"https:\/\/anetaprofessional.com\/se\/wp-json\/wp\/v2\/media?parent=12101"}],"wp:term":[{"taxonomy":"product_tag","embeddable":true,"href":"https:\/\/anetaprofessional.com\/se\/wp-json\/wp\/v2\/product_tag?post=12101"},{"taxonomy":"product_brand","embeddable":true,"href":"https:\/\/anetaprofessional.com\/se\/wp-json\/wp\/v2\/product_brand?post=12101"},{"taxonomy":"product_cat","embeddable":true,"href":"https:\/\/anetaprofessional.com\/se\/wp-json\/wp\/v2\/product_cat?post=12101"}],"curies":[{"name":"wp","href":"https:\/\/api.w.org\/{rel}","templated":true}]}}