{"id":12261,"date":"2022-07-05T13:02:08","date_gmt":"2022-07-05T11:02:08","guid":{"rendered":"https:\/\/anetaprofessional.com\/se\/produkt\/skylight-6060-frame\/"},"modified":"2026-02-21T02:52:19","modified_gmt":"2026-02-21T01:52:19","slug":"skylight-6060-frame","status":"publish","type":"product","link":"https:\/\/anetaprofessional.com\/se\/produkt\/skylight-6060-frame\/","title":{"rendered":"Skylight 6060 FRAME"},"content":{"rendered":"<p>Designpatenterad l\u00e5gtbyggande LED-panelram f\u00f6r utanp\u00e5liggande montage. Sp\u00e5r i alla fyra sidorna f\u00f6r utanp\u00e5liggande kablar, samt \u00f6ppning p\u00e5 ovansidan f\u00f6r montage \u00f6ver dosa. M\u00e4rkt f\u00f6r f\u00f6renkling av montage i rad vid anv\u00e4ndning av laser.<br \/>\nInnovativ och enkel med fj\u00e4drar f\u00f6r f\u00e4ste av panelen. Speciellt framtagen f\u00f6r v\u00e5r Skylight 6060 och 30120 XS panel, med plats till NONdim, DIM eller DALI-driver \u00f6ver panelen. Speciellt utvecklad f\u00f6r att underl\u00e4tta din vardag!<\/p>\n","protected":false},"excerpt":{"rendered":"<p>Designpatenterad l\u00e5gtbyggande LED-panelram f\u00f6r utanp\u00e5liggande montage. Sp\u00e5r i alla fyra sidorna f\u00f6r utanp\u00e5liggande kablar, samt \u00f6ppning p\u00e5 ovansidan f\u00f6r montage \u00f6ver dosa. M\u00e4rkt f\u00f6r f\u00f6renkling av montage i rad vid anv\u00e4ndning av laser.<br \/>\nInnovativ och enkel med fj\u00e4drar f\u00f6r f\u00e4ste av panelen. Speciellt framtagen f\u00f6r v\u00e5r Skylight 6060 och 30120 XS panel, med plats till NONdim, DIM eller DALI-driver \u00f6ver panelen. Speciellt utvecklad f\u00f6r att underl\u00e4tta din vardag!<\/p>\n","protected":false},"featured_media":14482,"template":"","meta":{"_acf_changed":false,"inline_featured_image":false},"product_tag":[],"product_brand":[],"product_cat":[39162],"class_list":{"0":"post-12261","1":"product","2":"type-product","3":"status-publish","4":"has-post-thumbnail","6":"product_cat-professional-led-panel-professional","8":"first","9":"instock","10":"taxable","11":"shipping-taxable","12":"product-type-simple"},"acf":[],"yoast_head":"<!-- This site is optimized with the Yoast SEO plugin v27.3 - https:\/\/yoast.com\/product\/yoast-seo-wordpress\/ -->\n<title>Skylight 6060 FRAME - Aneta Professional<\/title>\n<meta name=\"robots\" content=\"index, follow, max-snippet:-1, max-image-preview:large, max-video-preview:-1\" \/>\n<link rel=\"canonical\" href=\"https:\/\/anetaprofessional.com\/se\/produkt\/skylight-6060-frame\/\" \/>\n<meta property=\"og:locale\" content=\"sv_SE\" \/>\n<meta property=\"og:type\" content=\"article\" \/>\n<meta property=\"og:title\" content=\"Skylight 6060 FRAME - Aneta Professional\" \/>\n<meta property=\"og:description\" content=\"Designpatenterad l\u00e5gtbyggande LED-panelram f\u00f6r utanp\u00e5liggande montage. Sp\u00e5r i alla fyra sidorna f\u00f6r utanp\u00e5liggande kablar, samt \u00f6ppning p\u00e5 ovansidan f\u00f6r montage \u00f6ver dosa. M\u00e4rkt f\u00f6r f\u00f6renkling av montage i rad vid anv\u00e4ndning av laser. Innovativ och enkel med fj\u00e4drar f\u00f6r f\u00e4ste av panelen. Speciellt framtagen f\u00f6r v\u00e5r Skylight 6060 och 30120 XS panel, med plats till NONdim, DIM eller DALI-driver \u00f6ver panelen. Speciellt utvecklad f\u00f6r att underl\u00e4tta din vardag!\" \/>\n<meta property=\"og:url\" content=\"https:\/\/anetaprofessional.com\/se\/produkt\/skylight-6060-frame\/\" \/>\n<meta property=\"og:site_name\" content=\"Aneta Professional\" \/>\n<meta property=\"article:modified_time\" content=\"2026-02-21T01:52:19+00:00\" \/>\n<meta property=\"og:image\" content=\"https:\/\/dbud83cwgulta.cloudfront.net\/wp-content\/uploads\/sites\/3\/2022\/07\/23192649\/xHrX7kaUcl7TBT3pzErYC0e1f-1024x683.png\" \/>\n\t<meta property=\"og:image:width\" content=\"1024\" \/>\n\t<meta property=\"og:image:height\" content=\"683\" \/>\n\t<meta property=\"og:image:type\" content=\"image\/png\" \/>\n<meta name=\"twitter:card\" content=\"summary_large_image\" \/>\n<script type=\"application\/ld+json\" class=\"yoast-schema-graph\">{\"@context\":\"https:\\\/\\\/schema.org\",\"@graph\":[{\"@type\":\"WebPage\",\"@id\":\"https:\\\/\\\/anetaprofessional.com\\\/se\\\/produkt\\\/skylight-6060-frame\\\/\",\"url\":\"https:\\\/\\\/anetaprofessional.com\\\/se\\\/produkt\\\/skylight-6060-frame\\\/\",\"name\":\"Skylight 6060 FRAME - Aneta Professional\",\"isPartOf\":{\"@id\":\"https:\\\/\\\/anetaprofessional.com\\\/se\\\/#website\"},\"primaryImageOfPage\":{\"@id\":\"https:\\\/\\\/anetaprofessional.com\\\/se\\\/produkt\\\/skylight-6060-frame\\\/#primaryimage\"},\"image\":{\"@id\":\"https:\\\/\\\/anetaprofessional.com\\\/se\\\/produkt\\\/skylight-6060-frame\\\/#primaryimage\"},\"thumbnailUrl\":\"https:\\\/\\\/dbud83cwgulta.cloudfront.net\\\/wp-content\\\/uploads\\\/sites\\\/3\\\/2022\\\/07\\\/23192649\\\/xHrX7kaUcl7TBT3pzErYC0e1f.png\",\"datePublished\":\"2022-07-05T11:02:08+00:00\",\"dateModified\":\"2026-02-21T01:52:19+00:00\",\"breadcrumb\":{\"@id\":\"https:\\\/\\\/anetaprofessional.com\\\/se\\\/produkt\\\/skylight-6060-frame\\\/#breadcrumb\"},\"inLanguage\":\"sv-SE\",\"potentialAction\":[{\"@type\":\"ReadAction\",\"target\":[\"https:\\\/\\\/anetaprofessional.com\\\/se\\\/produkt\\\/skylight-6060-frame\\\/\"]}]},{\"@type\":\"ImageObject\",\"inLanguage\":\"sv-SE\",\"@id\":\"https:\\\/\\\/anetaprofessional.com\\\/se\\\/produkt\\\/skylight-6060-frame\\\/#primaryimage\",\"url\":\"https:\\\/\\\/dbud83cwgulta.cloudfront.net\\\/wp-content\\\/uploads\\\/sites\\\/3\\\/2022\\\/07\\\/23192649\\\/xHrX7kaUcl7TBT3pzErYC0e1f.png\",\"contentUrl\":\"https:\\\/\\\/dbud83cwgulta.cloudfront.net\\\/wp-content\\\/uploads\\\/sites\\\/3\\\/2022\\\/07\\\/23192649\\\/xHrX7kaUcl7TBT3pzErYC0e1f.png\",\"width\":6378,\"height\":4252},{\"@type\":\"BreadcrumbList\",\"@id\":\"https:\\\/\\\/anetaprofessional.com\\\/se\\\/produkt\\\/skylight-6060-frame\\\/#breadcrumb\",\"itemListElement\":[{\"@type\":\"ListItem\",\"position\":1,\"name\":\"Forsiden\",\"item\":\"https:\\\/\\\/anetaprofessional.com\\\/se\\\/\"},{\"@type\":\"ListItem\",\"position\":2,\"name\":\"Butik\",\"item\":\"https:\\\/\\\/anetaprofessional.com\\\/se\\\/butik\\\/\"},{\"@type\":\"ListItem\",\"position\":3,\"name\":\"Skylight 6060 FRAME\"}]},{\"@type\":\"WebSite\",\"@id\":\"https:\\\/\\\/anetaprofessional.com\\\/se\\\/#website\",\"url\":\"https:\\\/\\\/anetaprofessional.com\\\/se\\\/\",\"name\":\"Aneta Professional\",\"description\":\"Skandinavias ledende lampegrossist\",\"publisher\":{\"@id\":\"https:\\\/\\\/anetaprofessional.com\\\/se\\\/#organization\"},\"potentialAction\":[{\"@type\":\"SearchAction\",\"target\":{\"@type\":\"EntryPoint\",\"urlTemplate\":\"https:\\\/\\\/anetaprofessional.com\\\/se\\\/?s={search_term_string}\"},\"query-input\":{\"@type\":\"PropertyValueSpecification\",\"valueRequired\":true,\"valueName\":\"search_term_string\"}}],\"inLanguage\":\"sv-SE\"},{\"@type\":\"Organization\",\"@id\":\"https:\\\/\\\/anetaprofessional.com\\\/se\\\/#organization\",\"name\":\"Aneta Professional\",\"url\":\"https:\\\/\\\/anetaprofessional.com\\\/se\\\/\",\"logo\":{\"@type\":\"ImageObject\",\"inLanguage\":\"sv-SE\",\"@id\":\"https:\\\/\\\/anetaprofessional.com\\\/se\\\/#\\\/schema\\\/logo\\\/image\\\/\",\"url\":\"https:\\\/\\\/dbud83cwgulta.cloudfront.net\\\/wp-content\\\/uploads\\\/sites\\\/3\\\/2022\\\/07\\\/23193840\\\/ANETA-PRO-logo-RGB_hvit.png\",\"contentUrl\":\"https:\\\/\\\/dbud83cwgulta.cloudfront.net\\\/wp-content\\\/uploads\\\/sites\\\/3\\\/2022\\\/07\\\/23193840\\\/ANETA-PRO-logo-RGB_hvit.png\",\"width\":1201,\"height\":487,\"caption\":\"Aneta Professional\"},\"image\":{\"@id\":\"https:\\\/\\\/anetaprofessional.com\\\/se\\\/#\\\/schema\\\/logo\\\/image\\\/\"}}]}<\/script>\n<!-- \/ Yoast SEO plugin. -->","yoast_head_json":{"title":"Skylight 6060 FRAME - Aneta Professional","robots":{"index":"index","follow":"follow","max-snippet":"max-snippet:-1","max-image-preview":"max-image-preview:large","max-video-preview":"max-video-preview:-1"},"canonical":"https:\/\/anetaprofessional.com\/se\/produkt\/skylight-6060-frame\/","og_locale":"sv_SE","og_type":"article","og_title":"Skylight 6060 FRAME - Aneta Professional","og_description":"Designpatenterad l\u00e5gtbyggande LED-panelram f\u00f6r utanp\u00e5liggande montage. Sp\u00e5r i alla fyra sidorna f\u00f6r utanp\u00e5liggande kablar, samt \u00f6ppning p\u00e5 ovansidan f\u00f6r montage \u00f6ver dosa. M\u00e4rkt f\u00f6r f\u00f6renkling av montage i rad vid anv\u00e4ndning av laser. Innovativ och enkel med fj\u00e4drar f\u00f6r f\u00e4ste av panelen. Speciellt framtagen f\u00f6r v\u00e5r Skylight 6060 och 30120 XS panel, med plats till NONdim, DIM eller DALI-driver \u00f6ver panelen. Speciellt utvecklad f\u00f6r att underl\u00e4tta din vardag!","og_url":"https:\/\/anetaprofessional.com\/se\/produkt\/skylight-6060-frame\/","og_site_name":"Aneta Professional","article_modified_time":"2026-02-21T01:52:19+00:00","og_image":[{"width":1024,"height":683,"url":"https:\/\/dbud83cwgulta.cloudfront.net\/wp-content\/uploads\/sites\/3\/2022\/07\/23192649\/xHrX7kaUcl7TBT3pzErYC0e1f-1024x683.png","type":"image\/png"}],"twitter_card":"summary_large_image","schema":{"@context":"https:\/\/schema.org","@graph":[{"@type":"WebPage","@id":"https:\/\/anetaprofessional.com\/se\/produkt\/skylight-6060-frame\/","url":"https:\/\/anetaprofessional.com\/se\/produkt\/skylight-6060-frame\/","name":"Skylight 6060 FRAME - Aneta Professional","isPartOf":{"@id":"https:\/\/anetaprofessional.com\/se\/#website"},"primaryImageOfPage":{"@id":"https:\/\/anetaprofessional.com\/se\/produkt\/skylight-6060-frame\/#primaryimage"},"image":{"@id":"https:\/\/anetaprofessional.com\/se\/produkt\/skylight-6060-frame\/#primaryimage"},"thumbnailUrl":"https:\/\/dbud83cwgulta.cloudfront.net\/wp-content\/uploads\/sites\/3\/2022\/07\/23192649\/xHrX7kaUcl7TBT3pzErYC0e1f.png","datePublished":"2022-07-05T11:02:08+00:00","dateModified":"2026-02-21T01:52:19+00:00","breadcrumb":{"@id":"https:\/\/anetaprofessional.com\/se\/produkt\/skylight-6060-frame\/#breadcrumb"},"inLanguage":"sv-SE","potentialAction":[{"@type":"ReadAction","target":["https:\/\/anetaprofessional.com\/se\/produkt\/skylight-6060-frame\/"]}]},{"@type":"ImageObject","inLanguage":"sv-SE","@id":"https:\/\/anetaprofessional.com\/se\/produkt\/skylight-6060-frame\/#primaryimage","url":"https:\/\/dbud83cwgulta.cloudfront.net\/wp-content\/uploads\/sites\/3\/2022\/07\/23192649\/xHrX7kaUcl7TBT3pzErYC0e1f.png","contentUrl":"https:\/\/dbud83cwgulta.cloudfront.net\/wp-content\/uploads\/sites\/3\/2022\/07\/23192649\/xHrX7kaUcl7TBT3pzErYC0e1f.png","width":6378,"height":4252},{"@type":"BreadcrumbList","@id":"https:\/\/anetaprofessional.com\/se\/produkt\/skylight-6060-frame\/#breadcrumb","itemListElement":[{"@type":"ListItem","position":1,"name":"Forsiden","item":"https:\/\/anetaprofessional.com\/se\/"},{"@type":"ListItem","position":2,"name":"Butik","item":"https:\/\/anetaprofessional.com\/se\/butik\/"},{"@type":"ListItem","position":3,"name":"Skylight 6060 FRAME"}]},{"@type":"WebSite","@id":"https:\/\/anetaprofessional.com\/se\/#website","url":"https:\/\/anetaprofessional.com\/se\/","name":"Aneta Professional","description":"Skandinavias ledende lampegrossist","publisher":{"@id":"https:\/\/anetaprofessional.com\/se\/#organization"},"potentialAction":[{"@type":"SearchAction","target":{"@type":"EntryPoint","urlTemplate":"https:\/\/anetaprofessional.com\/se\/?s={search_term_string}"},"query-input":{"@type":"PropertyValueSpecification","valueRequired":true,"valueName":"search_term_string"}}],"inLanguage":"sv-SE"},{"@type":"Organization","@id":"https:\/\/anetaprofessional.com\/se\/#organization","name":"Aneta Professional","url":"https:\/\/anetaprofessional.com\/se\/","logo":{"@type":"ImageObject","inLanguage":"sv-SE","@id":"https:\/\/anetaprofessional.com\/se\/#\/schema\/logo\/image\/","url":"https:\/\/dbud83cwgulta.cloudfront.net\/wp-content\/uploads\/sites\/3\/2022\/07\/23193840\/ANETA-PRO-logo-RGB_hvit.png","contentUrl":"https:\/\/dbud83cwgulta.cloudfront.net\/wp-content\/uploads\/sites\/3\/2022\/07\/23193840\/ANETA-PRO-logo-RGB_hvit.png","width":1201,"height":487,"caption":"Aneta Professional"},"image":{"@id":"https:\/\/anetaprofessional.com\/se\/#\/schema\/logo\/image\/"}}]}},"_links":{"self":[{"href":"https:\/\/anetaprofessional.com\/se\/wp-json\/wp\/v2\/product\/12261","targetHints":{"allow":["GET"]}}],"collection":[{"href":"https:\/\/anetaprofessional.com\/se\/wp-json\/wp\/v2\/product"}],"about":[{"href":"https:\/\/anetaprofessional.com\/se\/wp-json\/wp\/v2\/types\/product"}],"wp:featuredmedia":[{"embeddable":true,"href":"https:\/\/anetaprofessional.com\/se\/wp-json\/wp\/v2\/media\/14482"}],"wp:attachment":[{"href":"https:\/\/anetaprofessional.com\/se\/wp-json\/wp\/v2\/media?parent=12261"}],"wp:term":[{"taxonomy":"product_tag","embeddable":true,"href":"https:\/\/anetaprofessional.com\/se\/wp-json\/wp\/v2\/product_tag?post=12261"},{"taxonomy":"product_brand","embeddable":true,"href":"https:\/\/anetaprofessional.com\/se\/wp-json\/wp\/v2\/product_brand?post=12261"},{"taxonomy":"product_cat","embeddable":true,"href":"https:\/\/anetaprofessional.com\/se\/wp-json\/wp\/v2\/product_cat?post=12261"}],"curies":[{"name":"wp","href":"https:\/\/api.w.org\/{rel}","templated":true}]}}