{"id":12265,"date":"2022-07-05T13:02:09","date_gmt":"2022-07-05T11:02:09","guid":{"rendered":"https:\/\/anetaprofessional.com\/se\/produkt\/scanstrip-tile-alu\/"},"modified":"2026-04-09T03:52:54","modified_gmt":"2026-04-09T01:52:54","slug":"scanstrip-tile-alu","status":"publish","type":"product","link":"https:\/\/anetaprofessional.com\/se\/produkt\/scanstrip-tile-alu\/","title":{"rendered":"Scanstrip TILE"},"content":{"rendered":"<p>Aluminium LED-profil i kraftigt<br \/>\nutf\u00f6rande f\u00f6r golvmontage. Profilen passar perfekt f\u00f6r moderna fogar mellan  kakel\/klinkerplattor. Profilen passar \u00e4ven f\u00f6r montage p\u00e5 v\u00e4gg, den \u00e4r producerad<br \/>\nmed tjockare gods och med en extra tjock diffuser f\u00f6r att klara stora p\u00e5frestningar. IP65 kan uppn\u00e5s genom att anv\u00e4nda medf\u00f6ljande lim. Kan anv\u00e4ndas inomhus och utomhus. Profilen levereras anodiserad. En tub silikon-lim medf\u00f6ljer. Alla profilerna i Scanstrip serien \u00e4r 1800 mm standardanpassade f\u00f6r regelverk eller takstolar med skruvh\u00e5l var 300 mm. Speciellt framtagen f\u00f6r v\u00e5ra Scanstrip LED-striper! I paketet finns profil, diffuser, \u00e4ndstycke (2st), skruvar.<\/p>\n","protected":false},"excerpt":{"rendered":"<p>Aluminium LED-profil i kraftigt<br \/>\nutf\u00f6rande f\u00f6r golvmontage. Profilen passar perfekt f\u00f6r moderna fogar mellan  kakel\/klinkerplattor. Profilen passar \u00e4ven f\u00f6r montage p\u00e5 v\u00e4gg, den \u00e4r producerad<br \/>\nmed tjockare gods och med en extra tjock diffuser f\u00f6r att klara stora p\u00e5frestningar. IP65 kan uppn\u00e5s genom att anv\u00e4nda medf\u00f6ljande lim. Kan anv\u00e4ndas inomhus och utomhus. Profilen levereras anodiserad. En tub silikon-lim medf\u00f6ljer. Alla profilerna i Scanstrip serien \u00e4r 1800 mm standardanpassade f\u00f6r regelverk eller takstolar med skruvh\u00e5l var 300 mm. Speciellt framtagen f\u00f6r v\u00e5ra Scanstrip LED-striper! I paketet finns profil, diffuser, \u00e4ndstycke (2st), skruvar.<\/p>\n","protected":false},"featured_media":14488,"template":"","meta":{"_acf_changed":false,"inline_featured_image":false},"product_tag":[],"product_brand":[],"product_cat":[39155],"class_list":{"0":"post-12265","1":"product","2":"type-product","3":"status-publish","4":"has-post-thumbnail","6":"product_cat-professional-led-lister-professional","8":"first","9":"instock","10":"taxable","11":"shipping-taxable","12":"product-type-simple"},"acf":[],"yoast_head":"<!-- This site is optimized with the Yoast SEO plugin v27.3 - https:\/\/yoast.com\/product\/yoast-seo-wordpress\/ -->\n<title>Scanstrip TILE - Aneta Professional<\/title>\n<meta name=\"robots\" content=\"index, follow, max-snippet:-1, max-image-preview:large, max-video-preview:-1\" \/>\n<link rel=\"canonical\" href=\"https:\/\/anetaprofessional.com\/se\/produkt\/scanstrip-tile-alu\/\" \/>\n<meta property=\"og:locale\" content=\"sv_SE\" \/>\n<meta property=\"og:type\" content=\"article\" \/>\n<meta property=\"og:title\" content=\"Scanstrip TILE - Aneta Professional\" \/>\n<meta property=\"og:description\" content=\"Aluminium LED-profil i kraftigt utf\u00f6rande f\u00f6r golvmontage. Profilen passar perfekt f\u00f6r moderna fogar mellan kakel\/klinkerplattor. Profilen passar \u00e4ven f\u00f6r montage p\u00e5 v\u00e4gg, den \u00e4r producerad med tjockare gods och med en extra tjock diffuser f\u00f6r att klara stora p\u00e5frestningar. IP65 kan uppn\u00e5s genom att anv\u00e4nda medf\u00f6ljande lim. Kan anv\u00e4ndas inomhus och utomhus. Profilen levereras anodiserad. En tub silikon-lim medf\u00f6ljer. Alla profilerna i Scanstrip serien \u00e4r 1800 mm standardanpassade f\u00f6r regelverk eller takstolar med skruvh\u00e5l var 300 mm. Speciellt framtagen f\u00f6r v\u00e5ra Scanstrip LED-striper! I paketet finns profil, diffuser, \u00e4ndstycke (2st), skruvar.\" \/>\n<meta property=\"og:url\" content=\"https:\/\/anetaprofessional.com\/se\/produkt\/scanstrip-tile-alu\/\" \/>\n<meta property=\"og:site_name\" content=\"Aneta Professional\" \/>\n<meta property=\"article:modified_time\" content=\"2026-04-09T01:52:54+00:00\" \/>\n<meta property=\"og:image\" content=\"https:\/\/dbud83cwgulta.cloudfront.net\/wp-content\/uploads\/sites\/3\/2022\/07\/23192643\/NdbHmy5RXwS0VTw1LNQFciqIM-1024x683.png\" \/>\n\t<meta property=\"og:image:width\" content=\"1024\" \/>\n\t<meta property=\"og:image:height\" content=\"683\" \/>\n\t<meta property=\"og:image:type\" content=\"image\/png\" \/>\n<meta name=\"twitter:card\" content=\"summary_large_image\" \/>\n<meta name=\"twitter:label1\" content=\"Ber\u00e4knad l\u00e4stid\" \/>\n\t<meta name=\"twitter:data1\" content=\"1 minut\" \/>\n<script type=\"application\/ld+json\" class=\"yoast-schema-graph\">{\"@context\":\"https:\\\/\\\/schema.org\",\"@graph\":[{\"@type\":\"WebPage\",\"@id\":\"https:\\\/\\\/anetaprofessional.com\\\/se\\\/produkt\\\/scanstrip-tile-alu\\\/\",\"url\":\"https:\\\/\\\/anetaprofessional.com\\\/se\\\/produkt\\\/scanstrip-tile-alu\\\/\",\"name\":\"Scanstrip TILE - Aneta Professional\",\"isPartOf\":{\"@id\":\"https:\\\/\\\/anetaprofessional.com\\\/se\\\/#website\"},\"primaryImageOfPage\":{\"@id\":\"https:\\\/\\\/anetaprofessional.com\\\/se\\\/produkt\\\/scanstrip-tile-alu\\\/#primaryimage\"},\"image\":{\"@id\":\"https:\\\/\\\/anetaprofessional.com\\\/se\\\/produkt\\\/scanstrip-tile-alu\\\/#primaryimage\"},\"thumbnailUrl\":\"https:\\\/\\\/dbud83cwgulta.cloudfront.net\\\/wp-content\\\/uploads\\\/sites\\\/3\\\/2022\\\/07\\\/23192643\\\/NdbHmy5RXwS0VTw1LNQFciqIM.png\",\"datePublished\":\"2022-07-05T11:02:09+00:00\",\"dateModified\":\"2026-04-09T01:52:54+00:00\",\"breadcrumb\":{\"@id\":\"https:\\\/\\\/anetaprofessional.com\\\/se\\\/produkt\\\/scanstrip-tile-alu\\\/#breadcrumb\"},\"inLanguage\":\"sv-SE\",\"potentialAction\":[{\"@type\":\"ReadAction\",\"target\":[\"https:\\\/\\\/anetaprofessional.com\\\/se\\\/produkt\\\/scanstrip-tile-alu\\\/\"]}]},{\"@type\":\"ImageObject\",\"inLanguage\":\"sv-SE\",\"@id\":\"https:\\\/\\\/anetaprofessional.com\\\/se\\\/produkt\\\/scanstrip-tile-alu\\\/#primaryimage\",\"url\":\"https:\\\/\\\/dbud83cwgulta.cloudfront.net\\\/wp-content\\\/uploads\\\/sites\\\/3\\\/2022\\\/07\\\/23192643\\\/NdbHmy5RXwS0VTw1LNQFciqIM.png\",\"contentUrl\":\"https:\\\/\\\/dbud83cwgulta.cloudfront.net\\\/wp-content\\\/uploads\\\/sites\\\/3\\\/2022\\\/07\\\/23192643\\\/NdbHmy5RXwS0VTw1LNQFciqIM.png\",\"width\":6378,\"height\":4252},{\"@type\":\"BreadcrumbList\",\"@id\":\"https:\\\/\\\/anetaprofessional.com\\\/se\\\/produkt\\\/scanstrip-tile-alu\\\/#breadcrumb\",\"itemListElement\":[{\"@type\":\"ListItem\",\"position\":1,\"name\":\"Forsiden\",\"item\":\"https:\\\/\\\/anetaprofessional.com\\\/se\\\/\"},{\"@type\":\"ListItem\",\"position\":2,\"name\":\"Butik\",\"item\":\"https:\\\/\\\/anetaprofessional.com\\\/se\\\/butik\\\/\"},{\"@type\":\"ListItem\",\"position\":3,\"name\":\"Scanstrip TILE\"}]},{\"@type\":\"WebSite\",\"@id\":\"https:\\\/\\\/anetaprofessional.com\\\/se\\\/#website\",\"url\":\"https:\\\/\\\/anetaprofessional.com\\\/se\\\/\",\"name\":\"Aneta Professional\",\"description\":\"Skandinavias ledende lampegrossist\",\"publisher\":{\"@id\":\"https:\\\/\\\/anetaprofessional.com\\\/se\\\/#organization\"},\"potentialAction\":[{\"@type\":\"SearchAction\",\"target\":{\"@type\":\"EntryPoint\",\"urlTemplate\":\"https:\\\/\\\/anetaprofessional.com\\\/se\\\/?s={search_term_string}\"},\"query-input\":{\"@type\":\"PropertyValueSpecification\",\"valueRequired\":true,\"valueName\":\"search_term_string\"}}],\"inLanguage\":\"sv-SE\"},{\"@type\":\"Organization\",\"@id\":\"https:\\\/\\\/anetaprofessional.com\\\/se\\\/#organization\",\"name\":\"Aneta Professional\",\"url\":\"https:\\\/\\\/anetaprofessional.com\\\/se\\\/\",\"logo\":{\"@type\":\"ImageObject\",\"inLanguage\":\"sv-SE\",\"@id\":\"https:\\\/\\\/anetaprofessional.com\\\/se\\\/#\\\/schema\\\/logo\\\/image\\\/\",\"url\":\"https:\\\/\\\/dbud83cwgulta.cloudfront.net\\\/wp-content\\\/uploads\\\/sites\\\/3\\\/2022\\\/07\\\/23193840\\\/ANETA-PRO-logo-RGB_hvit.png\",\"contentUrl\":\"https:\\\/\\\/dbud83cwgulta.cloudfront.net\\\/wp-content\\\/uploads\\\/sites\\\/3\\\/2022\\\/07\\\/23193840\\\/ANETA-PRO-logo-RGB_hvit.png\",\"width\":1201,\"height\":487,\"caption\":\"Aneta Professional\"},\"image\":{\"@id\":\"https:\\\/\\\/anetaprofessional.com\\\/se\\\/#\\\/schema\\\/logo\\\/image\\\/\"}}]}<\/script>\n<!-- \/ Yoast SEO plugin. -->","yoast_head_json":{"title":"Scanstrip TILE - Aneta Professional","robots":{"index":"index","follow":"follow","max-snippet":"max-snippet:-1","max-image-preview":"max-image-preview:large","max-video-preview":"max-video-preview:-1"},"canonical":"https:\/\/anetaprofessional.com\/se\/produkt\/scanstrip-tile-alu\/","og_locale":"sv_SE","og_type":"article","og_title":"Scanstrip TILE - Aneta Professional","og_description":"Aluminium LED-profil i kraftigt utf\u00f6rande f\u00f6r golvmontage. Profilen passar perfekt f\u00f6r moderna fogar mellan kakel\/klinkerplattor. Profilen passar \u00e4ven f\u00f6r montage p\u00e5 v\u00e4gg, den \u00e4r producerad med tjockare gods och med en extra tjock diffuser f\u00f6r att klara stora p\u00e5frestningar. IP65 kan uppn\u00e5s genom att anv\u00e4nda medf\u00f6ljande lim. Kan anv\u00e4ndas inomhus och utomhus. Profilen levereras anodiserad. En tub silikon-lim medf\u00f6ljer. Alla profilerna i Scanstrip serien \u00e4r 1800 mm standardanpassade f\u00f6r regelverk eller takstolar med skruvh\u00e5l var 300 mm. Speciellt framtagen f\u00f6r v\u00e5ra Scanstrip LED-striper! I paketet finns profil, diffuser, \u00e4ndstycke (2st), skruvar.","og_url":"https:\/\/anetaprofessional.com\/se\/produkt\/scanstrip-tile-alu\/","og_site_name":"Aneta Professional","article_modified_time":"2026-04-09T01:52:54+00:00","og_image":[{"width":1024,"height":683,"url":"https:\/\/dbud83cwgulta.cloudfront.net\/wp-content\/uploads\/sites\/3\/2022\/07\/23192643\/NdbHmy5RXwS0VTw1LNQFciqIM-1024x683.png","type":"image\/png"}],"twitter_card":"summary_large_image","twitter_misc":{"Ber\u00e4knad l\u00e4stid":"1 minut"},"schema":{"@context":"https:\/\/schema.org","@graph":[{"@type":"WebPage","@id":"https:\/\/anetaprofessional.com\/se\/produkt\/scanstrip-tile-alu\/","url":"https:\/\/anetaprofessional.com\/se\/produkt\/scanstrip-tile-alu\/","name":"Scanstrip TILE - Aneta Professional","isPartOf":{"@id":"https:\/\/anetaprofessional.com\/se\/#website"},"primaryImageOfPage":{"@id":"https:\/\/anetaprofessional.com\/se\/produkt\/scanstrip-tile-alu\/#primaryimage"},"image":{"@id":"https:\/\/anetaprofessional.com\/se\/produkt\/scanstrip-tile-alu\/#primaryimage"},"thumbnailUrl":"https:\/\/dbud83cwgulta.cloudfront.net\/wp-content\/uploads\/sites\/3\/2022\/07\/23192643\/NdbHmy5RXwS0VTw1LNQFciqIM.png","datePublished":"2022-07-05T11:02:09+00:00","dateModified":"2026-04-09T01:52:54+00:00","breadcrumb":{"@id":"https:\/\/anetaprofessional.com\/se\/produkt\/scanstrip-tile-alu\/#breadcrumb"},"inLanguage":"sv-SE","potentialAction":[{"@type":"ReadAction","target":["https:\/\/anetaprofessional.com\/se\/produkt\/scanstrip-tile-alu\/"]}]},{"@type":"ImageObject","inLanguage":"sv-SE","@id":"https:\/\/anetaprofessional.com\/se\/produkt\/scanstrip-tile-alu\/#primaryimage","url":"https:\/\/dbud83cwgulta.cloudfront.net\/wp-content\/uploads\/sites\/3\/2022\/07\/23192643\/NdbHmy5RXwS0VTw1LNQFciqIM.png","contentUrl":"https:\/\/dbud83cwgulta.cloudfront.net\/wp-content\/uploads\/sites\/3\/2022\/07\/23192643\/NdbHmy5RXwS0VTw1LNQFciqIM.png","width":6378,"height":4252},{"@type":"BreadcrumbList","@id":"https:\/\/anetaprofessional.com\/se\/produkt\/scanstrip-tile-alu\/#breadcrumb","itemListElement":[{"@type":"ListItem","position":1,"name":"Forsiden","item":"https:\/\/anetaprofessional.com\/se\/"},{"@type":"ListItem","position":2,"name":"Butik","item":"https:\/\/anetaprofessional.com\/se\/butik\/"},{"@type":"ListItem","position":3,"name":"Scanstrip TILE"}]},{"@type":"WebSite","@id":"https:\/\/anetaprofessional.com\/se\/#website","url":"https:\/\/anetaprofessional.com\/se\/","name":"Aneta Professional","description":"Skandinavias ledende lampegrossist","publisher":{"@id":"https:\/\/anetaprofessional.com\/se\/#organization"},"potentialAction":[{"@type":"SearchAction","target":{"@type":"EntryPoint","urlTemplate":"https:\/\/anetaprofessional.com\/se\/?s={search_term_string}"},"query-input":{"@type":"PropertyValueSpecification","valueRequired":true,"valueName":"search_term_string"}}],"inLanguage":"sv-SE"},{"@type":"Organization","@id":"https:\/\/anetaprofessional.com\/se\/#organization","name":"Aneta Professional","url":"https:\/\/anetaprofessional.com\/se\/","logo":{"@type":"ImageObject","inLanguage":"sv-SE","@id":"https:\/\/anetaprofessional.com\/se\/#\/schema\/logo\/image\/","url":"https:\/\/dbud83cwgulta.cloudfront.net\/wp-content\/uploads\/sites\/3\/2022\/07\/23193840\/ANETA-PRO-logo-RGB_hvit.png","contentUrl":"https:\/\/dbud83cwgulta.cloudfront.net\/wp-content\/uploads\/sites\/3\/2022\/07\/23193840\/ANETA-PRO-logo-RGB_hvit.png","width":1201,"height":487,"caption":"Aneta Professional"},"image":{"@id":"https:\/\/anetaprofessional.com\/se\/#\/schema\/logo\/image\/"}}]}},"_links":{"self":[{"href":"https:\/\/anetaprofessional.com\/se\/wp-json\/wp\/v2\/product\/12265","targetHints":{"allow":["GET"]}}],"collection":[{"href":"https:\/\/anetaprofessional.com\/se\/wp-json\/wp\/v2\/product"}],"about":[{"href":"https:\/\/anetaprofessional.com\/se\/wp-json\/wp\/v2\/types\/product"}],"wp:featuredmedia":[{"embeddable":true,"href":"https:\/\/anetaprofessional.com\/se\/wp-json\/wp\/v2\/media\/14488"}],"wp:attachment":[{"href":"https:\/\/anetaprofessional.com\/se\/wp-json\/wp\/v2\/media?parent=12265"}],"wp:term":[{"taxonomy":"product_tag","embeddable":true,"href":"https:\/\/anetaprofessional.com\/se\/wp-json\/wp\/v2\/product_tag?post=12265"},{"taxonomy":"product_brand","embeddable":true,"href":"https:\/\/anetaprofessional.com\/se\/wp-json\/wp\/v2\/product_brand?post=12265"},{"taxonomy":"product_cat","embeddable":true,"href":"https:\/\/anetaprofessional.com\/se\/wp-json\/wp\/v2\/product_cat?post=12265"}],"curies":[{"name":"wp","href":"https:\/\/api.w.org\/{rel}","templated":true}]}}