{"id":12268,"date":"2022-07-05T13:02:09","date_gmt":"2022-07-05T11:02:09","guid":{"rendered":"https:\/\/anetaprofessional.com\/se\/produkt\/sldim-master\/"},"modified":"2026-03-31T03:50:21","modified_gmt":"2026-03-31T01:50:21","slug":"sldim-master","status":"publish","type":"product","link":"https:\/\/anetaprofessional.com\/se\/produkt\/sldim-master\/","title":{"rendered":"SLDIM master"},"content":{"rendered":"<p>SLDIM Master \u00e4r perfekt f\u00f6r trapphus, korridor eller i sovrummet. \u00d6nskar du kontrollera ljuset fr\u00e5n flera punkter kan flera slav-dimmers enkelt kopplas in. SLDIM master \u00e4r en universal digital dimmer designad f\u00f6r att fungera med endast en fas. Detta g\u00f6r att dimmern enkelt kan ers\u00e4tta en standardbrytare utan att det \u00e4r n\u00f6dv\u00e4ndigt att g\u00f6ra \u00e4ndringar i ledningsn\u00e4tet. Det \u00e4r m\u00f6jligt att koppla till en eller flera slav-enheter, n\u00e5got som m\u00f6jligg\u00f6r att ljuset kan kontrolleras fr\u00e5n flera st\u00e4llen. denna funktionen kr\u00e4ver endast tv\u00e5 ledare. Eftersom olika LED-ljusk\u00e4llor har olika krav p\u00e5 startstr\u00f6m, \u00e4r det normalt sett vanskligt att f\u00e5 ljusk\u00e4llan till att t\u00e4nda momentant vid l\u00e5gt st\u00e4lld ljusniv\u00e5. Denna dimmern ger anv\u00e4ndaren m\u00f6jlighet att enkelt justera mininiv\u00e5, maxniv\u00e5 och boost-niv\u00e5, vilket s\u00f6rjer f\u00f6r att alla ljusk\u00e4llor t\u00e4nder samtidigt. Dimmern \u00e4r speciellt justerad till att passa de flesta LED-ljusk\u00e4llor och dimbara elektroniska transformatorer.<\/p>\n","protected":false},"excerpt":{"rendered":"<p>SLDIM Master \u00e4r perfekt f\u00f6r trapphus, korridor eller i sovrummet. \u00d6nskar du kontrollera ljuset fr\u00e5n flera punkter kan flera slav-dimmers enkelt kopplas in. SLDIM master \u00e4r en universal digital dimmer designad f\u00f6r att fungera med endast en fas. Detta g\u00f6r att dimmern enkelt kan ers\u00e4tta en standardbrytare utan att det \u00e4r n\u00f6dv\u00e4ndigt att g\u00f6ra \u00e4ndringar i ledningsn\u00e4tet. Det \u00e4r m\u00f6jligt att koppla till en eller flera slav-enheter, n\u00e5got som m\u00f6jligg\u00f6r att ljuset kan kontrolleras fr\u00e5n flera st\u00e4llen. denna funktionen kr\u00e4ver endast tv\u00e5 ledare. Eftersom olika LED-ljusk\u00e4llor har olika krav p\u00e5 startstr\u00f6m, \u00e4r det normalt sett vanskligt att f\u00e5 ljusk\u00e4llan till att t\u00e4nda momentant vid l\u00e5gt st\u00e4lld ljusniv\u00e5. Denna dimmern ger anv\u00e4ndaren m\u00f6jlighet att enkelt justera mininiv\u00e5, maxniv\u00e5 och boost-niv\u00e5, vilket s\u00f6rjer f\u00f6r att alla ljusk\u00e4llor t\u00e4nder samtidigt. Dimmern \u00e4r speciellt justerad till att passa de flesta LED-ljusk\u00e4llor och dimbara elektroniska transformatorer.<\/p>\n","protected":false},"featured_media":14491,"template":"","meta":{"_acf_changed":false,"inline_featured_image":false},"product_tag":[],"product_brand":[],"product_cat":[39150],"class_list":{"0":"post-12268","1":"product","2":"type-product","3":"status-publish","4":"has-post-thumbnail","6":"product_cat-professional-ljusstyrning-professional","8":"first","9":"instock","10":"taxable","11":"shipping-taxable","12":"product-type-simple"},"acf":[],"yoast_head":"<!-- This site is optimized with the Yoast SEO plugin v27.3 - https:\/\/yoast.com\/product\/yoast-seo-wordpress\/ -->\n<title>SLDIM master - Aneta Professional<\/title>\n<meta name=\"robots\" content=\"index, follow, max-snippet:-1, max-image-preview:large, max-video-preview:-1\" \/>\n<link rel=\"canonical\" href=\"https:\/\/anetaprofessional.com\/se\/produkt\/sldim-master\/\" \/>\n<meta property=\"og:locale\" content=\"sv_SE\" \/>\n<meta property=\"og:type\" content=\"article\" \/>\n<meta property=\"og:title\" content=\"SLDIM master - Aneta Professional\" \/>\n<meta property=\"og:description\" content=\"SLDIM Master \u00e4r perfekt f\u00f6r trapphus, korridor eller i sovrummet. \u00d6nskar du kontrollera ljuset fr\u00e5n flera punkter kan flera slav-dimmers enkelt kopplas in. SLDIM master \u00e4r en universal digital dimmer designad f\u00f6r att fungera med endast en fas. Detta g\u00f6r att dimmern enkelt kan ers\u00e4tta en standardbrytare utan att det \u00e4r n\u00f6dv\u00e4ndigt att g\u00f6ra \u00e4ndringar i ledningsn\u00e4tet. Det \u00e4r m\u00f6jligt att koppla till en eller flera slav-enheter, n\u00e5got som m\u00f6jligg\u00f6r att ljuset kan kontrolleras fr\u00e5n flera st\u00e4llen. denna funktionen kr\u00e4ver endast tv\u00e5 ledare. Eftersom olika LED-ljusk\u00e4llor har olika krav p\u00e5 startstr\u00f6m, \u00e4r det normalt sett vanskligt att f\u00e5 ljusk\u00e4llan till att t\u00e4nda momentant vid l\u00e5gt st\u00e4lld ljusniv\u00e5. Denna dimmern ger anv\u00e4ndaren m\u00f6jlighet att enkelt justera mininiv\u00e5, maxniv\u00e5 och boost-niv\u00e5, vilket s\u00f6rjer f\u00f6r att alla ljusk\u00e4llor t\u00e4nder samtidigt. Dimmern \u00e4r speciellt justerad till att passa de flesta LED-ljusk\u00e4llor och dimbara elektroniska transformatorer.\" \/>\n<meta property=\"og:url\" content=\"https:\/\/anetaprofessional.com\/se\/produkt\/sldim-master\/\" \/>\n<meta property=\"og:site_name\" content=\"Aneta Professional\" \/>\n<meta property=\"article:modified_time\" content=\"2026-03-31T01:50:21+00:00\" \/>\n<meta property=\"og:image\" content=\"https:\/\/dbud83cwgulta.cloudfront.net\/wp-content\/uploads\/sites\/3\/2022\/07\/23192638\/YtvG2EsN8XO3sPULlu5hVLxib-683x1024.png\" \/>\n\t<meta property=\"og:image:width\" content=\"683\" \/>\n\t<meta property=\"og:image:height\" content=\"1024\" \/>\n\t<meta property=\"og:image:type\" content=\"image\/png\" \/>\n<meta name=\"twitter:card\" content=\"summary_large_image\" \/>\n<meta name=\"twitter:label1\" content=\"Ber\u00e4knad l\u00e4stid\" \/>\n\t<meta name=\"twitter:data1\" content=\"1 minut\" \/>\n<script type=\"application\/ld+json\" class=\"yoast-schema-graph\">{\"@context\":\"https:\\\/\\\/schema.org\",\"@graph\":[{\"@type\":\"WebPage\",\"@id\":\"https:\\\/\\\/anetaprofessional.com\\\/se\\\/produkt\\\/sldim-master\\\/\",\"url\":\"https:\\\/\\\/anetaprofessional.com\\\/se\\\/produkt\\\/sldim-master\\\/\",\"name\":\"SLDIM master - Aneta Professional\",\"isPartOf\":{\"@id\":\"https:\\\/\\\/anetaprofessional.com\\\/se\\\/#website\"},\"primaryImageOfPage\":{\"@id\":\"https:\\\/\\\/anetaprofessional.com\\\/se\\\/produkt\\\/sldim-master\\\/#primaryimage\"},\"image\":{\"@id\":\"https:\\\/\\\/anetaprofessional.com\\\/se\\\/produkt\\\/sldim-master\\\/#primaryimage\"},\"thumbnailUrl\":\"https:\\\/\\\/dbud83cwgulta.cloudfront.net\\\/wp-content\\\/uploads\\\/sites\\\/3\\\/2022\\\/07\\\/23192638\\\/YtvG2EsN8XO3sPULlu5hVLxib.png\",\"datePublished\":\"2022-07-05T11:02:09+00:00\",\"dateModified\":\"2026-03-31T01:50:21+00:00\",\"breadcrumb\":{\"@id\":\"https:\\\/\\\/anetaprofessional.com\\\/se\\\/produkt\\\/sldim-master\\\/#breadcrumb\"},\"inLanguage\":\"sv-SE\",\"potentialAction\":[{\"@type\":\"ReadAction\",\"target\":[\"https:\\\/\\\/anetaprofessional.com\\\/se\\\/produkt\\\/sldim-master\\\/\"]}]},{\"@type\":\"ImageObject\",\"inLanguage\":\"sv-SE\",\"@id\":\"https:\\\/\\\/anetaprofessional.com\\\/se\\\/produkt\\\/sldim-master\\\/#primaryimage\",\"url\":\"https:\\\/\\\/dbud83cwgulta.cloudfront.net\\\/wp-content\\\/uploads\\\/sites\\\/3\\\/2022\\\/07\\\/23192638\\\/YtvG2EsN8XO3sPULlu5hVLxib.png\",\"contentUrl\":\"https:\\\/\\\/dbud83cwgulta.cloudfront.net\\\/wp-content\\\/uploads\\\/sites\\\/3\\\/2022\\\/07\\\/23192638\\\/YtvG2EsN8XO3sPULlu5hVLxib.png\",\"width\":4252,\"height\":6378},{\"@type\":\"BreadcrumbList\",\"@id\":\"https:\\\/\\\/anetaprofessional.com\\\/se\\\/produkt\\\/sldim-master\\\/#breadcrumb\",\"itemListElement\":[{\"@type\":\"ListItem\",\"position\":1,\"name\":\"Forsiden\",\"item\":\"https:\\\/\\\/anetaprofessional.com\\\/se\\\/\"},{\"@type\":\"ListItem\",\"position\":2,\"name\":\"Butik\",\"item\":\"https:\\\/\\\/anetaprofessional.com\\\/se\\\/butik\\\/\"},{\"@type\":\"ListItem\",\"position\":3,\"name\":\"SLDIM master\"}]},{\"@type\":\"WebSite\",\"@id\":\"https:\\\/\\\/anetaprofessional.com\\\/se\\\/#website\",\"url\":\"https:\\\/\\\/anetaprofessional.com\\\/se\\\/\",\"name\":\"Aneta Professional\",\"description\":\"Skandinavias ledende lampegrossist\",\"publisher\":{\"@id\":\"https:\\\/\\\/anetaprofessional.com\\\/se\\\/#organization\"},\"potentialAction\":[{\"@type\":\"SearchAction\",\"target\":{\"@type\":\"EntryPoint\",\"urlTemplate\":\"https:\\\/\\\/anetaprofessional.com\\\/se\\\/?s={search_term_string}\"},\"query-input\":{\"@type\":\"PropertyValueSpecification\",\"valueRequired\":true,\"valueName\":\"search_term_string\"}}],\"inLanguage\":\"sv-SE\"},{\"@type\":\"Organization\",\"@id\":\"https:\\\/\\\/anetaprofessional.com\\\/se\\\/#organization\",\"name\":\"Aneta Professional\",\"url\":\"https:\\\/\\\/anetaprofessional.com\\\/se\\\/\",\"logo\":{\"@type\":\"ImageObject\",\"inLanguage\":\"sv-SE\",\"@id\":\"https:\\\/\\\/anetaprofessional.com\\\/se\\\/#\\\/schema\\\/logo\\\/image\\\/\",\"url\":\"https:\\\/\\\/dbud83cwgulta.cloudfront.net\\\/wp-content\\\/uploads\\\/sites\\\/3\\\/2022\\\/07\\\/23193840\\\/ANETA-PRO-logo-RGB_hvit.png\",\"contentUrl\":\"https:\\\/\\\/dbud83cwgulta.cloudfront.net\\\/wp-content\\\/uploads\\\/sites\\\/3\\\/2022\\\/07\\\/23193840\\\/ANETA-PRO-logo-RGB_hvit.png\",\"width\":1201,\"height\":487,\"caption\":\"Aneta Professional\"},\"image\":{\"@id\":\"https:\\\/\\\/anetaprofessional.com\\\/se\\\/#\\\/schema\\\/logo\\\/image\\\/\"}}]}<\/script>\n<!-- \/ Yoast SEO plugin. -->","yoast_head_json":{"title":"SLDIM master - Aneta Professional","robots":{"index":"index","follow":"follow","max-snippet":"max-snippet:-1","max-image-preview":"max-image-preview:large","max-video-preview":"max-video-preview:-1"},"canonical":"https:\/\/anetaprofessional.com\/se\/produkt\/sldim-master\/","og_locale":"sv_SE","og_type":"article","og_title":"SLDIM master - Aneta Professional","og_description":"SLDIM Master \u00e4r perfekt f\u00f6r trapphus, korridor eller i sovrummet. \u00d6nskar du kontrollera ljuset fr\u00e5n flera punkter kan flera slav-dimmers enkelt kopplas in. SLDIM master \u00e4r en universal digital dimmer designad f\u00f6r att fungera med endast en fas. Detta g\u00f6r att dimmern enkelt kan ers\u00e4tta en standardbrytare utan att det \u00e4r n\u00f6dv\u00e4ndigt att g\u00f6ra \u00e4ndringar i ledningsn\u00e4tet. Det \u00e4r m\u00f6jligt att koppla till en eller flera slav-enheter, n\u00e5got som m\u00f6jligg\u00f6r att ljuset kan kontrolleras fr\u00e5n flera st\u00e4llen. denna funktionen kr\u00e4ver endast tv\u00e5 ledare. Eftersom olika LED-ljusk\u00e4llor har olika krav p\u00e5 startstr\u00f6m, \u00e4r det normalt sett vanskligt att f\u00e5 ljusk\u00e4llan till att t\u00e4nda momentant vid l\u00e5gt st\u00e4lld ljusniv\u00e5. Denna dimmern ger anv\u00e4ndaren m\u00f6jlighet att enkelt justera mininiv\u00e5, maxniv\u00e5 och boost-niv\u00e5, vilket s\u00f6rjer f\u00f6r att alla ljusk\u00e4llor t\u00e4nder samtidigt. Dimmern \u00e4r speciellt justerad till att passa de flesta LED-ljusk\u00e4llor och dimbara elektroniska transformatorer.","og_url":"https:\/\/anetaprofessional.com\/se\/produkt\/sldim-master\/","og_site_name":"Aneta Professional","article_modified_time":"2026-03-31T01:50:21+00:00","og_image":[{"width":683,"height":1024,"url":"https:\/\/dbud83cwgulta.cloudfront.net\/wp-content\/uploads\/sites\/3\/2022\/07\/23192638\/YtvG2EsN8XO3sPULlu5hVLxib-683x1024.png","type":"image\/png"}],"twitter_card":"summary_large_image","twitter_misc":{"Ber\u00e4knad l\u00e4stid":"1 minut"},"schema":{"@context":"https:\/\/schema.org","@graph":[{"@type":"WebPage","@id":"https:\/\/anetaprofessional.com\/se\/produkt\/sldim-master\/","url":"https:\/\/anetaprofessional.com\/se\/produkt\/sldim-master\/","name":"SLDIM master - Aneta Professional","isPartOf":{"@id":"https:\/\/anetaprofessional.com\/se\/#website"},"primaryImageOfPage":{"@id":"https:\/\/anetaprofessional.com\/se\/produkt\/sldim-master\/#primaryimage"},"image":{"@id":"https:\/\/anetaprofessional.com\/se\/produkt\/sldim-master\/#primaryimage"},"thumbnailUrl":"https:\/\/dbud83cwgulta.cloudfront.net\/wp-content\/uploads\/sites\/3\/2022\/07\/23192638\/YtvG2EsN8XO3sPULlu5hVLxib.png","datePublished":"2022-07-05T11:02:09+00:00","dateModified":"2026-03-31T01:50:21+00:00","breadcrumb":{"@id":"https:\/\/anetaprofessional.com\/se\/produkt\/sldim-master\/#breadcrumb"},"inLanguage":"sv-SE","potentialAction":[{"@type":"ReadAction","target":["https:\/\/anetaprofessional.com\/se\/produkt\/sldim-master\/"]}]},{"@type":"ImageObject","inLanguage":"sv-SE","@id":"https:\/\/anetaprofessional.com\/se\/produkt\/sldim-master\/#primaryimage","url":"https:\/\/dbud83cwgulta.cloudfront.net\/wp-content\/uploads\/sites\/3\/2022\/07\/23192638\/YtvG2EsN8XO3sPULlu5hVLxib.png","contentUrl":"https:\/\/dbud83cwgulta.cloudfront.net\/wp-content\/uploads\/sites\/3\/2022\/07\/23192638\/YtvG2EsN8XO3sPULlu5hVLxib.png","width":4252,"height":6378},{"@type":"BreadcrumbList","@id":"https:\/\/anetaprofessional.com\/se\/produkt\/sldim-master\/#breadcrumb","itemListElement":[{"@type":"ListItem","position":1,"name":"Forsiden","item":"https:\/\/anetaprofessional.com\/se\/"},{"@type":"ListItem","position":2,"name":"Butik","item":"https:\/\/anetaprofessional.com\/se\/butik\/"},{"@type":"ListItem","position":3,"name":"SLDIM master"}]},{"@type":"WebSite","@id":"https:\/\/anetaprofessional.com\/se\/#website","url":"https:\/\/anetaprofessional.com\/se\/","name":"Aneta Professional","description":"Skandinavias ledende lampegrossist","publisher":{"@id":"https:\/\/anetaprofessional.com\/se\/#organization"},"potentialAction":[{"@type":"SearchAction","target":{"@type":"EntryPoint","urlTemplate":"https:\/\/anetaprofessional.com\/se\/?s={search_term_string}"},"query-input":{"@type":"PropertyValueSpecification","valueRequired":true,"valueName":"search_term_string"}}],"inLanguage":"sv-SE"},{"@type":"Organization","@id":"https:\/\/anetaprofessional.com\/se\/#organization","name":"Aneta Professional","url":"https:\/\/anetaprofessional.com\/se\/","logo":{"@type":"ImageObject","inLanguage":"sv-SE","@id":"https:\/\/anetaprofessional.com\/se\/#\/schema\/logo\/image\/","url":"https:\/\/dbud83cwgulta.cloudfront.net\/wp-content\/uploads\/sites\/3\/2022\/07\/23193840\/ANETA-PRO-logo-RGB_hvit.png","contentUrl":"https:\/\/dbud83cwgulta.cloudfront.net\/wp-content\/uploads\/sites\/3\/2022\/07\/23193840\/ANETA-PRO-logo-RGB_hvit.png","width":1201,"height":487,"caption":"Aneta Professional"},"image":{"@id":"https:\/\/anetaprofessional.com\/se\/#\/schema\/logo\/image\/"}}]}},"_links":{"self":[{"href":"https:\/\/anetaprofessional.com\/se\/wp-json\/wp\/v2\/product\/12268","targetHints":{"allow":["GET"]}}],"collection":[{"href":"https:\/\/anetaprofessional.com\/se\/wp-json\/wp\/v2\/product"}],"about":[{"href":"https:\/\/anetaprofessional.com\/se\/wp-json\/wp\/v2\/types\/product"}],"wp:featuredmedia":[{"embeddable":true,"href":"https:\/\/anetaprofessional.com\/se\/wp-json\/wp\/v2\/media\/14491"}],"wp:attachment":[{"href":"https:\/\/anetaprofessional.com\/se\/wp-json\/wp\/v2\/media?parent=12268"}],"wp:term":[{"taxonomy":"product_tag","embeddable":true,"href":"https:\/\/anetaprofessional.com\/se\/wp-json\/wp\/v2\/product_tag?post=12268"},{"taxonomy":"product_brand","embeddable":true,"href":"https:\/\/anetaprofessional.com\/se\/wp-json\/wp\/v2\/product_brand?post=12268"},{"taxonomy":"product_cat","embeddable":true,"href":"https:\/\/anetaprofessional.com\/se\/wp-json\/wp\/v2\/product_cat?post=12268"}],"curies":[{"name":"wp","href":"https:\/\/api.w.org\/{rel}","templated":true}]}}