{"id":12272,"date":"2022-07-05T13:02:10","date_gmt":"2022-07-05T11:02:10","guid":{"rendered":"https:\/\/anetaprofessional.com\/se\/produkt\/ring-30-400-vit\/"},"modified":"2026-02-21T02:52:21","modified_gmt":"2026-02-21T01:52:21","slug":"ring-30-400-vit","status":"publish","type":"product","link":"https:\/\/anetaprofessional.com\/se\/produkt\/ring-30-400-vit\/","title":{"rendered":"RING 30\/400"},"content":{"rendered":"<p>RING plafond, lampan levereras i f\u00e4rg vit och svart i 300 mm och 400 mm. Monterings-<br \/>\nv\u00e4nlig plafond som endast bygger 24 mm vid montering direkt mot taket.<br \/>\nI kartongen ligger det med tv\u00e5 montageplattor, en f\u00f6r montage direkt mot taket och en avst\u00e5ndsplatta speciellt frantagen f\u00f6r utanp\u00e5liggande kabel<br \/>\nPlafonden \u00e4r dimbar och har en brytare bak p\u00e5 armaturen som g\u00f6r att du kan v\u00e4lja mellan f\u00f6ljande f\u00e4rgtemperaturer: 2700K, 3000K eller 4000K.<\/p>\n","protected":false},"excerpt":{"rendered":"<p>RING plafond, lampan levereras i f\u00e4rg vit och svart i 300 mm och 400 mm. Monterings-<br \/>\nv\u00e4nlig plafond som endast bygger 24 mm vid montering direkt mot taket.<br \/>\nI kartongen ligger det med tv\u00e5 montageplattor, en f\u00f6r montage direkt mot taket och en avst\u00e5ndsplatta speciellt frantagen f\u00f6r utanp\u00e5liggande kabel<br \/>\nPlafonden \u00e4r dimbar och har en brytare bak p\u00e5 armaturen som g\u00f6r att du kan v\u00e4lja mellan f\u00f6ljande f\u00e4rgtemperaturer: 2700K, 3000K eller 4000K.<\/p>\n","protected":false},"featured_media":14494,"template":"","meta":{"_acf_changed":false,"inline_featured_image":false},"product_tag":[],"product_brand":[],"product_cat":[39159],"class_list":{"0":"post-12272","1":"product","2":"type-product","3":"status-publish","4":"has-post-thumbnail","6":"product_cat-professional-plafond-professional","8":"first","9":"instock","10":"taxable","11":"shipping-taxable","12":"product-type-simple"},"acf":[],"yoast_head":"<!-- This site is optimized with the Yoast SEO plugin v27.3 - https:\/\/yoast.com\/product\/yoast-seo-wordpress\/ -->\n<title>RING 30\/400 - Aneta Professional<\/title>\n<meta name=\"robots\" content=\"index, follow, max-snippet:-1, max-image-preview:large, max-video-preview:-1\" \/>\n<link rel=\"canonical\" href=\"https:\/\/anetaprofessional.com\/se\/produkt\/ring-30-400-vit\/\" \/>\n<meta property=\"og:locale\" content=\"sv_SE\" \/>\n<meta property=\"og:type\" content=\"article\" \/>\n<meta property=\"og:title\" content=\"RING 30\/400 - Aneta Professional\" \/>\n<meta property=\"og:description\" content=\"RING plafond, lampan levereras i f\u00e4rg vit och svart i 300 mm och 400 mm. Monterings- v\u00e4nlig plafond som endast bygger 24 mm vid montering direkt mot taket. I kartongen ligger det med tv\u00e5 montageplattor, en f\u00f6r montage direkt mot taket och en avst\u00e5ndsplatta speciellt frantagen f\u00f6r utanp\u00e5liggande kabel Plafonden \u00e4r dimbar och har en brytare bak p\u00e5 armaturen som g\u00f6r att du kan v\u00e4lja mellan f\u00f6ljande f\u00e4rgtemperaturer: 2700K, 3000K eller 4000K.\" \/>\n<meta property=\"og:url\" content=\"https:\/\/anetaprofessional.com\/se\/produkt\/ring-30-400-vit\/\" \/>\n<meta property=\"og:site_name\" content=\"Aneta Professional\" \/>\n<meta property=\"article:modified_time\" content=\"2026-02-21T01:52:21+00:00\" \/>\n<meta property=\"og:image\" content=\"https:\/\/dbud83cwgulta.cloudfront.net\/wp-content\/uploads\/sites\/3\/2022\/07\/23192634\/ald1KI02HWgkZMyFQyKQtpDE0-1024x683.png\" \/>\n\t<meta property=\"og:image:width\" content=\"1024\" \/>\n\t<meta property=\"og:image:height\" content=\"683\" \/>\n\t<meta property=\"og:image:type\" content=\"image\/png\" \/>\n<meta name=\"twitter:card\" content=\"summary_large_image\" \/>\n<script type=\"application\/ld+json\" class=\"yoast-schema-graph\">{\"@context\":\"https:\\\/\\\/schema.org\",\"@graph\":[{\"@type\":\"WebPage\",\"@id\":\"https:\\\/\\\/anetaprofessional.com\\\/se\\\/produkt\\\/ring-30-400-vit\\\/\",\"url\":\"https:\\\/\\\/anetaprofessional.com\\\/se\\\/produkt\\\/ring-30-400-vit\\\/\",\"name\":\"RING 30\\\/400 - Aneta Professional\",\"isPartOf\":{\"@id\":\"https:\\\/\\\/anetaprofessional.com\\\/se\\\/#website\"},\"primaryImageOfPage\":{\"@id\":\"https:\\\/\\\/anetaprofessional.com\\\/se\\\/produkt\\\/ring-30-400-vit\\\/#primaryimage\"},\"image\":{\"@id\":\"https:\\\/\\\/anetaprofessional.com\\\/se\\\/produkt\\\/ring-30-400-vit\\\/#primaryimage\"},\"thumbnailUrl\":\"https:\\\/\\\/dbud83cwgulta.cloudfront.net\\\/wp-content\\\/uploads\\\/sites\\\/3\\\/2022\\\/07\\\/23192634\\\/ald1KI02HWgkZMyFQyKQtpDE0.png\",\"datePublished\":\"2022-07-05T11:02:10+00:00\",\"dateModified\":\"2026-02-21T01:52:21+00:00\",\"breadcrumb\":{\"@id\":\"https:\\\/\\\/anetaprofessional.com\\\/se\\\/produkt\\\/ring-30-400-vit\\\/#breadcrumb\"},\"inLanguage\":\"sv-SE\",\"potentialAction\":[{\"@type\":\"ReadAction\",\"target\":[\"https:\\\/\\\/anetaprofessional.com\\\/se\\\/produkt\\\/ring-30-400-vit\\\/\"]}]},{\"@type\":\"ImageObject\",\"inLanguage\":\"sv-SE\",\"@id\":\"https:\\\/\\\/anetaprofessional.com\\\/se\\\/produkt\\\/ring-30-400-vit\\\/#primaryimage\",\"url\":\"https:\\\/\\\/dbud83cwgulta.cloudfront.net\\\/wp-content\\\/uploads\\\/sites\\\/3\\\/2022\\\/07\\\/23192634\\\/ald1KI02HWgkZMyFQyKQtpDE0.png\",\"contentUrl\":\"https:\\\/\\\/dbud83cwgulta.cloudfront.net\\\/wp-content\\\/uploads\\\/sites\\\/3\\\/2022\\\/07\\\/23192634\\\/ald1KI02HWgkZMyFQyKQtpDE0.png\",\"width\":6378,\"height\":4252},{\"@type\":\"BreadcrumbList\",\"@id\":\"https:\\\/\\\/anetaprofessional.com\\\/se\\\/produkt\\\/ring-30-400-vit\\\/#breadcrumb\",\"itemListElement\":[{\"@type\":\"ListItem\",\"position\":1,\"name\":\"Forsiden\",\"item\":\"https:\\\/\\\/anetaprofessional.com\\\/se\\\/\"},{\"@type\":\"ListItem\",\"position\":2,\"name\":\"Butik\",\"item\":\"https:\\\/\\\/anetaprofessional.com\\\/se\\\/butik\\\/\"},{\"@type\":\"ListItem\",\"position\":3,\"name\":\"RING 30\\\/400\"}]},{\"@type\":\"WebSite\",\"@id\":\"https:\\\/\\\/anetaprofessional.com\\\/se\\\/#website\",\"url\":\"https:\\\/\\\/anetaprofessional.com\\\/se\\\/\",\"name\":\"Aneta Professional\",\"description\":\"Skandinavias ledende lampegrossist\",\"publisher\":{\"@id\":\"https:\\\/\\\/anetaprofessional.com\\\/se\\\/#organization\"},\"potentialAction\":[{\"@type\":\"SearchAction\",\"target\":{\"@type\":\"EntryPoint\",\"urlTemplate\":\"https:\\\/\\\/anetaprofessional.com\\\/se\\\/?s={search_term_string}\"},\"query-input\":{\"@type\":\"PropertyValueSpecification\",\"valueRequired\":true,\"valueName\":\"search_term_string\"}}],\"inLanguage\":\"sv-SE\"},{\"@type\":\"Organization\",\"@id\":\"https:\\\/\\\/anetaprofessional.com\\\/se\\\/#organization\",\"name\":\"Aneta Professional\",\"url\":\"https:\\\/\\\/anetaprofessional.com\\\/se\\\/\",\"logo\":{\"@type\":\"ImageObject\",\"inLanguage\":\"sv-SE\",\"@id\":\"https:\\\/\\\/anetaprofessional.com\\\/se\\\/#\\\/schema\\\/logo\\\/image\\\/\",\"url\":\"https:\\\/\\\/dbud83cwgulta.cloudfront.net\\\/wp-content\\\/uploads\\\/sites\\\/3\\\/2022\\\/07\\\/23193840\\\/ANETA-PRO-logo-RGB_hvit.png\",\"contentUrl\":\"https:\\\/\\\/dbud83cwgulta.cloudfront.net\\\/wp-content\\\/uploads\\\/sites\\\/3\\\/2022\\\/07\\\/23193840\\\/ANETA-PRO-logo-RGB_hvit.png\",\"width\":1201,\"height\":487,\"caption\":\"Aneta Professional\"},\"image\":{\"@id\":\"https:\\\/\\\/anetaprofessional.com\\\/se\\\/#\\\/schema\\\/logo\\\/image\\\/\"}}]}<\/script>\n<!-- \/ Yoast SEO plugin. -->","yoast_head_json":{"title":"RING 30\/400 - Aneta Professional","robots":{"index":"index","follow":"follow","max-snippet":"max-snippet:-1","max-image-preview":"max-image-preview:large","max-video-preview":"max-video-preview:-1"},"canonical":"https:\/\/anetaprofessional.com\/se\/produkt\/ring-30-400-vit\/","og_locale":"sv_SE","og_type":"article","og_title":"RING 30\/400 - Aneta Professional","og_description":"RING plafond, lampan levereras i f\u00e4rg vit och svart i 300 mm och 400 mm. Monterings- v\u00e4nlig plafond som endast bygger 24 mm vid montering direkt mot taket. I kartongen ligger det med tv\u00e5 montageplattor, en f\u00f6r montage direkt mot taket och en avst\u00e5ndsplatta speciellt frantagen f\u00f6r utanp\u00e5liggande kabel Plafonden \u00e4r dimbar och har en brytare bak p\u00e5 armaturen som g\u00f6r att du kan v\u00e4lja mellan f\u00f6ljande f\u00e4rgtemperaturer: 2700K, 3000K eller 4000K.","og_url":"https:\/\/anetaprofessional.com\/se\/produkt\/ring-30-400-vit\/","og_site_name":"Aneta Professional","article_modified_time":"2026-02-21T01:52:21+00:00","og_image":[{"width":1024,"height":683,"url":"https:\/\/dbud83cwgulta.cloudfront.net\/wp-content\/uploads\/sites\/3\/2022\/07\/23192634\/ald1KI02HWgkZMyFQyKQtpDE0-1024x683.png","type":"image\/png"}],"twitter_card":"summary_large_image","schema":{"@context":"https:\/\/schema.org","@graph":[{"@type":"WebPage","@id":"https:\/\/anetaprofessional.com\/se\/produkt\/ring-30-400-vit\/","url":"https:\/\/anetaprofessional.com\/se\/produkt\/ring-30-400-vit\/","name":"RING 30\/400 - Aneta Professional","isPartOf":{"@id":"https:\/\/anetaprofessional.com\/se\/#website"},"primaryImageOfPage":{"@id":"https:\/\/anetaprofessional.com\/se\/produkt\/ring-30-400-vit\/#primaryimage"},"image":{"@id":"https:\/\/anetaprofessional.com\/se\/produkt\/ring-30-400-vit\/#primaryimage"},"thumbnailUrl":"https:\/\/dbud83cwgulta.cloudfront.net\/wp-content\/uploads\/sites\/3\/2022\/07\/23192634\/ald1KI02HWgkZMyFQyKQtpDE0.png","datePublished":"2022-07-05T11:02:10+00:00","dateModified":"2026-02-21T01:52:21+00:00","breadcrumb":{"@id":"https:\/\/anetaprofessional.com\/se\/produkt\/ring-30-400-vit\/#breadcrumb"},"inLanguage":"sv-SE","potentialAction":[{"@type":"ReadAction","target":["https:\/\/anetaprofessional.com\/se\/produkt\/ring-30-400-vit\/"]}]},{"@type":"ImageObject","inLanguage":"sv-SE","@id":"https:\/\/anetaprofessional.com\/se\/produkt\/ring-30-400-vit\/#primaryimage","url":"https:\/\/dbud83cwgulta.cloudfront.net\/wp-content\/uploads\/sites\/3\/2022\/07\/23192634\/ald1KI02HWgkZMyFQyKQtpDE0.png","contentUrl":"https:\/\/dbud83cwgulta.cloudfront.net\/wp-content\/uploads\/sites\/3\/2022\/07\/23192634\/ald1KI02HWgkZMyFQyKQtpDE0.png","width":6378,"height":4252},{"@type":"BreadcrumbList","@id":"https:\/\/anetaprofessional.com\/se\/produkt\/ring-30-400-vit\/#breadcrumb","itemListElement":[{"@type":"ListItem","position":1,"name":"Forsiden","item":"https:\/\/anetaprofessional.com\/se\/"},{"@type":"ListItem","position":2,"name":"Butik","item":"https:\/\/anetaprofessional.com\/se\/butik\/"},{"@type":"ListItem","position":3,"name":"RING 30\/400"}]},{"@type":"WebSite","@id":"https:\/\/anetaprofessional.com\/se\/#website","url":"https:\/\/anetaprofessional.com\/se\/","name":"Aneta Professional","description":"Skandinavias ledende lampegrossist","publisher":{"@id":"https:\/\/anetaprofessional.com\/se\/#organization"},"potentialAction":[{"@type":"SearchAction","target":{"@type":"EntryPoint","urlTemplate":"https:\/\/anetaprofessional.com\/se\/?s={search_term_string}"},"query-input":{"@type":"PropertyValueSpecification","valueRequired":true,"valueName":"search_term_string"}}],"inLanguage":"sv-SE"},{"@type":"Organization","@id":"https:\/\/anetaprofessional.com\/se\/#organization","name":"Aneta Professional","url":"https:\/\/anetaprofessional.com\/se\/","logo":{"@type":"ImageObject","inLanguage":"sv-SE","@id":"https:\/\/anetaprofessional.com\/se\/#\/schema\/logo\/image\/","url":"https:\/\/dbud83cwgulta.cloudfront.net\/wp-content\/uploads\/sites\/3\/2022\/07\/23193840\/ANETA-PRO-logo-RGB_hvit.png","contentUrl":"https:\/\/dbud83cwgulta.cloudfront.net\/wp-content\/uploads\/sites\/3\/2022\/07\/23193840\/ANETA-PRO-logo-RGB_hvit.png","width":1201,"height":487,"caption":"Aneta Professional"},"image":{"@id":"https:\/\/anetaprofessional.com\/se\/#\/schema\/logo\/image\/"}}]}},"_links":{"self":[{"href":"https:\/\/anetaprofessional.com\/se\/wp-json\/wp\/v2\/product\/12272","targetHints":{"allow":["GET"]}}],"collection":[{"href":"https:\/\/anetaprofessional.com\/se\/wp-json\/wp\/v2\/product"}],"about":[{"href":"https:\/\/anetaprofessional.com\/se\/wp-json\/wp\/v2\/types\/product"}],"wp:featuredmedia":[{"embeddable":true,"href":"https:\/\/anetaprofessional.com\/se\/wp-json\/wp\/v2\/media\/14494"}],"wp:attachment":[{"href":"https:\/\/anetaprofessional.com\/se\/wp-json\/wp\/v2\/media?parent=12272"}],"wp:term":[{"taxonomy":"product_tag","embeddable":true,"href":"https:\/\/anetaprofessional.com\/se\/wp-json\/wp\/v2\/product_tag?post=12272"},{"taxonomy":"product_brand","embeddable":true,"href":"https:\/\/anetaprofessional.com\/se\/wp-json\/wp\/v2\/product_brand?post=12272"},{"taxonomy":"product_cat","embeddable":true,"href":"https:\/\/anetaprofessional.com\/se\/wp-json\/wp\/v2\/product_cat?post=12272"}],"curies":[{"name":"wp","href":"https:\/\/api.w.org\/{rel}","templated":true}]}}