{"id":12936,"date":"2022-07-05T13:06:33","date_gmt":"2022-07-05T11:06:33","guid":{"rendered":"https:\/\/anetaprofessional.com\/se\/produkt\/scanstrip-ctr18\/"},"modified":"2026-04-01T03:51:37","modified_gmt":"2026-04-01T01:51:37","slug":"scanstrip-ctr18","status":"publish","type":"product","link":"https:\/\/anetaprofessional.com\/se\/produkt\/scanstrip-ctr18\/","title":{"rendered":"Scanstrip CTR18"},"content":{"rendered":"<p>Scanstrip CTR driver-serien \u00e4r perfekt i kombination med v\u00e5rt CTR LED-stripe styrsystem. F\u00f6r enkelhets skull delar produkterna \u00e4ven samma produktnamn. Drivrarna \u00e4r av h\u00f6gsta kvalitet och s\u00e4krar stabil DC24V sp\u00e4nning till kontrollerna eller direkt till LED-stripen; \u00e4ven vid v\u00e4ldigt l\u00e5g belastning. CTR18, CTR40, CTR75 og CTR150 har f\u00e5tt all produkttext tryckt p\u00e5 baksidan och baktill p\u00e5 kopplingslocken f\u00f6r att s\u00f6rja f\u00f6r ett s\u00e5 snyggt reslutat som m\u00f6jligt om drivern monteres direkt p\u00e5 v\u00e4gg\/i tak. CTR18 \u00e4r p\u00e5 18W och liten till storleken, det g\u00f6r att den enkelt passar in i ett standard downlighth\u00e5l.<\/p>\n","protected":false},"excerpt":{"rendered":"<p>Scanstrip CTR driver-serien \u00e4r perfekt i kombination med v\u00e5rt CTR LED-stripe styrsystem. F\u00f6r enkelhets skull delar produkterna \u00e4ven samma produktnamn. Drivrarna \u00e4r av h\u00f6gsta kvalitet och s\u00e4krar stabil DC24V sp\u00e4nning till kontrollerna eller direkt till LED-stripen; \u00e4ven vid v\u00e4ldigt l\u00e5g belastning. CTR18, CTR40, CTR75 og CTR150 har f\u00e5tt all produkttext tryckt p\u00e5 baksidan och baktill p\u00e5 kopplingslocken f\u00f6r att s\u00f6rja f\u00f6r ett s\u00e5 snyggt reslutat som m\u00f6jligt om drivern monteres direkt p\u00e5 v\u00e4gg\/i tak. CTR18 \u00e4r p\u00e5 18W och liten till storleken, det g\u00f6r att den enkelt passar in i ett standard downlighth\u00e5l.<\/p>\n","protected":false},"featured_media":14715,"template":"","meta":{"_acf_changed":false,"inline_featured_image":false},"product_tag":[],"product_brand":[],"product_cat":[39155],"class_list":{"0":"post-12936","1":"product","2":"type-product","3":"status-publish","4":"has-post-thumbnail","6":"product_cat-professional-led-lister-professional","8":"first","9":"instock","10":"taxable","11":"shipping-taxable","12":"product-type-simple"},"acf":[],"yoast_head":"<!-- This site is optimized with the Yoast SEO plugin v27.3 - https:\/\/yoast.com\/product\/yoast-seo-wordpress\/ -->\n<title>Scanstrip CTR18 - Aneta Professional<\/title>\n<meta name=\"robots\" content=\"index, follow, max-snippet:-1, max-image-preview:large, max-video-preview:-1\" \/>\n<link rel=\"canonical\" href=\"https:\/\/anetaprofessional.com\/se\/produkt\/scanstrip-ctr18\/\" \/>\n<meta property=\"og:locale\" content=\"sv_SE\" \/>\n<meta property=\"og:type\" content=\"article\" \/>\n<meta property=\"og:title\" content=\"Scanstrip CTR18 - Aneta Professional\" \/>\n<meta property=\"og:description\" content=\"Scanstrip CTR driver-serien \u00e4r perfekt i kombination med v\u00e5rt CTR LED-stripe styrsystem. F\u00f6r enkelhets skull delar produkterna \u00e4ven samma produktnamn. Drivrarna \u00e4r av h\u00f6gsta kvalitet och s\u00e4krar stabil DC24V sp\u00e4nning till kontrollerna eller direkt till LED-stripen; \u00e4ven vid v\u00e4ldigt l\u00e5g belastning. CTR18, CTR40, CTR75 og CTR150 har f\u00e5tt all produkttext tryckt p\u00e5 baksidan och baktill p\u00e5 kopplingslocken f\u00f6r att s\u00f6rja f\u00f6r ett s\u00e5 snyggt reslutat som m\u00f6jligt om drivern monteres direkt p\u00e5 v\u00e4gg\/i tak. CTR18 \u00e4r p\u00e5 18W och liten till storleken, det g\u00f6r att den enkelt passar in i ett standard downlighth\u00e5l.\" \/>\n<meta property=\"og:url\" content=\"https:\/\/anetaprofessional.com\/se\/produkt\/scanstrip-ctr18\/\" \/>\n<meta property=\"og:site_name\" content=\"Aneta Professional\" \/>\n<meta property=\"article:modified_time\" content=\"2026-04-01T01:51:37+00:00\" \/>\n<meta property=\"og:image\" content=\"https:\/\/dbud83cwgulta.cloudfront.net\/wp-content\/uploads\/sites\/3\/2022\/07\/23192238\/6MTcvIGmX0siBupEh38hLhOBr.png\" \/>\n\t<meta property=\"og:image:width\" content=\"1828\" \/>\n\t<meta property=\"og:image:height\" content=\"1412\" \/>\n\t<meta property=\"og:image:type\" content=\"image\/png\" \/>\n<meta name=\"twitter:card\" content=\"summary_large_image\" \/>\n<meta name=\"twitter:label1\" content=\"Ber\u00e4knad l\u00e4stid\" \/>\n\t<meta name=\"twitter:data1\" content=\"1 minut\" \/>\n<script type=\"application\/ld+json\" class=\"yoast-schema-graph\">{\"@context\":\"https:\\\/\\\/schema.org\",\"@graph\":[{\"@type\":\"WebPage\",\"@id\":\"https:\\\/\\\/anetaprofessional.com\\\/se\\\/produkt\\\/scanstrip-ctr18\\\/\",\"url\":\"https:\\\/\\\/anetaprofessional.com\\\/se\\\/produkt\\\/scanstrip-ctr18\\\/\",\"name\":\"Scanstrip CTR18 - Aneta Professional\",\"isPartOf\":{\"@id\":\"https:\\\/\\\/anetaprofessional.com\\\/se\\\/#website\"},\"primaryImageOfPage\":{\"@id\":\"https:\\\/\\\/anetaprofessional.com\\\/se\\\/produkt\\\/scanstrip-ctr18\\\/#primaryimage\"},\"image\":{\"@id\":\"https:\\\/\\\/anetaprofessional.com\\\/se\\\/produkt\\\/scanstrip-ctr18\\\/#primaryimage\"},\"thumbnailUrl\":\"https:\\\/\\\/dbud83cwgulta.cloudfront.net\\\/wp-content\\\/uploads\\\/sites\\\/3\\\/2022\\\/07\\\/23192238\\\/6MTcvIGmX0siBupEh38hLhOBr.png\",\"datePublished\":\"2022-07-05T11:06:33+00:00\",\"dateModified\":\"2026-04-01T01:51:37+00:00\",\"breadcrumb\":{\"@id\":\"https:\\\/\\\/anetaprofessional.com\\\/se\\\/produkt\\\/scanstrip-ctr18\\\/#breadcrumb\"},\"inLanguage\":\"sv-SE\",\"potentialAction\":[{\"@type\":\"ReadAction\",\"target\":[\"https:\\\/\\\/anetaprofessional.com\\\/se\\\/produkt\\\/scanstrip-ctr18\\\/\"]}]},{\"@type\":\"ImageObject\",\"inLanguage\":\"sv-SE\",\"@id\":\"https:\\\/\\\/anetaprofessional.com\\\/se\\\/produkt\\\/scanstrip-ctr18\\\/#primaryimage\",\"url\":\"https:\\\/\\\/dbud83cwgulta.cloudfront.net\\\/wp-content\\\/uploads\\\/sites\\\/3\\\/2022\\\/07\\\/23192238\\\/6MTcvIGmX0siBupEh38hLhOBr.png\",\"contentUrl\":\"https:\\\/\\\/dbud83cwgulta.cloudfront.net\\\/wp-content\\\/uploads\\\/sites\\\/3\\\/2022\\\/07\\\/23192238\\\/6MTcvIGmX0siBupEh38hLhOBr.png\",\"width\":1828,\"height\":1412},{\"@type\":\"BreadcrumbList\",\"@id\":\"https:\\\/\\\/anetaprofessional.com\\\/se\\\/produkt\\\/scanstrip-ctr18\\\/#breadcrumb\",\"itemListElement\":[{\"@type\":\"ListItem\",\"position\":1,\"name\":\"Forsiden\",\"item\":\"https:\\\/\\\/anetaprofessional.com\\\/se\\\/\"},{\"@type\":\"ListItem\",\"position\":2,\"name\":\"Butik\",\"item\":\"https:\\\/\\\/anetaprofessional.com\\\/se\\\/butik\\\/\"},{\"@type\":\"ListItem\",\"position\":3,\"name\":\"Scanstrip CTR18\"}]},{\"@type\":\"WebSite\",\"@id\":\"https:\\\/\\\/anetaprofessional.com\\\/se\\\/#website\",\"url\":\"https:\\\/\\\/anetaprofessional.com\\\/se\\\/\",\"name\":\"Aneta Professional\",\"description\":\"Skandinavias ledende lampegrossist\",\"publisher\":{\"@id\":\"https:\\\/\\\/anetaprofessional.com\\\/se\\\/#organization\"},\"potentialAction\":[{\"@type\":\"SearchAction\",\"target\":{\"@type\":\"EntryPoint\",\"urlTemplate\":\"https:\\\/\\\/anetaprofessional.com\\\/se\\\/?s={search_term_string}\"},\"query-input\":{\"@type\":\"PropertyValueSpecification\",\"valueRequired\":true,\"valueName\":\"search_term_string\"}}],\"inLanguage\":\"sv-SE\"},{\"@type\":\"Organization\",\"@id\":\"https:\\\/\\\/anetaprofessional.com\\\/se\\\/#organization\",\"name\":\"Aneta Professional\",\"url\":\"https:\\\/\\\/anetaprofessional.com\\\/se\\\/\",\"logo\":{\"@type\":\"ImageObject\",\"inLanguage\":\"sv-SE\",\"@id\":\"https:\\\/\\\/anetaprofessional.com\\\/se\\\/#\\\/schema\\\/logo\\\/image\\\/\",\"url\":\"https:\\\/\\\/dbud83cwgulta.cloudfront.net\\\/wp-content\\\/uploads\\\/sites\\\/3\\\/2022\\\/07\\\/23193840\\\/ANETA-PRO-logo-RGB_hvit.png\",\"contentUrl\":\"https:\\\/\\\/dbud83cwgulta.cloudfront.net\\\/wp-content\\\/uploads\\\/sites\\\/3\\\/2022\\\/07\\\/23193840\\\/ANETA-PRO-logo-RGB_hvit.png\",\"width\":1201,\"height\":487,\"caption\":\"Aneta Professional\"},\"image\":{\"@id\":\"https:\\\/\\\/anetaprofessional.com\\\/se\\\/#\\\/schema\\\/logo\\\/image\\\/\"}}]}<\/script>\n<!-- \/ Yoast SEO plugin. -->","yoast_head_json":{"title":"Scanstrip CTR18 - Aneta Professional","robots":{"index":"index","follow":"follow","max-snippet":"max-snippet:-1","max-image-preview":"max-image-preview:large","max-video-preview":"max-video-preview:-1"},"canonical":"https:\/\/anetaprofessional.com\/se\/produkt\/scanstrip-ctr18\/","og_locale":"sv_SE","og_type":"article","og_title":"Scanstrip CTR18 - Aneta Professional","og_description":"Scanstrip CTR driver-serien \u00e4r perfekt i kombination med v\u00e5rt CTR LED-stripe styrsystem. F\u00f6r enkelhets skull delar produkterna \u00e4ven samma produktnamn. Drivrarna \u00e4r av h\u00f6gsta kvalitet och s\u00e4krar stabil DC24V sp\u00e4nning till kontrollerna eller direkt till LED-stripen; \u00e4ven vid v\u00e4ldigt l\u00e5g belastning. CTR18, CTR40, CTR75 og CTR150 har f\u00e5tt all produkttext tryckt p\u00e5 baksidan och baktill p\u00e5 kopplingslocken f\u00f6r att s\u00f6rja f\u00f6r ett s\u00e5 snyggt reslutat som m\u00f6jligt om drivern monteres direkt p\u00e5 v\u00e4gg\/i tak. CTR18 \u00e4r p\u00e5 18W och liten till storleken, det g\u00f6r att den enkelt passar in i ett standard downlighth\u00e5l.","og_url":"https:\/\/anetaprofessional.com\/se\/produkt\/scanstrip-ctr18\/","og_site_name":"Aneta Professional","article_modified_time":"2026-04-01T01:51:37+00:00","og_image":[{"width":1828,"height":1412,"url":"https:\/\/dbud83cwgulta.cloudfront.net\/wp-content\/uploads\/sites\/3\/2022\/07\/23192238\/6MTcvIGmX0siBupEh38hLhOBr.png","type":"image\/png"}],"twitter_card":"summary_large_image","twitter_misc":{"Ber\u00e4knad l\u00e4stid":"1 minut"},"schema":{"@context":"https:\/\/schema.org","@graph":[{"@type":"WebPage","@id":"https:\/\/anetaprofessional.com\/se\/produkt\/scanstrip-ctr18\/","url":"https:\/\/anetaprofessional.com\/se\/produkt\/scanstrip-ctr18\/","name":"Scanstrip CTR18 - Aneta Professional","isPartOf":{"@id":"https:\/\/anetaprofessional.com\/se\/#website"},"primaryImageOfPage":{"@id":"https:\/\/anetaprofessional.com\/se\/produkt\/scanstrip-ctr18\/#primaryimage"},"image":{"@id":"https:\/\/anetaprofessional.com\/se\/produkt\/scanstrip-ctr18\/#primaryimage"},"thumbnailUrl":"https:\/\/dbud83cwgulta.cloudfront.net\/wp-content\/uploads\/sites\/3\/2022\/07\/23192238\/6MTcvIGmX0siBupEh38hLhOBr.png","datePublished":"2022-07-05T11:06:33+00:00","dateModified":"2026-04-01T01:51:37+00:00","breadcrumb":{"@id":"https:\/\/anetaprofessional.com\/se\/produkt\/scanstrip-ctr18\/#breadcrumb"},"inLanguage":"sv-SE","potentialAction":[{"@type":"ReadAction","target":["https:\/\/anetaprofessional.com\/se\/produkt\/scanstrip-ctr18\/"]}]},{"@type":"ImageObject","inLanguage":"sv-SE","@id":"https:\/\/anetaprofessional.com\/se\/produkt\/scanstrip-ctr18\/#primaryimage","url":"https:\/\/dbud83cwgulta.cloudfront.net\/wp-content\/uploads\/sites\/3\/2022\/07\/23192238\/6MTcvIGmX0siBupEh38hLhOBr.png","contentUrl":"https:\/\/dbud83cwgulta.cloudfront.net\/wp-content\/uploads\/sites\/3\/2022\/07\/23192238\/6MTcvIGmX0siBupEh38hLhOBr.png","width":1828,"height":1412},{"@type":"BreadcrumbList","@id":"https:\/\/anetaprofessional.com\/se\/produkt\/scanstrip-ctr18\/#breadcrumb","itemListElement":[{"@type":"ListItem","position":1,"name":"Forsiden","item":"https:\/\/anetaprofessional.com\/se\/"},{"@type":"ListItem","position":2,"name":"Butik","item":"https:\/\/anetaprofessional.com\/se\/butik\/"},{"@type":"ListItem","position":3,"name":"Scanstrip CTR18"}]},{"@type":"WebSite","@id":"https:\/\/anetaprofessional.com\/se\/#website","url":"https:\/\/anetaprofessional.com\/se\/","name":"Aneta Professional","description":"Skandinavias ledende lampegrossist","publisher":{"@id":"https:\/\/anetaprofessional.com\/se\/#organization"},"potentialAction":[{"@type":"SearchAction","target":{"@type":"EntryPoint","urlTemplate":"https:\/\/anetaprofessional.com\/se\/?s={search_term_string}"},"query-input":{"@type":"PropertyValueSpecification","valueRequired":true,"valueName":"search_term_string"}}],"inLanguage":"sv-SE"},{"@type":"Organization","@id":"https:\/\/anetaprofessional.com\/se\/#organization","name":"Aneta Professional","url":"https:\/\/anetaprofessional.com\/se\/","logo":{"@type":"ImageObject","inLanguage":"sv-SE","@id":"https:\/\/anetaprofessional.com\/se\/#\/schema\/logo\/image\/","url":"https:\/\/dbud83cwgulta.cloudfront.net\/wp-content\/uploads\/sites\/3\/2022\/07\/23193840\/ANETA-PRO-logo-RGB_hvit.png","contentUrl":"https:\/\/dbud83cwgulta.cloudfront.net\/wp-content\/uploads\/sites\/3\/2022\/07\/23193840\/ANETA-PRO-logo-RGB_hvit.png","width":1201,"height":487,"caption":"Aneta Professional"},"image":{"@id":"https:\/\/anetaprofessional.com\/se\/#\/schema\/logo\/image\/"}}]}},"_links":{"self":[{"href":"https:\/\/anetaprofessional.com\/se\/wp-json\/wp\/v2\/product\/12936","targetHints":{"allow":["GET"]}}],"collection":[{"href":"https:\/\/anetaprofessional.com\/se\/wp-json\/wp\/v2\/product"}],"about":[{"href":"https:\/\/anetaprofessional.com\/se\/wp-json\/wp\/v2\/types\/product"}],"wp:featuredmedia":[{"embeddable":true,"href":"https:\/\/anetaprofessional.com\/se\/wp-json\/wp\/v2\/media\/14715"}],"wp:attachment":[{"href":"https:\/\/anetaprofessional.com\/se\/wp-json\/wp\/v2\/media?parent=12936"}],"wp:term":[{"taxonomy":"product_tag","embeddable":true,"href":"https:\/\/anetaprofessional.com\/se\/wp-json\/wp\/v2\/product_tag?post=12936"},{"taxonomy":"product_brand","embeddable":true,"href":"https:\/\/anetaprofessional.com\/se\/wp-json\/wp\/v2\/product_brand?post=12936"},{"taxonomy":"product_cat","embeddable":true,"href":"https:\/\/anetaprofessional.com\/se\/wp-json\/wp\/v2\/product_cat?post=12936"}],"curies":[{"name":"wp","href":"https:\/\/api.w.org\/{rel}","templated":true}]}}