{"id":13090,"date":"2022-10-13T03:43:52","date_gmt":"2022-10-13T01:43:52","guid":{"rendered":"https:\/\/anetaprofessional.com\/se\/produkt\/pulse-highbay-42-1200-dali-vit\/"},"modified":"2026-03-03T02:48:55","modified_gmt":"2026-03-03T01:48:55","slug":"pulse-highbay-42-1200-dali-vit","status":"publish","type":"product","link":"https:\/\/anetaprofessional.com\/se\/produkt\/pulse-highbay-42-1200-dali-vit\/","title":{"rendered":"PULSE highbay DALI 42\/1200"},"content":{"rendered":"<p>PULSE highbay \u00e4r en energieffektiv och praktisk LED-armatur med m\u00e5nga anv\u00e4ndningsomr\u00e5den! Armaturen ger bra ljus med god spridning och \u00e4r mycket l\u00e4mplig f\u00f6r lager och industriverksamhet. Det g\u00e5r att k\u00f6pa en rast f\u00f6r extra skydd och l\u00e4gre bl\u00e4ndning (UGR<19). Fixturen \u00e4r l\u00e4tt att installera (direkt\/upph\u00e4ngd) och levereras med genomg\u00e5ende kabel och snabbkopplingskl\u00e4mmor i b\u00e5da \u00e4ndar. H\u00f6g prestanda (>160lm\/W) och l\u00e5ng livsl\u00e4ngd (>125 000h)! Effekten kan justeras i fyra steg direkt p\u00e5 f\u00f6raren. Finns i tv\u00e5 fysiska storlekar och tre watt, samt med DALI.<\/p>\n","protected":false},"excerpt":{"rendered":"<p>PULSE highbay \u00e4r en energieffektiv och praktisk LED-armatur med m\u00e5nga anv\u00e4ndningsomr\u00e5den! Armaturen ger bra ljus med god spridning och \u00e4r mycket l\u00e4mplig f\u00f6r lager och industriverksamhet. Det g\u00e5r att k\u00f6pa en rast f\u00f6r extra skydd och l\u00e4gre bl\u00e4ndning (UGR<19). Fixturen \u00e4r l\u00e4tt att installera (direkt\/upph\u00e4ngd) och levereras med genomg\u00e5ende kabel och snabbkopplingskl\u00e4mmor i b\u00e5da \u00e4ndar. H\u00f6g prestanda (>160lm\/W) och l\u00e5ng livsl\u00e4ngd (>125 000h)! Effekten kan justeras i fyra steg direkt p\u00e5 f\u00f6raren. Finns i tv\u00e5 fysiska storlekar och tre watt, samt med DALI.<\/p>\n","protected":false},"featured_media":14762,"template":"","meta":{"_acf_changed":false,"inline_featured_image":false},"product_tag":[],"product_brand":[],"product_cat":[39149],"class_list":{"0":"post-13090","1":"product","2":"type-product","3":"status-publish","4":"has-post-thumbnail","6":"product_cat-professional-industri-professional","8":"first","9":"instock","10":"taxable","11":"shipping-taxable","12":"product-type-simple"},"acf":[],"yoast_head":"<!-- This site is optimized with the Yoast SEO plugin v27.3 - https:\/\/yoast.com\/product\/yoast-seo-wordpress\/ -->\n<title>PULSE highbay DALI 42\/1200 - Aneta Professional<\/title>\n<meta name=\"robots\" content=\"index, follow, max-snippet:-1, max-image-preview:large, max-video-preview:-1\" \/>\n<link rel=\"canonical\" href=\"https:\/\/anetaprofessional.com\/se\/produkt\/pulse-highbay-42-1200-dali-vit\/\" \/>\n<meta property=\"og:locale\" content=\"sv_SE\" \/>\n<meta property=\"og:type\" content=\"article\" \/>\n<meta property=\"og:title\" content=\"PULSE highbay DALI 42\/1200 - Aneta Professional\" \/>\n<meta property=\"og:description\" content=\"PULSE highbay \u00e4r en energieffektiv och praktisk LED-armatur med m\u00e5nga anv\u00e4ndningsomr\u00e5den! Armaturen ger bra ljus med god spridning och \u00e4r mycket l\u00e4mplig f\u00f6r lager och industriverksamhet. Det g\u00e5r att k\u00f6pa en rast f\u00f6r extra skydd och l\u00e4gre bl\u00e4ndning (UGR160lm\/W) och l\u00e5ng livsl\u00e4ngd (&gt;125 000h)! Effekten kan justeras i fyra steg direkt p\u00e5 f\u00f6raren. Finns i tv\u00e5 fysiska storlekar och tre watt, samt med DALI.\" \/>\n<meta property=\"og:url\" content=\"https:\/\/anetaprofessional.com\/se\/produkt\/pulse-highbay-42-1200-dali-vit\/\" \/>\n<meta property=\"og:site_name\" content=\"Aneta Professional\" \/>\n<meta property=\"article:modified_time\" content=\"2026-03-03T01:48:55+00:00\" \/>\n<meta property=\"og:image\" content=\"https:\/\/dbud83cwgulta.cloudfront.net\/wp-content\/uploads\/sites\/3\/2022\/10\/23192134\/LY8iSmSslHuu4qjnZ0aTAd3dA.png\" \/>\n\t<meta property=\"og:image:width\" content=\"4200\" \/>\n\t<meta property=\"og:image:height\" content=\"2362\" \/>\n\t<meta property=\"og:image:type\" content=\"image\/png\" \/>\n<meta name=\"twitter:card\" content=\"summary_large_image\" \/>\n<script type=\"application\/ld+json\" class=\"yoast-schema-graph\">{\"@context\":\"https:\\\/\\\/schema.org\",\"@graph\":[{\"@type\":\"WebPage\",\"@id\":\"https:\\\/\\\/anetaprofessional.com\\\/se\\\/produkt\\\/pulse-highbay-42-1200-dali-vit\\\/\",\"url\":\"https:\\\/\\\/anetaprofessional.com\\\/se\\\/produkt\\\/pulse-highbay-42-1200-dali-vit\\\/\",\"name\":\"PULSE highbay DALI 42\\\/1200 - Aneta Professional\",\"isPartOf\":{\"@id\":\"https:\\\/\\\/anetaprofessional.com\\\/se\\\/#website\"},\"primaryImageOfPage\":{\"@id\":\"https:\\\/\\\/anetaprofessional.com\\\/se\\\/produkt\\\/pulse-highbay-42-1200-dali-vit\\\/#primaryimage\"},\"image\":{\"@id\":\"https:\\\/\\\/anetaprofessional.com\\\/se\\\/produkt\\\/pulse-highbay-42-1200-dali-vit\\\/#primaryimage\"},\"thumbnailUrl\":\"https:\\\/\\\/dbud83cwgulta.cloudfront.net\\\/wp-content\\\/uploads\\\/sites\\\/3\\\/2022\\\/10\\\/23192134\\\/LY8iSmSslHuu4qjnZ0aTAd3dA.png\",\"datePublished\":\"2022-10-13T01:43:52+00:00\",\"dateModified\":\"2026-03-03T01:48:55+00:00\",\"breadcrumb\":{\"@id\":\"https:\\\/\\\/anetaprofessional.com\\\/se\\\/produkt\\\/pulse-highbay-42-1200-dali-vit\\\/#breadcrumb\"},\"inLanguage\":\"sv-SE\",\"potentialAction\":[{\"@type\":\"ReadAction\",\"target\":[\"https:\\\/\\\/anetaprofessional.com\\\/se\\\/produkt\\\/pulse-highbay-42-1200-dali-vit\\\/\"]}]},{\"@type\":\"ImageObject\",\"inLanguage\":\"sv-SE\",\"@id\":\"https:\\\/\\\/anetaprofessional.com\\\/se\\\/produkt\\\/pulse-highbay-42-1200-dali-vit\\\/#primaryimage\",\"url\":\"https:\\\/\\\/dbud83cwgulta.cloudfront.net\\\/wp-content\\\/uploads\\\/sites\\\/3\\\/2022\\\/10\\\/23192134\\\/LY8iSmSslHuu4qjnZ0aTAd3dA.png\",\"contentUrl\":\"https:\\\/\\\/dbud83cwgulta.cloudfront.net\\\/wp-content\\\/uploads\\\/sites\\\/3\\\/2022\\\/10\\\/23192134\\\/LY8iSmSslHuu4qjnZ0aTAd3dA.png\",\"width\":4200,\"height\":2362},{\"@type\":\"BreadcrumbList\",\"@id\":\"https:\\\/\\\/anetaprofessional.com\\\/se\\\/produkt\\\/pulse-highbay-42-1200-dali-vit\\\/#breadcrumb\",\"itemListElement\":[{\"@type\":\"ListItem\",\"position\":1,\"name\":\"Forsiden\",\"item\":\"https:\\\/\\\/anetaprofessional.com\\\/se\\\/\"},{\"@type\":\"ListItem\",\"position\":2,\"name\":\"Butik\",\"item\":\"https:\\\/\\\/anetaprofessional.com\\\/se\\\/butik\\\/\"},{\"@type\":\"ListItem\",\"position\":3,\"name\":\"PULSE highbay DALI 42\\\/1200\"}]},{\"@type\":\"WebSite\",\"@id\":\"https:\\\/\\\/anetaprofessional.com\\\/se\\\/#website\",\"url\":\"https:\\\/\\\/anetaprofessional.com\\\/se\\\/\",\"name\":\"Aneta Professional\",\"description\":\"Skandinavias ledende lampegrossist\",\"publisher\":{\"@id\":\"https:\\\/\\\/anetaprofessional.com\\\/se\\\/#organization\"},\"potentialAction\":[{\"@type\":\"SearchAction\",\"target\":{\"@type\":\"EntryPoint\",\"urlTemplate\":\"https:\\\/\\\/anetaprofessional.com\\\/se\\\/?s={search_term_string}\"},\"query-input\":{\"@type\":\"PropertyValueSpecification\",\"valueRequired\":true,\"valueName\":\"search_term_string\"}}],\"inLanguage\":\"sv-SE\"},{\"@type\":\"Organization\",\"@id\":\"https:\\\/\\\/anetaprofessional.com\\\/se\\\/#organization\",\"name\":\"Aneta Professional\",\"url\":\"https:\\\/\\\/anetaprofessional.com\\\/se\\\/\",\"logo\":{\"@type\":\"ImageObject\",\"inLanguage\":\"sv-SE\",\"@id\":\"https:\\\/\\\/anetaprofessional.com\\\/se\\\/#\\\/schema\\\/logo\\\/image\\\/\",\"url\":\"https:\\\/\\\/dbud83cwgulta.cloudfront.net\\\/wp-content\\\/uploads\\\/sites\\\/3\\\/2022\\\/07\\\/23193840\\\/ANETA-PRO-logo-RGB_hvit.png\",\"contentUrl\":\"https:\\\/\\\/dbud83cwgulta.cloudfront.net\\\/wp-content\\\/uploads\\\/sites\\\/3\\\/2022\\\/07\\\/23193840\\\/ANETA-PRO-logo-RGB_hvit.png\",\"width\":1201,\"height\":487,\"caption\":\"Aneta Professional\"},\"image\":{\"@id\":\"https:\\\/\\\/anetaprofessional.com\\\/se\\\/#\\\/schema\\\/logo\\\/image\\\/\"}}]}<\/script>\n<!-- \/ Yoast SEO plugin. -->","yoast_head_json":{"title":"PULSE highbay DALI 42\/1200 - Aneta Professional","robots":{"index":"index","follow":"follow","max-snippet":"max-snippet:-1","max-image-preview":"max-image-preview:large","max-video-preview":"max-video-preview:-1"},"canonical":"https:\/\/anetaprofessional.com\/se\/produkt\/pulse-highbay-42-1200-dali-vit\/","og_locale":"sv_SE","og_type":"article","og_title":"PULSE highbay DALI 42\/1200 - Aneta Professional","og_description":"PULSE highbay \u00e4r en energieffektiv och praktisk LED-armatur med m\u00e5nga anv\u00e4ndningsomr\u00e5den! Armaturen ger bra ljus med god spridning och \u00e4r mycket l\u00e4mplig f\u00f6r lager och industriverksamhet. Det g\u00e5r att k\u00f6pa en rast f\u00f6r extra skydd och l\u00e4gre bl\u00e4ndning (UGR160lm\/W) och l\u00e5ng livsl\u00e4ngd (>125 000h)! Effekten kan justeras i fyra steg direkt p\u00e5 f\u00f6raren. Finns i tv\u00e5 fysiska storlekar och tre watt, samt med DALI.","og_url":"https:\/\/anetaprofessional.com\/se\/produkt\/pulse-highbay-42-1200-dali-vit\/","og_site_name":"Aneta Professional","article_modified_time":"2026-03-03T01:48:55+00:00","og_image":[{"width":4200,"height":2362,"url":"https:\/\/dbud83cwgulta.cloudfront.net\/wp-content\/uploads\/sites\/3\/2022\/10\/23192134\/LY8iSmSslHuu4qjnZ0aTAd3dA.png","type":"image\/png"}],"twitter_card":"summary_large_image","schema":{"@context":"https:\/\/schema.org","@graph":[{"@type":"WebPage","@id":"https:\/\/anetaprofessional.com\/se\/produkt\/pulse-highbay-42-1200-dali-vit\/","url":"https:\/\/anetaprofessional.com\/se\/produkt\/pulse-highbay-42-1200-dali-vit\/","name":"PULSE highbay DALI 42\/1200 - Aneta Professional","isPartOf":{"@id":"https:\/\/anetaprofessional.com\/se\/#website"},"primaryImageOfPage":{"@id":"https:\/\/anetaprofessional.com\/se\/produkt\/pulse-highbay-42-1200-dali-vit\/#primaryimage"},"image":{"@id":"https:\/\/anetaprofessional.com\/se\/produkt\/pulse-highbay-42-1200-dali-vit\/#primaryimage"},"thumbnailUrl":"https:\/\/dbud83cwgulta.cloudfront.net\/wp-content\/uploads\/sites\/3\/2022\/10\/23192134\/LY8iSmSslHuu4qjnZ0aTAd3dA.png","datePublished":"2022-10-13T01:43:52+00:00","dateModified":"2026-03-03T01:48:55+00:00","breadcrumb":{"@id":"https:\/\/anetaprofessional.com\/se\/produkt\/pulse-highbay-42-1200-dali-vit\/#breadcrumb"},"inLanguage":"sv-SE","potentialAction":[{"@type":"ReadAction","target":["https:\/\/anetaprofessional.com\/se\/produkt\/pulse-highbay-42-1200-dali-vit\/"]}]},{"@type":"ImageObject","inLanguage":"sv-SE","@id":"https:\/\/anetaprofessional.com\/se\/produkt\/pulse-highbay-42-1200-dali-vit\/#primaryimage","url":"https:\/\/dbud83cwgulta.cloudfront.net\/wp-content\/uploads\/sites\/3\/2022\/10\/23192134\/LY8iSmSslHuu4qjnZ0aTAd3dA.png","contentUrl":"https:\/\/dbud83cwgulta.cloudfront.net\/wp-content\/uploads\/sites\/3\/2022\/10\/23192134\/LY8iSmSslHuu4qjnZ0aTAd3dA.png","width":4200,"height":2362},{"@type":"BreadcrumbList","@id":"https:\/\/anetaprofessional.com\/se\/produkt\/pulse-highbay-42-1200-dali-vit\/#breadcrumb","itemListElement":[{"@type":"ListItem","position":1,"name":"Forsiden","item":"https:\/\/anetaprofessional.com\/se\/"},{"@type":"ListItem","position":2,"name":"Butik","item":"https:\/\/anetaprofessional.com\/se\/butik\/"},{"@type":"ListItem","position":3,"name":"PULSE highbay DALI 42\/1200"}]},{"@type":"WebSite","@id":"https:\/\/anetaprofessional.com\/se\/#website","url":"https:\/\/anetaprofessional.com\/se\/","name":"Aneta Professional","description":"Skandinavias ledende lampegrossist","publisher":{"@id":"https:\/\/anetaprofessional.com\/se\/#organization"},"potentialAction":[{"@type":"SearchAction","target":{"@type":"EntryPoint","urlTemplate":"https:\/\/anetaprofessional.com\/se\/?s={search_term_string}"},"query-input":{"@type":"PropertyValueSpecification","valueRequired":true,"valueName":"search_term_string"}}],"inLanguage":"sv-SE"},{"@type":"Organization","@id":"https:\/\/anetaprofessional.com\/se\/#organization","name":"Aneta Professional","url":"https:\/\/anetaprofessional.com\/se\/","logo":{"@type":"ImageObject","inLanguage":"sv-SE","@id":"https:\/\/anetaprofessional.com\/se\/#\/schema\/logo\/image\/","url":"https:\/\/dbud83cwgulta.cloudfront.net\/wp-content\/uploads\/sites\/3\/2022\/07\/23193840\/ANETA-PRO-logo-RGB_hvit.png","contentUrl":"https:\/\/dbud83cwgulta.cloudfront.net\/wp-content\/uploads\/sites\/3\/2022\/07\/23193840\/ANETA-PRO-logo-RGB_hvit.png","width":1201,"height":487,"caption":"Aneta Professional"},"image":{"@id":"https:\/\/anetaprofessional.com\/se\/#\/schema\/logo\/image\/"}}]}},"_links":{"self":[{"href":"https:\/\/anetaprofessional.com\/se\/wp-json\/wp\/v2\/product\/13090","targetHints":{"allow":["GET"]}}],"collection":[{"href":"https:\/\/anetaprofessional.com\/se\/wp-json\/wp\/v2\/product"}],"about":[{"href":"https:\/\/anetaprofessional.com\/se\/wp-json\/wp\/v2\/types\/product"}],"wp:featuredmedia":[{"embeddable":true,"href":"https:\/\/anetaprofessional.com\/se\/wp-json\/wp\/v2\/media\/14762"}],"wp:attachment":[{"href":"https:\/\/anetaprofessional.com\/se\/wp-json\/wp\/v2\/media?parent=13090"}],"wp:term":[{"taxonomy":"product_tag","embeddable":true,"href":"https:\/\/anetaprofessional.com\/se\/wp-json\/wp\/v2\/product_tag?post=13090"},{"taxonomy":"product_brand","embeddable":true,"href":"https:\/\/anetaprofessional.com\/se\/wp-json\/wp\/v2\/product_brand?post=13090"},{"taxonomy":"product_cat","embeddable":true,"href":"https:\/\/anetaprofessional.com\/se\/wp-json\/wp\/v2\/product_cat?post=13090"}],"curies":[{"name":"wp","href":"https:\/\/api.w.org\/{rel}","templated":true}]}}