{"id":13122,"date":"2022-11-05T02:43:47","date_gmt":"2022-11-05T01:43:47","guid":{"rendered":"https:\/\/anetaprofessional.com\/se\/produkt\/eco-light-vit\/"},"modified":"2026-03-19T02:49:24","modified_gmt":"2026-03-19T01:49:24","slug":"eco-light-vit","status":"publish","type":"product","link":"https:\/\/anetaprofessional.com\/se\/produkt\/eco-light-vit\/","title":{"rendered":"ECO light plafond vit"},"content":{"rendered":"<p>Mycket l\u00e5gt och stilrent innertak som finns i tv\u00e5 utf\u00f6randen &#8211; med och utan PIR\/lux-sensor. Boxen inneh\u00e5ller ett f\u00e4ste f\u00f6r direkt tak\/v\u00e4ggmontage. Lampan och f\u00e4stet \u00e4r gjorda speciellt med elektrikern i \u00e5tanke; som ger enkel och problemfri montering. P\u00e5 baksidan av taket finns en str\u00f6mbrytare d\u00e4r du kan v\u00e4lja f\u00e4rgtemperatur mellan 2700K, 3000K och 4000K (3CCT). ECO-ljuset kan justeras i 3 effektniv\u00e5er; 10, 15 och 18W (versionen med PIR\/lux kan inte justera effekt). Taket \u00e4r en fin och diskret ljusk\u00e4lla som passar perfekt i moderna installationer. 1600lm, 18W, 3CCT, \u00f8220&#215;18, IP20, IK04, 50.000t<\/p>\n","protected":false},"excerpt":{"rendered":"<p>Mycket l\u00e5gt och stilrent innertak som finns i tv\u00e5 utf\u00f6randen &#8211; med och utan PIR\/lux-sensor. Boxen inneh\u00e5ller ett f\u00e4ste f\u00f6r direkt tak\/v\u00e4ggmontage. Lampan och f\u00e4stet \u00e4r gjorda speciellt med elektrikern i \u00e5tanke; som ger enkel och problemfri montering. P\u00e5 baksidan av taket finns en str\u00f6mbrytare d\u00e4r du kan v\u00e4lja f\u00e4rgtemperatur mellan 2700K, 3000K och 4000K (3CCT). ECO-ljuset kan justeras i 3 effektniv\u00e5er; 10, 15 och 18W (versionen med PIR\/lux kan inte justera effekt). Taket \u00e4r en fin och diskret ljusk\u00e4lla som passar perfekt i moderna installationer. 1600lm, 18W, 3CCT, \u00f8220&#215;18, IP20, IK04, 50.000t<\/p>\n","protected":false},"featured_media":14802,"template":"","meta":{"_acf_changed":false,"inline_featured_image":false},"product_tag":[],"product_brand":[],"product_cat":[39159],"class_list":{"0":"post-13122","1":"product","2":"type-product","3":"status-publish","4":"has-post-thumbnail","6":"product_cat-professional-plafond-professional","8":"first","9":"instock","10":"taxable","11":"shipping-taxable","12":"product-type-simple"},"acf":[],"yoast_head":"<!-- This site is optimized with the Yoast SEO plugin v27.3 - https:\/\/yoast.com\/product\/yoast-seo-wordpress\/ -->\n<title>ECO light plafond vit - Aneta Professional<\/title>\n<meta name=\"robots\" content=\"index, follow, max-snippet:-1, max-image-preview:large, max-video-preview:-1\" \/>\n<link rel=\"canonical\" href=\"https:\/\/anetaprofessional.com\/se\/produkt\/eco-light-vit\/\" \/>\n<meta property=\"og:locale\" content=\"sv_SE\" \/>\n<meta property=\"og:type\" content=\"article\" \/>\n<meta property=\"og:title\" content=\"ECO light plafond vit - Aneta Professional\" \/>\n<meta property=\"og:description\" content=\"Mycket l\u00e5gt och stilrent innertak som finns i tv\u00e5 utf\u00f6randen - med och utan PIR\/lux-sensor. Boxen inneh\u00e5ller ett f\u00e4ste f\u00f6r direkt tak\/v\u00e4ggmontage. Lampan och f\u00e4stet \u00e4r gjorda speciellt med elektrikern i \u00e5tanke; som ger enkel och problemfri montering. P\u00e5 baksidan av taket finns en str\u00f6mbrytare d\u00e4r du kan v\u00e4lja f\u00e4rgtemperatur mellan 2700K, 3000K och 4000K (3CCT). ECO-ljuset kan justeras i 3 effektniv\u00e5er; 10, 15 och 18W (versionen med PIR\/lux kan inte justera effekt). Taket \u00e4r en fin och diskret ljusk\u00e4lla som passar perfekt i moderna installationer. 1600lm, 18W, 3CCT, \u00f8220x18, IP20, IK04, 50.000t\" \/>\n<meta property=\"og:url\" content=\"https:\/\/anetaprofessional.com\/se\/produkt\/eco-light-vit\/\" \/>\n<meta property=\"og:site_name\" content=\"Aneta Professional\" \/>\n<meta property=\"article:modified_time\" content=\"2026-03-19T01:49:24+00:00\" \/>\n<meta property=\"og:image\" content=\"https:\/\/dbud83cwgulta.cloudfront.net\/wp-content\/uploads\/sites\/3\/2022\/11\/23192100\/DhGkXzmweQgzrVaacqqKjdC6H-scaled.jpg\" \/>\n\t<meta property=\"og:image:width\" content=\"2560\" \/>\n\t<meta property=\"og:image:height\" content=\"2529\" \/>\n\t<meta property=\"og:image:type\" content=\"image\/jpeg\" \/>\n<meta name=\"twitter:card\" content=\"summary_large_image\" \/>\n<meta name=\"twitter:label1\" content=\"Ber\u00e4knad l\u00e4stid\" \/>\n\t<meta name=\"twitter:data1\" content=\"1 minut\" \/>\n<script type=\"application\/ld+json\" class=\"yoast-schema-graph\">{\"@context\":\"https:\\\/\\\/schema.org\",\"@graph\":[{\"@type\":\"WebPage\",\"@id\":\"https:\\\/\\\/anetaprofessional.com\\\/se\\\/produkt\\\/eco-light-vit\\\/\",\"url\":\"https:\\\/\\\/anetaprofessional.com\\\/se\\\/produkt\\\/eco-light-vit\\\/\",\"name\":\"ECO light plafond vit - Aneta Professional\",\"isPartOf\":{\"@id\":\"https:\\\/\\\/anetaprofessional.com\\\/se\\\/#website\"},\"primaryImageOfPage\":{\"@id\":\"https:\\\/\\\/anetaprofessional.com\\\/se\\\/produkt\\\/eco-light-vit\\\/#primaryimage\"},\"image\":{\"@id\":\"https:\\\/\\\/anetaprofessional.com\\\/se\\\/produkt\\\/eco-light-vit\\\/#primaryimage\"},\"thumbnailUrl\":\"https:\\\/\\\/dbud83cwgulta.cloudfront.net\\\/wp-content\\\/uploads\\\/sites\\\/3\\\/2022\\\/11\\\/23192100\\\/DhGkXzmweQgzrVaacqqKjdC6H-scaled.jpg\",\"datePublished\":\"2022-11-05T01:43:47+00:00\",\"dateModified\":\"2026-03-19T01:49:24+00:00\",\"breadcrumb\":{\"@id\":\"https:\\\/\\\/anetaprofessional.com\\\/se\\\/produkt\\\/eco-light-vit\\\/#breadcrumb\"},\"inLanguage\":\"sv-SE\",\"potentialAction\":[{\"@type\":\"ReadAction\",\"target\":[\"https:\\\/\\\/anetaprofessional.com\\\/se\\\/produkt\\\/eco-light-vit\\\/\"]}]},{\"@type\":\"ImageObject\",\"inLanguage\":\"sv-SE\",\"@id\":\"https:\\\/\\\/anetaprofessional.com\\\/se\\\/produkt\\\/eco-light-vit\\\/#primaryimage\",\"url\":\"https:\\\/\\\/dbud83cwgulta.cloudfront.net\\\/wp-content\\\/uploads\\\/sites\\\/3\\\/2022\\\/11\\\/23192100\\\/DhGkXzmweQgzrVaacqqKjdC6H-scaled.jpg\",\"contentUrl\":\"https:\\\/\\\/dbud83cwgulta.cloudfront.net\\\/wp-content\\\/uploads\\\/sites\\\/3\\\/2022\\\/11\\\/23192100\\\/DhGkXzmweQgzrVaacqqKjdC6H-scaled.jpg\",\"width\":2560,\"height\":2529},{\"@type\":\"BreadcrumbList\",\"@id\":\"https:\\\/\\\/anetaprofessional.com\\\/se\\\/produkt\\\/eco-light-vit\\\/#breadcrumb\",\"itemListElement\":[{\"@type\":\"ListItem\",\"position\":1,\"name\":\"Forsiden\",\"item\":\"https:\\\/\\\/anetaprofessional.com\\\/se\\\/\"},{\"@type\":\"ListItem\",\"position\":2,\"name\":\"Butik\",\"item\":\"https:\\\/\\\/anetaprofessional.com\\\/se\\\/butik\\\/\"},{\"@type\":\"ListItem\",\"position\":3,\"name\":\"ECO light plafond vit\"}]},{\"@type\":\"WebSite\",\"@id\":\"https:\\\/\\\/anetaprofessional.com\\\/se\\\/#website\",\"url\":\"https:\\\/\\\/anetaprofessional.com\\\/se\\\/\",\"name\":\"Aneta Professional\",\"description\":\"Skandinavias ledende lampegrossist\",\"publisher\":{\"@id\":\"https:\\\/\\\/anetaprofessional.com\\\/se\\\/#organization\"},\"potentialAction\":[{\"@type\":\"SearchAction\",\"target\":{\"@type\":\"EntryPoint\",\"urlTemplate\":\"https:\\\/\\\/anetaprofessional.com\\\/se\\\/?s={search_term_string}\"},\"query-input\":{\"@type\":\"PropertyValueSpecification\",\"valueRequired\":true,\"valueName\":\"search_term_string\"}}],\"inLanguage\":\"sv-SE\"},{\"@type\":\"Organization\",\"@id\":\"https:\\\/\\\/anetaprofessional.com\\\/se\\\/#organization\",\"name\":\"Aneta Professional\",\"url\":\"https:\\\/\\\/anetaprofessional.com\\\/se\\\/\",\"logo\":{\"@type\":\"ImageObject\",\"inLanguage\":\"sv-SE\",\"@id\":\"https:\\\/\\\/anetaprofessional.com\\\/se\\\/#\\\/schema\\\/logo\\\/image\\\/\",\"url\":\"https:\\\/\\\/dbud83cwgulta.cloudfront.net\\\/wp-content\\\/uploads\\\/sites\\\/3\\\/2022\\\/07\\\/23193840\\\/ANETA-PRO-logo-RGB_hvit.png\",\"contentUrl\":\"https:\\\/\\\/dbud83cwgulta.cloudfront.net\\\/wp-content\\\/uploads\\\/sites\\\/3\\\/2022\\\/07\\\/23193840\\\/ANETA-PRO-logo-RGB_hvit.png\",\"width\":1201,\"height\":487,\"caption\":\"Aneta Professional\"},\"image\":{\"@id\":\"https:\\\/\\\/anetaprofessional.com\\\/se\\\/#\\\/schema\\\/logo\\\/image\\\/\"}}]}<\/script>\n<!-- \/ Yoast SEO plugin. -->","yoast_head_json":{"title":"ECO light plafond vit - Aneta Professional","robots":{"index":"index","follow":"follow","max-snippet":"max-snippet:-1","max-image-preview":"max-image-preview:large","max-video-preview":"max-video-preview:-1"},"canonical":"https:\/\/anetaprofessional.com\/se\/produkt\/eco-light-vit\/","og_locale":"sv_SE","og_type":"article","og_title":"ECO light plafond vit - Aneta Professional","og_description":"Mycket l\u00e5gt och stilrent innertak som finns i tv\u00e5 utf\u00f6randen - med och utan PIR\/lux-sensor. Boxen inneh\u00e5ller ett f\u00e4ste f\u00f6r direkt tak\/v\u00e4ggmontage. Lampan och f\u00e4stet \u00e4r gjorda speciellt med elektrikern i \u00e5tanke; som ger enkel och problemfri montering. P\u00e5 baksidan av taket finns en str\u00f6mbrytare d\u00e4r du kan v\u00e4lja f\u00e4rgtemperatur mellan 2700K, 3000K och 4000K (3CCT). ECO-ljuset kan justeras i 3 effektniv\u00e5er; 10, 15 och 18W (versionen med PIR\/lux kan inte justera effekt). Taket \u00e4r en fin och diskret ljusk\u00e4lla som passar perfekt i moderna installationer. 1600lm, 18W, 3CCT, \u00f8220x18, IP20, IK04, 50.000t","og_url":"https:\/\/anetaprofessional.com\/se\/produkt\/eco-light-vit\/","og_site_name":"Aneta Professional","article_modified_time":"2026-03-19T01:49:24+00:00","og_image":[{"width":2560,"height":2529,"url":"https:\/\/dbud83cwgulta.cloudfront.net\/wp-content\/uploads\/sites\/3\/2022\/11\/23192100\/DhGkXzmweQgzrVaacqqKjdC6H-scaled.jpg","type":"image\/jpeg"}],"twitter_card":"summary_large_image","twitter_misc":{"Ber\u00e4knad l\u00e4stid":"1 minut"},"schema":{"@context":"https:\/\/schema.org","@graph":[{"@type":"WebPage","@id":"https:\/\/anetaprofessional.com\/se\/produkt\/eco-light-vit\/","url":"https:\/\/anetaprofessional.com\/se\/produkt\/eco-light-vit\/","name":"ECO light plafond vit - Aneta Professional","isPartOf":{"@id":"https:\/\/anetaprofessional.com\/se\/#website"},"primaryImageOfPage":{"@id":"https:\/\/anetaprofessional.com\/se\/produkt\/eco-light-vit\/#primaryimage"},"image":{"@id":"https:\/\/anetaprofessional.com\/se\/produkt\/eco-light-vit\/#primaryimage"},"thumbnailUrl":"https:\/\/dbud83cwgulta.cloudfront.net\/wp-content\/uploads\/sites\/3\/2022\/11\/23192100\/DhGkXzmweQgzrVaacqqKjdC6H-scaled.jpg","datePublished":"2022-11-05T01:43:47+00:00","dateModified":"2026-03-19T01:49:24+00:00","breadcrumb":{"@id":"https:\/\/anetaprofessional.com\/se\/produkt\/eco-light-vit\/#breadcrumb"},"inLanguage":"sv-SE","potentialAction":[{"@type":"ReadAction","target":["https:\/\/anetaprofessional.com\/se\/produkt\/eco-light-vit\/"]}]},{"@type":"ImageObject","inLanguage":"sv-SE","@id":"https:\/\/anetaprofessional.com\/se\/produkt\/eco-light-vit\/#primaryimage","url":"https:\/\/dbud83cwgulta.cloudfront.net\/wp-content\/uploads\/sites\/3\/2022\/11\/23192100\/DhGkXzmweQgzrVaacqqKjdC6H-scaled.jpg","contentUrl":"https:\/\/dbud83cwgulta.cloudfront.net\/wp-content\/uploads\/sites\/3\/2022\/11\/23192100\/DhGkXzmweQgzrVaacqqKjdC6H-scaled.jpg","width":2560,"height":2529},{"@type":"BreadcrumbList","@id":"https:\/\/anetaprofessional.com\/se\/produkt\/eco-light-vit\/#breadcrumb","itemListElement":[{"@type":"ListItem","position":1,"name":"Forsiden","item":"https:\/\/anetaprofessional.com\/se\/"},{"@type":"ListItem","position":2,"name":"Butik","item":"https:\/\/anetaprofessional.com\/se\/butik\/"},{"@type":"ListItem","position":3,"name":"ECO light plafond vit"}]},{"@type":"WebSite","@id":"https:\/\/anetaprofessional.com\/se\/#website","url":"https:\/\/anetaprofessional.com\/se\/","name":"Aneta Professional","description":"Skandinavias ledende lampegrossist","publisher":{"@id":"https:\/\/anetaprofessional.com\/se\/#organization"},"potentialAction":[{"@type":"SearchAction","target":{"@type":"EntryPoint","urlTemplate":"https:\/\/anetaprofessional.com\/se\/?s={search_term_string}"},"query-input":{"@type":"PropertyValueSpecification","valueRequired":true,"valueName":"search_term_string"}}],"inLanguage":"sv-SE"},{"@type":"Organization","@id":"https:\/\/anetaprofessional.com\/se\/#organization","name":"Aneta Professional","url":"https:\/\/anetaprofessional.com\/se\/","logo":{"@type":"ImageObject","inLanguage":"sv-SE","@id":"https:\/\/anetaprofessional.com\/se\/#\/schema\/logo\/image\/","url":"https:\/\/dbud83cwgulta.cloudfront.net\/wp-content\/uploads\/sites\/3\/2022\/07\/23193840\/ANETA-PRO-logo-RGB_hvit.png","contentUrl":"https:\/\/dbud83cwgulta.cloudfront.net\/wp-content\/uploads\/sites\/3\/2022\/07\/23193840\/ANETA-PRO-logo-RGB_hvit.png","width":1201,"height":487,"caption":"Aneta Professional"},"image":{"@id":"https:\/\/anetaprofessional.com\/se\/#\/schema\/logo\/image\/"}}]}},"_links":{"self":[{"href":"https:\/\/anetaprofessional.com\/se\/wp-json\/wp\/v2\/product\/13122","targetHints":{"allow":["GET"]}}],"collection":[{"href":"https:\/\/anetaprofessional.com\/se\/wp-json\/wp\/v2\/product"}],"about":[{"href":"https:\/\/anetaprofessional.com\/se\/wp-json\/wp\/v2\/types\/product"}],"wp:featuredmedia":[{"embeddable":true,"href":"https:\/\/anetaprofessional.com\/se\/wp-json\/wp\/v2\/media\/14802"}],"wp:attachment":[{"href":"https:\/\/anetaprofessional.com\/se\/wp-json\/wp\/v2\/media?parent=13122"}],"wp:term":[{"taxonomy":"product_tag","embeddable":true,"href":"https:\/\/anetaprofessional.com\/se\/wp-json\/wp\/v2\/product_tag?post=13122"},{"taxonomy":"product_brand","embeddable":true,"href":"https:\/\/anetaprofessional.com\/se\/wp-json\/wp\/v2\/product_brand?post=13122"},{"taxonomy":"product_cat","embeddable":true,"href":"https:\/\/anetaprofessional.com\/se\/wp-json\/wp\/v2\/product_cat?post=13122"}],"curies":[{"name":"wp","href":"https:\/\/api.w.org\/{rel}","templated":true}]}}