{"id":14925,"date":"2024-08-03T03:43:25","date_gmt":"2024-08-03T01:43:25","guid":{"rendered":"https:\/\/anetaprofessional.com\/se\/produkt\/scanstrip-quick-rgbw-strip2strip-12mm\/"},"modified":"2026-02-21T02:53:59","modified_gmt":"2026-02-21T01:53:59","slug":"scanstrip-quick-rgbw-strip2strip-12mm","status":"publish","type":"product","link":"https:\/\/anetaprofessional.com\/se\/produkt\/scanstrip-quick-rgbw-strip2strip-12mm\/","title":{"rendered":"Scanstrip QUICK RGBW strip2strip 12mm"},"content":{"rendered":"<p>F\u00f6renkla din LED-installation med Scanstrip QUICK! Snabbt, enkelt och p\u00e5litligt. V\u00e4lj dina anslutningar direkt fr\u00e5n grossisten eller sortimentsl\u00e5dan i din f\u00f6retagsbil. Plug &#038; play &#8211; det \u00e4r s\u00e5 enkelt som att skjuta in och trycka ihop. Spara tid och uppn\u00e5 professionella resultat med Scanstrip QUICK!<\/p>\n","protected":false},"excerpt":{"rendered":"<p>F\u00f6renkla din LED-installation med Scanstrip QUICK! Snabbt, enkelt och p\u00e5litligt. V\u00e4lj dina anslutningar direkt fr\u00e5n grossisten eller sortimentsl\u00e5dan i din f\u00f6retagsbil. Plug &#038; play &#8211; det \u00e4r s\u00e5 enkelt som att skjuta in och trycka ihop. Spara tid och uppn\u00e5 professionella resultat med Scanstrip QUICK!<\/p>\n","protected":false},"featured_media":14926,"template":"","meta":{"_acf_changed":false,"inline_featured_image":false},"product_tag":[],"product_brand":[],"product_cat":[39155],"class_list":{"0":"post-14925","1":"product","2":"type-product","3":"status-publish","4":"has-post-thumbnail","6":"product_cat-professional-led-lister-professional","8":"first","9":"onbackorder","10":"taxable","11":"shipping-taxable","12":"product-type-simple"},"acf":[],"yoast_head":"<!-- This site is optimized with the Yoast SEO plugin v27.3 - https:\/\/yoast.com\/product\/yoast-seo-wordpress\/ -->\n<title>Scanstrip QUICK RGBW strip2strip 12mm - Aneta Professional<\/title>\n<meta name=\"robots\" content=\"index, follow, max-snippet:-1, max-image-preview:large, max-video-preview:-1\" \/>\n<link rel=\"canonical\" href=\"https:\/\/anetaprofessional.com\/se\/produkt\/scanstrip-quick-rgbw-strip2strip-12mm\/\" \/>\n<meta property=\"og:locale\" content=\"sv_SE\" \/>\n<meta property=\"og:type\" content=\"article\" \/>\n<meta property=\"og:title\" content=\"Scanstrip QUICK RGBW strip2strip 12mm - Aneta Professional\" \/>\n<meta property=\"og:description\" content=\"F\u00f6renkla din LED-installation med Scanstrip QUICK! Snabbt, enkelt och p\u00e5litligt. V\u00e4lj dina anslutningar direkt fr\u00e5n grossisten eller sortimentsl\u00e5dan i din f\u00f6retagsbil. Plug &amp; play - det \u00e4r s\u00e5 enkelt som att skjuta in och trycka ihop. Spara tid och uppn\u00e5 professionella resultat med Scanstrip QUICK!\" \/>\n<meta property=\"og:url\" content=\"https:\/\/anetaprofessional.com\/se\/produkt\/scanstrip-quick-rgbw-strip2strip-12mm\/\" \/>\n<meta property=\"og:site_name\" content=\"Aneta Professional\" \/>\n<meta property=\"article:modified_time\" content=\"2026-02-21T01:53:59+00:00\" \/>\n<meta property=\"og:image\" content=\"https:\/\/dbud83cwgulta.cloudfront.net\/wp-content\/uploads\/sites\/3\/2024\/08\/23191954\/jBMlW1c8k7PuMf4HiIF4QCAii.png\" \/>\n\t<meta property=\"og:image:width\" content=\"1217\" \/>\n\t<meta property=\"og:image:height\" content=\"1000\" \/>\n\t<meta property=\"og:image:type\" content=\"image\/png\" \/>\n<meta name=\"twitter:card\" content=\"summary_large_image\" \/>\n<script type=\"application\/ld+json\" class=\"yoast-schema-graph\">{\"@context\":\"https:\\\/\\\/schema.org\",\"@graph\":[{\"@type\":\"WebPage\",\"@id\":\"https:\\\/\\\/anetaprofessional.com\\\/se\\\/produkt\\\/scanstrip-quick-rgbw-strip2strip-12mm\\\/\",\"url\":\"https:\\\/\\\/anetaprofessional.com\\\/se\\\/produkt\\\/scanstrip-quick-rgbw-strip2strip-12mm\\\/\",\"name\":\"Scanstrip QUICK RGBW strip2strip 12mm - Aneta Professional\",\"isPartOf\":{\"@id\":\"https:\\\/\\\/anetaprofessional.com\\\/se\\\/#website\"},\"primaryImageOfPage\":{\"@id\":\"https:\\\/\\\/anetaprofessional.com\\\/se\\\/produkt\\\/scanstrip-quick-rgbw-strip2strip-12mm\\\/#primaryimage\"},\"image\":{\"@id\":\"https:\\\/\\\/anetaprofessional.com\\\/se\\\/produkt\\\/scanstrip-quick-rgbw-strip2strip-12mm\\\/#primaryimage\"},\"thumbnailUrl\":\"https:\\\/\\\/dbud83cwgulta.cloudfront.net\\\/wp-content\\\/uploads\\\/sites\\\/3\\\/2024\\\/08\\\/23191954\\\/jBMlW1c8k7PuMf4HiIF4QCAii.png\",\"datePublished\":\"2024-08-03T01:43:25+00:00\",\"dateModified\":\"2026-02-21T01:53:59+00:00\",\"breadcrumb\":{\"@id\":\"https:\\\/\\\/anetaprofessional.com\\\/se\\\/produkt\\\/scanstrip-quick-rgbw-strip2strip-12mm\\\/#breadcrumb\"},\"inLanguage\":\"sv-SE\",\"potentialAction\":[{\"@type\":\"ReadAction\",\"target\":[\"https:\\\/\\\/anetaprofessional.com\\\/se\\\/produkt\\\/scanstrip-quick-rgbw-strip2strip-12mm\\\/\"]}]},{\"@type\":\"ImageObject\",\"inLanguage\":\"sv-SE\",\"@id\":\"https:\\\/\\\/anetaprofessional.com\\\/se\\\/produkt\\\/scanstrip-quick-rgbw-strip2strip-12mm\\\/#primaryimage\",\"url\":\"https:\\\/\\\/dbud83cwgulta.cloudfront.net\\\/wp-content\\\/uploads\\\/sites\\\/3\\\/2024\\\/08\\\/23191954\\\/jBMlW1c8k7PuMf4HiIF4QCAii.png\",\"contentUrl\":\"https:\\\/\\\/dbud83cwgulta.cloudfront.net\\\/wp-content\\\/uploads\\\/sites\\\/3\\\/2024\\\/08\\\/23191954\\\/jBMlW1c8k7PuMf4HiIF4QCAii.png\",\"width\":1217,\"height\":1000},{\"@type\":\"BreadcrumbList\",\"@id\":\"https:\\\/\\\/anetaprofessional.com\\\/se\\\/produkt\\\/scanstrip-quick-rgbw-strip2strip-12mm\\\/#breadcrumb\",\"itemListElement\":[{\"@type\":\"ListItem\",\"position\":1,\"name\":\"Forsiden\",\"item\":\"https:\\\/\\\/anetaprofessional.com\\\/se\\\/\"},{\"@type\":\"ListItem\",\"position\":2,\"name\":\"Butik\",\"item\":\"https:\\\/\\\/anetaprofessional.com\\\/se\\\/butik\\\/\"},{\"@type\":\"ListItem\",\"position\":3,\"name\":\"Scanstrip QUICK RGBW strip2strip 12mm\"}]},{\"@type\":\"WebSite\",\"@id\":\"https:\\\/\\\/anetaprofessional.com\\\/se\\\/#website\",\"url\":\"https:\\\/\\\/anetaprofessional.com\\\/se\\\/\",\"name\":\"Aneta Professional\",\"description\":\"Skandinavias ledende lampegrossist\",\"publisher\":{\"@id\":\"https:\\\/\\\/anetaprofessional.com\\\/se\\\/#organization\"},\"potentialAction\":[{\"@type\":\"SearchAction\",\"target\":{\"@type\":\"EntryPoint\",\"urlTemplate\":\"https:\\\/\\\/anetaprofessional.com\\\/se\\\/?s={search_term_string}\"},\"query-input\":{\"@type\":\"PropertyValueSpecification\",\"valueRequired\":true,\"valueName\":\"search_term_string\"}}],\"inLanguage\":\"sv-SE\"},{\"@type\":\"Organization\",\"@id\":\"https:\\\/\\\/anetaprofessional.com\\\/se\\\/#organization\",\"name\":\"Aneta Professional\",\"url\":\"https:\\\/\\\/anetaprofessional.com\\\/se\\\/\",\"logo\":{\"@type\":\"ImageObject\",\"inLanguage\":\"sv-SE\",\"@id\":\"https:\\\/\\\/anetaprofessional.com\\\/se\\\/#\\\/schema\\\/logo\\\/image\\\/\",\"url\":\"https:\\\/\\\/dbud83cwgulta.cloudfront.net\\\/wp-content\\\/uploads\\\/sites\\\/3\\\/2022\\\/07\\\/23193840\\\/ANETA-PRO-logo-RGB_hvit.png\",\"contentUrl\":\"https:\\\/\\\/dbud83cwgulta.cloudfront.net\\\/wp-content\\\/uploads\\\/sites\\\/3\\\/2022\\\/07\\\/23193840\\\/ANETA-PRO-logo-RGB_hvit.png\",\"width\":1201,\"height\":487,\"caption\":\"Aneta Professional\"},\"image\":{\"@id\":\"https:\\\/\\\/anetaprofessional.com\\\/se\\\/#\\\/schema\\\/logo\\\/image\\\/\"}}]}<\/script>\n<!-- \/ Yoast SEO plugin. -->","yoast_head_json":{"title":"Scanstrip QUICK RGBW strip2strip 12mm - Aneta Professional","robots":{"index":"index","follow":"follow","max-snippet":"max-snippet:-1","max-image-preview":"max-image-preview:large","max-video-preview":"max-video-preview:-1"},"canonical":"https:\/\/anetaprofessional.com\/se\/produkt\/scanstrip-quick-rgbw-strip2strip-12mm\/","og_locale":"sv_SE","og_type":"article","og_title":"Scanstrip QUICK RGBW strip2strip 12mm - Aneta Professional","og_description":"F\u00f6renkla din LED-installation med Scanstrip QUICK! Snabbt, enkelt och p\u00e5litligt. V\u00e4lj dina anslutningar direkt fr\u00e5n grossisten eller sortimentsl\u00e5dan i din f\u00f6retagsbil. Plug & play - det \u00e4r s\u00e5 enkelt som att skjuta in och trycka ihop. Spara tid och uppn\u00e5 professionella resultat med Scanstrip QUICK!","og_url":"https:\/\/anetaprofessional.com\/se\/produkt\/scanstrip-quick-rgbw-strip2strip-12mm\/","og_site_name":"Aneta Professional","article_modified_time":"2026-02-21T01:53:59+00:00","og_image":[{"width":1217,"height":1000,"url":"https:\/\/dbud83cwgulta.cloudfront.net\/wp-content\/uploads\/sites\/3\/2024\/08\/23191954\/jBMlW1c8k7PuMf4HiIF4QCAii.png","type":"image\/png"}],"twitter_card":"summary_large_image","schema":{"@context":"https:\/\/schema.org","@graph":[{"@type":"WebPage","@id":"https:\/\/anetaprofessional.com\/se\/produkt\/scanstrip-quick-rgbw-strip2strip-12mm\/","url":"https:\/\/anetaprofessional.com\/se\/produkt\/scanstrip-quick-rgbw-strip2strip-12mm\/","name":"Scanstrip QUICK RGBW strip2strip 12mm - Aneta Professional","isPartOf":{"@id":"https:\/\/anetaprofessional.com\/se\/#website"},"primaryImageOfPage":{"@id":"https:\/\/anetaprofessional.com\/se\/produkt\/scanstrip-quick-rgbw-strip2strip-12mm\/#primaryimage"},"image":{"@id":"https:\/\/anetaprofessional.com\/se\/produkt\/scanstrip-quick-rgbw-strip2strip-12mm\/#primaryimage"},"thumbnailUrl":"https:\/\/dbud83cwgulta.cloudfront.net\/wp-content\/uploads\/sites\/3\/2024\/08\/23191954\/jBMlW1c8k7PuMf4HiIF4QCAii.png","datePublished":"2024-08-03T01:43:25+00:00","dateModified":"2026-02-21T01:53:59+00:00","breadcrumb":{"@id":"https:\/\/anetaprofessional.com\/se\/produkt\/scanstrip-quick-rgbw-strip2strip-12mm\/#breadcrumb"},"inLanguage":"sv-SE","potentialAction":[{"@type":"ReadAction","target":["https:\/\/anetaprofessional.com\/se\/produkt\/scanstrip-quick-rgbw-strip2strip-12mm\/"]}]},{"@type":"ImageObject","inLanguage":"sv-SE","@id":"https:\/\/anetaprofessional.com\/se\/produkt\/scanstrip-quick-rgbw-strip2strip-12mm\/#primaryimage","url":"https:\/\/dbud83cwgulta.cloudfront.net\/wp-content\/uploads\/sites\/3\/2024\/08\/23191954\/jBMlW1c8k7PuMf4HiIF4QCAii.png","contentUrl":"https:\/\/dbud83cwgulta.cloudfront.net\/wp-content\/uploads\/sites\/3\/2024\/08\/23191954\/jBMlW1c8k7PuMf4HiIF4QCAii.png","width":1217,"height":1000},{"@type":"BreadcrumbList","@id":"https:\/\/anetaprofessional.com\/se\/produkt\/scanstrip-quick-rgbw-strip2strip-12mm\/#breadcrumb","itemListElement":[{"@type":"ListItem","position":1,"name":"Forsiden","item":"https:\/\/anetaprofessional.com\/se\/"},{"@type":"ListItem","position":2,"name":"Butik","item":"https:\/\/anetaprofessional.com\/se\/butik\/"},{"@type":"ListItem","position":3,"name":"Scanstrip QUICK RGBW strip2strip 12mm"}]},{"@type":"WebSite","@id":"https:\/\/anetaprofessional.com\/se\/#website","url":"https:\/\/anetaprofessional.com\/se\/","name":"Aneta Professional","description":"Skandinavias ledende lampegrossist","publisher":{"@id":"https:\/\/anetaprofessional.com\/se\/#organization"},"potentialAction":[{"@type":"SearchAction","target":{"@type":"EntryPoint","urlTemplate":"https:\/\/anetaprofessional.com\/se\/?s={search_term_string}"},"query-input":{"@type":"PropertyValueSpecification","valueRequired":true,"valueName":"search_term_string"}}],"inLanguage":"sv-SE"},{"@type":"Organization","@id":"https:\/\/anetaprofessional.com\/se\/#organization","name":"Aneta Professional","url":"https:\/\/anetaprofessional.com\/se\/","logo":{"@type":"ImageObject","inLanguage":"sv-SE","@id":"https:\/\/anetaprofessional.com\/se\/#\/schema\/logo\/image\/","url":"https:\/\/dbud83cwgulta.cloudfront.net\/wp-content\/uploads\/sites\/3\/2022\/07\/23193840\/ANETA-PRO-logo-RGB_hvit.png","contentUrl":"https:\/\/dbud83cwgulta.cloudfront.net\/wp-content\/uploads\/sites\/3\/2022\/07\/23193840\/ANETA-PRO-logo-RGB_hvit.png","width":1201,"height":487,"caption":"Aneta Professional"},"image":{"@id":"https:\/\/anetaprofessional.com\/se\/#\/schema\/logo\/image\/"}}]}},"_links":{"self":[{"href":"https:\/\/anetaprofessional.com\/se\/wp-json\/wp\/v2\/product\/14925","targetHints":{"allow":["GET"]}}],"collection":[{"href":"https:\/\/anetaprofessional.com\/se\/wp-json\/wp\/v2\/product"}],"about":[{"href":"https:\/\/anetaprofessional.com\/se\/wp-json\/wp\/v2\/types\/product"}],"wp:featuredmedia":[{"embeddable":true,"href":"https:\/\/anetaprofessional.com\/se\/wp-json\/wp\/v2\/media\/14926"}],"wp:attachment":[{"href":"https:\/\/anetaprofessional.com\/se\/wp-json\/wp\/v2\/media?parent=14925"}],"wp:term":[{"taxonomy":"product_tag","embeddable":true,"href":"https:\/\/anetaprofessional.com\/se\/wp-json\/wp\/v2\/product_tag?post=14925"},{"taxonomy":"product_brand","embeddable":true,"href":"https:\/\/anetaprofessional.com\/se\/wp-json\/wp\/v2\/product_brand?post=14925"},{"taxonomy":"product_cat","embeddable":true,"href":"https:\/\/anetaprofessional.com\/se\/wp-json\/wp\/v2\/product_cat?post=14925"}],"curies":[{"name":"wp","href":"https:\/\/api.w.org\/{rel}","templated":true}]}}