{"id":14927,"date":"2024-08-03T03:43:27","date_gmt":"2024-08-03T01:43:27","guid":{"rendered":"https:\/\/anetaprofessional.com\/se\/produkt\/skylight-dome-33-200-vit\/"},"modified":"2026-03-03T02:49:03","modified_gmt":"2026-03-03T01:49:03","slug":"skylight-dome-33-200-vit","status":"publish","type":"product","link":"https:\/\/anetaprofessional.com\/se\/produkt\/skylight-dome-33-200-vit\/","title":{"rendered":"Skylight DOME 33\/200, vit"},"content":{"rendered":"<p>Upplev enkel elegans med Skylight DOME och dess eleganta design. Den unika kombinationen av estetik och funktionalitet s\u00e4kerst\u00e4ller att du har en armatur som uppfyller alla dina behov. Armaturen kan enkelt v\u00e4xla mellan 3000K och 4000K (via en brytare p\u00e5 baksidan av armaturen), medan effekt och ljusutbyte kan justeras enligt dina \u00f6nskem\u00e5l med v\u00e5r Skylight PWR-driverserie.<br \/>\nDrivarna i Skylight PWR-serien tillgodoser olika behov; oavsett om installationen beh\u00f6ver vara enkel on\/off, dimbar eller integrerad i ett DALI-system \u2013 vi erbjuder alla tre alternativ. Dessutom ger effektjusteringen dig m\u00f6jlighet att enkelt justera m\u00e4ngden ljus enligt dina preferenser\/krav (och armaturens begr\u00e4nsningar).<br \/>\nArmaturen \u00e4r klassificerad f\u00f6r en m\u00e4ngd olika till\u00e4mpningar med IK07-slagmotst\u00e5nd, IP44 (fr\u00e5n undersidan), och \u00e4r byggd med v\u00e4derbest\u00e4ndiga material, vilket s\u00e4kerst\u00e4ller p\u00e5litlig prestanda oavsett anv\u00e4ndning. Med en livsl\u00e4ngd p\u00e5 \u00f6ver 100 000 timmar och h\u00f6g effektivitet (>115 lm\/W) garanterar den en kostnadseffektiv installation.<\/p>\n","protected":false},"excerpt":{"rendered":"<p>Upplev enkel elegans med Skylight DOME och dess eleganta design. Den unika kombinationen av estetik och funktionalitet s\u00e4kerst\u00e4ller att du har en armatur som uppfyller alla dina behov. Armaturen kan enkelt v\u00e4xla mellan 3000K och 4000K (via en brytare p\u00e5 baksidan av armaturen), medan effekt och ljusutbyte kan justeras enligt dina \u00f6nskem\u00e5l med v\u00e5r Skylight PWR-driverserie.<br \/>\nDrivarna i Skylight PWR-serien tillgodoser olika behov; oavsett om installationen beh\u00f6ver vara enkel on\/off, dimbar eller integrerad i ett DALI-system \u2013 vi erbjuder alla tre alternativ. Dessutom ger effektjusteringen dig m\u00f6jlighet att enkelt justera m\u00e4ngden ljus enligt dina preferenser\/krav (och armaturens begr\u00e4nsningar).<br \/>\nArmaturen \u00e4r klassificerad f\u00f6r en m\u00e4ngd olika till\u00e4mpningar med IK07-slagmotst\u00e5nd, IP44 (fr\u00e5n undersidan), och \u00e4r byggd med v\u00e4derbest\u00e4ndiga material, vilket s\u00e4kerst\u00e4ller p\u00e5litlig prestanda oavsett anv\u00e4ndning. Med en livsl\u00e4ngd p\u00e5 \u00f6ver 100 000 timmar och h\u00f6g effektivitet (>115 lm\/W) garanterar den en kostnadseffektiv installation.<\/p>\n","protected":false},"featured_media":14928,"template":"","meta":{"_acf_changed":false,"inline_featured_image":false},"product_tag":[],"product_brand":[],"product_cat":[39146],"class_list":{"0":"post-14927","1":"product","2":"type-product","3":"status-publish","4":"has-post-thumbnail","6":"product_cat-professional-downlight-professional","8":"first","9":"instock","10":"taxable","11":"shipping-taxable","12":"product-type-simple"},"acf":[],"yoast_head":"<!-- This site is optimized with the Yoast SEO plugin v27.3 - https:\/\/yoast.com\/product\/yoast-seo-wordpress\/ -->\n<title>Skylight DOME 33\/200, vit - Aneta Professional<\/title>\n<meta name=\"robots\" content=\"index, follow, max-snippet:-1, max-image-preview:large, max-video-preview:-1\" \/>\n<link rel=\"canonical\" href=\"https:\/\/anetaprofessional.com\/se\/produkt\/skylight-dome-33-200-vit\/\" \/>\n<meta property=\"og:locale\" content=\"sv_SE\" \/>\n<meta property=\"og:type\" content=\"article\" \/>\n<meta property=\"og:title\" content=\"Skylight DOME 33\/200, vit - Aneta Professional\" \/>\n<meta property=\"og:description\" content=\"Upplev enkel elegans med Skylight DOME och dess eleganta design. Den unika kombinationen av estetik och funktionalitet s\u00e4kerst\u00e4ller att du har en armatur som uppfyller alla dina behov. Armaturen kan enkelt v\u00e4xla mellan 3000K och 4000K (via en brytare p\u00e5 baksidan av armaturen), medan effekt och ljusutbyte kan justeras enligt dina \u00f6nskem\u00e5l med v\u00e5r Skylight PWR-driverserie. Drivarna i Skylight PWR-serien tillgodoser olika behov; oavsett om installationen beh\u00f6ver vara enkel on\/off, dimbar eller integrerad i ett DALI-system \u2013 vi erbjuder alla tre alternativ. Dessutom ger effektjusteringen dig m\u00f6jlighet att enkelt justera m\u00e4ngden ljus enligt dina preferenser\/krav (och armaturens begr\u00e4nsningar). Armaturen \u00e4r klassificerad f\u00f6r en m\u00e4ngd olika till\u00e4mpningar med IK07-slagmotst\u00e5nd, IP44 (fr\u00e5n undersidan), och \u00e4r byggd med v\u00e4derbest\u00e4ndiga material, vilket s\u00e4kerst\u00e4ller p\u00e5litlig prestanda oavsett anv\u00e4ndning. Med en livsl\u00e4ngd p\u00e5 \u00f6ver 100 000 timmar och h\u00f6g effektivitet (&gt;115 lm\/W) garanterar den en kostnadseffektiv installation.\" \/>\n<meta property=\"og:url\" content=\"https:\/\/anetaprofessional.com\/se\/produkt\/skylight-dome-33-200-vit\/\" \/>\n<meta property=\"og:site_name\" content=\"Aneta Professional\" \/>\n<meta property=\"article:modified_time\" content=\"2026-03-03T01:49:03+00:00\" \/>\n<meta property=\"og:image\" content=\"https:\/\/dbud83cwgulta.cloudfront.net\/wp-content\/uploads\/sites\/3\/2024\/08\/23191953\/CzwTk63BtUT6MbW79gnioDzjt-1024x639.png\" \/>\n\t<meta property=\"og:image:width\" content=\"1024\" \/>\n\t<meta property=\"og:image:height\" content=\"639\" \/>\n\t<meta property=\"og:image:type\" content=\"image\/png\" \/>\n<meta name=\"twitter:card\" content=\"summary_large_image\" \/>\n<meta name=\"twitter:label1\" content=\"Ber\u00e4knad l\u00e4stid\" \/>\n\t<meta name=\"twitter:data1\" content=\"1 minut\" \/>\n<script type=\"application\/ld+json\" class=\"yoast-schema-graph\">{\"@context\":\"https:\\\/\\\/schema.org\",\"@graph\":[{\"@type\":\"WebPage\",\"@id\":\"https:\\\/\\\/anetaprofessional.com\\\/se\\\/produkt\\\/skylight-dome-33-200-vit\\\/\",\"url\":\"https:\\\/\\\/anetaprofessional.com\\\/se\\\/produkt\\\/skylight-dome-33-200-vit\\\/\",\"name\":\"Skylight DOME 33\\\/200, vit - Aneta Professional\",\"isPartOf\":{\"@id\":\"https:\\\/\\\/anetaprofessional.com\\\/se\\\/#website\"},\"primaryImageOfPage\":{\"@id\":\"https:\\\/\\\/anetaprofessional.com\\\/se\\\/produkt\\\/skylight-dome-33-200-vit\\\/#primaryimage\"},\"image\":{\"@id\":\"https:\\\/\\\/anetaprofessional.com\\\/se\\\/produkt\\\/skylight-dome-33-200-vit\\\/#primaryimage\"},\"thumbnailUrl\":\"https:\\\/\\\/dbud83cwgulta.cloudfront.net\\\/wp-content\\\/uploads\\\/sites\\\/3\\\/2024\\\/08\\\/23191953\\\/CzwTk63BtUT6MbW79gnioDzjt.png\",\"datePublished\":\"2024-08-03T01:43:27+00:00\",\"dateModified\":\"2026-03-03T01:49:03+00:00\",\"breadcrumb\":{\"@id\":\"https:\\\/\\\/anetaprofessional.com\\\/se\\\/produkt\\\/skylight-dome-33-200-vit\\\/#breadcrumb\"},\"inLanguage\":\"sv-SE\",\"potentialAction\":[{\"@type\":\"ReadAction\",\"target\":[\"https:\\\/\\\/anetaprofessional.com\\\/se\\\/produkt\\\/skylight-dome-33-200-vit\\\/\"]}]},{\"@type\":\"ImageObject\",\"inLanguage\":\"sv-SE\",\"@id\":\"https:\\\/\\\/anetaprofessional.com\\\/se\\\/produkt\\\/skylight-dome-33-200-vit\\\/#primaryimage\",\"url\":\"https:\\\/\\\/dbud83cwgulta.cloudfront.net\\\/wp-content\\\/uploads\\\/sites\\\/3\\\/2024\\\/08\\\/23191953\\\/CzwTk63BtUT6MbW79gnioDzjt.png\",\"contentUrl\":\"https:\\\/\\\/dbud83cwgulta.cloudfront.net\\\/wp-content\\\/uploads\\\/sites\\\/3\\\/2024\\\/08\\\/23191953\\\/CzwTk63BtUT6MbW79gnioDzjt.png\",\"width\":3840,\"height\":2397},{\"@type\":\"BreadcrumbList\",\"@id\":\"https:\\\/\\\/anetaprofessional.com\\\/se\\\/produkt\\\/skylight-dome-33-200-vit\\\/#breadcrumb\",\"itemListElement\":[{\"@type\":\"ListItem\",\"position\":1,\"name\":\"Forsiden\",\"item\":\"https:\\\/\\\/anetaprofessional.com\\\/se\\\/\"},{\"@type\":\"ListItem\",\"position\":2,\"name\":\"Butik\",\"item\":\"https:\\\/\\\/anetaprofessional.com\\\/se\\\/butik\\\/\"},{\"@type\":\"ListItem\",\"position\":3,\"name\":\"Skylight DOME 33\\\/200, vit\"}]},{\"@type\":\"WebSite\",\"@id\":\"https:\\\/\\\/anetaprofessional.com\\\/se\\\/#website\",\"url\":\"https:\\\/\\\/anetaprofessional.com\\\/se\\\/\",\"name\":\"Aneta Professional\",\"description\":\"Skandinavias ledende lampegrossist\",\"publisher\":{\"@id\":\"https:\\\/\\\/anetaprofessional.com\\\/se\\\/#organization\"},\"potentialAction\":[{\"@type\":\"SearchAction\",\"target\":{\"@type\":\"EntryPoint\",\"urlTemplate\":\"https:\\\/\\\/anetaprofessional.com\\\/se\\\/?s={search_term_string}\"},\"query-input\":{\"@type\":\"PropertyValueSpecification\",\"valueRequired\":true,\"valueName\":\"search_term_string\"}}],\"inLanguage\":\"sv-SE\"},{\"@type\":\"Organization\",\"@id\":\"https:\\\/\\\/anetaprofessional.com\\\/se\\\/#organization\",\"name\":\"Aneta Professional\",\"url\":\"https:\\\/\\\/anetaprofessional.com\\\/se\\\/\",\"logo\":{\"@type\":\"ImageObject\",\"inLanguage\":\"sv-SE\",\"@id\":\"https:\\\/\\\/anetaprofessional.com\\\/se\\\/#\\\/schema\\\/logo\\\/image\\\/\",\"url\":\"https:\\\/\\\/dbud83cwgulta.cloudfront.net\\\/wp-content\\\/uploads\\\/sites\\\/3\\\/2022\\\/07\\\/23193840\\\/ANETA-PRO-logo-RGB_hvit.png\",\"contentUrl\":\"https:\\\/\\\/dbud83cwgulta.cloudfront.net\\\/wp-content\\\/uploads\\\/sites\\\/3\\\/2022\\\/07\\\/23193840\\\/ANETA-PRO-logo-RGB_hvit.png\",\"width\":1201,\"height\":487,\"caption\":\"Aneta Professional\"},\"image\":{\"@id\":\"https:\\\/\\\/anetaprofessional.com\\\/se\\\/#\\\/schema\\\/logo\\\/image\\\/\"}}]}<\/script>\n<!-- \/ Yoast SEO plugin. -->","yoast_head_json":{"title":"Skylight DOME 33\/200, vit - Aneta Professional","robots":{"index":"index","follow":"follow","max-snippet":"max-snippet:-1","max-image-preview":"max-image-preview:large","max-video-preview":"max-video-preview:-1"},"canonical":"https:\/\/anetaprofessional.com\/se\/produkt\/skylight-dome-33-200-vit\/","og_locale":"sv_SE","og_type":"article","og_title":"Skylight DOME 33\/200, vit - Aneta Professional","og_description":"Upplev enkel elegans med Skylight DOME och dess eleganta design. Den unika kombinationen av estetik och funktionalitet s\u00e4kerst\u00e4ller att du har en armatur som uppfyller alla dina behov. Armaturen kan enkelt v\u00e4xla mellan 3000K och 4000K (via en brytare p\u00e5 baksidan av armaturen), medan effekt och ljusutbyte kan justeras enligt dina \u00f6nskem\u00e5l med v\u00e5r Skylight PWR-driverserie. Drivarna i Skylight PWR-serien tillgodoser olika behov; oavsett om installationen beh\u00f6ver vara enkel on\/off, dimbar eller integrerad i ett DALI-system \u2013 vi erbjuder alla tre alternativ. Dessutom ger effektjusteringen dig m\u00f6jlighet att enkelt justera m\u00e4ngden ljus enligt dina preferenser\/krav (och armaturens begr\u00e4nsningar). Armaturen \u00e4r klassificerad f\u00f6r en m\u00e4ngd olika till\u00e4mpningar med IK07-slagmotst\u00e5nd, IP44 (fr\u00e5n undersidan), och \u00e4r byggd med v\u00e4derbest\u00e4ndiga material, vilket s\u00e4kerst\u00e4ller p\u00e5litlig prestanda oavsett anv\u00e4ndning. Med en livsl\u00e4ngd p\u00e5 \u00f6ver 100 000 timmar och h\u00f6g effektivitet (>115 lm\/W) garanterar den en kostnadseffektiv installation.","og_url":"https:\/\/anetaprofessional.com\/se\/produkt\/skylight-dome-33-200-vit\/","og_site_name":"Aneta Professional","article_modified_time":"2026-03-03T01:49:03+00:00","og_image":[{"width":1024,"height":639,"url":"https:\/\/dbud83cwgulta.cloudfront.net\/wp-content\/uploads\/sites\/3\/2024\/08\/23191953\/CzwTk63BtUT6MbW79gnioDzjt-1024x639.png","type":"image\/png"}],"twitter_card":"summary_large_image","twitter_misc":{"Ber\u00e4knad l\u00e4stid":"1 minut"},"schema":{"@context":"https:\/\/schema.org","@graph":[{"@type":"WebPage","@id":"https:\/\/anetaprofessional.com\/se\/produkt\/skylight-dome-33-200-vit\/","url":"https:\/\/anetaprofessional.com\/se\/produkt\/skylight-dome-33-200-vit\/","name":"Skylight DOME 33\/200, vit - Aneta Professional","isPartOf":{"@id":"https:\/\/anetaprofessional.com\/se\/#website"},"primaryImageOfPage":{"@id":"https:\/\/anetaprofessional.com\/se\/produkt\/skylight-dome-33-200-vit\/#primaryimage"},"image":{"@id":"https:\/\/anetaprofessional.com\/se\/produkt\/skylight-dome-33-200-vit\/#primaryimage"},"thumbnailUrl":"https:\/\/dbud83cwgulta.cloudfront.net\/wp-content\/uploads\/sites\/3\/2024\/08\/23191953\/CzwTk63BtUT6MbW79gnioDzjt.png","datePublished":"2024-08-03T01:43:27+00:00","dateModified":"2026-03-03T01:49:03+00:00","breadcrumb":{"@id":"https:\/\/anetaprofessional.com\/se\/produkt\/skylight-dome-33-200-vit\/#breadcrumb"},"inLanguage":"sv-SE","potentialAction":[{"@type":"ReadAction","target":["https:\/\/anetaprofessional.com\/se\/produkt\/skylight-dome-33-200-vit\/"]}]},{"@type":"ImageObject","inLanguage":"sv-SE","@id":"https:\/\/anetaprofessional.com\/se\/produkt\/skylight-dome-33-200-vit\/#primaryimage","url":"https:\/\/dbud83cwgulta.cloudfront.net\/wp-content\/uploads\/sites\/3\/2024\/08\/23191953\/CzwTk63BtUT6MbW79gnioDzjt.png","contentUrl":"https:\/\/dbud83cwgulta.cloudfront.net\/wp-content\/uploads\/sites\/3\/2024\/08\/23191953\/CzwTk63BtUT6MbW79gnioDzjt.png","width":3840,"height":2397},{"@type":"BreadcrumbList","@id":"https:\/\/anetaprofessional.com\/se\/produkt\/skylight-dome-33-200-vit\/#breadcrumb","itemListElement":[{"@type":"ListItem","position":1,"name":"Forsiden","item":"https:\/\/anetaprofessional.com\/se\/"},{"@type":"ListItem","position":2,"name":"Butik","item":"https:\/\/anetaprofessional.com\/se\/butik\/"},{"@type":"ListItem","position":3,"name":"Skylight DOME 33\/200, vit"}]},{"@type":"WebSite","@id":"https:\/\/anetaprofessional.com\/se\/#website","url":"https:\/\/anetaprofessional.com\/se\/","name":"Aneta Professional","description":"Skandinavias ledende lampegrossist","publisher":{"@id":"https:\/\/anetaprofessional.com\/se\/#organization"},"potentialAction":[{"@type":"SearchAction","target":{"@type":"EntryPoint","urlTemplate":"https:\/\/anetaprofessional.com\/se\/?s={search_term_string}"},"query-input":{"@type":"PropertyValueSpecification","valueRequired":true,"valueName":"search_term_string"}}],"inLanguage":"sv-SE"},{"@type":"Organization","@id":"https:\/\/anetaprofessional.com\/se\/#organization","name":"Aneta Professional","url":"https:\/\/anetaprofessional.com\/se\/","logo":{"@type":"ImageObject","inLanguage":"sv-SE","@id":"https:\/\/anetaprofessional.com\/se\/#\/schema\/logo\/image\/","url":"https:\/\/dbud83cwgulta.cloudfront.net\/wp-content\/uploads\/sites\/3\/2022\/07\/23193840\/ANETA-PRO-logo-RGB_hvit.png","contentUrl":"https:\/\/dbud83cwgulta.cloudfront.net\/wp-content\/uploads\/sites\/3\/2022\/07\/23193840\/ANETA-PRO-logo-RGB_hvit.png","width":1201,"height":487,"caption":"Aneta Professional"},"image":{"@id":"https:\/\/anetaprofessional.com\/se\/#\/schema\/logo\/image\/"}}]}},"_links":{"self":[{"href":"https:\/\/anetaprofessional.com\/se\/wp-json\/wp\/v2\/product\/14927","targetHints":{"allow":["GET"]}}],"collection":[{"href":"https:\/\/anetaprofessional.com\/se\/wp-json\/wp\/v2\/product"}],"about":[{"href":"https:\/\/anetaprofessional.com\/se\/wp-json\/wp\/v2\/types\/product"}],"wp:featuredmedia":[{"embeddable":true,"href":"https:\/\/anetaprofessional.com\/se\/wp-json\/wp\/v2\/media\/14928"}],"wp:attachment":[{"href":"https:\/\/anetaprofessional.com\/se\/wp-json\/wp\/v2\/media?parent=14927"}],"wp:term":[{"taxonomy":"product_tag","embeddable":true,"href":"https:\/\/anetaprofessional.com\/se\/wp-json\/wp\/v2\/product_tag?post=14927"},{"taxonomy":"product_brand","embeddable":true,"href":"https:\/\/anetaprofessional.com\/se\/wp-json\/wp\/v2\/product_brand?post=14927"},{"taxonomy":"product_cat","embeddable":true,"href":"https:\/\/anetaprofessional.com\/se\/wp-json\/wp\/v2\/product_cat?post=14927"}],"curies":[{"name":"wp","href":"https:\/\/api.w.org\/{rel}","templated":true}]}}