{"id":15442,"date":"2025-01-16T02:42:49","date_gmt":"2025-01-16T01:42:49","guid":{"rendered":"https:\/\/anetaprofessional.com\/se\/produkt\/skylight-pwr-15-30w-3m-euro\/"},"modified":"2026-02-21T02:54:00","modified_gmt":"2026-02-21T01:54:00","slug":"skylight-pwr-15-30w-3m-euro","status":"publish","type":"product","link":"https:\/\/anetaprofessional.com\/se\/produkt\/skylight-pwr-15-30w-3m-euro\/","title":{"rendered":"Skylight PWR 15-30W 3m euro"},"content":{"rendered":"<p>Skylight PWR-driver-serien \u00e4r resultatet av viktiga kundinsikter fr\u00e5n v\u00e5ra kunder. En enda driver kan nu t\u00e4cka flera anv\u00e4ndningsomr\u00e5den tack vare m\u00f6jligheten att justera uteffekten. Detta ger inte bara flexibilitet att anpassa belysningseffekten p\u00e5 LED-panelen efter behov, utan g\u00f6r det ocks\u00e5 m\u00f6jligt f\u00f6r en och samma driver att anpassas till v\u00e5ra helt nya downlight (Skylight DOME) samt alla v\u00e5ra LED-paneler! Skylight PWR erbjuds i varianter som P\u00c5\/AV, dimbar (fasstyrning\/fasavsnitt) och DALI, tillg\u00e4nglig med v\u00e5r innovativa Aneta kopplingsdosa med WAGO LINECT eller en 3 m kabel med eurokontakt.<\/p>\n","protected":false},"excerpt":{"rendered":"<p>Skylight PWR-driver-serien \u00e4r resultatet av viktiga kundinsikter fr\u00e5n v\u00e5ra kunder. En enda driver kan nu t\u00e4cka flera anv\u00e4ndningsomr\u00e5den tack vare m\u00f6jligheten att justera uteffekten. Detta ger inte bara flexibilitet att anpassa belysningseffekten p\u00e5 LED-panelen efter behov, utan g\u00f6r det ocks\u00e5 m\u00f6jligt f\u00f6r en och samma driver att anpassas till v\u00e5ra helt nya downlight (Skylight DOME) samt alla v\u00e5ra LED-paneler! Skylight PWR erbjuds i varianter som P\u00c5\/AV, dimbar (fasstyrning\/fasavsnitt) och DALI, tillg\u00e4nglig med v\u00e5r innovativa Aneta kopplingsdosa med WAGO LINECT eller en 3 m kabel med eurokontakt.<\/p>\n","protected":false},"featured_media":15443,"template":"","meta":{"_acf_changed":false,"inline_featured_image":false},"product_tag":[],"product_brand":[],"product_cat":[39162],"class_list":{"0":"post-15442","1":"product","2":"type-product","3":"status-publish","4":"has-post-thumbnail","6":"product_cat-professional-led-panel-professional","8":"first","9":"instock","10":"taxable","11":"shipping-taxable","12":"product-type-simple"},"acf":[],"yoast_head":"<!-- This site is optimized with the Yoast SEO plugin v27.3 - https:\/\/yoast.com\/product\/yoast-seo-wordpress\/ -->\n<title>Skylight PWR 15-30W 3m euro - Aneta Professional<\/title>\n<meta name=\"robots\" content=\"index, follow, max-snippet:-1, max-image-preview:large, max-video-preview:-1\" \/>\n<link rel=\"canonical\" href=\"https:\/\/anetaprofessional.com\/se\/produkt\/skylight-pwr-15-30w-3m-euro\/\" \/>\n<meta property=\"og:locale\" content=\"sv_SE\" \/>\n<meta property=\"og:type\" content=\"article\" \/>\n<meta property=\"og:title\" content=\"Skylight PWR 15-30W 3m euro - Aneta Professional\" \/>\n<meta property=\"og:description\" content=\"Skylight PWR-driver-serien \u00e4r resultatet av viktiga kundinsikter fr\u00e5n v\u00e5ra kunder. En enda driver kan nu t\u00e4cka flera anv\u00e4ndningsomr\u00e5den tack vare m\u00f6jligheten att justera uteffekten. Detta ger inte bara flexibilitet att anpassa belysningseffekten p\u00e5 LED-panelen efter behov, utan g\u00f6r det ocks\u00e5 m\u00f6jligt f\u00f6r en och samma driver att anpassas till v\u00e5ra helt nya downlight (Skylight DOME) samt alla v\u00e5ra LED-paneler! Skylight PWR erbjuds i varianter som P\u00c5\/AV, dimbar (fasstyrning\/fasavsnitt) och DALI, tillg\u00e4nglig med v\u00e5r innovativa Aneta kopplingsdosa med WAGO LINECT eller en 3 m kabel med eurokontakt.\" \/>\n<meta property=\"og:url\" content=\"https:\/\/anetaprofessional.com\/se\/produkt\/skylight-pwr-15-30w-3m-euro\/\" \/>\n<meta property=\"og:site_name\" content=\"Aneta Professional\" \/>\n<meta property=\"article:modified_time\" content=\"2026-02-21T01:54:00+00:00\" \/>\n<meta property=\"og:image\" content=\"https:\/\/dbud83cwgulta.cloudfront.net\/wp-content\/uploads\/sites\/3\/2025\/01\/23191801\/ruOMH0GxwUVaSYdjtIsyqxnuC-1024x606.png\" \/>\n\t<meta property=\"og:image:width\" content=\"1024\" \/>\n\t<meta property=\"og:image:height\" content=\"606\" \/>\n\t<meta property=\"og:image:type\" content=\"image\/png\" \/>\n<meta name=\"twitter:card\" content=\"summary_large_image\" \/>\n<meta name=\"twitter:label1\" content=\"Ber\u00e4knad l\u00e4stid\" \/>\n\t<meta name=\"twitter:data1\" content=\"1 minut\" \/>\n<script type=\"application\/ld+json\" class=\"yoast-schema-graph\">{\"@context\":\"https:\\\/\\\/schema.org\",\"@graph\":[{\"@type\":\"WebPage\",\"@id\":\"https:\\\/\\\/anetaprofessional.com\\\/se\\\/produkt\\\/skylight-pwr-15-30w-3m-euro\\\/\",\"url\":\"https:\\\/\\\/anetaprofessional.com\\\/se\\\/produkt\\\/skylight-pwr-15-30w-3m-euro\\\/\",\"name\":\"Skylight PWR 15-30W 3m euro - Aneta Professional\",\"isPartOf\":{\"@id\":\"https:\\\/\\\/anetaprofessional.com\\\/se\\\/#website\"},\"primaryImageOfPage\":{\"@id\":\"https:\\\/\\\/anetaprofessional.com\\\/se\\\/produkt\\\/skylight-pwr-15-30w-3m-euro\\\/#primaryimage\"},\"image\":{\"@id\":\"https:\\\/\\\/anetaprofessional.com\\\/se\\\/produkt\\\/skylight-pwr-15-30w-3m-euro\\\/#primaryimage\"},\"thumbnailUrl\":\"https:\\\/\\\/dbud83cwgulta.cloudfront.net\\\/wp-content\\\/uploads\\\/sites\\\/3\\\/2025\\\/01\\\/23191801\\\/ruOMH0GxwUVaSYdjtIsyqxnuC.png\",\"datePublished\":\"2025-01-16T01:42:49+00:00\",\"dateModified\":\"2026-02-21T01:54:00+00:00\",\"breadcrumb\":{\"@id\":\"https:\\\/\\\/anetaprofessional.com\\\/se\\\/produkt\\\/skylight-pwr-15-30w-3m-euro\\\/#breadcrumb\"},\"inLanguage\":\"sv-SE\",\"potentialAction\":[{\"@type\":\"ReadAction\",\"target\":[\"https:\\\/\\\/anetaprofessional.com\\\/se\\\/produkt\\\/skylight-pwr-15-30w-3m-euro\\\/\"]}]},{\"@type\":\"ImageObject\",\"inLanguage\":\"sv-SE\",\"@id\":\"https:\\\/\\\/anetaprofessional.com\\\/se\\\/produkt\\\/skylight-pwr-15-30w-3m-euro\\\/#primaryimage\",\"url\":\"https:\\\/\\\/dbud83cwgulta.cloudfront.net\\\/wp-content\\\/uploads\\\/sites\\\/3\\\/2025\\\/01\\\/23191801\\\/ruOMH0GxwUVaSYdjtIsyqxnuC.png\",\"contentUrl\":\"https:\\\/\\\/dbud83cwgulta.cloudfront.net\\\/wp-content\\\/uploads\\\/sites\\\/3\\\/2025\\\/01\\\/23191801\\\/ruOMH0GxwUVaSYdjtIsyqxnuC.png\",\"width\":4155,\"height\":2459},{\"@type\":\"BreadcrumbList\",\"@id\":\"https:\\\/\\\/anetaprofessional.com\\\/se\\\/produkt\\\/skylight-pwr-15-30w-3m-euro\\\/#breadcrumb\",\"itemListElement\":[{\"@type\":\"ListItem\",\"position\":1,\"name\":\"Forsiden\",\"item\":\"https:\\\/\\\/anetaprofessional.com\\\/se\\\/\"},{\"@type\":\"ListItem\",\"position\":2,\"name\":\"Butik\",\"item\":\"https:\\\/\\\/anetaprofessional.com\\\/se\\\/butik\\\/\"},{\"@type\":\"ListItem\",\"position\":3,\"name\":\"Skylight PWR 15-30W 3m euro\"}]},{\"@type\":\"WebSite\",\"@id\":\"https:\\\/\\\/anetaprofessional.com\\\/se\\\/#website\",\"url\":\"https:\\\/\\\/anetaprofessional.com\\\/se\\\/\",\"name\":\"Aneta Professional\",\"description\":\"Skandinavias ledende lampegrossist\",\"publisher\":{\"@id\":\"https:\\\/\\\/anetaprofessional.com\\\/se\\\/#organization\"},\"potentialAction\":[{\"@type\":\"SearchAction\",\"target\":{\"@type\":\"EntryPoint\",\"urlTemplate\":\"https:\\\/\\\/anetaprofessional.com\\\/se\\\/?s={search_term_string}\"},\"query-input\":{\"@type\":\"PropertyValueSpecification\",\"valueRequired\":true,\"valueName\":\"search_term_string\"}}],\"inLanguage\":\"sv-SE\"},{\"@type\":\"Organization\",\"@id\":\"https:\\\/\\\/anetaprofessional.com\\\/se\\\/#organization\",\"name\":\"Aneta Professional\",\"url\":\"https:\\\/\\\/anetaprofessional.com\\\/se\\\/\",\"logo\":{\"@type\":\"ImageObject\",\"inLanguage\":\"sv-SE\",\"@id\":\"https:\\\/\\\/anetaprofessional.com\\\/se\\\/#\\\/schema\\\/logo\\\/image\\\/\",\"url\":\"https:\\\/\\\/dbud83cwgulta.cloudfront.net\\\/wp-content\\\/uploads\\\/sites\\\/3\\\/2022\\\/07\\\/23193840\\\/ANETA-PRO-logo-RGB_hvit.png\",\"contentUrl\":\"https:\\\/\\\/dbud83cwgulta.cloudfront.net\\\/wp-content\\\/uploads\\\/sites\\\/3\\\/2022\\\/07\\\/23193840\\\/ANETA-PRO-logo-RGB_hvit.png\",\"width\":1201,\"height\":487,\"caption\":\"Aneta Professional\"},\"image\":{\"@id\":\"https:\\\/\\\/anetaprofessional.com\\\/se\\\/#\\\/schema\\\/logo\\\/image\\\/\"}}]}<\/script>\n<!-- \/ Yoast SEO plugin. -->","yoast_head_json":{"title":"Skylight PWR 15-30W 3m euro - Aneta Professional","robots":{"index":"index","follow":"follow","max-snippet":"max-snippet:-1","max-image-preview":"max-image-preview:large","max-video-preview":"max-video-preview:-1"},"canonical":"https:\/\/anetaprofessional.com\/se\/produkt\/skylight-pwr-15-30w-3m-euro\/","og_locale":"sv_SE","og_type":"article","og_title":"Skylight PWR 15-30W 3m euro - Aneta Professional","og_description":"Skylight PWR-driver-serien \u00e4r resultatet av viktiga kundinsikter fr\u00e5n v\u00e5ra kunder. En enda driver kan nu t\u00e4cka flera anv\u00e4ndningsomr\u00e5den tack vare m\u00f6jligheten att justera uteffekten. Detta ger inte bara flexibilitet att anpassa belysningseffekten p\u00e5 LED-panelen efter behov, utan g\u00f6r det ocks\u00e5 m\u00f6jligt f\u00f6r en och samma driver att anpassas till v\u00e5ra helt nya downlight (Skylight DOME) samt alla v\u00e5ra LED-paneler! Skylight PWR erbjuds i varianter som P\u00c5\/AV, dimbar (fasstyrning\/fasavsnitt) och DALI, tillg\u00e4nglig med v\u00e5r innovativa Aneta kopplingsdosa med WAGO LINECT eller en 3 m kabel med eurokontakt.","og_url":"https:\/\/anetaprofessional.com\/se\/produkt\/skylight-pwr-15-30w-3m-euro\/","og_site_name":"Aneta Professional","article_modified_time":"2026-02-21T01:54:00+00:00","og_image":[{"width":1024,"height":606,"url":"https:\/\/dbud83cwgulta.cloudfront.net\/wp-content\/uploads\/sites\/3\/2025\/01\/23191801\/ruOMH0GxwUVaSYdjtIsyqxnuC-1024x606.png","type":"image\/png"}],"twitter_card":"summary_large_image","twitter_misc":{"Ber\u00e4knad l\u00e4stid":"1 minut"},"schema":{"@context":"https:\/\/schema.org","@graph":[{"@type":"WebPage","@id":"https:\/\/anetaprofessional.com\/se\/produkt\/skylight-pwr-15-30w-3m-euro\/","url":"https:\/\/anetaprofessional.com\/se\/produkt\/skylight-pwr-15-30w-3m-euro\/","name":"Skylight PWR 15-30W 3m euro - Aneta Professional","isPartOf":{"@id":"https:\/\/anetaprofessional.com\/se\/#website"},"primaryImageOfPage":{"@id":"https:\/\/anetaprofessional.com\/se\/produkt\/skylight-pwr-15-30w-3m-euro\/#primaryimage"},"image":{"@id":"https:\/\/anetaprofessional.com\/se\/produkt\/skylight-pwr-15-30w-3m-euro\/#primaryimage"},"thumbnailUrl":"https:\/\/dbud83cwgulta.cloudfront.net\/wp-content\/uploads\/sites\/3\/2025\/01\/23191801\/ruOMH0GxwUVaSYdjtIsyqxnuC.png","datePublished":"2025-01-16T01:42:49+00:00","dateModified":"2026-02-21T01:54:00+00:00","breadcrumb":{"@id":"https:\/\/anetaprofessional.com\/se\/produkt\/skylight-pwr-15-30w-3m-euro\/#breadcrumb"},"inLanguage":"sv-SE","potentialAction":[{"@type":"ReadAction","target":["https:\/\/anetaprofessional.com\/se\/produkt\/skylight-pwr-15-30w-3m-euro\/"]}]},{"@type":"ImageObject","inLanguage":"sv-SE","@id":"https:\/\/anetaprofessional.com\/se\/produkt\/skylight-pwr-15-30w-3m-euro\/#primaryimage","url":"https:\/\/dbud83cwgulta.cloudfront.net\/wp-content\/uploads\/sites\/3\/2025\/01\/23191801\/ruOMH0GxwUVaSYdjtIsyqxnuC.png","contentUrl":"https:\/\/dbud83cwgulta.cloudfront.net\/wp-content\/uploads\/sites\/3\/2025\/01\/23191801\/ruOMH0GxwUVaSYdjtIsyqxnuC.png","width":4155,"height":2459},{"@type":"BreadcrumbList","@id":"https:\/\/anetaprofessional.com\/se\/produkt\/skylight-pwr-15-30w-3m-euro\/#breadcrumb","itemListElement":[{"@type":"ListItem","position":1,"name":"Forsiden","item":"https:\/\/anetaprofessional.com\/se\/"},{"@type":"ListItem","position":2,"name":"Butik","item":"https:\/\/anetaprofessional.com\/se\/butik\/"},{"@type":"ListItem","position":3,"name":"Skylight PWR 15-30W 3m euro"}]},{"@type":"WebSite","@id":"https:\/\/anetaprofessional.com\/se\/#website","url":"https:\/\/anetaprofessional.com\/se\/","name":"Aneta Professional","description":"Skandinavias ledende lampegrossist","publisher":{"@id":"https:\/\/anetaprofessional.com\/se\/#organization"},"potentialAction":[{"@type":"SearchAction","target":{"@type":"EntryPoint","urlTemplate":"https:\/\/anetaprofessional.com\/se\/?s={search_term_string}"},"query-input":{"@type":"PropertyValueSpecification","valueRequired":true,"valueName":"search_term_string"}}],"inLanguage":"sv-SE"},{"@type":"Organization","@id":"https:\/\/anetaprofessional.com\/se\/#organization","name":"Aneta Professional","url":"https:\/\/anetaprofessional.com\/se\/","logo":{"@type":"ImageObject","inLanguage":"sv-SE","@id":"https:\/\/anetaprofessional.com\/se\/#\/schema\/logo\/image\/","url":"https:\/\/dbud83cwgulta.cloudfront.net\/wp-content\/uploads\/sites\/3\/2022\/07\/23193840\/ANETA-PRO-logo-RGB_hvit.png","contentUrl":"https:\/\/dbud83cwgulta.cloudfront.net\/wp-content\/uploads\/sites\/3\/2022\/07\/23193840\/ANETA-PRO-logo-RGB_hvit.png","width":1201,"height":487,"caption":"Aneta Professional"},"image":{"@id":"https:\/\/anetaprofessional.com\/se\/#\/schema\/logo\/image\/"}}]}},"_links":{"self":[{"href":"https:\/\/anetaprofessional.com\/se\/wp-json\/wp\/v2\/product\/15442","targetHints":{"allow":["GET"]}}],"collection":[{"href":"https:\/\/anetaprofessional.com\/se\/wp-json\/wp\/v2\/product"}],"about":[{"href":"https:\/\/anetaprofessional.com\/se\/wp-json\/wp\/v2\/types\/product"}],"wp:featuredmedia":[{"embeddable":true,"href":"https:\/\/anetaprofessional.com\/se\/wp-json\/wp\/v2\/media\/15443"}],"wp:attachment":[{"href":"https:\/\/anetaprofessional.com\/se\/wp-json\/wp\/v2\/media?parent=15442"}],"wp:term":[{"taxonomy":"product_tag","embeddable":true,"href":"https:\/\/anetaprofessional.com\/se\/wp-json\/wp\/v2\/product_tag?post=15442"},{"taxonomy":"product_brand","embeddable":true,"href":"https:\/\/anetaprofessional.com\/se\/wp-json\/wp\/v2\/product_brand?post=15442"},{"taxonomy":"product_cat","embeddable":true,"href":"https:\/\/anetaprofessional.com\/se\/wp-json\/wp\/v2\/product_cat?post=15442"}],"curies":[{"name":"wp","href":"https:\/\/api.w.org\/{rel}","templated":true}]}}