{"id":16448,"date":"2026-02-07T02:49:12","date_gmt":"2026-02-07T01:49:12","guid":{"rendered":"https:\/\/anetaprofessional.com\/se\/produkt\/scanstrip-quick-rgbw-feed-12mm\/"},"modified":"2026-02-21T02:54:49","modified_gmt":"2026-02-21T01:54:49","slug":"scanstrip-quick-rgbw-feed-12mm","status":"publish","type":"product","link":"https:\/\/anetaprofessional.com\/se\/produkt\/scanstrip-quick-rgbw-feed-12mm\/","title":{"rendered":"Scanstrip Quick RGBW Feed 12mm"},"content":{"rendered":"<p>Scanstrip Quick RGBW Feed 12mm \u00e4r en snabbkoppling f\u00f6r COB RGBW\u2011lister till ledning.<br \/>\nV\u00e5ra snabbkopplingar f\u00f6r LED\u2011lister \u00e4r utvecklade f\u00f6r professionella installationer och ger elektriker en snabb, s\u00e4ker och effektiv montering \u2013 helt utan l\u00f6dning. Kopplingarna finns f\u00f6r anslutning av inkommande ledare, sammanl\u00e4nkning av LED\u2011lister och praktiska h\u00f6rnl\u00f6sningar, och s\u00e4kerst\u00e4ller ett snyggt och p\u00e5litligt resultat. De \u00e4r sm\u00e5 och diskreta, enkla att arbeta med och kan hantera relativt h\u00f6g effekt. Snabbkopplingarna finns f\u00f6r enf\u00e4rgade SMD\/COB\u2011lister, Tunable White COB\u2011lister och RGBW COB\u2011lister, och \u00e4r ett idealiskt val f\u00f6r elektriker som vill ha tidsbesparande och professionella LED\u2011installationer.<\/p>\n","protected":false},"excerpt":{"rendered":"<p>Scanstrip Quick RGBW Feed 12mm \u00e4r en snabbkoppling f\u00f6r COB RGBW\u2011lister till ledning.<br \/>\nV\u00e5ra snabbkopplingar f\u00f6r LED\u2011lister \u00e4r utvecklade f\u00f6r professionella installationer och ger elektriker en snabb, s\u00e4ker och effektiv montering \u2013 helt utan l\u00f6dning. Kopplingarna finns f\u00f6r anslutning av inkommande ledare, sammanl\u00e4nkning av LED\u2011lister och praktiska h\u00f6rnl\u00f6sningar, och s\u00e4kerst\u00e4ller ett snyggt och p\u00e5litligt resultat. De \u00e4r sm\u00e5 och diskreta, enkla att arbeta med och kan hantera relativt h\u00f6g effekt. Snabbkopplingarna finns f\u00f6r enf\u00e4rgade SMD\/COB\u2011lister, Tunable White COB\u2011lister och RGBW COB\u2011lister, och \u00e4r ett idealiskt val f\u00f6r elektriker som vill ha tidsbesparande och professionella LED\u2011installationer.<\/p>\n","protected":false},"featured_media":16449,"template":"","meta":{"_acf_changed":false,"inline_featured_image":false},"product_tag":[9054],"product_brand":[],"product_cat":[39155],"class_list":{"0":"post-16448","1":"product","2":"type-product","3":"status-publish","4":"has-post-thumbnail","6":"product_tag-ny","7":"product_cat-professional-led-lister-professional","9":"first","10":"instock","11":"taxable","12":"shipping-taxable","13":"product-type-simple"},"acf":[],"yoast_head":"<!-- This site is optimized with the Yoast SEO plugin v27.3 - https:\/\/yoast.com\/product\/yoast-seo-wordpress\/ -->\n<title>Scanstrip Quick RGBW Feed 12mm - Aneta Professional<\/title>\n<meta name=\"robots\" content=\"index, follow, max-snippet:-1, max-image-preview:large, max-video-preview:-1\" \/>\n<link rel=\"canonical\" href=\"https:\/\/anetaprofessional.com\/se\/produkt\/scanstrip-quick-rgbw-feed-12mm\/\" \/>\n<meta property=\"og:locale\" content=\"sv_SE\" \/>\n<meta property=\"og:type\" content=\"article\" \/>\n<meta property=\"og:title\" content=\"Scanstrip Quick RGBW Feed 12mm - Aneta Professional\" \/>\n<meta property=\"og:description\" content=\"Scanstrip Quick RGBW Feed 12mm \u00e4r en snabbkoppling f\u00f6r COB RGBW\u2011lister till ledning. V\u00e5ra snabbkopplingar f\u00f6r LED\u2011lister \u00e4r utvecklade f\u00f6r professionella installationer och ger elektriker en snabb, s\u00e4ker och effektiv montering \u2013 helt utan l\u00f6dning. Kopplingarna finns f\u00f6r anslutning av inkommande ledare, sammanl\u00e4nkning av LED\u2011lister och praktiska h\u00f6rnl\u00f6sningar, och s\u00e4kerst\u00e4ller ett snyggt och p\u00e5litligt resultat. De \u00e4r sm\u00e5 och diskreta, enkla att arbeta med och kan hantera relativt h\u00f6g effekt. Snabbkopplingarna finns f\u00f6r enf\u00e4rgade SMD\/COB\u2011lister, Tunable White COB\u2011lister och RGBW COB\u2011lister, och \u00e4r ett idealiskt val f\u00f6r elektriker som vill ha tidsbesparande och professionella LED\u2011installationer.\" \/>\n<meta property=\"og:url\" content=\"https:\/\/anetaprofessional.com\/se\/produkt\/scanstrip-quick-rgbw-feed-12mm\/\" \/>\n<meta property=\"og:site_name\" content=\"Aneta Professional\" \/>\n<meta property=\"article:modified_time\" content=\"2026-02-21T01:54:49+00:00\" \/>\n<meta name=\"twitter:card\" content=\"summary_large_image\" \/>\n<meta name=\"twitter:label1\" content=\"Ber\u00e4knad l\u00e4stid\" \/>\n\t<meta name=\"twitter:data1\" content=\"1 minut\" \/>\n<script type=\"application\/ld+json\" class=\"yoast-schema-graph\">{\"@context\":\"https:\\\/\\\/schema.org\",\"@graph\":[{\"@type\":\"WebPage\",\"@id\":\"https:\\\/\\\/anetaprofessional.com\\\/se\\\/produkt\\\/scanstrip-quick-rgbw-feed-12mm\\\/\",\"url\":\"https:\\\/\\\/anetaprofessional.com\\\/se\\\/produkt\\\/scanstrip-quick-rgbw-feed-12mm\\\/\",\"name\":\"Scanstrip Quick RGBW Feed 12mm - Aneta Professional\",\"isPartOf\":{\"@id\":\"https:\\\/\\\/anetaprofessional.com\\\/se\\\/#website\"},\"primaryImageOfPage\":{\"@id\":\"https:\\\/\\\/anetaprofessional.com\\\/se\\\/produkt\\\/scanstrip-quick-rgbw-feed-12mm\\\/#primaryimage\"},\"image\":{\"@id\":\"https:\\\/\\\/anetaprofessional.com\\\/se\\\/produkt\\\/scanstrip-quick-rgbw-feed-12mm\\\/#primaryimage\"},\"thumbnailUrl\":\"https:\\\/\\\/dbud83cwgulta.cloudfront.net\\\/wp-content\\\/uploads\\\/sites\\\/3\\\/2026\\\/02\\\/07024916\\\/pm80My4DOs1tIuMfOtP3QOqL9-scaled.png\",\"datePublished\":\"2026-02-07T01:49:12+00:00\",\"dateModified\":\"2026-02-21T01:54:49+00:00\",\"breadcrumb\":{\"@id\":\"https:\\\/\\\/anetaprofessional.com\\\/se\\\/produkt\\\/scanstrip-quick-rgbw-feed-12mm\\\/#breadcrumb\"},\"inLanguage\":\"sv-SE\",\"potentialAction\":[{\"@type\":\"ReadAction\",\"target\":[\"https:\\\/\\\/anetaprofessional.com\\\/se\\\/produkt\\\/scanstrip-quick-rgbw-feed-12mm\\\/\"]}]},{\"@type\":\"ImageObject\",\"inLanguage\":\"sv-SE\",\"@id\":\"https:\\\/\\\/anetaprofessional.com\\\/se\\\/produkt\\\/scanstrip-quick-rgbw-feed-12mm\\\/#primaryimage\",\"url\":\"https:\\\/\\\/dbud83cwgulta.cloudfront.net\\\/wp-content\\\/uploads\\\/sites\\\/3\\\/2026\\\/02\\\/07024916\\\/pm80My4DOs1tIuMfOtP3QOqL9-scaled.png\",\"contentUrl\":\"https:\\\/\\\/dbud83cwgulta.cloudfront.net\\\/wp-content\\\/uploads\\\/sites\\\/3\\\/2026\\\/02\\\/07024916\\\/pm80My4DOs1tIuMfOtP3QOqL9-scaled.png\",\"width\":2560,\"height\":2228},{\"@type\":\"BreadcrumbList\",\"@id\":\"https:\\\/\\\/anetaprofessional.com\\\/se\\\/produkt\\\/scanstrip-quick-rgbw-feed-12mm\\\/#breadcrumb\",\"itemListElement\":[{\"@type\":\"ListItem\",\"position\":1,\"name\":\"Forsiden\",\"item\":\"https:\\\/\\\/anetaprofessional.com\\\/se\\\/\"},{\"@type\":\"ListItem\",\"position\":2,\"name\":\"Butik\",\"item\":\"https:\\\/\\\/anetaprofessional.com\\\/se\\\/butik\\\/\"},{\"@type\":\"ListItem\",\"position\":3,\"name\":\"Scanstrip Quick RGBW Feed 12mm\"}]},{\"@type\":\"WebSite\",\"@id\":\"https:\\\/\\\/anetaprofessional.com\\\/se\\\/#website\",\"url\":\"https:\\\/\\\/anetaprofessional.com\\\/se\\\/\",\"name\":\"Aneta Professional\",\"description\":\"Skandinavias ledende lampegrossist\",\"publisher\":{\"@id\":\"https:\\\/\\\/anetaprofessional.com\\\/se\\\/#organization\"},\"potentialAction\":[{\"@type\":\"SearchAction\",\"target\":{\"@type\":\"EntryPoint\",\"urlTemplate\":\"https:\\\/\\\/anetaprofessional.com\\\/se\\\/?s={search_term_string}\"},\"query-input\":{\"@type\":\"PropertyValueSpecification\",\"valueRequired\":true,\"valueName\":\"search_term_string\"}}],\"inLanguage\":\"sv-SE\"},{\"@type\":\"Organization\",\"@id\":\"https:\\\/\\\/anetaprofessional.com\\\/se\\\/#organization\",\"name\":\"Aneta Professional\",\"url\":\"https:\\\/\\\/anetaprofessional.com\\\/se\\\/\",\"logo\":{\"@type\":\"ImageObject\",\"inLanguage\":\"sv-SE\",\"@id\":\"https:\\\/\\\/anetaprofessional.com\\\/se\\\/#\\\/schema\\\/logo\\\/image\\\/\",\"url\":\"https:\\\/\\\/dbud83cwgulta.cloudfront.net\\\/wp-content\\\/uploads\\\/sites\\\/3\\\/2022\\\/07\\\/23193840\\\/ANETA-PRO-logo-RGB_hvit.png\",\"contentUrl\":\"https:\\\/\\\/dbud83cwgulta.cloudfront.net\\\/wp-content\\\/uploads\\\/sites\\\/3\\\/2022\\\/07\\\/23193840\\\/ANETA-PRO-logo-RGB_hvit.png\",\"width\":1201,\"height\":487,\"caption\":\"Aneta Professional\"},\"image\":{\"@id\":\"https:\\\/\\\/anetaprofessional.com\\\/se\\\/#\\\/schema\\\/logo\\\/image\\\/\"}}]}<\/script>\n<!-- \/ Yoast SEO plugin. -->","yoast_head_json":{"title":"Scanstrip Quick RGBW Feed 12mm - Aneta Professional","robots":{"index":"index","follow":"follow","max-snippet":"max-snippet:-1","max-image-preview":"max-image-preview:large","max-video-preview":"max-video-preview:-1"},"canonical":"https:\/\/anetaprofessional.com\/se\/produkt\/scanstrip-quick-rgbw-feed-12mm\/","og_locale":"sv_SE","og_type":"article","og_title":"Scanstrip Quick RGBW Feed 12mm - Aneta Professional","og_description":"Scanstrip Quick RGBW Feed 12mm \u00e4r en snabbkoppling f\u00f6r COB RGBW\u2011lister till ledning. V\u00e5ra snabbkopplingar f\u00f6r LED\u2011lister \u00e4r utvecklade f\u00f6r professionella installationer och ger elektriker en snabb, s\u00e4ker och effektiv montering \u2013 helt utan l\u00f6dning. Kopplingarna finns f\u00f6r anslutning av inkommande ledare, sammanl\u00e4nkning av LED\u2011lister och praktiska h\u00f6rnl\u00f6sningar, och s\u00e4kerst\u00e4ller ett snyggt och p\u00e5litligt resultat. De \u00e4r sm\u00e5 och diskreta, enkla att arbeta med och kan hantera relativt h\u00f6g effekt. Snabbkopplingarna finns f\u00f6r enf\u00e4rgade SMD\/COB\u2011lister, Tunable White COB\u2011lister och RGBW COB\u2011lister, och \u00e4r ett idealiskt val f\u00f6r elektriker som vill ha tidsbesparande och professionella LED\u2011installationer.","og_url":"https:\/\/anetaprofessional.com\/se\/produkt\/scanstrip-quick-rgbw-feed-12mm\/","og_site_name":"Aneta Professional","article_modified_time":"2026-02-21T01:54:49+00:00","twitter_card":"summary_large_image","twitter_misc":{"Ber\u00e4knad l\u00e4stid":"1 minut"},"schema":{"@context":"https:\/\/schema.org","@graph":[{"@type":"WebPage","@id":"https:\/\/anetaprofessional.com\/se\/produkt\/scanstrip-quick-rgbw-feed-12mm\/","url":"https:\/\/anetaprofessional.com\/se\/produkt\/scanstrip-quick-rgbw-feed-12mm\/","name":"Scanstrip Quick RGBW Feed 12mm - Aneta Professional","isPartOf":{"@id":"https:\/\/anetaprofessional.com\/se\/#website"},"primaryImageOfPage":{"@id":"https:\/\/anetaprofessional.com\/se\/produkt\/scanstrip-quick-rgbw-feed-12mm\/#primaryimage"},"image":{"@id":"https:\/\/anetaprofessional.com\/se\/produkt\/scanstrip-quick-rgbw-feed-12mm\/#primaryimage"},"thumbnailUrl":"https:\/\/dbud83cwgulta.cloudfront.net\/wp-content\/uploads\/sites\/3\/2026\/02\/07024916\/pm80My4DOs1tIuMfOtP3QOqL9-scaled.png","datePublished":"2026-02-07T01:49:12+00:00","dateModified":"2026-02-21T01:54:49+00:00","breadcrumb":{"@id":"https:\/\/anetaprofessional.com\/se\/produkt\/scanstrip-quick-rgbw-feed-12mm\/#breadcrumb"},"inLanguage":"sv-SE","potentialAction":[{"@type":"ReadAction","target":["https:\/\/anetaprofessional.com\/se\/produkt\/scanstrip-quick-rgbw-feed-12mm\/"]}]},{"@type":"ImageObject","inLanguage":"sv-SE","@id":"https:\/\/anetaprofessional.com\/se\/produkt\/scanstrip-quick-rgbw-feed-12mm\/#primaryimage","url":"https:\/\/dbud83cwgulta.cloudfront.net\/wp-content\/uploads\/sites\/3\/2026\/02\/07024916\/pm80My4DOs1tIuMfOtP3QOqL9-scaled.png","contentUrl":"https:\/\/dbud83cwgulta.cloudfront.net\/wp-content\/uploads\/sites\/3\/2026\/02\/07024916\/pm80My4DOs1tIuMfOtP3QOqL9-scaled.png","width":2560,"height":2228},{"@type":"BreadcrumbList","@id":"https:\/\/anetaprofessional.com\/se\/produkt\/scanstrip-quick-rgbw-feed-12mm\/#breadcrumb","itemListElement":[{"@type":"ListItem","position":1,"name":"Forsiden","item":"https:\/\/anetaprofessional.com\/se\/"},{"@type":"ListItem","position":2,"name":"Butik","item":"https:\/\/anetaprofessional.com\/se\/butik\/"},{"@type":"ListItem","position":3,"name":"Scanstrip Quick RGBW Feed 12mm"}]},{"@type":"WebSite","@id":"https:\/\/anetaprofessional.com\/se\/#website","url":"https:\/\/anetaprofessional.com\/se\/","name":"Aneta Professional","description":"Skandinavias ledende lampegrossist","publisher":{"@id":"https:\/\/anetaprofessional.com\/se\/#organization"},"potentialAction":[{"@type":"SearchAction","target":{"@type":"EntryPoint","urlTemplate":"https:\/\/anetaprofessional.com\/se\/?s={search_term_string}"},"query-input":{"@type":"PropertyValueSpecification","valueRequired":true,"valueName":"search_term_string"}}],"inLanguage":"sv-SE"},{"@type":"Organization","@id":"https:\/\/anetaprofessional.com\/se\/#organization","name":"Aneta Professional","url":"https:\/\/anetaprofessional.com\/se\/","logo":{"@type":"ImageObject","inLanguage":"sv-SE","@id":"https:\/\/anetaprofessional.com\/se\/#\/schema\/logo\/image\/","url":"https:\/\/dbud83cwgulta.cloudfront.net\/wp-content\/uploads\/sites\/3\/2022\/07\/23193840\/ANETA-PRO-logo-RGB_hvit.png","contentUrl":"https:\/\/dbud83cwgulta.cloudfront.net\/wp-content\/uploads\/sites\/3\/2022\/07\/23193840\/ANETA-PRO-logo-RGB_hvit.png","width":1201,"height":487,"caption":"Aneta Professional"},"image":{"@id":"https:\/\/anetaprofessional.com\/se\/#\/schema\/logo\/image\/"}}]}},"_links":{"self":[{"href":"https:\/\/anetaprofessional.com\/se\/wp-json\/wp\/v2\/product\/16448","targetHints":{"allow":["GET"]}}],"collection":[{"href":"https:\/\/anetaprofessional.com\/se\/wp-json\/wp\/v2\/product"}],"about":[{"href":"https:\/\/anetaprofessional.com\/se\/wp-json\/wp\/v2\/types\/product"}],"wp:featuredmedia":[{"embeddable":true,"href":"https:\/\/anetaprofessional.com\/se\/wp-json\/wp\/v2\/media\/16449"}],"wp:attachment":[{"href":"https:\/\/anetaprofessional.com\/se\/wp-json\/wp\/v2\/media?parent=16448"}],"wp:term":[{"taxonomy":"product_tag","embeddable":true,"href":"https:\/\/anetaprofessional.com\/se\/wp-json\/wp\/v2\/product_tag?post=16448"},{"taxonomy":"product_brand","embeddable":true,"href":"https:\/\/anetaprofessional.com\/se\/wp-json\/wp\/v2\/product_brand?post=16448"},{"taxonomy":"product_cat","embeddable":true,"href":"https:\/\/anetaprofessional.com\/se\/wp-json\/wp\/v2\/product_cat?post=16448"}],"curies":[{"name":"wp","href":"https:\/\/api.w.org\/{rel}","templated":true}]}}